{"id":66075,"date":"2021-10-21T01:39:18","date_gmt":"2021-10-20T23:39:18","guid":{"rendered":"https:\/\/energoglobal.com\/sk\/?page_id=66075"},"modified":"2024-04-15T17:29:59","modified_gmt":"2024-04-15T15:29:59","slug":"pristup-k-udajom","status":"publish","type":"page","link":"https:\/\/energoglobal.com\/sk\/pristup-k-udajom\/","title":{"rendered":"Pr\u00edstup k \u00fadajom"},"content":{"rendered":"\n<p>Od pou\u017e\u00edvate\u013eov str\u00e1nky sa v pr\u00edpade potreby m\u00f4\u017ee \u017eiada\u0165 meno, priezvisko, e-mailov\u00e1 adresa, telef\u00f3nne \u010d\u00edslo, pri\u010dom s\u00fabory cookie zhroma\u017e\u010fuj\u00fa IP adresu pou\u017e\u00edvate\u013ea, pokia\u013e si pou\u017e\u00edvate\u013e nenastavil prehliada\u010d a nastavenia ochrany osobn\u00fdch \u00fadajov na na\u0161ej str\u00e1nke inak.<\/p>\n\n\n\n<p>Pou\u017e\u00edvatelia m\u00f4\u017eu na\u0161u str\u00e1nku nav\u0161t\u00edvi\u0165 aj anonymne. Osobn\u00e9 \u00fadaje zhroma\u017e\u010fujeme iba vtedy, ak pou\u017e\u00edvate\u013e na\u0161ej webovej str\u00e1nky s\u00fahlas\u00ed so zhroma\u017e\u010fovan\u00edm \u00fadajov v s\u00falade s t\u00fdmito z\u00e1sadami ochrany osobn\u00fdch \u00fadajov. Spolo\u010dnos\u0165 EnergoGlobal d.o.o. z\u00edskava osobn\u00e9, identifika\u010dn\u00e9 \u00fadaje od U\u017e\u00edvate\u013ea nasleduj\u00facimi sp\u00f4sobmi:<\/p>\n\n\n\n<ul>\n<li>Prostredn\u00edctvom kontaktn\u00e9ho formul\u00e1ra<\/li>\n\n\n\n<li>Prostredn\u00edctvom formul\u00e1ra na stiahnutie bro\u017e\u00far<\/li>\n\n\n\n<li>Prostredn\u00edctvom s\u00faborov cookie v prehliada\u010di a v s\u00favislosti so slu\u017ebami, aktivitami, zdrojmi a funkciami dostupn\u00fdmi na na\u0161ej webovej str\u00e1nke.<\/li>\n<\/ul>\n\n\n\n<p>Pou\u017e\u00edvatelia m\u00f4\u017eu v\u017edy odmietnu\u0165 poskytn\u00fa\u0165 svoje osobn\u00e9 \u00fadaje, v takom pr\u00edpade im m\u00f4\u017eu by\u0165 odopret\u00e9 niektor\u00e9 funkcie, mo\u017enos\u0165 vykon\u00e1va\u0165 ur\u010dit\u00e9 \u010dinnosti a \u00fakony na webovej str\u00e1nke.<\/p>\n\n\n\n<p>Spolo\u010dnos\u0165 EnergoGlobal d.o.o. si vyhradzuje pr\u00e1vo zhroma\u017e\u010fova\u0165 identifika\u010dn\u00e9 \u00fadaje pou\u017e\u00edvate\u013ea, ktor\u00e9 nie s\u00fa osobn\u00e9ho p\u00f4vodu, ako s\u00fa \u00fadaje o prehliada\u010di, type po\u010d\u00edta\u010da a technick\u00e9 inform\u00e1cie o pou\u017eit\u00ed prostriedkov na pripojenie k na\u0161ej str\u00e1nke, ako je opera\u010dn\u00fd syst\u00e9m po\u010d\u00edta\u010da a poskytovate\u013e internetu , na \u00fa\u010dely \u0161tatistickej anal\u00fdzy a zlep\u0161ovania svojich digit\u00e1lnych fondov.<\/p>\n\n\n\n<p>Spolo\u010dnos\u0165 EnergoGlobal d.o.o. Va\u0161e osobn\u00e9 \u00fadaje nebud\u00fa spr\u00edstupnen\u00e9 tret\u00edm stran\u00e1m v pr\u00edpade, \u017ee to vy\u017eaduj\u00fa predpisy.<\/p>\n\n\n\n<p>V s\u00falade s platnou pr\u00e1vnou \u00fapravou, pod\u013ea z\u00e1kona o ochrane osobn\u00fdch \u00fadajov (\"\u00daradn\u00fd vestn\u00edk Republiky Srbsko\" \u010d. 97\/2008, 104\/2009, ostatn\u00e9 z\u00e1kony, 68\/2012 - rozhodnutie \u00daS a 107\/ 2012) a nariadeniami GDPR sa pou\u017e\u00edvate\u013eovi webovej str\u00e1nky poskytuj\u00fa tieto pr\u00e1va:<\/p>\n\n\n\n<ul>\n<li>D\u00f4kladne sa obozn\u00e1mi\u0165 s \u00fadajmi, ktor\u00e9 sa z\u00edskavaj\u00fa, so sp\u00f4sobom z\u00edskavania a spravovania \u00fadajov<\/li>\n\n\n\n<li>Ak chcete po\u017eiada\u0165 o pr\u00edstup k va\u0161im osobn\u00fdm \u00fadajom<\/li>\n\n\n\n<li>Po\u017eiada\u0165 o vymazanie jeho osobn\u00fdch \u00fadajov z datab\u00e1zy a zabudnutie<\/li>\n\n\n\n<li>Kedyko\u013evek sa odhl\u00e1si\u0165 z e-mailov\u00e9ho zoznamu, do ktor\u00e9ho sa predt\u00fdm prihl\u00e1sil prostredn\u00edctvom registr\u00e1cie Newslettera, ak existuje.<\/li>\n<\/ul>\n","protected":false},"excerpt":{"rendered":"<p>Od pou\u017e\u00edvate\u013eov str\u00e1nky sa v pr\u00edpade potreby m\u00f4\u017ee \u017eiada\u0165 meno, priezvisko, e-mailov\u00e1 adresa, telef\u00f3nne \u010d\u00edslo, pri\u010dom s\u00fabory cookie zhroma\u017e\u010fuj\u00fa IP adresu pou\u017e\u00edvate\u013ea,","protected":false},"author":1,"featured_media":0,"parent":0,"menu_order":104,"comment_status":"closed","ping_status":"closed","template":"","meta":{"advgb_blocks_editor_width":"","advgb_blocks_columns_visual_guide":"","footnotes":""},"acf":[],"coauthors":[],"author_meta":{"author_link":"https:\/\/energoglobal.com\/sk\/author\/sd_energglobe2021\/","display_name":"Stevan Djokovic"},"relative_dates":{"created":"Posted 4 years ago","modified":"Updated 2 years ago"},"absolute_dates":{"created":"Posted on 21\/10\/2021","modified":"Updated on 15\/04\/2024"},"absolute_dates_time":{"created":"Posted on 21\/10\/2021 01:39","modified":"Updated on 15\/04\/2024 17:29"},"featured_img_caption":"","featured_img":false,"series_order":"","_links":{"self":[{"href":"https:\/\/energoglobal.com\/sk\/wp-json\/wp\/v2\/pages\/66075"}],"collection":[{"href":"https:\/\/energoglobal.com\/sk\/wp-json\/wp\/v2\/pages"}],"about":[{"href":"https:\/\/energoglobal.com\/sk\/wp-json\/wp\/v2\/types\/page"}],"author":[{"embeddable":true,"href":"https:\/\/energoglobal.com\/sk\/wp-json\/wp\/v2\/users\/1"}],"replies":[{"embeddable":true,"href":"https:\/\/energoglobal.com\/sk\/wp-json\/wp\/v2\/comments?post=66075"}],"version-history":[{"count":0,"href":"https:\/\/energoglobal.com\/sk\/wp-json\/wp\/v2\/pages\/66075\/revisions"}],"wp:attachment":[{"href":"https:\/\/energoglobal.com\/sk\/wp-json\/wp\/v2\/media?parent=66075"}],"curies":[{"name":"wp","href":"https:\/\/api.w.org\/{rel}","templated":true}]}}