{"id":66073,"date":"2021-10-21T01:38:56","date_gmt":"2021-10-20T23:38:56","guid":{"rendered":"https:\/\/energoglobal.com\/sk\/?page_id=66073"},"modified":"2024-04-15T17:28:26","modified_gmt":"2024-04-15T15:28:26","slug":"vyhlasenie-o-suboroch-cookie","status":"publish","type":"page","link":"https:\/\/energoglobal.com\/sk\/vyhlasenie-o-suboroch-cookie\/","title":{"rendered":"Vyhl\u00e1senie o s\u00faboroch cookie"},"content":{"rendered":"\n<p>S\u00fabory cookie pou\u017e\u00edvame na prisp\u00f4sobenie obsahu a rekl\u00e1m, poskytovanie funkci\u00ed soci\u00e1lnych m\u00e9di\u00ed a anal\u00fdzu n\u00e1v\u0161tevnosti. Inform\u00e1cie o tom, ako pou\u017e\u00edvate Str\u00e1nku, zdie\u013eame aj so soci\u00e1lnymi m\u00e9diami, reklamn\u00fdmi a analytick\u00fdmi partnermi, ktor\u00ed ich m\u00f4\u017eu kombinova\u0165 s in\u00fdmi inform\u00e1ciami, ktor\u00e9 ste im poskytli alebo ktor\u00e9 zhroma\u017edili na z\u00e1klade v\u00e1\u0161ho pou\u017e\u00edvania Slu\u017eieb. Ak budete pokra\u010dova\u0165 v pou\u017e\u00edvan\u00ed na\u0161ich webov\u00fdch str\u00e1nok, s\u00fahlas\u00edte s na\u0161\u00edm pou\u017e\u00edvan\u00edm s\u00faborov cookie.<\/p>\n\n\n\n<p><strong>\u010co s\u00fa cookies?<\/strong><\/p>\n\n\n\n<p>S\u00fabory cookie s\u00fa mal\u00e9 textov\u00e9 s\u00fabory, ktor\u00e9 m\u00f4\u017eu webov\u00e9 str\u00e1nky pou\u017e\u00edva\u0165 na zefekt\u00edvnenie pou\u017e\u00edvate\u013esk\u00e9ho z\u00e1\u017eitku. Z\u00e1kon hovor\u00ed, \u017ee m\u00f4\u017eeme na va\u0161om zariaden\u00ed uklada\u0165 cookies, ak s\u00fa nevyhnutne potrebn\u00e9 na prev\u00e1dzku tejto str\u00e1nky. Pre v\u0161etky ostatn\u00e9 typy cookies potrebujeme v\u00e1\u0161 s\u00fahlas. T\u00e1to str\u00e1nka pou\u017e\u00edva r\u00f4zne typy cookies. Niektor\u00e9 s\u00fabory cookie, ktor\u00e9 sa zobrazuj\u00fa na na\u0161ich str\u00e1nkach, s\u00fa nastaven\u00e9 slu\u017ebami tret\u00edch str\u00e1n. Svoj s\u00fahlas z Vyhl\u00e1senia o s\u00faboroch cookie na na\u0161ich webov\u00fdch str\u00e1nkach m\u00f4\u017eete kedyko\u013evek zmeni\u0165 alebo odvola\u0165.<\/p>\n\n\n\n<p><strong>Ak\u00e9 cookies pou\u017e\u00edvame?<\/strong><\/p>\n\n\n\n<p><strong>Z\u00e1kladn\u00e9 cookies<\/strong><\/p>\n\n\n\n<p>Nevyhnutn\u00e9 s\u00fabory cookie pom\u00e1haj\u00fa spr\u00edstupni\u0165 str\u00e1nku t\u00fdm, \u017ee umo\u017e\u0148uj\u00fa z\u00e1kladn\u00e9 funkcie, ako je navig\u00e1cia na str\u00e1nke a pr\u00edstup k zabezpe\u010den\u00fdm oblastiam webovej str\u00e1nky. Bez t\u00fdchto cookies nem\u00f4\u017ee webov\u00e1 str\u00e1nka spr\u00e1vne fungova\u0165.<\/p>\n\n\n\n<p><strong>Funk\u010dn\u00e9 cookies<\/strong><\/p>\n\n\n\n<p>Funk\u010dn\u00e9 s\u00fabory cookie umo\u017e\u0148uj\u00fa webovej str\u00e1nke zapam\u00e4ta\u0165 si inform\u00e1cie, ktor\u00e9 menia sp\u00f4sob, ak\u00fdm sa webov\u00e1 lokalita spr\u00e1va alebo vyzer\u00e1, ako napr\u00edklad va\u0161e jazykov\u00e9 nastavenie alebo regi\u00f3n, v ktorom sa nach\u00e1dzate.<\/p>\n\n\n\n<p><strong>\u0160tatistick\u00e9 cookies<\/strong><\/p>\n\n\n\n<p>\u0160tatistick\u00e9 s\u00fabory cookie pom\u00e1haj\u00fa vlastn\u00edkom webov\u00fdch str\u00e1nok pochopi\u0165, ako n\u00e1v\u0161tevn\u00edci interaguj\u00fa s webovou str\u00e1nkou anonymn\u00fdm zhroma\u017e\u010fovan\u00edm inform\u00e1ci\u00ed a pod\u00e1van\u00edm spr\u00e1v.<\/p>\n\n\n\n<p><strong>Marketingov\u00e9 cookies<\/strong><\/p>\n\n\n\n<p>Marketingov\u00e9 cookies sa pou\u017e\u00edvaj\u00fa na sledovanie n\u00e1v\u0161tevn\u00edkov na webov\u00fdch str\u00e1nkach. Z\u00e1merom je zobrazova\u0165 reklamy, ktor\u00e9 s\u00fa relevantn\u00e9 a atrakt\u00edvne pre jednotliv\u00fdch pou\u017e\u00edvate\u013eov, a teda maj\u00fa v\u00e4\u010d\u0161iu hodnotu pre vydavate\u013eov a inzerentov tret\u00edch str\u00e1n.<\/p>\n\n\n\n<p>Na\u0161a str\u00e1nka neumo\u017e\u0148uje registr\u00e1ciu pou\u017e\u00edvate\u013eov na str\u00e1nke. Z tohto d\u00f4vodu ve\u013ek\u00e9 mno\u017estvo cookies odkazuje len na spr\u00e1vcov str\u00e1nok a nezhroma\u017e\u010fuje inform\u00e1cie od be\u017en\u00fdch n\u00e1v\u0161tevn\u00edkov. Pre viac inform\u00e1ci\u00ed o s\u00faboroch cookie Google kliknite sem. Inform\u00e1cie o cookies na Facebooku n\u00e1jdete tu.<\/p>\n","protected":false},"excerpt":{"rendered":"<p>S\u00fabory cookie pou\u017e\u00edvame na prisp\u00f4sobenie obsahu a rekl\u00e1m, poskytovanie funkci\u00ed soci\u00e1lnych m\u00e9di\u00ed a anal\u00fdzu n\u00e1v\u0161tevnosti. Inform\u00e1cie o tom, ako pou\u017e\u00edvate Str\u00e1nku, zdie\u013eame","protected":false},"author":1,"featured_media":0,"parent":0,"menu_order":103,"comment_status":"closed","ping_status":"closed","template":"","meta":{"advgb_blocks_editor_width":"","advgb_blocks_columns_visual_guide":"","footnotes":""},"acf":[],"coauthors":[],"author_meta":{"author_link":"https:\/\/energoglobal.com\/sk\/author\/sd_energglobe2021\/","display_name":"Stevan Djokovic"},"relative_dates":{"created":"Posted 4 years ago","modified":"Updated 2 years ago"},"absolute_dates":{"created":"Posted on 21\/10\/2021","modified":"Updated on 15\/04\/2024"},"absolute_dates_time":{"created":"Posted on 21\/10\/2021 01:38","modified":"Updated on 15\/04\/2024 17:28"},"featured_img_caption":"","featured_img":false,"series_order":"","_links":{"self":[{"href":"https:\/\/energoglobal.com\/sk\/wp-json\/wp\/v2\/pages\/66073"}],"collection":[{"href":"https:\/\/energoglobal.com\/sk\/wp-json\/wp\/v2\/pages"}],"about":[{"href":"https:\/\/energoglobal.com\/sk\/wp-json\/wp\/v2\/types\/page"}],"author":[{"embeddable":true,"href":"https:\/\/energoglobal.com\/sk\/wp-json\/wp\/v2\/users\/1"}],"replies":[{"embeddable":true,"href":"https:\/\/energoglobal.com\/sk\/wp-json\/wp\/v2\/comments?post=66073"}],"version-history":[{"count":0,"href":"https:\/\/energoglobal.com\/sk\/wp-json\/wp\/v2\/pages\/66073\/revisions"}],"wp:attachment":[{"href":"https:\/\/energoglobal.com\/sk\/wp-json\/wp\/v2\/media?parent=66073"}],"curies":[{"name":"wp","href":"https:\/\/api.w.org\/{rel}","templated":true}]}}