{"id":66071,"date":"2021-10-21T01:38:30","date_gmt":"2021-10-20T23:38:30","guid":{"rendered":"https:\/\/energoglobal.com\/sk\/?page_id=66071"},"modified":"2024-04-15T17:26:48","modified_gmt":"2024-04-15T15:26:48","slug":"zasady-ochrany-osobnych-udajov","status":"publish","type":"page","link":"https:\/\/energoglobal.com\/sk\/zasady-ochrany-osobnych-udajov\/","title":{"rendered":"Z\u00e1sady ochrany osobn\u00fdch \u00fadajov"},"content":{"rendered":"\n<p>Nasleduj\u00faci text obsahuje ozn\u00e1menie, t. j. inform\u00e1ciu o tom, ak\u00fdm sp\u00f4sobom EnergoGlobal doo Futog sprac\u00fava Va\u0161e osobn\u00e9 \u00fadaje v s\u00falade so z\u00e1konom o ochrane osobn\u00fdch \u00fadajov (\u201e\u00daradn\u00fd vestn\u00edk RS\u201c \u010d. 87\/2018) a pri vstupe na webov\u00fa str\u00e1nku www . energoglobal.com a ich ulo\u017eenie v datab\u00e1zach EnergoGlobal doo Futog.<\/p>\n\n\n\n<p>Osobn\u00e9 \u00fadaje s\u00fa v\u0161etky \u00fadaje, ktor\u00e9 sa v\u00e1s ako fyzickej osoby priamo alebo nepriamo t\u00fdkaj\u00fa alebo m\u00f4\u017eu t\u00fdka\u0165. Ako pr\u00e1vny z\u00e1klad upravuj\u00faci ochranu \u00fadajov a podmienky sprac\u00favania va\u0161ich \u00fadajov uplat\u0148ujeme z\u00e1kon o ochrane osobn\u00fdch \u00fadajov (\u201e\u00daradn\u00fd vestn\u00edk RS\u201c, \u010d. 87\/2018), \u010falej len \u201ez\u00e1kon\u201c).<\/p>\n\n\n\n<p>EnergoGlobal doo Futog, ul. Fru\u0161kogorska \u010d.57 PIB: 106644707, I\u010cO 021499315 sprac\u00fava Va\u0161e osobn\u00e9 \u00fadaje v s\u00favislosti s pou\u017e\u00edvan\u00edm internetov\u00e9ho obchodu a zodpoved\u00e1 za sprac\u00favanie Va\u0161ich osobn\u00fdch \u00fadajov.<\/p>\n\n\n\n<p>Kontaktova\u0165 n\u00e1s m\u00f4\u017eete na e-mailovej adrese office@energoglobal.com alebo na telef\u00f3nnom \u010d\u00edsle +381 (21) 49 93 15.<\/p>\n\n\n\n<p><strong>1. Ako zhroma\u017e\u010fujeme alebo z\u00edskavame va\u0161e osobn\u00e9 \u00fadaje?<\/strong><\/p>\n\n\n\n<p>Va\u0161e osobn\u00e9 \u00fadaje zhroma\u017e\u010fujeme, ke\u010f s\u00fa relevantn\u00e9 pre va\u0161e potreby ako spotrebite\u013ea alebo pre na\u0161e podnikanie (napr. ke\u010f si u n\u00e1s k\u00fapite a\/alebo objedn\u00e1te produkty, ke\u010f sa zaregistrujete na zasielanie noviniek, spr\u00e1v viber, SMS, ke\u010f kontaktujete na\u0161u v\u00fdzvu centrum at\u010f.).<\/p>\n\n\n\n<p>Vo v\u0161eobecnosti dost\u00e1vame inform\u00e1cie priamo od v\u00e1s, ke\u010f si objedn\u00e1te ur\u010dit\u00e9 produkty alebo slu\u017eby, vypln\u00edte ur\u010dit\u00fd formul\u00e1r.<\/p>\n\n\n\n<p>V\u0161etky va\u0161e osobn\u00e9 \u00fadaje s\u00fa pova\u017eovan\u00e9 za d\u00f4vern\u00e9 a EnergoGlobal doo ich primerane uchov\u00e1va.<\/p>\n\n\n\n<p><strong>2. Ak\u00e9 \u00fadaje od v\u00e1s zhroma\u017e\u010fujeme<\/strong><\/p>\n\n\n\n<p>EnergoGlobal doo je opr\u00e1vnen\u00e1 zhroma\u017e\u010fova\u0165 \u00fadaje o svojich z\u00e1kazn\u00edkoch na z\u00e1klade samotn\u00e9ho z\u00e1kona o ochrane spotrebite\u013ea. Osobn\u00e9 \u00fadaje, ktor\u00e9 sprac\u00favame v z\u00e1vislosti od va\u0161ej interakcie s EnergoGlobal, s\u00fa osobn\u00e9 \u00fadaje registrovan\u00fdch \u010dlenov internetov\u00e9ho obchodu EnergoGlobal a jeho n\u00e1v\u0161tevn\u00edkov, ako aj os\u00f4b, ktor\u00e9 s nami komunikuj\u00fa in\u00fdm sp\u00f4sobom.<\/p>\n\n\n\n<p>Va\u0161e \u00fadaje s\u00fa potrebn\u00e9 na to, aby sme mohli uzavrie\u0165 k\u00fapnu zmluvu na dia\u013eku, vytvori\u0165 objedn\u00e1vku, pre plnenie z\u00e1v\u00e4zkov z k\u00fapnej zmluvy - realiz\u00e1cia dod\u00e1vky, faktur\u00e1cia, pr\u00edjem a vybavenie reklam\u00e1ci\u00ed.<\/p>\n\n\n\n<p>V procese n\u00e1kupu\/odoslania dopytu online je potrebn\u00e9 zada\u0165 svoje \u00fadaje do poskytnut\u00fdch pol\u00ed (meno, priezvisko, e-mail, telef\u00f3nne \u010d\u00edslo, adresa). Nak\u00fapi\u0165 m\u00f4\u017eete, aj ke\u010f nie ste zaregistrovan\u00fd na str\u00e1nke EnergoGlobal ako hos\u0165. Takto zhroma\u017eden\u00e9 \u00fadaje pou\u017e\u00edvame v\u00fdlu\u010dne na realiz\u00e1ciu k\u00fapnej zmluvy, ktor\u00e1 zah\u0155\u0148a spr\u00e1vu a sledovanie objedn\u00e1vok a komunik\u00e1ciu s vami.<\/p>\n\n\n\n<p>V z\u00e1vislosti od sp\u00f4sobu, ak\u00fdm ste n\u00e1s kontaktovali a typu dopytu, m\u00f4\u017eu spracov\u00e1van\u00e9 \u00fadaje zah\u0155\u0148a\u0165 va\u0161e meno, priezvisko, telef\u00f3nne \u010d\u00edslo, e-mailov\u00fa adresu, \u010fal\u0161ie inform\u00e1cie o v\u00e1s, ktor\u00e9 ste si s nami vymenili a ktor\u00e9 s\u00favisia s Va\u0161ou \u017eiados\u0165ou.<\/p>\n\n\n\n<p>Takto zhroma\u017eden\u00e9 \u00fadaje m\u00f4\u017eeme spracova\u0165 na \u00fa\u010dely poskytovania odpoved\u00ed na va\u0161e ot\u00e1zky, na \u00fa\u010dely zberu \u0161tatistick\u00fdch \u00fadajov, aby sme zlep\u0161ili na\u0161e podnikanie. Pre \u00fa\u010dely \u0161tatistiky bude vykonan\u00e1 anonymiz\u00e1cia, aby nebolo mo\u017en\u00e9 \u00fadaje sp\u00e1ja\u0165 s konkr\u00e9tnou osobou.<\/p>\n\n\n\n<p><strong>2.1. n\u00e1v\u0161teva webovej str\u00e1nky<\/strong><\/p>\n\n\n\n<p>EnergoGlobal doo sprac\u00fava va\u0161e \u00fadaje, ke\u010f nav\u0161t\u00edvite t\u00fato webov\u00fa str\u00e1nku. Pri tejto pr\u00edle\u017eitosti doch\u00e1dza medzi va\u0161\u00edm zariaden\u00edm a na\u0161\u00edm serverom k v\u00fdmene r\u00f4znych \u00fadajov, ktor\u00e9 m\u00f4\u017eu zah\u0155\u0148a\u0165 osobn\u00e9 \u00fadaje. Takto zhroma\u017eden\u00e9 \u00fadaje sa okrem in\u00e9ho pou\u017e\u00edvaj\u00fa na optimaliz\u00e1ciu na\u0161ej webovej str\u00e1nky alebo na \u00fa\u010dely zobrazovania rekl\u00e1m v prehliada\u010di v\u00e1\u0161ho zariadenia.<\/p>\n\n\n\n<p>Ke\u010f nav\u0161t\u00edvite na\u0161u webov\u00fa str\u00e1nku, prehliada\u010d, ktor\u00fd pou\u017e\u00edvate na svojom zariaden\u00ed, automaticky a bez va\u0161ej aktivity odo\u0161le na server na\u0161ej webovej str\u00e1nky:<\/p>\n\n\n\n<p>- IP adresa zariadenia, z ktor\u00e9ho bola odoslan\u00e1 po\u017eiadavka a ktor\u00e9 m\u00e1 pr\u00edstup na internet,<\/p>\n\n\n\n<p>- d\u00e1tum a \u010das pr\u00edstupu,<\/p>\n\n\n\n<p>- n\u00e1zov a URL prevzat\u00e9ho s\u00faboru,<\/p>\n\n\n\n<p>- webov\u00fa str\u00e1nku\/aplik\u00e1ciu, z ktorej sa na \u0148u pristupuje (adresa URL referrera),<\/p>\n\n\n\n<p>- prehliada\u010d, ktor\u00fd pou\u017e\u00edvate, a ak je to potrebn\u00e9, opera\u010dn\u00fd syst\u00e9m po\u010d\u00edta\u010da, ktor\u00fd podporuje internet, ako aj n\u00e1zov v\u00e1\u0161ho poskytovate\u013ea.<\/p>\n\n\n\n<p>Server do\u010dasne uklad\u00e1 vy\u0161\u0161ie uveden\u00e9 \u00fadaje v takzvanom protokolovom s\u00fabore na nasleduj\u00face \u00fa\u010dely:<\/p>\n\n\n\n<p>- zabezpe\u010denie nadviazania plynul\u00e9ho spojenia,<\/p>\n\n\n\n<p>- zabezpe\u010denie pohodln\u00e9ho pou\u017e\u00edvania na\u0161ej webovej str\u00e1nky\/aplik\u00e1cie,<\/p>\n\n\n\n<p>- hodnotenie bezpe\u010dnosti a stability syst\u00e9mu.<\/p>\n\n\n\n<p>Ak ste vo svojom prehliada\u010di, v opera\u010dnom syst\u00e9me alebo v in\u00fdch nastaveniach svojho zariadenia prijali tzv geolok\u00e1ciu, t. j. udelili ste s\u00fahlas, t\u00fato funkciu pou\u017e\u00edvame na to, aby sme v\u00e1m mohli pon\u00faknu\u0165 jednotliv\u00e9 slu\u017eby na z\u00e1klade va\u0161ej aktu\u00e1lnej polohy Lokaliza\u010dn\u00e9 \u00fadaje sprac\u00favame v\u00fdlu\u010dne na uveden\u00fd \u00fa\u010del.<\/p>\n\n\n\n<p>Pr\u00e1vnym z\u00e1kladom sprac\u00favania IP adresy je opr\u00e1vnen\u00fd z\u00e1ujem, ktor\u00fd vypl\u00fdva z vy\u0161\u0161ie uveden\u00e9ho \u00fa\u010delu sprac\u00favania \u00fadajov, ke\u010f\u017ee ide o technick\u00fa podmienku fungovania str\u00e1nky. Tieto \u00fadaje nie prev\u00e1dzame na tretie strany. \u00dadaje sa po\u010das n\u00e1v\u0161tevy str\u00e1nky do\u010dasne ukladaj\u00fa a n\u00e1sledne sa automaticky vyma\u017e\u00fa. Po opusten\u00ed na\u0161ej webovej str\u00e1nky sa geoloka\u010dn\u00e9 \u00fadaje vyma\u017e\u00fa.<\/p>\n\n\n\n<p><strong>2.2. Vytvorenie u\u017e\u00edvate\u013esk\u00e9ho profilu<\/strong><\/p>\n\n\n\n<p>Po\u010das procesu registr\u00e1cie V\u00e1\u0161ho \u00fa\u010dtu je potrebn\u00e9 zada\u0165 o sebe ur\u010dit\u00e9 \u00fadaje ako: meno, priezvisko, telef\u00f3n, email;<\/p>\n\n\n\n<p>S va\u0161\u00edm s\u00fahlasom zaznamen\u00e1vame va\u0161e spr\u00e1vanie ako pou\u017e\u00edvate\u013ea na\u0161ej webovej str\u00e1nky a newslettera. Sledovanie spr\u00e1vania pou\u017e\u00edvate\u013eov zah\u0155\u0148a predov\u0161etk\u00fdm \u00fadaje o sekci\u00e1ch, v ktor\u00fdch ste zostali a ktor\u00e9 odkazy ste pou\u017eili. T\u00fdmto sp\u00f4sobom vytv\u00e1rame personalizovan\u00e9 u\u017e\u00edvate\u013esk\u00e9 profily s va\u0161imi osobn\u00fdmi \u00fadajmi a\/alebo s inform\u00e1ciami o va\u0161ej e-mailovej adrese, aby sme pr\u00edpadne lep\u0161ie prisp\u00f4sobili na\u0161u komunik\u00e1ciu vo forme newsletterov, inzercie na str\u00e1nke a tla\u010den\u00fdch materi\u00e1lov va\u0161im osobn\u00fdm z\u00e1ujmom, \u010d\u00edm skvalitn\u00edme na\u0161u ponuku.<\/p>\n\n\n\n<p>Tieto \u00fadaje neposielame tret\u00edm stran\u00e1m.<\/p>\n\n\n\n<p>Ak odvol\u00e1te svoj s\u00fahlas s individu\u00e1lnou inzerciou alebo nes\u00fahlas\u00edte s ur\u010dit\u00fdmi propaga\u010dn\u00fdmi aktivitami, vyma\u017eeme va\u0161e \u00fadaje z pr\u00edslu\u0161n\u00e9ho zoznamu adries.<\/p>\n\n\n\n<p>Ak svoj s\u00fahlas odvol\u00e1te, va\u0161a kontaktn\u00e1 adresa bude zablokovan\u00e1 pre \u010fal\u0161ie spracovanie \u00fadajov na reklamn\u00e9 \u00fa\u010dely.<\/p>\n\n\n\n<p><strong>2.3. Pou\u017e\u00edvanie cookies<\/strong><\/p>\n\n\n\n<p>Na na\u0161ej webovej str\u00e1nke pou\u017e\u00edvame takzvan\u00e9 cookies. Cookies s\u00fa mal\u00e9 s\u00fabory, ktor\u00e9 sa ukladaj\u00fa do v\u00e1\u0161ho zariadenia (notebooku, tabletu, smartf\u00f3nu at\u010f.), ke\u010f nav\u0161t\u00edvite na\u0161u webov\u00fa str\u00e1nku. S\u00fabory cookie nepo\u0161kodzuj\u00fa va\u0161e zariadenie, neobsahuj\u00fa v\u00edrusy, tr\u00f3jske kone ani in\u00fd \u0161kodliv\u00fd softv\u00e9r. S\u00fabory cookie ukladaj\u00fa inform\u00e1cie z\u00edskan\u00e9 v s\u00favislosti so zariaden\u00edm, ktor\u00e9 pou\u017e\u00edvate. To v\u0161ak neznamen\u00e1, \u017ee pozn\u00e1me va\u0161u identitu. Na jednej strane pou\u017e\u00edvanie cookies sl\u00fa\u017ei na spr\u00edjemnenie n\u00e1v\u0161tevy webovej str\u00e1nky. Pou\u017e\u00edvame ich na to, aby sme rozpoznali, \u017ee ste u\u017e nav\u0161t\u00edvili ur\u010dit\u00e9 \u010dasti na\u0161ej str\u00e1nky alebo \u017ee ste u\u017e prihl\u00e1sen\u00ed do svojho pou\u017e\u00edvate\u013esk\u00e9ho \u00fa\u010dtu. Po opusten\u00ed na\u0161ej webovej str\u00e1nky sa automaticky vyma\u017e\u00fa. Okrem toho pou\u017e\u00edvame aj do\u010dasn\u00e9 cookies, ktor\u00e9 s\u00fa ulo\u017een\u00e9 vo va\u0161om zariaden\u00ed na ur\u010dit\u00fa dobu. Ke\u010f znova nav\u0161t\u00edvite na\u0161u webov\u00fa str\u00e1nku, automaticky sa rozpozn\u00e1, \u017ee ste na str\u00e1nke u\u017e boli a ak\u00e9 nastavenia ste nastavili, tak\u017ee tieto akcie nebudete musie\u0165 opakova\u0165.<\/p>\n\n\n\n<p>Na druhej strane pou\u017e\u00edvame s\u00fabory cookie na \u0161tatistick\u00e9 zaznamen\u00e1vanie pou\u017e\u00edvania na\u0161ej webovej str\u00e1nky, aby sme optimalizovali ponuku a zobrazovali inform\u00e1cie, ktor\u00e9 s\u00fa prisp\u00f4soben\u00e9 va\u0161im z\u00e1ujmom. Tieto s\u00fabory cookie n\u00e1m umo\u017e\u0148uj\u00fa automaticky v\u00e1s rozpozna\u0165, ke\u010f znova nav\u0161t\u00edvite na\u0161u webov\u00fa str\u00e1nku. Tieto cookies sa automaticky vyma\u017e\u00fa po 5 rokoch.<\/p>\n\n\n\n<p>V\u00e4\u010d\u0161ina prehliada\u010dov automaticky prij\u00edma s\u00fabory cookie. Svoj prehliada\u010d v\u0161ak m\u00f4\u017eete nastavi\u0165 tak, aby sa na va\u0161om po\u010d\u00edta\u010di neukladali \u017eiadne s\u00fabory cookie alebo aby sa pred vytvoren\u00edm nov\u00e9ho s\u00faboru cookie v\u017edy zobrazila spr\u00e1va. \u00dapln\u00e9 zak\u00e1zanie cookies v\u0161ak m\u00f4\u017ee znamena\u0165, \u017ee nebudete m\u00f4c\u0165 vyu\u017e\u00edva\u0165 v\u0161etky funkcie na\u0161ej webovej str\u00e1nky.<\/p>\n\n\n\n<p><strong>3. Kto m\u00e1 pr\u00edstup k va\u0161im \u00fadajom?<\/strong><\/p>\n\n\n\n<p>V r\u00e1mci na\u0161ej spolo\u010dnosti maj\u00fa pr\u00edstup k \u00fadajom, ktor\u00e9 ste n\u00e1m dobrovo\u013ene spr\u00edstupnili, len tie odvetvia, ktor\u00e9 ich potrebuj\u00fa na plnenie zmluvn\u00fdch alebo z\u00e1konn\u00fdch povinnost\u00ed alebo na \u00fa\u010dely plnenia opr\u00e1vnen\u00fdch z\u00e1ujmov. V r\u00e1mci zmluvn\u00e9ho vz\u0165ahu zap\u00e1jame \u010fal\u0161\u00edch poskytovate\u013eov slu\u017eieb, ktor\u00ed m\u00f4\u017eu z\u00edska\u0165 pr\u00edstup k va\u0161im osobn\u00fdm \u00fadajom. V t\u00fdchto pr\u00edpadoch je s\u00falad s predpismi o ochrane osobn\u00fdch \u00fadajov zabezpe\u010den\u00fd zmluvou.<\/p>\n\n\n\n<p><strong>4. Ako dlho uchov\u00e1vame va\u0161e \u00fadaje?<\/strong><\/p>\n\n\n\n<p>Osobn\u00e9 \u00fadaje uchov\u00e1vame dovtedy, k\u00fdm je to potrebn\u00e9 na splnenie vy\u0161\u0161ie uveden\u00fdch \u00fa\u010delov. Pritom berieme do \u00favahy z\u00e1konn\u00e9 povinnosti skladovania. Krit\u00e9ri\u00e1 doby uchov\u00e1vania \u00fadajov vytv\u00e1rame v s\u00falade s \u00fa\u010delom tak, aby doba bola optim\u00e1lna na dosiahnutie marketingov\u00e9ho \u00fa\u010delu, pri\u010dom \u00fadaje o uskuto\u010dnen\u00fdch n\u00e1kupoch a z\u00e1kazn\u00edkoch s\u00fa uchov\u00e1van\u00e9 tak dlho, ako to ustanovuj\u00fa da\u0148ov\u00e9 predpisy a predpisy upravuj\u00face k\u00fapnu zmluvu.<\/p>\n\n\n\n<p><strong>5. Ste povinn\u00fd poskytn\u00fa\u0165 n\u00e1m svoje \u00fadaje?<\/strong><\/p>\n\n\n\n<p>V r\u00e1mci n\u00e1\u0161ho obchodn\u00e9ho vz\u0165ahu ste povinn\u00ed poskytn\u00fa\u0165 n\u00e1m tie osobn\u00e9 \u00fadaje, ktor\u00e9 s\u00fa potrebn\u00e9 na vznik, realiz\u00e1ciu a ukon\u010denie zmluvn\u00e9ho vz\u0165ahu a na plnenie s t\u00fdm s\u00favisiacich povinnost\u00ed, ako aj na ich zhroma\u017e\u010fovanie zo z\u00e1kona povinn\u00fd alebo m\u00e1 pr\u00e1vo zalo\u017een\u00e9 na opr\u00e1vnenom z\u00e1ujme. Bez t\u00fdchto \u00fadajov s vami za norm\u00e1lnych okolnost\u00ed nebudeme m\u00f4c\u0165 nadviaza\u0165 obchodn\u00fd vz\u0165ah.<\/p>\n\n\n\n<p><strong>6. Ak\u00e9 pr\u00e1va m\u00e1te ako dotknut\u00e1 osoba?<\/strong><\/p>\n\n\n\n<p>\u2022 umo\u017eni\u0165 v\u00e1m pr\u00edstup k va\u0161im osobn\u00fdm \u00fadajom, odpoveda\u0165 na ak\u00e9 \u00fa\u010dely sa \u00fadaje, ktor\u00e9 sa v\u00e1s t\u00fdkaj\u00fa, ako aj z\u00edska\u0165 pr\u00edstup k t\u00fdmto osobn\u00fdm \u00fadajom, pozna\u0165 \u00fa\u010del spracovania, kateg\u00f3rie va\u0161ich osobn\u00fdch \u00fadajov, ktor\u00e9 uchov\u00e1vame, tretie strany alebo kateg\u00f3rie tret\u00edch str\u00e1n, s ktor\u00fdmi s\u00fa va\u0161e osobn\u00e9 \u00fadaje zdie\u013ean\u00e9, obdobie, po\u010das ktor\u00e9ho \u00fadaje uchov\u00e1vame.<\/p>\n\n\n\n<p>\u2022 po\u017eiada\u0165 o opravu nespr\u00e1vnych, nespr\u00e1vne zadan\u00fdch a\/alebo neaktu\u00e1lnych \u00fadajov;<\/p>\n\n\n\n<p>\u2022 po\u017eiada\u0165 o vymazanie va\u0161ich osobn\u00fdch \u00fadajov, ak je spracovanie zalo\u017een\u00e9 na va\u0161om s\u00fahlase. Svoj s\u00fahlas m\u00f4\u017eete kedyko\u013evek odvola\u0165, a to odhl\u00e1sen\u00edm sa z odberu sp\u00f4sobom, ktor\u00fd sme v\u00e1m poskytli (zaslan\u00edm spr\u00e1vy na konkr\u00e9tne \u010d\u00edslo alebo prostredn\u00edctvom konkr\u00e9tneho odkazu), ako aj zaslan\u00edm spr\u00e1vy na e-mailov\u00fa adresu zaregistrovan\u00fa v APR. Ak je z\u00e1kladom z\u00e1kon alebo opr\u00e1vnen\u00fd z\u00e1ujem, nem\u00f4\u017eeme vyhovie\u0165 va\u0161ej \u017eiadosti o vymazanie \u00fadajov;<\/p>\n\n\n\n<p>\u2022 na obmedzenie spracovania va\u0161ich \u00fadajov, ak sa domnievate, \u017ee spracovanie je nez\u00e1konn\u00e9, ak ste vzniesli n\u00e1mietku alebo ak sa domnievate, \u017ee EnergoGlobal u\u017e va\u0161e \u00fadaje nepotrebuje;<\/p>\n\n\n\n<p>\u2022 poda\u0165 n\u00e1mietku proti sp\u00f4sobu, ak\u00fdm sprac\u00favame va\u0161e \u00fadaje, a to aj v pr\u00edpadoch, ke\u010f nie je sporn\u00e9, \u017ee \u00fadaje sprac\u00favame v s\u00falade so Z\u00e1konom;<\/p>\n\n\n\n<p>\u2022 poda\u0165 s\u0165a\u017enos\u0165 poverencovi pre ochranu osobn\u00fdch \u00fadajov v s\u00falade so z\u00e1konom.<\/p>\n\n\n\n<p>So v\u0161etk\u00fdmi ot\u00e1zkami a \u017eiados\u0165ami t\u00fdkaj\u00facimi sa spracovania osobn\u00fdch \u00fadajov sa m\u00f4\u017eete obr\u00e1ti\u0165 na n\u00e1\u0161ho poverenca pre ochranu osobn\u00fdch \u00fadajov. Kontaktn\u00e9 \u00fadaje s\u00fa <a href=\"mailto:office@energoglobal.com\">office@energoglobal.com<\/a>.<\/p>\n\n\n\n<p>Poverenec pre ochranu osobn\u00fdch \u00fadajov Aleksandra Luki\u0107, z\u00e1stupky\u0148a riadite\u013ea<\/p>\n","protected":false},"excerpt":{"rendered":"<p>Nasleduj\u00faci text obsahuje ozn\u00e1menie, t. j. inform\u00e1ciu o tom, ak\u00fdm sp\u00f4sobom EnergoGlobal doo Futog sprac\u00fava Va\u0161e osobn\u00e9 \u00fadaje v s\u00falade so z\u00e1konom o ochrane osobn\u00fdch \u00fadajov","protected":false},"author":1,"featured_media":0,"parent":0,"menu_order":102,"comment_status":"closed","ping_status":"closed","template":"","meta":{"advgb_blocks_editor_width":"","advgb_blocks_columns_visual_guide":"","footnotes":""},"acf":[],"coauthors":[],"author_meta":{"author_link":"https:\/\/energoglobal.com\/sk\/author\/sd_energglobe2021\/","display_name":"Stevan Djokovic"},"relative_dates":{"created":"Posted 4 years ago","modified":"Updated 2 years ago"},"absolute_dates":{"created":"Posted on 21\/10\/2021","modified":"Updated on 15\/04\/2024"},"absolute_dates_time":{"created":"Posted on 21\/10\/2021 01:38","modified":"Updated on 15\/04\/2024 17:26"},"featured_img_caption":"","featured_img":false,"series_order":"","_links":{"self":[{"href":"https:\/\/energoglobal.com\/sk\/wp-json\/wp\/v2\/pages\/66071"}],"collection":[{"href":"https:\/\/energoglobal.com\/sk\/wp-json\/wp\/v2\/pages"}],"about":[{"href":"https:\/\/energoglobal.com\/sk\/wp-json\/wp\/v2\/types\/page"}],"author":[{"embeddable":true,"href":"https:\/\/energoglobal.com\/sk\/wp-json\/wp\/v2\/users\/1"}],"replies":[{"embeddable":true,"href":"https:\/\/energoglobal.com\/sk\/wp-json\/wp\/v2\/comments?post=66071"}],"version-history":[{"count":0,"href":"https:\/\/energoglobal.com\/sk\/wp-json\/wp\/v2\/pages\/66071\/revisions"}],"wp:attachment":[{"href":"https:\/\/energoglobal.com\/sk\/wp-json\/wp\/v2\/media?parent=66071"}],"curies":[{"name":"wp","href":"https:\/\/api.w.org\/{rel}","templated":true}]}}