{"id":66069,"date":"2021-10-21T01:38:05","date_gmt":"2021-10-20T23:38:05","guid":{"rendered":"https:\/\/energoglobal.com\/sk\/?page_id=66069"},"modified":"2024-04-15T17:23:57","modified_gmt":"2024-04-15T15:23:57","slug":"podmienky-pouzivania","status":"publish","type":"page","link":"https:\/\/energoglobal.com\/sk\/podmienky-pouzivania\/","title":{"rendered":"Podmienky pou\u017e\u00edvania"},"content":{"rendered":"\n<p><strong>1. V\u0161eobecn\u00e9 ustanovenia<\/strong><\/p>\n\n\n\n<p>Tieto podmienky pou\u017e\u00edvania upravuj\u00fa sp\u00f4sob registr\u00e1cie \u010dlena, pr\u00e1va a povinnosti \u010dlenov, sp\u00f4sob n\u00e1kupu a predaja vec\u00ed, ako aj pravidl\u00e1 ochrany osobn\u00fdch \u00fadajov, ochranu autorsk\u00fdch pr\u00e1v a pr\u00e1v s nimi s\u00favisiacich a \u010fal\u0161ie d\u00f4le\u017eit\u00e9 ot\u00e1zky, ktor\u00e9 s\u00fa d\u00f4le\u017eit\u00e9 pre fungovanie a pou\u017e\u00edvanie webovej str\u00e1nky (wwwenergoglobal.com), ktor\u00e1 funguje v r\u00e1mci syst\u00e9mu spolo\u010dnosti EnergoGlobal doo Futog, MB: 20650800, PIB: 106644707, so s\u00eddlom Fru\u0161kogorska 57, Futog, Nov\u00fd Sad (\u010falej len EnergoGlobal d.o.o.).<\/p>\n\n\n\n<p>Pr\u00edstup k produktom webovej str\u00e1nky bude umo\u017enen\u00fd sedem dn\u00ed v t\u00fd\u017edni, 24 hod\u00edn denne. V\u00fdnimo\u010dne m\u00f4\u017ee by\u0165 webov\u00e1 str\u00e1nka do\u010dasne nedostupn\u00e1 z d\u00f4vodu be\u017enej technickej \u00fadr\u017eby, ako aj in\u00fdch okolnost\u00ed, pre ktor\u00e9 EnergoGlobal d.o.o. nezodpoved\u00e1 a v s\u00falade s \u010dl\u00e1nkom 6 t\u00fdchto Podmienok pou\u017e\u00edvania.<\/p>\n\n\n\n<p>Str\u00e1nka obsahuje katal\u00f3g a zoznam produktov, ako aj:<\/p>\n\n\n\n<p>\u25cf n\u00e1zov a popis produktu;<\/p>\n\n\n\n<p>\u25cf aspo\u0148 jedna fotografia produktu;<\/p>\n\n\n\n<p>\u25cf \u010fal\u0161ie inform\u00e1cie o produkte.<\/p>\n\n\n\n<p>Ak\u00e9ko\u013evek pou\u017eitie webovej str\u00e1nky ako celku alebo akejko\u013evek jej \u010dasti, ktor\u00e9 nie je v s\u00falade s t\u00fdmito Podmienkami pou\u017e\u00edvania, sa bude pova\u017eova\u0165 za zneu\u017eitie slu\u017eieb poskytovan\u00fdch spolo\u010dnos\u0165ou EnergoGlobal d.o.o. a poru\u0161en\u00edm Podmienok pou\u017e\u00edvania.<\/p>\n\n\n\n<p>Str\u00e1nka je ur\u010den\u00e1 na realiz\u00e1ciu predaja prostredn\u00edctvom internetu a in\u00fdch komunika\u010dn\u00fdch prostriedkov, ako aj na propag\u00e1ciu elektronick\u00e9ho obchodu.<\/p>\n\n\n\n<p><strong>2. Registr\u00e1cia u\u017e\u00edvate\u013ea<\/strong><\/p>\n\n\n\n<p>Registr\u00e1ciou pre pr\u00edstup na webov\u00fa str\u00e1nku, jednorazov\u00fdm pr\u00edstupom za \u00fa\u010delom zasielania dopytov, pr\u00edstupom cez in\u00e9 elektronick\u00e9 komunika\u010dn\u00e9 kan\u00e1ly za \u00fa\u010delom realiz\u00e1cie predaja (n\u00e1kupy cez telef\u00f3n), ako aj pr\u00edstupom na informa\u010dn\u00e9 a vzdel\u00e1vacie \u00fa\u010dely, u\u017e\u00edvate\u013e prehlasuje, \u017ee bol obozn\u00e1men\u00fd s obsahom Podmienok pou\u017e\u00edvania a z\u00e1rove\u0148 akceptuje ich ustanovenia a je povinn\u00fd pri pou\u017e\u00edvan\u00ed Internetov\u00e9ho obchodu na ak\u00fdko\u013evek \u00fa\u010del re\u0161pektova\u0165 platn\u00e9 predpisy Srbskej republiky.<\/p>\n\n\n\n<p>Registr\u00e1ciou na pou\u017e\u00edvanie webovej str\u00e1nky za \u00fa\u010delom n\u00e1kupu a predaja, jednorazov\u00fdm vstupom na webov\u00fa str\u00e1nku za \u00fa\u010delom n\u00e1kupu a predaja, pr\u00edstupom cez in\u00e9 elektronick\u00e9 komunika\u010dn\u00e9 kan\u00e1ly za \u00fa\u010delom n\u00e1kupu a predaja, ako aj pr\u00edstupom pre informa\u010dn\u00e9 a vzdel\u00e1vacie \u00fa\u010dely (ak je to vhodn\u00e9), U\u017e\u00edvatelia s\u00fahlasia s t\u00fdmito Podmienkami pou\u017e\u00edvania a t\u00fdmto sp\u00f4sobom uzatv\u00e1raj\u00fa s poskytovate\u013eom Slu\u017eby Zmluvu o pr\u00edstupe.<\/p>\n\n\n\n<p>V procese vytv\u00e1rania \u00fa\u010dtu a pri ka\u017edom n\u00e1slednom zad\u00e1van\u00ed \u00fadajov je u\u017e\u00edvate\u013e povinn\u00fd zada\u0165 presn\u00e9 a \u00fapln\u00e9 osobn\u00e9 \u00fadaje a v s\u00favislosti s t\u00fdmito \u00fadajmi v s\u00falade so z\u00e1konom o ochrane osobn\u00fdch \u00fadajov v\u00fdslovn\u00fd s\u00fahlas spolo\u010dnosti EnergoGlobal d.o.o. Futog ich spracov\u00e1va\u0165 a uchov\u00e1va\u0165 na \u00fa\u010dely plnenia svojich z\u00e1v\u00e4zkov vo vz\u0165ahu k Produktom objednan\u00fdm prostredn\u00edctvom Internetov\u00e9ho obchodu alebo svojich z\u00e1konn\u00fdch povinnost\u00ed, vym\u00e1hania reklam\u00e1ci\u00ed, v\u00fdvoja jeho podmienok a predch\u00e1dzania pr\u00edpadn\u00e9mu zneu\u017eitiu.<\/p>\n\n\n\n<p>Spolo\u010dnos\u0165 EnergoGlobal d.o.o. V s\u00falade s platn\u00fdmi predpismi Futog prijme v\u0161etky dostupn\u00e9 opatrenia na ochranu \u00fadajov U\u017e\u00edvate\u013ea, ako aj \u00fadajov o uskuto\u010dnenom n\u00e1kupe. Vy\u0161\u0161ie uveden\u00e9 \u00fadaje bud\u00fa pova\u017eovan\u00e9 za obchodn\u00e9 tajomstvo.<\/p>\n\n\n\n<p>Pou\u017e\u00edvate\u013esk\u00e9 \u00fadaje zadan\u00e9 Pou\u017e\u00edvate\u013eom pomocou Webovej str\u00e1nky nebud\u00fa pou\u017eit\u00e9 na \u00fa\u010dely doru\u010denia.<\/p>\n\n\n\n<p><strong>3. Obmedzenie zodpovednosti spolo\u010dnosti EnergoGlobal d.o.o.<\/strong><\/p>\n\n\n\n<p>Pou\u017e\u00edvanie webovej str\u00e1nky spolo\u010dnosti EnergoGlobal d.o.o. Futog je v\u00fdhradnou zodpovednos\u0165ou pou\u017e\u00edvate\u013ea.<\/p>\n\n\n\n<p>Spolo\u010dnos\u0165 EnergoGlobal d.o.o. Futog neru\u010d\u00ed za nepretr\u017eit\u00e9 pou\u017e\u00edvanie str\u00e1nky, ani nie je \u017eiadnym sp\u00f4sobom zodpovedn\u00fd za pr\u00edpadn\u00fa do\u010dasn\u00fa nedostupnos\u0165 akejko\u013evek jednotlivej Slu\u017eby, ani za jej \u010diasto\u010dn\u00fa alebo \u00fapln\u00fa nefunk\u010dnos\u0165 alebo nespr\u00e1vnu funk\u010dnos\u0165, ani za n\u00e1sledky, ktor\u00e9 by z toho mohli vyplyn\u00fa\u0165. pou\u017e\u00edvanie tohto obchodu.<\/p>\n\n\n\n<p>Spolo\u010dnos\u0165 EnergoGlobal d.o.o. Futog nezodpoved\u00e1 za technick\u00e9 probl\u00e9my vypl\u00fdvaj\u00face z probl\u00e9mov pri poskytovan\u00ed elektronick\u00fdch komunika\u010dn\u00fdch slu\u017eieb, ktor\u00e9 m\u00f4\u017eu vies\u0165 k oneskoreniam a\/alebo nespr\u00e1vnemu spracovaniu elektronick\u00fdch \u00fadajov, vr\u00e1tane syst\u00e9mov\u00fdch hod\u00edn, ke\u010f\u017ee za to zodpovedaj\u00fa prev\u00e1dzkovatelia elektronick\u00fdch komunik\u00e1ci\u00ed (prev\u00e1dzkovatelia internetov\u00fdch slu\u017eieb ) v s\u00falade s predpismi upravuj\u00facimi oblas\u0165 elektronick\u00fdch komunik\u00e1ci\u00ed.<\/p>\n\n\n\n<p>Spolo\u010dnos\u0165 EnergoGlobal d.o.o. Futog nezodpoved\u00e1 za \u0161kody alebo zranenia, ktor\u00e9 by mohli vznikn\u00fa\u0165 v d\u00f4sledku skryt\u00fdch ch\u00fdb, ch\u00fdb, preru\u0161en\u00ed, vymazan\u00ed, por\u00fach, oneskoren\u00ed v prev\u00e1dzke alebo prenose po\u010d\u00edta\u010dov\u00fdch v\u00edrusov, preru\u0161en\u00ed komunik\u00e1cie, kr\u00e1de\u017ee, zni\u010denia alebo neopr\u00e1vnen\u00e9ho pr\u00edstupu k \u00fadajom, zmeny alebo zneu\u017eitia \u00fadajov. tret\u00edmi osobami, ukon\u010denie zmluvy, spr\u00e1vanie v rozpore s Podmienkami pou\u017e\u00edvania, nedbalos\u0165 at\u010f.<\/p>\n\n\n\n<p>Spolo\u010dnos\u0165 EnergoGlobal d.o.o. Futog si vyhradzuje pr\u00e1vo zmeni\u0165, zru\u0161i\u0165 (do\u010dasne alebo natrvalo) ak\u00fdko\u013evek prvok svojej platformy, ako aj slu\u017eby, ktor\u00e9 poskytuje, a obsah, t. j. vstup, bez predch\u00e1dzaj\u00faceho alebo n\u00e1sledn\u00e9ho schv\u00e1lenia alebo ozn\u00e1menia, v s\u00falade so spr\u00e1vnou obchodnou praxou, a najm\u00e4 v z\u00e1ujme na zachovanie integrity platformy, bezpe\u010dnostn\u00fdch \u00fadajov a pravideln\u00e9ho servisu.<\/p>\n\n\n\n<p><strong>4. Spracovanie a ochrana osobn\u00fdch \u00fadajov<\/strong><\/p>\n\n\n\n<p>Z\u00e1sady ochrany osobn\u00fdch \u00fadajov s\u00fa neoddelite\u013enou s\u00fa\u010das\u0165ou t\u00fdchto Podmienok pou\u017e\u00edvania. Prijat\u00edm Podmienok pou\u017e\u00edvania pou\u017e\u00edvate\u013e s\u00fahlas\u00ed s t\u00fdm, \u017ee bude informovan\u00fd a akceptuje pravidl\u00e1 t\u00fdkaj\u00face sa ochrany osobn\u00fdch \u00fadajov predp\u00edsan\u00e9 t\u00fdmito Z\u00e1sadami.<\/p>\n\n\n\n<p><strong>5. Ochrana autorsk\u00fdch pr\u00e1v a s\u00favisiacich pr\u00e1v a in\u00fdch pr\u00e1v du\u0161evn\u00e9ho vlastn\u00edctva<\/strong><\/p>\n\n\n\n<p>Spolo\u010dnos\u0165 EnergoGlobal d.o.o. Futog m\u00e1 v\u00fdhradn\u00e9 autorsk\u00e9 pr\u00e1va na webov\u00fa str\u00e1nku, ako aj na ur\u010dit\u00e9 prvky, ktor\u00e9 ju tvoria, ako s\u00fa text, vizu\u00e1lne a zvukov\u00e9 prvky, vizu\u00e1lna identita, \u00fadaje a datab\u00e1zy, programov\u00fd k\u00f3d a \u010fal\u0161ie prvky slu\u017eby. Vyu\u017e\u00edvanie uveden\u00fdch predmetov autorsk\u00fdch pr\u00e1v bez v\u00fdslovn\u00e9ho predch\u00e1dzaj\u00faceho p\u00edsomn\u00e9ho s\u00fahlasu EnergoGlobal d.o.o. Futog, bude pova\u017eovan\u00fd za poru\u0161enie autorsk\u00fdch pr\u00e1v a EnergoGlobal d.o.o. V takom pr\u00edpade bude Futog opr\u00e1vnen\u00fd pou\u017ei\u0165 v\u0161etky dostupn\u00e9 pr\u00e1vne prostriedky na uplatnenie tohto pr\u00e1va.<\/p>\n\n\n\n<p>Spolo\u010dnos\u0165 EnergoGlobal d.o.o. Futog m\u00e1 v\u00fdhradn\u00fa zodpovednos\u0165 za obsah chr\u00e1nen\u00fd autorsk\u00fdmi pr\u00e1vami. Ka\u017ed\u00e1 strana je v\u00fdhradne zodpovedn\u00e1 za svoj obsah chr\u00e1nen\u00fd autorsk\u00fdmi pr\u00e1vami.<\/p>\n\n\n\n<p><strong>6. Prechodn\u00e9 a z\u00e1vere\u010dn\u00e9 ustanovenia<\/strong><\/p>\n\n\n\n<p>Spolo\u010dnos\u0165 EnergoGlobal d.o.o. Futog m\u00e1 pr\u00e1vo tieto Podmienky pou\u017e\u00edvania kedyko\u013evek zmeni\u0165 alebo doplni\u0165, a to zverejnen\u00edm zmien a doplnkov v upravenom texte na internetovej prezent\u00e1cii a registrovan\u00fdm u\u017e\u00edvate\u013eom zaslan\u00edm ozn\u00e1menia o zmen\u00e1ch Podmienok na e-mailov\u00fa adresu. of Use, v ktorej stru\u010dne uve\u010fte, v \u010dom spo\u010d\u00edvaj\u00fa zmeny. Potom, po prihl\u00e1sen\u00ed sa na www.energoglobal.com, bude ka\u017ed\u00fd registrovan\u00fd pou\u017e\u00edvate\u013e informovan\u00fd o zmen\u00e1ch Podmienok pou\u017e\u00edvania. Ak registrovan\u00ed u\u017e\u00edvatelia nevyhl\u00e1sia, \u017ee so zmenami nes\u00fahlasia (zaslan\u00edm ozn\u00e1menia na e-mailov\u00fa adresu) a ak bud\u00fa na\u010falej pou\u017e\u00edva\u0165 webov\u00fa str\u00e1nku, bude sa ma\u0165 za to, \u017ee si zmeny pre\u010d\u00edtali a s\u00fahlasili s nimi. Ak pou\u017e\u00edvate\u013e so zmenami nes\u00fahlas\u00ed (zaslan\u00edm ozn\u00e1menia na e-mailov\u00fa adresu), do 5 dn\u00ed odo d\u0148a prv\u00e9ho prihl\u00e1senia na www.energoglobal.com, EnergoGlobal d.o.o. vyma\u017ee svoj u\u017e\u00edvate\u013esk\u00fd \u00fa\u010det, po \u010dom jeho \u010dlenstvo zanikne.<\/p>\n\n\n\n<p>S\u00fa\u010dasn\u00e1 legislat\u00edva Srbskej republiky sa vz\u0165ahuje na v\u0161etko, \u010do nie je upraven\u00e9 t\u00fdmito Podmienkami pou\u017e\u00edvania.<\/p>\n\n\n\n<p>Na v\u0161etky spory, ktor\u00e9 m\u00f4\u017eu vznikn\u00fa\u0165 medzi EnergoGlobal d.o.o. V s\u00favislosti s pou\u017e\u00edvan\u00edm Internetov\u00e9ho obchodu sa na p\u00e4tu a \u010dl\u00e1nok vz\u0165ahuj\u00fa platn\u00e9 predpisy Srbskej republiky. Strany sa zav\u00e4zuj\u00fa, \u017ee sa pok\u00fasia spor vyrie\u0161i\u0165 mierovou cestou, a ak sa im to nepodar\u00ed, pr\u00edslu\u0161n\u00fd je s\u00fad v Belehrade.<\/p>\n\n\n\n<p>Tieto Podmienky pou\u017e\u00edvania vstupuj\u00fa do platnosti d\u0148om ich zverejnenia na webovej str\u00e1nke www.energoglobal.com a za\u010dn\u00fa sa uplat\u0148ova\u0165 osem dn\u00ed po ich zverejnen\u00ed na webovej str\u00e1nke EnergoGlobal d.o.o.<\/p>\n\n\n\n<p>Vo Futogu d\u0148a 16.11.2021. rokov.<\/p>\n\n\n\n<p>Z\u00e1stupky\u0148a riadite\u013ea: Aleksandra Luki\u0107<\/p>\n\n\n\n<p>Pozn\u00e1mka: Tento dokument je vytvoren\u00fd po\u010d\u00edta\u010dom a je platn\u00fd bez podpisu a pe\u010date.<\/p>\n","protected":false},"excerpt":{"rendered":"<p>1. V\u0161eobecn\u00e9 ustanovenia Tieto podmienky pou\u017e\u00edvania upravuj\u00fa sp\u00f4sob registr\u00e1cie \u010dlena, pr\u00e1va a povinnosti \u010dlenov, sp\u00f4sob n\u00e1kupu a predaja vec\u00ed, ako aj pravidl\u00e1 ochrany","protected":false},"author":1,"featured_media":474,"parent":0,"menu_order":101,"comment_status":"closed","ping_status":"closed","template":"","meta":{"advgb_blocks_editor_width":"","advgb_blocks_columns_visual_guide":"","footnotes":""},"acf":[],"coauthors":[],"author_meta":{"author_link":"https:\/\/energoglobal.com\/sk\/author\/sd_energglobe2021\/","display_name":"Stevan Djokovic"},"relative_dates":{"created":"Posted 5 years ago","modified":"Updated 2 years ago"},"absolute_dates":{"created":"Posted on 21\/10\/2021","modified":"Updated on 15\/04\/2024"},"absolute_dates_time":{"created":"Posted on 21\/10\/2021 01:38","modified":"Updated on 15\/04\/2024 17:23"},"featured_img_caption":"","featured_img":"https:\/\/energoglobal.com\/wp-content\/uploads\/2021\/10\/demo-2-1.jpg","series_order":"","_links":{"self":[{"href":"https:\/\/energoglobal.com\/sk\/wp-json\/wp\/v2\/pages\/66069"}],"collection":[{"href":"https:\/\/energoglobal.com\/sk\/wp-json\/wp\/v2\/pages"}],"about":[{"href":"https:\/\/energoglobal.com\/sk\/wp-json\/wp\/v2\/types\/page"}],"author":[{"embeddable":true,"href":"https:\/\/energoglobal.com\/sk\/wp-json\/wp\/v2\/users\/1"}],"replies":[{"embeddable":true,"href":"https:\/\/energoglobal.com\/sk\/wp-json\/wp\/v2\/comments?post=66069"}],"version-history":[{"count":0,"href":"https:\/\/energoglobal.com\/sk\/wp-json\/wp\/v2\/pages\/66069\/revisions"}],"wp:featuredmedia":[{"embeddable":true,"href":"https:\/\/energoglobal.com\/sk\/wp-json\/wp\/v2\/media\/474"}],"wp:attachment":[{"href":"https:\/\/energoglobal.com\/sk\/wp-json\/wp\/v2\/media?parent=66069"}],"curies":[{"name":"wp","href":"https:\/\/api.w.org\/{rel}","templated":true}]}}