{"id":66057,"date":"2021-10-21T01:52:11","date_gmt":"2021-10-20T23:52:11","guid":{"rendered":"https:\/\/energoglobal.com\/sk\/?page_id=66057"},"modified":"2024-04-15T16:59:02","modified_gmt":"2024-04-15T14:59:02","slug":"nahradne-diely","status":"publish","type":"page","link":"https:\/\/energoglobal.com\/sk\/servis-2\/nahradne-diely\/","title":{"rendered":"N\u00e1hradn\u00e9 diely"},"content":{"rendered":"\n<p>V z\u00e1ujme \u00faplnej bezpe\u010dnosti a istoty pri prev\u00e1dzke gener\u00e1torov\u00fdch agreg\u00e1tov spolo\u010dnos\u0165 EnergoGlobal zabezpe\u010dila v\u0161etky potrebn\u00e9 diely, ktor\u00e9 zaru\u010duj\u00fa spo\u013eahliv\u00e9 a efekt\u00edvne nap\u00e1janie dieselagreg\u00e1tov pre na\u0161ich z\u00e1kazn\u00edkov.<\/p>\n\n\n\n<p><strong>Medzi n\u00e1hradn\u00e9 diely patria:<\/strong><\/p>\n\n\n\n<ul>\n<li>Filtre<\/li>\n\n\n\n<li>Olej<\/li>\n\n\n\n<li>Ovl\u00e1da\u010de<\/li>\n\n\n\n<li>Gener\u00e1tory<\/li>\n\n\n\n<li>Regul\u00e1tory nap\u00e4tia<\/li>\n\n\n\n<li>Nab\u00edja\u010dky bat\u00e9ri\u00ed<\/li>\n\n\n\n<li>Ohrieva\u010de chladiacej kvapaliny<\/li>\n\n\n\n<li>In\u00e9<\/li>\n<\/ul>\n","protected":false},"excerpt":{"rendered":"<p>V z\u00e1ujme \u00faplnej bezpe\u010dnosti a istoty pri prev\u00e1dzke gener\u00e1torov\u00fdch agreg\u00e1tov spolo\u010dnos\u0165 EnergoGlobal zabezpe\u010dila v\u0161etky potrebn\u00e9 diely, ktor\u00e9 zaru\u010duj\u00fa spo\u013eahliv\u00e9","protected":false},"author":1,"featured_media":940,"parent":66051,"menu_order":4,"comment_status":"closed","ping_status":"closed","template":"","meta":{"advgb_blocks_editor_width":"","advgb_blocks_columns_visual_guide":"","footnotes":""},"acf":[],"coauthors":[],"author_meta":{"author_link":"https:\/\/energoglobal.com\/sk\/author\/sd_energglobe2021\/","display_name":"Stevan Djokovic"},"relative_dates":{"created":"Posted 4 years ago","modified":"Updated 2 years ago"},"absolute_dates":{"created":"Posted on 21\/10\/2021","modified":"Updated on 15\/04\/2024"},"absolute_dates_time":{"created":"Posted on 21\/10\/2021 01:52","modified":"Updated on 15\/04\/2024 16:59"},"featured_img_caption":"","featured_img":"https:\/\/energoglobal.com\/wp-content\/uploads\/2021\/11\/Rentalni_Prenosni_Agregati_EnergoGlobal_EG_Srbija.jpg","series_order":"","_links":{"self":[{"href":"https:\/\/energoglobal.com\/sk\/wp-json\/wp\/v2\/pages\/66057"}],"collection":[{"href":"https:\/\/energoglobal.com\/sk\/wp-json\/wp\/v2\/pages"}],"about":[{"href":"https:\/\/energoglobal.com\/sk\/wp-json\/wp\/v2\/types\/page"}],"author":[{"embeddable":true,"href":"https:\/\/energoglobal.com\/sk\/wp-json\/wp\/v2\/users\/1"}],"replies":[{"embeddable":true,"href":"https:\/\/energoglobal.com\/sk\/wp-json\/wp\/v2\/comments?post=66057"}],"version-history":[{"count":0,"href":"https:\/\/energoglobal.com\/sk\/wp-json\/wp\/v2\/pages\/66057\/revisions"}],"up":[{"embeddable":true,"href":"https:\/\/energoglobal.com\/sk\/wp-json\/wp\/v2\/pages\/66051"}],"wp:featuredmedia":[{"embeddable":true,"href":"https:\/\/energoglobal.com\/sk\/wp-json\/wp\/v2\/media\/940"}],"wp:attachment":[{"href":"https:\/\/energoglobal.com\/sk\/wp-json\/wp\/v2\/media?parent=66057"}],"curies":[{"name":"wp","href":"https:\/\/api.w.org\/{rel}","templated":true}]}}