{"id":66055,"date":"2021-10-23T08:38:19","date_gmt":"2021-10-23T06:38:19","guid":{"rendered":"https:\/\/energoglobal.com\/sk\/?page_id=66055"},"modified":"2024-04-15T16:57:09","modified_gmt":"2024-04-15T14:57:09","slug":"vyvoj-technickych-rieseni","status":"publish","type":"page","link":"https:\/\/energoglobal.com\/sk\/servis-2\/vyvoj-technickych-rieseni\/","title":{"rendered":"V\u00fdvoj technick\u00fdch rie\u0161en\u00ed"},"content":{"rendered":"\n<p><strong>N\u00e1vrh a v\u00fdroba dieselov\u00fdch gener\u00e1torov<\/strong><\/p>\n\n\n\n<p>Ve\u013ek\u00fa pozornos\u0165 venujeme \u0161pecifick\u00fdm potreb\u00e1m na\u0161ich klientov, a to v\u0161etko s cie\u013eom poskytn\u00fa\u0165 im maxim\u00e1lnu energetick\u00fa stabilitu. Dizajn a v\u00fdroba dieselov\u00fdch gener\u00e1torov s\u00fa neust\u00e1lymi v\u00fdzvami n\u00e1\u0161ho sk\u00fasen\u00e9ho in\u017einierskeho t\u00edmu. Zaober\u00e1me sa v\u00fdvojom koncep\u010dn\u00fdch n\u00e1vrhov, v\u00fdberom zariaden\u00ed, stavebn\u00fdmi pr\u00e1cami, dod\u00e1vkou a mont\u00e1\u017eou zariaden\u00ed, stroj\u00e1rskymi a elektrotechnick\u00fdmi pr\u00e1cami. Rie\u0161enie na k\u013e\u00fa\u010d.<\/p>\n\n\n\n<p><strong>Automatiz\u00e1cia a gener\u00e1lne opravy<\/strong><\/p>\n\n\n\n<p>Na\u0161ou prioritou je v\u017edy moderniz\u00e1cia star\u00fdch automatiza\u010dn\u00fdch syst\u00e9mov a najlep\u0161ie odpor\u00fa\u010dania s\u00fa sk\u00fasenosti s in\u0161tal\u00e1ciou nov\u00fdch zariaden\u00ed pre automatick\u00fd \u0161tart gener\u00e1torov\u00e9ho agreg\u00e1tu a monitorovanie (doh\u013ead) v\u0161etk\u00fdch d\u00f4le\u017eit\u00fdch parametrov agreg\u00e1tu.<\/p>\n\n\n\n<p>EnergoGlobal opravuje a rekon\u0161truuje \u201ezastaran\u00e9\u201c alebo chybn\u00e9 jednotky a zariadenia. To zah\u0155\u0148a, v z\u00e1vislosti od typu gener\u00e1lnej opravy, nasleduj\u00face procesy:<\/p>\n\n\n\n<ul>\n<li>Odpojenie agreg\u00e1tu<\/li>\n\n\n\n<li>Demont\u00e1\u017e, detekcia por\u00fach a diagnostika<\/li>\n\n\n\n<li>V\u00fdstavba nov\u00fdch zost\u00e1v alebo rekon\u0161trukcia<\/li>\n\n\n\n<li>Z\u00edskavanie nov\u00fdch dielov<\/li>\n\n\n\n<li>Ma\u013eovanie<\/li>\n\n\n\n<li>In\u0161tal\u00e1cia a uvedenie do prev\u00e1dzky<\/li>\n<\/ul>\n","protected":false},"excerpt":{"rendered":"<p>N\u00e1vrh a v\u00fdroba dieselov\u00fdch gener\u00e1torov Ve\u013ek\u00fa pozornos\u0165 venujeme \u0161pecifick\u00fdm potreb\u00e1m na\u0161ich klientov, a to v\u0161etko s cie\u013eom poskytn\u00fa\u0165 im maxim\u00e1lnu energetick\u00fa stabilitu.","protected":false},"author":1,"featured_media":771,"parent":66051,"menu_order":3,"comment_status":"closed","ping_status":"closed","template":"","meta":{"advgb_blocks_editor_width":"","advgb_blocks_columns_visual_guide":"","footnotes":""},"acf":[],"coauthors":[],"author_meta":{"author_link":"https:\/\/energoglobal.com\/sk\/author\/sd_energglobe2021\/","display_name":"Stevan Djokovic"},"relative_dates":{"created":"Posted 4 years ago","modified":"Updated 2 years ago"},"absolute_dates":{"created":"Posted on 23\/10\/2021","modified":"Updated on 15\/04\/2024"},"absolute_dates_time":{"created":"Posted on 23\/10\/2021 08:38","modified":"Updated on 15\/04\/2024 16:57"},"featured_img_caption":"","featured_img":"https:\/\/energoglobal.com\/wp-content\/uploads\/2021\/11\/Slide4_Servis_EnergoGlobal_EG.jpg","series_order":"","_links":{"self":[{"href":"https:\/\/energoglobal.com\/sk\/wp-json\/wp\/v2\/pages\/66055"}],"collection":[{"href":"https:\/\/energoglobal.com\/sk\/wp-json\/wp\/v2\/pages"}],"about":[{"href":"https:\/\/energoglobal.com\/sk\/wp-json\/wp\/v2\/types\/page"}],"author":[{"embeddable":true,"href":"https:\/\/energoglobal.com\/sk\/wp-json\/wp\/v2\/users\/1"}],"replies":[{"embeddable":true,"href":"https:\/\/energoglobal.com\/sk\/wp-json\/wp\/v2\/comments?post=66055"}],"version-history":[{"count":0,"href":"https:\/\/energoglobal.com\/sk\/wp-json\/wp\/v2\/pages\/66055\/revisions"}],"up":[{"embeddable":true,"href":"https:\/\/energoglobal.com\/sk\/wp-json\/wp\/v2\/pages\/66051"}],"wp:featuredmedia":[{"embeddable":true,"href":"https:\/\/energoglobal.com\/sk\/wp-json\/wp\/v2\/media\/771"}],"wp:attachment":[{"href":"https:\/\/energoglobal.com\/sk\/wp-json\/wp\/v2\/media?parent=66055"}],"curies":[{"name":"wp","href":"https:\/\/api.w.org\/{rel}","templated":true}]}}