{"id":66053,"date":"2021-10-21T01:51:21","date_gmt":"2021-10-20T23:51:21","guid":{"rendered":"https:\/\/energoglobal.com\/sk\/?page_id=66053"},"modified":"2024-04-15T16:54:50","modified_gmt":"2024-04-15T14:54:50","slug":"servis-a-technicka-podpora","status":"publish","type":"page","link":"https:\/\/energoglobal.com\/sk\/servis-2\/servis-a-technicka-podpora\/","title":{"rendered":"Servis a technick\u00e1 podpora"},"content":{"rendered":"\n<p>Pravideln\u00fd servis a spr\u00e1vna \u00fadr\u017eba zabr\u00e1ni probl\u00e9mom s gener\u00e1torom dlho predt\u00fdm, ako sa vyskytn\u00fa... Vy\u0161kolen\u00fd a vybaven\u00fd servis r\u00fdchlej reakcie, 24 hod\u00edn denne, sedem dn\u00ed v t\u00fd\u017edni, zais\u0165uje bezpe\u010dnos\u0165 a spo\u013eahlivos\u0165 v\u00e1\u0161ho gener\u00e1tora. Dlhoro\u010dn\u00e9 praktick\u00e9 sk\u00fasenosti podporuj\u00fa na\u0161e presved\u010denie, \u017ee pravideln\u00e1 kontrola gener\u00e1torov a motorov pred\u013a\u017ei ich \u017eivotnos\u0165. EnergoGlobal je hrd\u00fd na to, \u017ee pon\u00faka pr\u00edsne odborn\u00e9 testovanie. Pre z\u00e1kazn\u00edkov, ktor\u00ed potrebuj\u00fa a chc\u00fa ma\u0165 vlastn\u00fa v\u00fdrobu elektriny, je zariadenie na po\u017eiadanie skontrolovan\u00e9, \u010di u\u017e u v\u00e1s, alebo v na\u0161om servisnom stredisku\u2026<\/p>\n\n\n\n<p>Na\u0161im z\u00e1kazn\u00edkom poskytujeme nieko\u013eko \u00farovn\u00ed \u00fadr\u017eby elektr\u00e1rn\u00ed. Preh\u013ead EnergoGlobal zah\u0155\u0148a:<\/p>\n\n\n\n<ul>\n<li>Testovanie zariaden\u00ed vr\u00e1tane vonkaj\u0161ieho a vn\u00fatorn\u00e9ho stavu na\u0161imi servisn\u00fdmi technikmi<\/li>\n\n\n\n<li>Identifikujte po\u017eadovan\u00e9 slu\u017eby a opravy<\/li>\n\n\n\n<li>Vykon\u00e1vanie nevyhnutn\u00fdch opr\u00e1v<\/li>\n\n\n\n<li>Zaru\u010dte, \u017ee ka\u017ed\u00e9 zariadenie je spr\u00e1vne<\/li>\n<\/ul>\n\n\n\n<p><strong>Pravideln\u00e1 a n\u00fadzov\u00e1 \u00fadr\u017eba gener\u00e1tora<\/strong><\/p>\n\n\n\n<p>Tieto kontroly id\u00fa ove\u013ea \u010falej ako kontrola palivov\u00fdch syst\u00e9mov, mazania, v\u00fdmeny filtrov (vzduch, olej, palivo), k\u00e1blov elektrick\u00e9ho \u0161tart\u00e9ra, hladiny elektrolytu bat\u00e9rie a vn\u00fatorn\u00fdch elektrick\u00fdch syst\u00e9mov. N\u00e1\u0161 overovac\u00ed proces je v skuto\u010dnosti jedn\u00fdm z najpodrobnej\u0161\u00edch aspektov n\u00e1\u0161ho podnikania. Po\u010das procesu kontroly nepovo\u013eujeme prehliadky.<\/p>\n\n\n\n<p><strong>Kontrola a servis agreg\u00e1tov zah\u0155\u0148a:<\/strong><\/p>\n\n\n\n<ul>\n<li>Vizu\u00e1lna kontrola agreg\u00e1tu gener\u00e1tora<\/li>\n\n\n\n<li>V\u00fdmena motorov\u00e9ho oleja<\/li>\n\n\n\n<li>V\u00fdmena chladiacej kvapaliny v chladiacom syst\u00e9me - pre vodou chladen\u00e9 motory<\/li>\n\n\n\n<li>V\u00fdmena olejov\u00e9ho a palivov\u00e9ho filtra<\/li>\n\n\n\n<li>Kontrola a dotiahnutie pr\u00edvodn\u00fdch palivov\u00fdch potrub\u00ed na vstrekova\u010doch<\/li>\n\n\n\n<li>Kontrola a nastavenie klinov\u00fdch reme\u0148ov pre pohon ventil\u00e1tora<\/li>\n\n\n\n<li>Kontrola a dotiahnutie v\u0161etk\u00fdch tlmi\u010dov<\/li>\n\n\n\n<li>Kontrola, \u010distenie alebo v\u00fdmena vzduchov\u00fdch filtrov<\/li>\n\n\n\n<li>Kontrola a kontrola elektrick\u00fdch \u0161tart\u00e9rov<\/li>\n\n\n\n<li>Riadenie chodu elektromotora a manu\u00e1lneho palivov\u00e9ho \u010derpadla a sn\u00edma\u010da hladiny paliva<\/li>\n\n\n\n<li>Kontrola a v\u00fdmena bat\u00e9rie<\/li>\n\n\n\n<li>Kontrola a servis gener\u00e1tora:<\/li>\n\n\n\n<li>Kontrola spojenia medzi motorom a gener\u00e1torom<\/li>\n\n\n\n<li>Kontrola a v pr\u00edpade potreby v\u00fdmena kefy gener\u00e1tora<\/li>\n\n\n\n<li>Le\u0161tenie zberac\u00edch kr\u00fa\u017ekov<\/li>\n\n\n\n<li>Mazanie lo\u017e\u00edsk<\/li>\n\n\n\n<li>Testovanie izola\u010dn\u00e9ho odporu gener\u00e1tora<\/li>\n\n\n\n<li>Kontrola a servis rozvodnej skrine s pridru\u017een\u00fdm automatick\u00fdm ovl\u00e1dan\u00edm:<\/li>\n\n\n\n<li>Kontrola a funk\u010dn\u00e9 testovanie v\u0161etk\u00fdch merac\u00edch podzost\u00e1v<\/li>\n\n\n\n<li>Ovl\u00e1danie chodu ventil\u00e1torov a pohybliv\u00fdch \u017eal\u00fazi\u00ed na syst\u00e9me pr\u00edvodu a odvodu vzduchu<\/li>\n\n\n\n<li>Testovanie funk\u010dnosti automatiz\u00e1cie riadenia vo v\u0161etk\u00fdch prev\u00e1dzkov\u00fdch re\u017eimoch<\/li>\n\n\n\n<li>Simul\u00e1cia a testovanie v\u0161etk\u00fdch kritick\u00fdch alarmov<\/li>\n\n\n\n<li>Kontrola a v\u00fdmena automatickej nab\u00edja\u010dky bat\u00e9ri\u00ed<\/li>\n<\/ul>\n","protected":false},"excerpt":{"rendered":"<p>Pravideln\u00fd servis a spr\u00e1vna \u00fadr\u017eba zabr\u00e1ni probl\u00e9mom s gener\u00e1torom dlho predt\u00fdm, ako sa vyskytn\u00fa... Vy\u0161kolen\u00fd a vybaven\u00fd servis r\u00fdchlej reakcie, 24 hod\u00edn denne, sedem","protected":false},"author":1,"featured_media":961,"parent":66051,"menu_order":1,"comment_status":"closed","ping_status":"closed","template":"","meta":{"advgb_blocks_editor_width":"","advgb_blocks_columns_visual_guide":"","footnotes":""},"acf":[],"coauthors":[],"author_meta":{"author_link":"https:\/\/energoglobal.com\/sk\/author\/sd_energglobe2021\/","display_name":"Stevan Djokovic"},"relative_dates":{"created":"Posted 4 years ago","modified":"Updated 2 years ago"},"absolute_dates":{"created":"Posted on 21\/10\/2021","modified":"Updated on 15\/04\/2024"},"absolute_dates_time":{"created":"Posted on 21\/10\/2021 01:51","modified":"Updated on 15\/04\/2024 16:54"},"featured_img_caption":"","featured_img":"https:\/\/energoglobal.com\/wp-content\/uploads\/2021\/11\/AH0_9892-scaled.jpg","series_order":"","_links":{"self":[{"href":"https:\/\/energoglobal.com\/sk\/wp-json\/wp\/v2\/pages\/66053"}],"collection":[{"href":"https:\/\/energoglobal.com\/sk\/wp-json\/wp\/v2\/pages"}],"about":[{"href":"https:\/\/energoglobal.com\/sk\/wp-json\/wp\/v2\/types\/page"}],"author":[{"embeddable":true,"href":"https:\/\/energoglobal.com\/sk\/wp-json\/wp\/v2\/users\/1"}],"replies":[{"embeddable":true,"href":"https:\/\/energoglobal.com\/sk\/wp-json\/wp\/v2\/comments?post=66053"}],"version-history":[{"count":0,"href":"https:\/\/energoglobal.com\/sk\/wp-json\/wp\/v2\/pages\/66053\/revisions"}],"up":[{"embeddable":true,"href":"https:\/\/energoglobal.com\/sk\/wp-json\/wp\/v2\/pages\/66051"}],"wp:featuredmedia":[{"embeddable":true,"href":"https:\/\/energoglobal.com\/sk\/wp-json\/wp\/v2\/media\/961"}],"wp:attachment":[{"href":"https:\/\/energoglobal.com\/sk\/wp-json\/wp\/v2\/media?parent=66053"}],"curies":[{"name":"wp","href":"https:\/\/api.w.org\/{rel}","templated":true}]}}