{"id":66051,"date":"2021-10-21T01:36:45","date_gmt":"2021-10-20T23:36:45","guid":{"rendered":"https:\/\/energoglobal.com\/sk\/?page_id=66051"},"modified":"2024-04-15T16:49:28","modified_gmt":"2024-04-15T14:49:28","slug":"servis-2","status":"publish","type":"page","link":"https:\/\/energoglobal.com\/sk\/servis-2\/","title":{"rendered":"Servis"},"content":{"rendered":"\n<p>Dlhodob\u00e9 prev\u00e1dzkov\u00e9 d\u00f4kazy podporuj\u00fa na\u0161e presved\u010denie, \u017ee pravideln\u00e9 kontroly gener\u00e1torov a motorov pred\u013a\u017eia \u017eivotnos\u0165 agreg\u00e1tu. Energoglobal pon\u00faka d\u00f4sledn\u00e9 testovanie pre z\u00e1kazn\u00edkov, ktor\u00ed chc\u00fa ma\u0165 vlastn\u00fa v\u00fdrobu elektriny, zariadenia s\u00fa kontrolovan\u00e9 na po\u017eiadanie bu\u010f u v\u00e1s, alebo v na\u0161om servisnom stredisku. Tieto kontroly id\u00fa nad r\u00e1mec kontroly palivov\u00fdch syst\u00e9mov, mazania, v\u00fdmeny filtrov, \u0161tart\u00e9rov, hladiny elektrolytu v bat\u00e9rii a vn\u00fatorn\u00fdch elektrick\u00fdch syst\u00e9mov. N\u00e1\u0161 overovac\u00ed proces je v skuto\u010dnosti jedn\u00fdm z najpodrobnej\u0161ie orientovan\u00fdch aspektov n\u00e1\u0161ho podnikania<\/p>\n","protected":false},"excerpt":{"rendered":"<p>Dlhodob\u00e9 prev\u00e1dzkov\u00e9 d\u00f4kazy podporuj\u00fa na\u0161e presved\u010denie, \u017ee pravideln\u00e9 kontroly gener\u00e1torov a motorov pred\u013a\u017eia \u017eivotnos\u0165 agreg\u00e1tu. Energoglobal pon\u00faka d\u00f4sledn\u00e9","protected":false},"author":1,"featured_media":772,"parent":0,"menu_order":5,"comment_status":"closed","ping_status":"closed","template":"","meta":{"advgb_blocks_editor_width":"","advgb_blocks_columns_visual_guide":"","footnotes":""},"acf":[],"coauthors":[],"author_meta":{"author_link":"https:\/\/energoglobal.com\/sk\/author\/sd_energglobe2021\/","display_name":"Stevan Djokovic"},"relative_dates":{"created":"Posted 4 years ago","modified":"Updated 2 years ago"},"absolute_dates":{"created":"Posted on 21\/10\/2021","modified":"Updated on 15\/04\/2024"},"absolute_dates_time":{"created":"Posted on 21\/10\/2021 01:36","modified":"Updated on 15\/04\/2024 16:49"},"featured_img_caption":"","featured_img":"https:\/\/energoglobal.com\/wp-content\/uploads\/2021\/11\/Slide4_Servis1_EnergoGlobal_EG.jpg","series_order":"","_links":{"self":[{"href":"https:\/\/energoglobal.com\/sk\/wp-json\/wp\/v2\/pages\/66051"}],"collection":[{"href":"https:\/\/energoglobal.com\/sk\/wp-json\/wp\/v2\/pages"}],"about":[{"href":"https:\/\/energoglobal.com\/sk\/wp-json\/wp\/v2\/types\/page"}],"author":[{"embeddable":true,"href":"https:\/\/energoglobal.com\/sk\/wp-json\/wp\/v2\/users\/1"}],"replies":[{"embeddable":true,"href":"https:\/\/energoglobal.com\/sk\/wp-json\/wp\/v2\/comments?post=66051"}],"version-history":[{"count":0,"href":"https:\/\/energoglobal.com\/sk\/wp-json\/wp\/v2\/pages\/66051\/revisions"}],"wp:featuredmedia":[{"embeddable":true,"href":"https:\/\/energoglobal.com\/sk\/wp-json\/wp\/v2\/media\/772"}],"wp:attachment":[{"href":"https:\/\/energoglobal.com\/sk\/wp-json\/wp\/v2\/media?parent=66051"}],"curies":[{"name":"wp","href":"https:\/\/api.w.org\/{rel}","templated":true}]}}