{"id":66049,"date":"2021-10-21T01:47:12","date_gmt":"2021-10-20T23:47:12","guid":{"rendered":"https:\/\/energoglobal.com\/sk\/?page_id=66049"},"modified":"2024-04-15T16:47:32","modified_gmt":"2024-04-15T14:47:32","slug":"zdravotna-starostlivost","status":"publish","type":"page","link":"https:\/\/energoglobal.com\/sk\/trhy\/zdravotna-starostlivost\/","title":{"rendered":"Zdravotn\u00e1 starostlivos\u0165"},"content":{"rendered":"\n<p>Medic\u00edna pokro\u010dila, zdravotn\u00e9 stredisk\u00e1 s\u00fa modernej\u0161ie. Dne\u0161n\u00e9 o\u010dak\u00e1vania s\u00fa odli\u0161n\u00e9 a vyvol\u00e1vaj\u00fa obrovsk\u00fa potrebu z\u00e1lo\u017en\u00e9ho nap\u00e1jania novej gener\u00e1cie. V tejto s\u00favislosti V\u00e1m predstavujeme priemyseln\u00fa jednotku ECOBOX 275. T\u00e1to elektrick\u00e1 jednotka so spo\u013eahliv\u00fdmi charakteristikami nap\u00e1ja jednu z nemocn\u00edc Covid-19.<\/p>\n\n\n\n<p>Ka\u017ed\u00e9 zdravotn\u00edcke zariadenie mus\u00ed by\u0165 pripraven\u00e9 fungova\u0165 bez pr\u00fadu v pr\u00edpade nepriazniv\u00e9ho po\u010dasia, v\u00fdpadku siete \u010di dokonca stavebn\u00fdch hav\u00e1ri\u00ed. Sme tu, aby sme pos\u00fadili va\u0161e k\u013e\u00fa\u010dov\u00e9 potreby vr\u00e1tane: Bezpe\u010dnos\u0165 - Emisie - V\u00fdkon motora - Zn\u00ed\u017eenie hluku...<\/p>\n\n\n\n<p>Vieme, \u017ee je toho ve\u013ea, \u010do treba zv\u00e1\u017ei\u0165. Preto v\u00e1m to u\u013eah\u010dujeme. Kontaktujte n\u00e1s e\u0161te dnes a my sa o v\u00e1s postar\u00e1me na ka\u017edom kroku.<\/p>\n","protected":false},"excerpt":{"rendered":"<p>Medic\u00edna pokro\u010dila, zdravotn\u00e9 stredisk\u00e1 s\u00fa modernej\u0161ie. Dne\u0161n\u00e9 o\u010dak\u00e1vania s\u00fa odli\u0161n\u00e9 a vyvol\u00e1vaj\u00fa obrovsk\u00fa potrebu z\u00e1lo\u017en\u00e9ho nap\u00e1jania novej gener\u00e1cie. V tejto","protected":false},"author":1,"featured_media":764,"parent":66025,"menu_order":12,"comment_status":"closed","ping_status":"closed","template":"","meta":{"advgb_blocks_editor_width":"","advgb_blocks_columns_visual_guide":"","footnotes":""},"acf":[],"coauthors":[],"author_meta":{"author_link":"https:\/\/energoglobal.com\/sk\/author\/sd_energglobe2021\/","display_name":"Stevan Djokovic"},"relative_dates":{"created":"Posted 5 years ago","modified":"Updated 2 years ago"},"absolute_dates":{"created":"Posted on 21\/10\/2021","modified":"Updated on 15\/04\/2024"},"absolute_dates_time":{"created":"Posted on 21\/10\/2021 01:47","modified":"Updated on 15\/04\/2024 16:47"},"featured_img_caption":"","featured_img":"https:\/\/energoglobal.com\/wp-content\/uploads\/2021\/11\/Trazista_Zdravstvo_EnergoGlobal_EG.jpg","series_order":"","_links":{"self":[{"href":"https:\/\/energoglobal.com\/sk\/wp-json\/wp\/v2\/pages\/66049"}],"collection":[{"href":"https:\/\/energoglobal.com\/sk\/wp-json\/wp\/v2\/pages"}],"about":[{"href":"https:\/\/energoglobal.com\/sk\/wp-json\/wp\/v2\/types\/page"}],"author":[{"embeddable":true,"href":"https:\/\/energoglobal.com\/sk\/wp-json\/wp\/v2\/users\/1"}],"replies":[{"embeddable":true,"href":"https:\/\/energoglobal.com\/sk\/wp-json\/wp\/v2\/comments?post=66049"}],"version-history":[{"count":0,"href":"https:\/\/energoglobal.com\/sk\/wp-json\/wp\/v2\/pages\/66049\/revisions"}],"up":[{"embeddable":true,"href":"https:\/\/energoglobal.com\/sk\/wp-json\/wp\/v2\/pages\/66025"}],"wp:featuredmedia":[{"embeddable":true,"href":"https:\/\/energoglobal.com\/sk\/wp-json\/wp\/v2\/media\/764"}],"wp:attachment":[{"href":"https:\/\/energoglobal.com\/sk\/wp-json\/wp\/v2\/media?parent=66049"}],"curies":[{"name":"wp","href":"https:\/\/api.w.org\/{rel}","templated":true}]}}