{"id":66047,"date":"2021-10-21T01:46:51","date_gmt":"2021-10-20T23:46:51","guid":{"rendered":"https:\/\/energoglobal.com\/sk\/?page_id=66047"},"modified":"2024-04-15T16:45:48","modified_gmt":"2024-04-15T14:45:48","slug":"ropny-a-plynarensky-priemysel","status":"publish","type":"page","link":"https:\/\/energoglobal.com\/sk\/trhy\/ropny-a-plynarensky-priemysel\/","title":{"rendered":"Ropn\u00fd a plyn\u00e1rensk\u00fd priemysel"},"content":{"rendered":"\n<p>Miesta \u0165a\u017eby ropy a plynu s\u00fa ve\u013emi n\u00e1ro\u010dn\u00e9 prostredia, ktor\u00e9 si vy\u017eaduj\u00fa siln\u00e9 a spo\u013eahliv\u00e9 nap\u00e1janie zariaden\u00ed a n\u00e1ro\u010dn\u00fdch procesov.<\/p>\n\n\n\n<p>Priemyseln\u00e9 agreg\u00e1ty s\u00fa nevyhnutn\u00e9 na dod\u00e1vanie z\u00e1lo\u017enej energie v pr\u00edpade zlyhania siete, \u010d\u00edm sa pred\u00edde zna\u010dn\u00fdm finan\u010dn\u00fdm strat\u00e1m.<\/p>\n\n\n\n<p>Kontaktujte n\u00e1s a n\u00e1\u0161 t\u00edm v\u00e1m pom\u00f4\u017ee vybra\u0165 gener\u00e1tor, ktor\u00fd najlep\u0161ie vyhovuje va\u0161im potreb\u00e1m v ropnom alebo plyn\u00e1renskom priemysle.<\/p>\n","protected":false},"excerpt":{"rendered":"<p>Miesta \u0165a\u017eby ropy a plynu s\u00fa ve\u013emi n\u00e1ro\u010dn\u00e9 prostredia, ktor\u00e9 si vy\u017eaduj\u00fa siln\u00e9 a spo\u013eahliv\u00e9 nap\u00e1janie zariaden\u00ed a n\u00e1ro\u010dn\u00fdch procesov. Priemyseln\u00e9 agreg\u00e1ty s\u00fa","protected":false},"author":1,"featured_media":758,"parent":66025,"menu_order":11,"comment_status":"closed","ping_status":"closed","template":"","meta":{"advgb_blocks_editor_width":"","advgb_blocks_columns_visual_guide":"","footnotes":""},"acf":[],"coauthors":[],"author_meta":{"author_link":"https:\/\/energoglobal.com\/sk\/author\/sd_energglobe2021\/","display_name":"Stevan Djokovic"},"relative_dates":{"created":"Posted 4 years ago","modified":"Updated 2 years ago"},"absolute_dates":{"created":"Posted on 21\/10\/2021","modified":"Updated on 15\/04\/2024"},"absolute_dates_time":{"created":"Posted on 21\/10\/2021 01:46","modified":"Updated on 15\/04\/2024 16:45"},"featured_img_caption":"","featured_img":"https:\/\/energoglobal.com\/wp-content\/uploads\/2021\/11\/Trazista_Naftna_i_Gasna_Industirja_EnergoGlobal_EG.jpg","series_order":"","_links":{"self":[{"href":"https:\/\/energoglobal.com\/sk\/wp-json\/wp\/v2\/pages\/66047"}],"collection":[{"href":"https:\/\/energoglobal.com\/sk\/wp-json\/wp\/v2\/pages"}],"about":[{"href":"https:\/\/energoglobal.com\/sk\/wp-json\/wp\/v2\/types\/page"}],"author":[{"embeddable":true,"href":"https:\/\/energoglobal.com\/sk\/wp-json\/wp\/v2\/users\/1"}],"replies":[{"embeddable":true,"href":"https:\/\/energoglobal.com\/sk\/wp-json\/wp\/v2\/comments?post=66047"}],"version-history":[{"count":0,"href":"https:\/\/energoglobal.com\/sk\/wp-json\/wp\/v2\/pages\/66047\/revisions"}],"up":[{"embeddable":true,"href":"https:\/\/energoglobal.com\/sk\/wp-json\/wp\/v2\/pages\/66025"}],"wp:featuredmedia":[{"embeddable":true,"href":"https:\/\/energoglobal.com\/sk\/wp-json\/wp\/v2\/media\/758"}],"wp:attachment":[{"href":"https:\/\/energoglobal.com\/sk\/wp-json\/wp\/v2\/media?parent=66047"}],"curies":[{"name":"wp","href":"https:\/\/api.w.org\/{rel}","templated":true}]}}