{"id":66045,"date":"2021-10-21T01:46:15","date_gmt":"2021-10-20T23:46:15","guid":{"rendered":"https:\/\/energoglobal.com\/sk\/?page_id=66045"},"modified":"2024-04-15T16:44:04","modified_gmt":"2024-04-15T14:44:04","slug":"verejne-zariadenia","status":"publish","type":"page","link":"https:\/\/energoglobal.com\/sk\/trhy\/verejne-zariadenia\/","title":{"rendered":"Verejn\u00e9 zariadenia"},"content":{"rendered":"\n<p>Verejn\u00e9 zariadenia, ako s\u00fa n\u00e1kupn\u00e9 centr\u00e1, hotely a divadl\u00e1, si vy\u017eaduj\u00fa spo\u013eahliv\u00e9 a nepretr\u017eit\u00e9 z\u00e1sobovanie elektrickou energiou, ktor\u00e9 je nevyhnutn\u00e9 pre bezprobl\u00e9mov\u00fa prev\u00e1dzku.<\/p>\n\n\n\n<p>To ist\u00e9 plat\u00ed pre zabezpe\u010denie finan\u010dnej udr\u017eate\u013enosti podnikate\u013eskej infra\u0161trukt\u00fary. Ak\u00fdko\u013evek relat\u00edvne dlh\u0161\u00ed v\u00fdpadok pr\u00fadu bude ma\u0165 pravdepodobne za n\u00e1sledok menej \u013eud\u00ed na mieste a m\u00f4\u017ee ohrozi\u0165 poves\u0165 podniku.<\/p>\n\n\n\n<p>EnergoGlobal sa umiestnil ako spo\u013eahliv\u00fd partner, ktor\u00fd svojimi dieselov\u00fdmi gener\u00e1tormi zaru\u010duje energetick\u00fa stabilitu va\u0161ich verejn\u00fdch zariaden\u00ed. Ma\u0165 ot\u00e1zku? Chcete cenov\u00fa ponuku? Kontaktujte n\u00e1s a my v\u00e1m pom\u00f4\u017eeme vybra\u0165 najlep\u0161\u00ed dieselov\u00fd gener\u00e1tor pre va\u0161e verejn\u00e9 zariadenie.<\/p>\n","protected":false},"excerpt":{"rendered":"<p>Verejn\u00e9 zariadenia, ako s\u00fa n\u00e1kupn\u00e9 centr\u00e1, hotely a divadl\u00e1, si vy\u017eaduj\u00fa spo\u013eahliv\u00e9 a nepretr\u017eit\u00e9 z\u00e1sobovanie elektrickou energiou, ktor\u00e9 je nevyhnutn\u00e9 pre bezprobl\u00e9mov\u00fa","protected":false},"author":1,"featured_media":768,"parent":66025,"menu_order":10,"comment_status":"closed","ping_status":"closed","template":"","meta":{"advgb_blocks_editor_width":"","advgb_blocks_columns_visual_guide":"","footnotes":""},"acf":[],"coauthors":[],"author_meta":{"author_link":"https:\/\/energoglobal.com\/sk\/author\/sd_energglobe2021\/","display_name":"Stevan Djokovic"},"relative_dates":{"created":"Posted 5 years ago","modified":"Updated 2 years ago"},"absolute_dates":{"created":"Posted on 21\/10\/2021","modified":"Updated on 15\/04\/2024"},"absolute_dates_time":{"created":"Posted on 21\/10\/2021 01:46","modified":"Updated on 15\/04\/2024 16:44"},"featured_img_caption":"","featured_img":"https:\/\/energoglobal.com\/wp-content\/uploads\/2021\/11\/EnergoGlobal_EG_dizel_agregati.jpg","series_order":"","_links":{"self":[{"href":"https:\/\/energoglobal.com\/sk\/wp-json\/wp\/v2\/pages\/66045"}],"collection":[{"href":"https:\/\/energoglobal.com\/sk\/wp-json\/wp\/v2\/pages"}],"about":[{"href":"https:\/\/energoglobal.com\/sk\/wp-json\/wp\/v2\/types\/page"}],"author":[{"embeddable":true,"href":"https:\/\/energoglobal.com\/sk\/wp-json\/wp\/v2\/users\/1"}],"replies":[{"embeddable":true,"href":"https:\/\/energoglobal.com\/sk\/wp-json\/wp\/v2\/comments?post=66045"}],"version-history":[{"count":0,"href":"https:\/\/energoglobal.com\/sk\/wp-json\/wp\/v2\/pages\/66045\/revisions"}],"up":[{"embeddable":true,"href":"https:\/\/energoglobal.com\/sk\/wp-json\/wp\/v2\/pages\/66025"}],"wp:featuredmedia":[{"embeddable":true,"href":"https:\/\/energoglobal.com\/sk\/wp-json\/wp\/v2\/media\/768"}],"wp:attachment":[{"href":"https:\/\/energoglobal.com\/sk\/wp-json\/wp\/v2\/media?parent=66045"}],"curies":[{"name":"wp","href":"https:\/\/api.w.org\/{rel}","templated":true}]}}