{"id":66043,"date":"2021-10-21T01:45:53","date_gmt":"2021-10-20T23:45:53","guid":{"rendered":"https:\/\/energoglobal.com\/sk\/?page_id=66043"},"modified":"2024-04-15T16:42:26","modified_gmt":"2024-04-15T14:42:26","slug":"doprava","status":"publish","type":"page","link":"https:\/\/energoglobal.com\/sk\/trhy\/doprava\/","title":{"rendered":"Doprava"},"content":{"rendered":"\n<p>EnergoGlobal dod\u00e1va spo\u013eahliv\u00e9 agreg\u00e1ty pre pou\u017eitie v nepretr\u017eitom aj z\u00e1lo\u017enom re\u017eime prev\u00e1dzky umo\u017e\u0148uj\u00face bezpe\u010dnos\u0165 dopravnej infra\u0161trukt\u00fary. Vzh\u013eadom na ve\u013ek\u00fd po\u010det cestuj\u00facich mus\u00ed by\u0165 prev\u00e1dzka v riaden\u00ed dopravn\u00fdch uzlov efekt\u00edvna a kontinu\u00e1lna.<\/p>\n\n\n\n<p>\u00dadr\u017eb\u00e1rske zariadenia obsluhuj\u00face vlaky, metro, lietadl\u00e1 a autobusy vy\u017eaduj\u00fa energiu na vykurovanie, vetranie, klimatiz\u00e1ciu, osvetlenie, bezpe\u010dnostn\u00e9 syst\u00e9my...<\/p>\n\n\n\n<p>S hrdos\u0165ou v\u00e1m oznamujeme, \u017ee Energoglobal dodal gener\u00e1tor pre najdlh\u0161\u00ed dia\u013eni\u010dn\u00fd tunel v Srbsku. Je len na v\u00e1s, \u010di si na toto leto napl\u00e1nujete zauj\u00edmav\u00fd v\u00fdlet, ktor\u00fd v\u00e1m zv\u00fd\u0161i mno\u017estvo pozit\u00edvnej energie a my sme tu na to, aby sme sa postarali o va\u0161u bezpe\u010dnos\u0165.<\/p>\n\n\n\n<p>Bezpe\u010dn\u00fd a spo\u013eahliv\u00fd servis je v dopravnom priemysle z\u00e1kladom. Chcete cenov\u00fa ponuku? Potrebujete pomoc? Sta\u010d\u00ed n\u00e1m zavola\u0165.<\/p>\n","protected":false},"excerpt":{"rendered":"<p>EnergoGlobal dod\u00e1va spo\u013eahliv\u00e9 agreg\u00e1ty pre pou\u017eitie v nepretr\u017eitom aj z\u00e1lo\u017enom re\u017eime prev\u00e1dzky umo\u017e\u0148uj\u00face bezpe\u010dnos\u0165 dopravnej infra\u0161trukt\u00fary. Vzh\u013eadom na ve\u013ek\u00fd","protected":false},"author":1,"featured_media":761,"parent":66025,"menu_order":9,"comment_status":"closed","ping_status":"closed","template":"","meta":{"advgb_blocks_editor_width":"","advgb_blocks_columns_visual_guide":"","footnotes":""},"acf":[],"coauthors":[],"author_meta":{"author_link":"https:\/\/energoglobal.com\/sk\/author\/sd_energglobe2021\/","display_name":"Stevan Djokovic"},"relative_dates":{"created":"Posted 4 years ago","modified":"Updated 2 years ago"},"absolute_dates":{"created":"Posted on 21\/10\/2021","modified":"Updated on 15\/04\/2024"},"absolute_dates_time":{"created":"Posted on 21\/10\/2021 01:45","modified":"Updated on 15\/04\/2024 16:42"},"featured_img_caption":"","featured_img":"https:\/\/energoglobal.com\/wp-content\/uploads\/2021\/11\/Trazista_Saobracaj_EnergoGlobal_EG.jpg","series_order":"","_links":{"self":[{"href":"https:\/\/energoglobal.com\/sk\/wp-json\/wp\/v2\/pages\/66043"}],"collection":[{"href":"https:\/\/energoglobal.com\/sk\/wp-json\/wp\/v2\/pages"}],"about":[{"href":"https:\/\/energoglobal.com\/sk\/wp-json\/wp\/v2\/types\/page"}],"author":[{"embeddable":true,"href":"https:\/\/energoglobal.com\/sk\/wp-json\/wp\/v2\/users\/1"}],"replies":[{"embeddable":true,"href":"https:\/\/energoglobal.com\/sk\/wp-json\/wp\/v2\/comments?post=66043"}],"version-history":[{"count":0,"href":"https:\/\/energoglobal.com\/sk\/wp-json\/wp\/v2\/pages\/66043\/revisions"}],"up":[{"embeddable":true,"href":"https:\/\/energoglobal.com\/sk\/wp-json\/wp\/v2\/pages\/66025"}],"wp:featuredmedia":[{"embeddable":true,"href":"https:\/\/energoglobal.com\/sk\/wp-json\/wp\/v2\/media\/761"}],"wp:attachment":[{"href":"https:\/\/energoglobal.com\/sk\/wp-json\/wp\/v2\/media?parent=66043"}],"curies":[{"name":"wp","href":"https:\/\/api.w.org\/{rel}","templated":true}]}}