{"id":66041,"date":"2021-10-21T01:45:25","date_gmt":"2021-10-20T23:45:25","guid":{"rendered":"https:\/\/energoglobal.com\/sk\/?page_id=66041"},"modified":"2024-04-15T16:40:52","modified_gmt":"2024-04-15T14:40:52","slug":"priemysel","status":"publish","type":"page","link":"https:\/\/energoglobal.com\/sk\/trhy\/priemysel\/","title":{"rendered":"Priemysel"},"content":{"rendered":"\n<p>Priemyseln\u00e9 agreg\u00e1ty EnergoGlobal splnia v\u0161etky va\u0161e potreby elektriny od 7,5 do 4 200 kVA.<\/p>\n\n\n\n<p>S\u00fa navrhnut\u00e9 pre priemyseln\u00fdch pou\u017e\u00edvate\u013eov, pokr\u00fdvaj\u00fa \u0161irok\u00e9 pole pou\u017eitia a pon\u00fakaj\u00fa \u0161irok\u00fa \u0161k\u00e1lu mo\u017enost\u00ed a dodato\u010dn\u00fdch \u00faprav, aby plne vyhovovali po\u017eiadavk\u00e1m v\u0161etk\u00fdch konfigur\u00e1ci\u00ed. Poskytuj\u00fa z\u00e1lo\u017en\u00e9 alebo nepretr\u017eit\u00e9 nap\u00e1janie. V z\u00e1vislosti od prostredia m\u00f4\u017ee by\u0165 prev\u00e1dzka jednotky tich\u00e1 (supertich\u00e1).<\/p>\n\n\n\n<p>Pracujete v priemysle, stavebn\u00edctve alebo stroj\u00e1rstve? EnergoGlobal v\u00e1m pon\u00faka \u0161pecializovan\u00e9 rie\u0161enie na spustenie projektu s elektrickou energiou.<\/p>\n\n\n\n<p>Vieme, \u017ee je toho ve\u013ea, \u010do treba zv\u00e1\u017ei\u0165. Preto v\u00e1m to u\u013eah\u010dujeme. Kontaktujte n\u00e1s e\u0161te dnes a my sa o v\u00e1s postar\u00e1me na ka\u017edom kroku.<\/p>\n","protected":false},"excerpt":{"rendered":"<p>Priemyseln\u00e9 agreg\u00e1ty EnergoGlobal splnia v\u0161etky va\u0161e potreby elektriny od 7,5 do 4 200 kVA. S\u00fa navrhnut\u00e9 pre priemyseln\u00fdch pou\u017e\u00edvate\u013eov, pokr\u00fdvaj\u00fa \u0161irok\u00e9 pole pou\u017eitia","protected":false},"author":1,"featured_media":562,"parent":66025,"menu_order":8,"comment_status":"closed","ping_status":"closed","template":"","meta":{"advgb_blocks_editor_width":"","advgb_blocks_columns_visual_guide":"","footnotes":""},"acf":[],"coauthors":[],"author_meta":{"author_link":"https:\/\/energoglobal.com\/sk\/author\/sd_energglobe2021\/","display_name":"Stevan Djokovic"},"relative_dates":{"created":"Posted 5 years ago","modified":"Updated 2 years ago"},"absolute_dates":{"created":"Posted on 21\/10\/2021","modified":"Updated on 15\/04\/2024"},"absolute_dates_time":{"created":"Posted on 21\/10\/2021 01:45","modified":"Updated on 15\/04\/2024 16:40"},"featured_img_caption":"","featured_img":"https:\/\/energoglobal.com\/wp-content\/uploads\/2021\/11\/energoglobal-6.jpg","series_order":"","_links":{"self":[{"href":"https:\/\/energoglobal.com\/sk\/wp-json\/wp\/v2\/pages\/66041"}],"collection":[{"href":"https:\/\/energoglobal.com\/sk\/wp-json\/wp\/v2\/pages"}],"about":[{"href":"https:\/\/energoglobal.com\/sk\/wp-json\/wp\/v2\/types\/page"}],"author":[{"embeddable":true,"href":"https:\/\/energoglobal.com\/sk\/wp-json\/wp\/v2\/users\/1"}],"replies":[{"embeddable":true,"href":"https:\/\/energoglobal.com\/sk\/wp-json\/wp\/v2\/comments?post=66041"}],"version-history":[{"count":0,"href":"https:\/\/energoglobal.com\/sk\/wp-json\/wp\/v2\/pages\/66041\/revisions"}],"up":[{"embeddable":true,"href":"https:\/\/energoglobal.com\/sk\/wp-json\/wp\/v2\/pages\/66025"}],"wp:featuredmedia":[{"embeddable":true,"href":"https:\/\/energoglobal.com\/sk\/wp-json\/wp\/v2\/media\/562"}],"wp:attachment":[{"href":"https:\/\/energoglobal.com\/sk\/wp-json\/wp\/v2\/media?parent=66041"}],"curies":[{"name":"wp","href":"https:\/\/api.w.org\/{rel}","templated":true}]}}