{"id":66039,"date":"2021-10-21T01:45:04","date_gmt":"2021-10-20T23:45:04","guid":{"rendered":"https:\/\/energoglobal.com\/sk\/?page_id=66039"},"modified":"2024-04-15T16:38:26","modified_gmt":"2024-04-15T14:38:26","slug":"vojenske-aplikacie","status":"publish","type":"page","link":"https:\/\/energoglobal.com\/sk\/trhy\/vojenske-aplikacie\/","title":{"rendered":"Vojensk\u00e9 aplik\u00e1cie"},"content":{"rendered":"\n<p>V\u0161etky arm\u00e1dy sveta maj\u00fa v r\u00e1mci svojich bezpe\u010dnostn\u00fdch povinnost\u00ed k dispoz\u00edcii viac\u00fa\u010delov\u00e9 agreg\u00e1ty alebo gener\u00e1torov\u00e9 agreg\u00e1ty prisp\u00f4soben\u00e9 vojensk\u00fdm aplik\u00e1ci\u00e1m. Agreg\u00e1ty s\u00fa nevyhnutn\u00e9 pre prev\u00e1dzku mobiln\u00fdch nemocn\u00edc, nap\u00e1janie podporn\u00fdch jednotiek \u010di po\u010d\u00edta\u010dov\u00fdch syst\u00e9mov vo vojensk\u00fdch t\u00e1boroch.<\/p>\n\n\n\n<p>Agreg\u00e1ty EnergoGlobal je mo\u017en\u00e9 in\u0161talova\u0165 do velite\u013esk\u00fdch a prieskumn\u00fdch vozidiel, transport\u00e9rov a bojov\u00fdch vozidiel pechoty... \u010ci u\u017e ide o zvukotesn\u00e9, prenosn\u00e9 s\u00fapravy, sto\u017eiare namontovan\u00e9 na st\u013apoch osvetlenia alebo na mieru vyroben\u00e9 rie\u0161enia nap\u00e1jania, v\u0161etky na\u0161e produkty s\u00fa dokonale prisp\u00f4soben\u00e9 po\u017eiadavk\u00e1m vojensk\u00e9ho sektora.<\/p>\n\n\n\n<p>Ma\u0165 ot\u00e1zku? Chcete cenov\u00fa ponuku? Potrebujete pomoc? Sme tu pre V\u00e1s. Kontaktuj n\u00e1s.<\/p>\n","protected":false},"excerpt":{"rendered":"<p>V\u0161etky arm\u00e1dy sveta maj\u00fa v r\u00e1mci svojich bezpe\u010dnostn\u00fdch povinnost\u00ed k dispoz\u00edcii viac\u00fa\u010delov\u00e9 agreg\u00e1ty alebo gener\u00e1torov\u00e9 agreg\u00e1ty prisp\u00f4soben\u00e9 vojensk\u00fdm aplik\u00e1ci\u00e1m.","protected":false},"author":1,"featured_media":763,"parent":66025,"menu_order":7,"comment_status":"closed","ping_status":"closed","template":"","meta":{"advgb_blocks_editor_width":"","advgb_blocks_columns_visual_guide":"","footnotes":""},"acf":[],"coauthors":[],"author_meta":{"author_link":"https:\/\/energoglobal.com\/sk\/author\/sd_energglobe2021\/","display_name":"Stevan Djokovic"},"relative_dates":{"created":"Posted 5 years ago","modified":"Updated 2 years ago"},"absolute_dates":{"created":"Posted on 21\/10\/2021","modified":"Updated on 15\/04\/2024"},"absolute_dates_time":{"created":"Posted on 21\/10\/2021 01:45","modified":"Updated on 15\/04\/2024 16:38"},"featured_img_caption":"","featured_img":"https:\/\/energoglobal.com\/wp-content\/uploads\/2021\/11\/Trazista_Vojne_Aplikacije_EnergoGlobal_EG.jpg","series_order":"","_links":{"self":[{"href":"https:\/\/energoglobal.com\/sk\/wp-json\/wp\/v2\/pages\/66039"}],"collection":[{"href":"https:\/\/energoglobal.com\/sk\/wp-json\/wp\/v2\/pages"}],"about":[{"href":"https:\/\/energoglobal.com\/sk\/wp-json\/wp\/v2\/types\/page"}],"author":[{"embeddable":true,"href":"https:\/\/energoglobal.com\/sk\/wp-json\/wp\/v2\/users\/1"}],"replies":[{"embeddable":true,"href":"https:\/\/energoglobal.com\/sk\/wp-json\/wp\/v2\/comments?post=66039"}],"version-history":[{"count":0,"href":"https:\/\/energoglobal.com\/sk\/wp-json\/wp\/v2\/pages\/66039\/revisions"}],"up":[{"embeddable":true,"href":"https:\/\/energoglobal.com\/sk\/wp-json\/wp\/v2\/pages\/66025"}],"wp:featuredmedia":[{"embeddable":true,"href":"https:\/\/energoglobal.com\/sk\/wp-json\/wp\/v2\/media\/763"}],"wp:attachment":[{"href":"https:\/\/energoglobal.com\/sk\/wp-json\/wp\/v2\/media?parent=66039"}],"curies":[{"name":"wp","href":"https:\/\/api.w.org\/{rel}","templated":true}]}}