{"id":66037,"date":"2021-10-21T01:44:34","date_gmt":"2021-10-20T23:44:34","guid":{"rendered":"https:\/\/energoglobal.com\/sk\/?page_id=66037"},"modified":"2024-04-17T12:13:13","modified_gmt":"2024-04-17T10:13:13","slug":"banictvo","status":"publish","type":"page","link":"https:\/\/energoglobal.com\/sk\/trhy\/banictvo\/","title":{"rendered":"Ban\u00edctvo"},"content":{"rendered":"\n<p>EnergoGlobal dod\u00e1va gener\u00e1tory pre \u0165a\u017eobn\u00fd sektor v celom Srbsku a regi\u00f3ne, podzemn\u00e9 a povrchov\u00e9 bane, ako aj priemyseln\u00e9 zariadenia na spracovanie nerastov.<\/p>\n\n\n\n<p>Zariadenia, ktor\u00e9 pon\u00fakame, maj\u00fa vysok\u00fa \u00fa\u010dinnos\u0165 a udr\u017eate\u013enos\u0165 so zn\u00ed\u017een\u00fdmi emisiami sklen\u00edkov\u00fdch plynov a n\u00edzkou hladinou hluku.<\/p>\n\n\n\n<p>In\u017einierske t\u00edmy zva\u017euj\u00fa technick\u00e9 obmedzenia a \u0161pecifik\u00e1 ka\u017ed\u00e9ho bansk\u00e9ho projektu a navrhuj\u00fa najlep\u0161ie mo\u017en\u00e9 rie\u0161enia. Pre viac inform\u00e1ci\u00ed n\u00e1s kontaktujte. Posla\u0165 \u017eiados\u0165.<\/p>\n","protected":false},"excerpt":{"rendered":"<p>EnergoGlobal dod\u00e1va gener\u00e1tory pre \u0165a\u017eobn\u00fd sektor v celom Srbsku a regi\u00f3ne, podzemn\u00e9 a povrchov\u00e9 bane, ako aj priemyseln\u00e9 zariadenia na spracovanie nerastov. Zariadenia,","protected":false},"author":1,"featured_media":760,"parent":66025,"menu_order":6,"comment_status":"closed","ping_status":"closed","template":"","meta":{"advgb_blocks_editor_width":"","advgb_blocks_columns_visual_guide":"","footnotes":""},"acf":[],"coauthors":[],"author_meta":{"author_link":"https:\/\/energoglobal.com\/sk\/author\/sd_energglobe2021\/","display_name":"Stevan Djokovic"},"relative_dates":{"created":"Posted 5 years ago","modified":"Updated 2 years ago"},"absolute_dates":{"created":"Posted on 21\/10\/2021","modified":"Updated on 17\/04\/2024"},"absolute_dates_time":{"created":"Posted on 21\/10\/2021 01:44","modified":"Updated on 17\/04\/2024 12:13"},"featured_img_caption":"","featured_img":"https:\/\/energoglobal.com\/wp-content\/uploads\/2021\/11\/Trazista_Rudarstvo_EnergoGlobal_EG.jpg","series_order":"","_links":{"self":[{"href":"https:\/\/energoglobal.com\/sk\/wp-json\/wp\/v2\/pages\/66037"}],"collection":[{"href":"https:\/\/energoglobal.com\/sk\/wp-json\/wp\/v2\/pages"}],"about":[{"href":"https:\/\/energoglobal.com\/sk\/wp-json\/wp\/v2\/types\/page"}],"author":[{"embeddable":true,"href":"https:\/\/energoglobal.com\/sk\/wp-json\/wp\/v2\/users\/1"}],"replies":[{"embeddable":true,"href":"https:\/\/energoglobal.com\/sk\/wp-json\/wp\/v2\/comments?post=66037"}],"version-history":[{"count":0,"href":"https:\/\/energoglobal.com\/sk\/wp-json\/wp\/v2\/pages\/66037\/revisions"}],"up":[{"embeddable":true,"href":"https:\/\/energoglobal.com\/sk\/wp-json\/wp\/v2\/pages\/66025"}],"wp:featuredmedia":[{"embeddable":true,"href":"https:\/\/energoglobal.com\/sk\/wp-json\/wp\/v2\/media\/760"}],"wp:attachment":[{"href":"https:\/\/energoglobal.com\/sk\/wp-json\/wp\/v2\/media?parent=66037"}],"curies":[{"name":"wp","href":"https:\/\/api.w.org\/{rel}","templated":true}]}}