{"id":66035,"date":"2021-10-21T01:44:14","date_gmt":"2021-10-20T23:44:14","guid":{"rendered":"https:\/\/energoglobal.com\/sk\/?page_id=66035"},"modified":"2024-04-15T16:33:36","modified_gmt":"2024-04-15T14:33:36","slug":"diania","status":"publish","type":"page","link":"https:\/\/energoglobal.com\/sk\/trhy\/diania\/","title":{"rendered":"Diania"},"content":{"rendered":"\n<p>EnergoGlobal je v\u00e1\u0161 spo\u013eahliv\u00fd partner pre organizovanie koncertov, filmov\u00fdch nat\u00e1\u010dan\u00ed, festivalov \u010di konferenci\u00ed, kde je potrebn\u00e1 spo\u013eahliv\u00e1 a zvukovo izolovan\u00e1 jednotka s n\u00edzkymi emisiami \u0161kodliv\u00fdch plynov.<\/p>\n\n\n\n<p>Pren\u00e1jom agreg\u00e1tov na podujatia. Pon\u00fakame agreg\u00e1ty gener\u00e1torov, ktor\u00e9 zn\u00ed\u017eia hluk s ide\u00e1lnym dosahom pre citliv\u00e9 mestsk\u00e9 prostredie.<\/p>\n\n\n\n<p>Ma\u0165 ot\u00e1zku? Chcete cenov\u00fa ponuku? Kontaktujte n\u00e1s a my v\u00e1m pom\u00f4\u017eeme vybra\u0165 ten najlep\u0161\u00ed dieselov\u00fd gener\u00e1tor pre va\u0161u akciu.<\/p>\n","protected":false},"excerpt":{"rendered":"<p>EnergoGlobal je v\u00e1\u0161 spo\u013eahliv\u00fd partner pre organizovanie koncertov, filmov\u00fdch nat\u00e1\u010dan\u00ed, festivalov \u010di konferenci\u00ed, kde je potrebn\u00e1 spo\u013eahliv\u00e1 a zvukovo izolovan\u00e1 jednotka","protected":false},"author":1,"featured_media":766,"parent":66025,"menu_order":5,"comment_status":"closed","ping_status":"closed","template":"","meta":{"advgb_blocks_editor_width":"","advgb_blocks_columns_visual_guide":"","footnotes":""},"acf":[],"coauthors":[],"author_meta":{"author_link":"https:\/\/energoglobal.com\/sk\/author\/sd_energglobe2021\/","display_name":"Stevan Djokovic"},"relative_dates":{"created":"Posted 4 years ago","modified":"Updated 2 years ago"},"absolute_dates":{"created":"Posted on 21\/10\/2021","modified":"Updated on 15\/04\/2024"},"absolute_dates_time":{"created":"Posted on 21\/10\/2021 01:44","modified":"Updated on 15\/04\/2024 16:33"},"featured_img_caption":"","featured_img":"https:\/\/energoglobal.com\/wp-content\/uploads\/2021\/11\/Trzista_Events_EnergoGlobal_EG.jpg","series_order":"","_links":{"self":[{"href":"https:\/\/energoglobal.com\/sk\/wp-json\/wp\/v2\/pages\/66035"}],"collection":[{"href":"https:\/\/energoglobal.com\/sk\/wp-json\/wp\/v2\/pages"}],"about":[{"href":"https:\/\/energoglobal.com\/sk\/wp-json\/wp\/v2\/types\/page"}],"author":[{"embeddable":true,"href":"https:\/\/energoglobal.com\/sk\/wp-json\/wp\/v2\/users\/1"}],"replies":[{"embeddable":true,"href":"https:\/\/energoglobal.com\/sk\/wp-json\/wp\/v2\/comments?post=66035"}],"version-history":[{"count":0,"href":"https:\/\/energoglobal.com\/sk\/wp-json\/wp\/v2\/pages\/66035\/revisions"}],"up":[{"embeddable":true,"href":"https:\/\/energoglobal.com\/sk\/wp-json\/wp\/v2\/pages\/66025"}],"wp:featuredmedia":[{"embeddable":true,"href":"https:\/\/energoglobal.com\/sk\/wp-json\/wp\/v2\/media\/766"}],"wp:attachment":[{"href":"https:\/\/energoglobal.com\/sk\/wp-json\/wp\/v2\/media?parent=66035"}],"curies":[{"name":"wp","href":"https:\/\/api.w.org\/{rel}","templated":true}]}}