{"id":66033,"date":"2021-10-21T01:43:50","date_gmt":"2021-10-20T23:43:50","guid":{"rendered":"https:\/\/energoglobal.com\/sk\/?page_id=66033"},"modified":"2024-04-15T16:31:11","modified_gmt":"2024-04-15T14:31:11","slug":"datove-centra","status":"publish","type":"page","link":"https:\/\/energoglobal.com\/sk\/trhy\/datove-centra\/","title":{"rendered":"D\u00e1tov\u00e9 centr\u00e1"},"content":{"rendered":"\n<p>EnergoGlobal m\u00e1 silu ochr\u00e1ni\u0165 va\u0161e d\u00e1ta. Pon\u00fakame rie\u0161enia nap\u00e1jania \u0161it\u00e9 na mieru pre d\u00e1tov\u00e9 centr\u00e1. Dieselov\u00e9 gener\u00e1tory s\u00fa ur\u010den\u00e9 na nap\u00e1janie d\u00e1tov\u00fdch centier v\u0161etk\u00fdch ve\u013ekost\u00ed na ka\u017edom mieste v Srbsku a regi\u00f3ne. V\u010faka jedine\u010dn\u00e9mu dizajnu m\u00f4\u017eu by\u0165 na\u0161e skrine stohovan\u00e9 a postaven\u00e9 pre ak\u00fako\u013evek ve\u013ekos\u0165 alebo umiestnenie v\u00e1\u0161ho d\u00e1tov\u00e9ho centra.<\/p>\n\n\n\n<p>Ma\u0165 ot\u00e1zku? Chcete cenov\u00fa ponuku? Potrebujete pomoc? Sme tu pre V\u00e1s.<\/p>\n\n\n\n<p>Sta\u010d\u00ed n\u00e1m zavola\u0165 a porozpr\u00e1vate sa so skuto\u010dn\u00fdm \u010dlovekom. Ako sa patr\u00ed.<\/p>\n","protected":false},"excerpt":{"rendered":"<p>EnergoGlobal m\u00e1 silu ochr\u00e1ni\u0165 va\u0161e d\u00e1ta. Pon\u00fakame rie\u0161enia nap\u00e1jania \u0161it\u00e9 na mieru pre d\u00e1tov\u00e9 centr\u00e1. Dieselov\u00e9 gener\u00e1tory s\u00fa ur\u010den\u00e9 na nap\u00e1janie d\u00e1tov\u00fdch centier","protected":false},"author":1,"featured_media":765,"parent":66025,"menu_order":4,"comment_status":"closed","ping_status":"closed","template":"","meta":{"advgb_blocks_editor_width":"","advgb_blocks_columns_visual_guide":"","footnotes":""},"acf":[],"coauthors":[],"author_meta":{"author_link":"https:\/\/energoglobal.com\/sk\/author\/sd_energglobe2021\/","display_name":"Stevan Djokovic"},"relative_dates":{"created":"Posted 4 years ago","modified":"Updated 2 years ago"},"absolute_dates":{"created":"Posted on 21\/10\/2021","modified":"Updated on 15\/04\/2024"},"absolute_dates_time":{"created":"Posted on 21\/10\/2021 01:43","modified":"Updated on 15\/04\/2024 16:31"},"featured_img_caption":"","featured_img":"https:\/\/energoglobal.com\/wp-content\/uploads\/2021\/11\/Trzista_Data_Centari_EnergoGlobal_EG.jpg","series_order":"","_links":{"self":[{"href":"https:\/\/energoglobal.com\/sk\/wp-json\/wp\/v2\/pages\/66033"}],"collection":[{"href":"https:\/\/energoglobal.com\/sk\/wp-json\/wp\/v2\/pages"}],"about":[{"href":"https:\/\/energoglobal.com\/sk\/wp-json\/wp\/v2\/types\/page"}],"author":[{"embeddable":true,"href":"https:\/\/energoglobal.com\/sk\/wp-json\/wp\/v2\/users\/1"}],"replies":[{"embeddable":true,"href":"https:\/\/energoglobal.com\/sk\/wp-json\/wp\/v2\/comments?post=66033"}],"version-history":[{"count":0,"href":"https:\/\/energoglobal.com\/sk\/wp-json\/wp\/v2\/pages\/66033\/revisions"}],"up":[{"embeddable":true,"href":"https:\/\/energoglobal.com\/sk\/wp-json\/wp\/v2\/pages\/66025"}],"wp:featuredmedia":[{"embeddable":true,"href":"https:\/\/energoglobal.com\/sk\/wp-json\/wp\/v2\/media\/765"}],"wp:attachment":[{"href":"https:\/\/energoglobal.com\/sk\/wp-json\/wp\/v2\/media?parent=66033"}],"curies":[{"name":"wp","href":"https:\/\/api.w.org\/{rel}","templated":true}]}}