{"id":66031,"date":"2021-10-21T01:43:29","date_gmt":"2021-10-20T23:43:29","guid":{"rendered":"https:\/\/energoglobal.com\/sk\/?page_id=66031"},"modified":"2024-04-15T16:29:22","modified_gmt":"2024-04-15T14:29:22","slug":"stavebny-sektor","status":"publish","type":"page","link":"https:\/\/energoglobal.com\/sk\/trhy\/stavebny-sektor\/","title":{"rendered":"Stavebn\u00fd sektor"},"content":{"rendered":"\n<p>Stavebn\u00fd sektor vy\u017eaduje robustn\u00e9, flexibiln\u00e9 a spo\u013eahliv\u00e9 agreg\u00e1ty. EnergoGlobal pon\u00faka pevn\u00e9 a mobiln\u00e9 dieselagreg\u00e1ty na nap\u00e1janie stavieb. Agreg\u00e1ty si m\u00f4\u017eete k\u00fapi\u0165 alebo prenaja\u0165.<\/p>\n\n\n\n<p>N\u00e1\u0161 t\u00edm in\u017einierov pre v\u00e1s n\u00e1jde dokonal\u00fd produkt, \u010di u\u017e z existuj\u00faceho sortimentu, alebo vyroben\u00fd na mieru pod\u013ea va\u0161ich \u0161pecifick\u00fdch po\u017eiadaviek.<\/p>\n\n\n\n<p>Prezrite si na\u0161u ponuku elektrick\u00fdch agreg\u00e1tov ur\u010den\u00fdch pre stavebn\u00edctvo. Posla\u0165 \u017eiados\u0165.<\/p>\n","protected":false},"excerpt":{"rendered":"<p>Stavebn\u00fd sektor vy\u017eaduje robustn\u00e9, flexibiln\u00e9 a spo\u013eahliv\u00e9 agreg\u00e1ty. EnergoGlobal pon\u00faka pevn\u00e9 a mobiln\u00e9 dieselagreg\u00e1ty na nap\u00e1janie stavieb. Agreg\u00e1ty si m\u00f4\u017eete k\u00fapi\u0165","protected":false},"author":1,"featured_media":756,"parent":66025,"menu_order":3,"comment_status":"closed","ping_status":"closed","template":"","meta":{"advgb_blocks_editor_width":"","advgb_blocks_columns_visual_guide":"","footnotes":""},"acf":[],"coauthors":[],"author_meta":{"author_link":"https:\/\/energoglobal.com\/sk\/author\/sd_energglobe2021\/","display_name":"Stevan Djokovic"},"relative_dates":{"created":"Posted 5 years ago","modified":"Updated 2 years ago"},"absolute_dates":{"created":"Posted on 21\/10\/2021","modified":"Updated on 15\/04\/2024"},"absolute_dates_time":{"created":"Posted on 21\/10\/2021 01:43","modified":"Updated on 15\/04\/2024 16:29"},"featured_img_caption":"","featured_img":"https:\/\/energoglobal.com\/wp-content\/uploads\/2021\/11\/Trazista_GradjevinskiProstor_EnergoGlobal_EG.jpg","series_order":"","_links":{"self":[{"href":"https:\/\/energoglobal.com\/sk\/wp-json\/wp\/v2\/pages\/66031"}],"collection":[{"href":"https:\/\/energoglobal.com\/sk\/wp-json\/wp\/v2\/pages"}],"about":[{"href":"https:\/\/energoglobal.com\/sk\/wp-json\/wp\/v2\/types\/page"}],"author":[{"embeddable":true,"href":"https:\/\/energoglobal.com\/sk\/wp-json\/wp\/v2\/users\/1"}],"replies":[{"embeddable":true,"href":"https:\/\/energoglobal.com\/sk\/wp-json\/wp\/v2\/comments?post=66031"}],"version-history":[{"count":0,"href":"https:\/\/energoglobal.com\/sk\/wp-json\/wp\/v2\/pages\/66031\/revisions"}],"up":[{"embeddable":true,"href":"https:\/\/energoglobal.com\/sk\/wp-json\/wp\/v2\/pages\/66025"}],"wp:featuredmedia":[{"embeddable":true,"href":"https:\/\/energoglobal.com\/sk\/wp-json\/wp\/v2\/media\/756"}],"wp:attachment":[{"href":"https:\/\/energoglobal.com\/sk\/wp-json\/wp\/v2\/media?parent=66031"}],"curies":[{"name":"wp","href":"https:\/\/api.w.org\/{rel}","templated":true}]}}