{"id":66029,"date":"2021-10-21T01:43:04","date_gmt":"2021-10-20T23:43:04","guid":{"rendered":"https:\/\/energoglobal.com\/sk\/?page_id=66029"},"modified":"2024-04-15T16:27:19","modified_gmt":"2024-04-15T14:27:19","slug":"telekomunikacie","status":"publish","type":"page","link":"https:\/\/energoglobal.com\/sk\/trhy\/telekomunikacie\/","title":{"rendered":"Telekomunik\u00e1cie"},"content":{"rendered":"\n<p>Pr\u00edstup a nap\u00e1janie telekomunika\u010dnej infra\u0161trukt\u00fary je ve\u013ekou v\u00fdzvou najm\u00e4 v od\u013eahl\u00fdch, \u0165a\u017eko dostupn\u00fdch oblastiach, ktor\u00e9 nemaj\u00fa pr\u00edstup k elektrickej sieti.<\/p>\n\n\n\n<p>R\u00fdchly rozvoj komunika\u010dn\u00fdch prostriedkov v\u00fdrazne zv\u00fd\u0161il n\u00e1roky na telekomunika\u010dn\u00fa infra\u0161trukt\u00faru. S na\u0161imi priemyseln\u00fdmi agreg\u00e1tmi pon\u00fakame odpove\u010f na sektor telekomunik\u00e1ci\u00ed.<\/p>\n\n\n\n<p>Prezrite si na\u0161u ponuku dieselagreg\u00e1tov ur\u010den\u00fdch pre telekomunika\u010dn\u00e9 aplik\u00e1cie. Posla\u0165 \u017eiados\u0165.<\/p>\n","protected":false},"excerpt":{"rendered":"<p>Pr\u00edstup a nap\u00e1janie telekomunika\u010dnej infra\u0161trukt\u00fary je ve\u013ekou v\u00fdzvou najm\u00e4 v od\u013eahl\u00fdch, \u0165a\u017eko dostupn\u00fdch oblastiach, ktor\u00e9 nemaj\u00fa pr\u00edstup k elektrickej sieti. R\u00fdchly","protected":false},"author":1,"featured_media":757,"parent":66025,"menu_order":2,"comment_status":"closed","ping_status":"closed","template":"","meta":{"advgb_blocks_editor_width":"","advgb_blocks_columns_visual_guide":"","footnotes":""},"acf":[],"coauthors":[],"author_meta":{"author_link":"https:\/\/energoglobal.com\/sk\/author\/sd_energglobe2021\/","display_name":"Stevan Djokovic"},"relative_dates":{"created":"Posted 5 years ago","modified":"Updated 2 years ago"},"absolute_dates":{"created":"Posted on 21\/10\/2021","modified":"Updated on 15\/04\/2024"},"absolute_dates_time":{"created":"Posted on 21\/10\/2021 01:43","modified":"Updated on 15\/04\/2024 16:27"},"featured_img_caption":"","featured_img":"https:\/\/energoglobal.com\/wp-content\/uploads\/2021\/11\/Trazista_Komunikacijat_EnergoGlobal_EG.jpg","series_order":"","_links":{"self":[{"href":"https:\/\/energoglobal.com\/sk\/wp-json\/wp\/v2\/pages\/66029"}],"collection":[{"href":"https:\/\/energoglobal.com\/sk\/wp-json\/wp\/v2\/pages"}],"about":[{"href":"https:\/\/energoglobal.com\/sk\/wp-json\/wp\/v2\/types\/page"}],"author":[{"embeddable":true,"href":"https:\/\/energoglobal.com\/sk\/wp-json\/wp\/v2\/users\/1"}],"replies":[{"embeddable":true,"href":"https:\/\/energoglobal.com\/sk\/wp-json\/wp\/v2\/comments?post=66029"}],"version-history":[{"count":0,"href":"https:\/\/energoglobal.com\/sk\/wp-json\/wp\/v2\/pages\/66029\/revisions"}],"up":[{"embeddable":true,"href":"https:\/\/energoglobal.com\/sk\/wp-json\/wp\/v2\/pages\/66025"}],"wp:featuredmedia":[{"embeddable":true,"href":"https:\/\/energoglobal.com\/sk\/wp-json\/wp\/v2\/media\/757"}],"wp:attachment":[{"href":"https:\/\/energoglobal.com\/sk\/wp-json\/wp\/v2\/media?parent=66029"}],"curies":[{"name":"wp","href":"https:\/\/api.w.org\/{rel}","templated":true}]}}