{"id":66027,"date":"2021-10-21T01:42:45","date_gmt":"2021-10-20T23:42:45","guid":{"rendered":"https:\/\/energoglobal.com\/sk\/?page_id=66027"},"modified":"2024-04-15T16:25:31","modified_gmt":"2024-04-15T14:25:31","slug":"polnohospodarstvo","status":"publish","type":"page","link":"https:\/\/energoglobal.com\/sk\/trhy\/polnohospodarstvo\/","title":{"rendered":"Po\u013enohospod\u00e1rstvo"},"content":{"rendered":"\n<p>Aplik\u00e1cia&nbsp; v oblasti po\u013enohospod\u00e1rstva \u2013&nbsp; agreg\u00e1ty m\u00f4\u017eu by\u0165 u\u017eito\u010dn\u00e9 v pr\u00edpade v\u00fdpadku elektriny alebo nemo\u017enosti pripojenia do siete. Rie\u0161enie EnergoGlobal je z\u00e1suvn\u00fd gener\u00e1tor motora traktora, ktor\u00fd sp\u00e1ja flexibilitu a v\u00fdkon pri v\u00fdrobe elektrickej energie.<\/p>\n\n\n\n<p>Na\u0161e \u0161tandardn\u00e9 produkty s\u00fa tie\u017e ide\u00e1lne na poskytovanie z\u00e1lo\u017en\u00e9ho nap\u00e1jania pre va\u0161e elektrick\u00e9 in\u0161tal\u00e1cie<\/p>\n","protected":false},"excerpt":{"rendered":"<p>Aplik\u00e1cia&nbsp; v oblasti po\u013enohospod\u00e1rstva \u2013&nbsp; agreg\u00e1ty m\u00f4\u017eu by\u0165 u\u017eito\u010dn\u00e9 v pr\u00edpade v\u00fdpadku elektriny alebo nemo\u017enosti pripojenia do siete. Rie\u0161enie EnergoGlobal","protected":false},"author":1,"featured_media":759,"parent":66025,"menu_order":1,"comment_status":"closed","ping_status":"closed","template":"","meta":{"advgb_blocks_editor_width":"","advgb_blocks_columns_visual_guide":"","footnotes":""},"acf":[],"coauthors":[],"author_meta":{"author_link":"https:\/\/energoglobal.com\/sk\/author\/sd_energglobe2021\/","display_name":"Stevan Djokovic"},"relative_dates":{"created":"Posted 4 years ago","modified":"Updated 2 years ago"},"absolute_dates":{"created":"Posted on 21\/10\/2021","modified":"Updated on 15\/04\/2024"},"absolute_dates_time":{"created":"Posted on 21\/10\/2021 01:42","modified":"Updated on 15\/04\/2024 16:25"},"featured_img_caption":"","featured_img":"https:\/\/energoglobal.com\/wp-content\/uploads\/2021\/11\/Trazista_Poljoprivreda_EnergoGlobal_EG.jpg","series_order":"","_links":{"self":[{"href":"https:\/\/energoglobal.com\/sk\/wp-json\/wp\/v2\/pages\/66027"}],"collection":[{"href":"https:\/\/energoglobal.com\/sk\/wp-json\/wp\/v2\/pages"}],"about":[{"href":"https:\/\/energoglobal.com\/sk\/wp-json\/wp\/v2\/types\/page"}],"author":[{"embeddable":true,"href":"https:\/\/energoglobal.com\/sk\/wp-json\/wp\/v2\/users\/1"}],"replies":[{"embeddable":true,"href":"https:\/\/energoglobal.com\/sk\/wp-json\/wp\/v2\/comments?post=66027"}],"version-history":[{"count":0,"href":"https:\/\/energoglobal.com\/sk\/wp-json\/wp\/v2\/pages\/66027\/revisions"}],"up":[{"embeddable":true,"href":"https:\/\/energoglobal.com\/sk\/wp-json\/wp\/v2\/pages\/66025"}],"wp:featuredmedia":[{"embeddable":true,"href":"https:\/\/energoglobal.com\/sk\/wp-json\/wp\/v2\/media\/759"}],"wp:attachment":[{"href":"https:\/\/energoglobal.com\/sk\/wp-json\/wp\/v2\/media?parent=66027"}],"curies":[{"name":"wp","href":"https:\/\/api.w.org\/{rel}","templated":true}]}}