{"id":66025,"date":"2021-10-21T01:36:23","date_gmt":"2021-10-20T23:36:23","guid":{"rendered":"https:\/\/energoglobal.com\/sk\/?page_id=66025"},"modified":"2024-04-15T16:23:32","modified_gmt":"2024-04-15T14:23:32","slug":"trhy","status":"publish","type":"page","link":"https:\/\/energoglobal.com\/sk\/trhy\/","title":{"rendered":"Trhy"},"content":{"rendered":"\n<p>Pri predaji dieselagreg\u00e1tov sa sna\u017e\u00edme vyhovie\u0165 potreb\u00e1m trhu a poskytova\u0165 maxim\u00e1lnu kvalitu za konkuren\u010dn\u00e9 ceny. Vyu\u017eitie na\u0161ich agreg\u00e1tov je mnohorak\u00e9 v z\u00e1vislosti od odvetvia, pre ktor\u00e9 s\u00fa ur\u010den\u00e9, po\u010dn\u00fac po\u013enohospod\u00e1rstvom, stavebn\u00edctvom, spojmi, ban\u00edctvom, zdravotn\u00edctvom, vojensk\u00fdmi zariadeniami a in\u00fdmi. Spolupracujeme s ve\u013ek\u00fdmi obchodn\u00fdmi centrami a obchodn\u00fdmi zariadeniami a na\u0161e n\u00e1jomn\u00e9 agreg\u00e1ty s\u00fa podporou aj pre ve\u013ek\u00e9 infra\u0161trukt\u00farne projekty a hudobn\u00e9 podujatia. Pre viac inform\u00e1ci\u00ed vyberte oblas\u0165 pou\u017eitia agreg\u00e1tu.<\/p>\n","protected":false},"excerpt":{"rendered":"<p>Pri predaji dieselagreg\u00e1tov sa sna\u017e\u00edme vyhovie\u0165 potreb\u00e1m trhu a poskytova\u0165 maxim\u00e1lnu kvalitu za konkuren\u010dn\u00e9 ceny. Vyu\u017eitie na\u0161ich agreg\u00e1tov je mnohorak\u00e9 v z\u00e1vislosti","protected":false},"author":1,"featured_media":761,"parent":0,"menu_order":4,"comment_status":"closed","ping_status":"closed","template":"","meta":{"advgb_blocks_editor_width":"","advgb_blocks_columns_visual_guide":"","footnotes":""},"acf":[],"coauthors":[],"author_meta":{"author_link":"https:\/\/energoglobal.com\/sk\/author\/sd_energglobe2021\/","display_name":"Stevan Djokovic"},"relative_dates":{"created":"Posted 4 years ago","modified":"Updated 2 years ago"},"absolute_dates":{"created":"Posted on 21\/10\/2021","modified":"Updated on 15\/04\/2024"},"absolute_dates_time":{"created":"Posted on 21\/10\/2021 01:36","modified":"Updated on 15\/04\/2024 16:23"},"featured_img_caption":"","featured_img":"https:\/\/energoglobal.com\/wp-content\/uploads\/2021\/11\/Trazista_Saobracaj_EnergoGlobal_EG.jpg","series_order":"","_links":{"self":[{"href":"https:\/\/energoglobal.com\/sk\/wp-json\/wp\/v2\/pages\/66025"}],"collection":[{"href":"https:\/\/energoglobal.com\/sk\/wp-json\/wp\/v2\/pages"}],"about":[{"href":"https:\/\/energoglobal.com\/sk\/wp-json\/wp\/v2\/types\/page"}],"author":[{"embeddable":true,"href":"https:\/\/energoglobal.com\/sk\/wp-json\/wp\/v2\/users\/1"}],"replies":[{"embeddable":true,"href":"https:\/\/energoglobal.com\/sk\/wp-json\/wp\/v2\/comments?post=66025"}],"version-history":[{"count":0,"href":"https:\/\/energoglobal.com\/sk\/wp-json\/wp\/v2\/pages\/66025\/revisions"}],"wp:featuredmedia":[{"embeddable":true,"href":"https:\/\/energoglobal.com\/sk\/wp-json\/wp\/v2\/media\/761"}],"wp:attachment":[{"href":"https:\/\/energoglobal.com\/sk\/wp-json\/wp\/v2\/media?parent=66025"}],"curies":[{"name":"wp","href":"https:\/\/api.w.org\/{rel}","templated":true}]}}