{"id":66023,"date":"2021-10-21T01:35:59","date_gmt":"2021-10-20T23:35:59","guid":{"rendered":"https:\/\/energoglobal.com\/sk\/?page_id=66023"},"modified":"2024-04-15T16:21:34","modified_gmt":"2024-04-15T14:21:34","slug":"produkty","status":"publish","type":"page","link":"https:\/\/energoglobal.com\/sk\/produkty\/","title":{"rendered":"Produkty"},"content":{"rendered":"\n<p>Pon\u00fakame \u0161pecializovan\u00e9 rie\u0161enia pre za\u010datie projektov s elektrinou. Bez oh\u013eadu na to, \u010di pracujete v priemysle, stavebn\u00edctve alebo stroj\u00e1rstve, u n\u00e1s n\u00e1jdete ten spr\u00e1vny elektrospotrebi\u010d. Spolo\u010dnos\u0165 EnergoGlobal d.o.o. pon\u00faka ve\u013ek\u00fd v\u00fdber priemyseln\u00fdch, naftov\u00fdch a stacion\u00e1rnych agreg\u00e1tov, ktor\u00e9 s\u00fa poh\u00e1\u0148an\u00e9 motormi renomovan\u00fdch svetov\u00fdch v\u00fdrobcov, ak\u00fdmi s\u00fa: FTP Iveco, Volvo, Doosan, Scania, Perkins, Mitschubishi a i. Ro\u010dne vyrob\u00edme a dod\u00e1me viac ako 500 jednotiek r\u00f4znych v\u00fdkonov od 3 kVA do 2500 kVA.<\/p>\n","protected":false},"excerpt":{"rendered":"<p>Pon\u00fakame \u0161pecializovan\u00e9 rie\u0161enia pre za\u010datie projektov s elektrinou. Bez oh\u013eadu na to, \u010di pracujete v priemysle, stavebn\u00edctve alebo stroj\u00e1rstve, u n\u00e1s n\u00e1jdete ten spr\u00e1vny","protected":false},"author":1,"featured_media":474,"parent":0,"menu_order":3,"comment_status":"closed","ping_status":"closed","template":"","meta":{"advgb_blocks_editor_width":"","advgb_blocks_columns_visual_guide":"","footnotes":""},"acf":[],"coauthors":[],"author_meta":{"author_link":"https:\/\/energoglobal.com\/sk\/author\/sd_energglobe2021\/","display_name":"Stevan Djokovic"},"relative_dates":{"created":"Posted 5 years ago","modified":"Updated 2 years ago"},"absolute_dates":{"created":"Posted on 21\/10\/2021","modified":"Updated on 15\/04\/2024"},"absolute_dates_time":{"created":"Posted on 21\/10\/2021 01:35","modified":"Updated on 15\/04\/2024 16:21"},"featured_img_caption":"","featured_img":"https:\/\/energoglobal.com\/wp-content\/uploads\/2021\/10\/demo-2-1.jpg","series_order":"","_links":{"self":[{"href":"https:\/\/energoglobal.com\/sk\/wp-json\/wp\/v2\/pages\/66023"}],"collection":[{"href":"https:\/\/energoglobal.com\/sk\/wp-json\/wp\/v2\/pages"}],"about":[{"href":"https:\/\/energoglobal.com\/sk\/wp-json\/wp\/v2\/types\/page"}],"author":[{"embeddable":true,"href":"https:\/\/energoglobal.com\/sk\/wp-json\/wp\/v2\/users\/1"}],"replies":[{"embeddable":true,"href":"https:\/\/energoglobal.com\/sk\/wp-json\/wp\/v2\/comments?post=66023"}],"version-history":[{"count":0,"href":"https:\/\/energoglobal.com\/sk\/wp-json\/wp\/v2\/pages\/66023\/revisions"}],"wp:featuredmedia":[{"embeddable":true,"href":"https:\/\/energoglobal.com\/sk\/wp-json\/wp\/v2\/media\/474"}],"wp:attachment":[{"href":"https:\/\/energoglobal.com\/sk\/wp-json\/wp\/v2\/media?parent=66023"}],"curies":[{"name":"wp","href":"https:\/\/api.w.org\/{rel}","templated":true}]}}