{"id":66021,"date":"2021-10-24T05:44:56","date_gmt":"2021-10-24T03:44:56","guid":{"rendered":"https:\/\/energoglobal.com\/sk\/?page_id=66021"},"modified":"2024-04-15T16:14:50","modified_gmt":"2024-04-15T14:14:50","slug":"referencie","status":"publish","type":"page","link":"https:\/\/energoglobal.com\/sk\/o-nas\/referencie\/","title":{"rendered":"Referencie"},"content":{"rendered":"\n<p>EnergoGlobal sa stal uzn\u00e1vanou zna\u010dkou v oblasti dod\u00e1vok energie na dom\u00e1com trhu aj v regi\u00f3ne. Pokra\u010dujeme v rastovom trende v\u00fdroby a obratu z predch\u00e1dzaj\u00facich rokov. Zvy\u0161ovan\u00edm po\u010dtu zamestnancov, v\u00fdrobn\u00fdch a skladov\u00fdch kapac\u00edt, ako aj z\u00e1sob surov\u00edn umo\u017e\u0148ujeme na\u0161im partnerom krat\u0161ie dodacie lehoty, r\u00fdchlej\u0161iu reakciu na pr\u00edpadn\u00e9 z\u00e1sahy, ako aj realiz\u00e1ciu komplexnej\u0161\u00edch projektov a rie\u0161en\u00ed. Spolupr\u00e1ca s najzn\u00e1mej\u0161\u00edmi v\u00fdrobcami komponentov a zariaden\u00ed neust\u00e1le rastie, \u010do n\u00e1m umo\u017e\u0148uje pon\u00faknu\u0165 na\u0161im partnerom pr\u00e9miov\u00fa kvalitu a maxim\u00e1lnu spo\u013eahlivos\u0165 za ceny prisp\u00f4soben\u00e9 dom\u00e1cemu a region\u00e1lnemu trhu.<\/p>\n\n\n\n<p>Na\u0161e produkty obsahuj\u00fa komponenty najzn\u00e1mej\u0161\u00edch svetov\u00fdch zna\u010diek:<\/p>\n\n\n\n<ul>\n<li>&nbsp;Motory: Volvo Penta, Perkins, FPT Iveco, Doosan<\/li>\n\n\n\n<li>&nbsp;Gener\u00e1tory: Sincro, Linz Electric, Mecc Alte, Marelli<\/li>\n\n\n\n<li>&nbsp;Ovl\u00e1da\u010de: ComAp, Deif, Datakom<\/li>\n\n\n\n<li>&nbsp;Prep\u00edna\u010de: ABB, Socomec, Noark, Eaton<\/li>\n<\/ul>\n\n\n\n<p>Okrem v\u00fdroby a dod\u00e1vky nov\u00fdch gener\u00e1torov V\u00e1m vieme pon\u00faknu\u0165 pravideln\u00fa a opravn\u00fa \u00fadr\u017ebu Va\u0161ich existuj\u00facich elektrocentr\u00e1l, ako aj slu\u017eby moderniz\u00e1cie, automatiz\u00e1cie a vzdialen\u00e9ho monitorovania. Pon\u00fakame aj UPS zariadenia, aby sme koncov\u00fdm z\u00e1kazn\u00edkom poskytli kompletn\u00fd z\u00e1lo\u017en\u00fd syst\u00e9m nap\u00e1jania bez preru\u0161enia dod\u00e1vky.<\/p>\n\n\n\n<p>Aby sme v\u00e1m pomohli s v\u00fdberom technick\u00e9ho rie\u0161enia a vhodn\u00e9ho produktu, je v\u00e1m k dispoz\u00edcii na\u0161e oddelenie technickej podpory, ktor\u00e9 m\u00f4\u017eete kontaktova\u0165 e-mailom <a href=\"mailto:podrska@energoglobal.com\">podrska@energoglobal.com<\/a> Pre v\u0161etky \u010fal\u0161ie inform\u00e1cie a \u017eiadosti o ponuky m\u00f4\u017eete kontaktova\u0165 <a href=\"mailto:prodaja@energoglobal.com\">prodaja@energoglobal.com<\/a>.<\/p>\n\n\n\n<div style=\"height:25px\" aria-hidden=\"true\" class=\"wp-block-spacer\"><\/div>\n\n\n\n<figure class=\"wp-block-gallery has-nested-images columns-5 is-cropped wp-block-gallery-1 is-layout-flex wp-block-gallery-is-layout-flex\">\n<figure class=\"wp-block-image size-large\"><img loading=\"lazy\" decoding=\"async\" width=\"400\" height=\"300\" data-id=\"1396\" src=\"https:\/\/energoglobal.com\/wp-content\/uploads\/2021\/11\/Integra.jpg\" alt=\"\" class=\"wp-image-1396\" srcset=\"https:\/\/energoglobal.com\/wp-content\/uploads\/2021\/11\/Integra.jpg 400w, https:\/\/energoglobal.com\/wp-content\/uploads\/2021\/11\/Integra-300x225.jpg 300w, https:\/\/energoglobal.com\/wp-content\/uploads\/2021\/11\/Integra-150x113.jpg 150w\" sizes=\"(max-width: 400px) 100vw, 400px\" \/><\/figure>\n\n\n\n<figure class=\"wp-block-image size-large\"><img loading=\"lazy\" decoding=\"async\" width=\"400\" height=\"300\" data-id=\"1395\" src=\"https:\/\/energoglobal.com\/wp-content\/uploads\/2021\/11\/Mins_Elektro.jpg\" alt=\"\" class=\"wp-image-1395\" srcset=\"https:\/\/energoglobal.com\/wp-content\/uploads\/2021\/11\/Mins_Elektro.jpg 400w, https:\/\/energoglobal.com\/wp-content\/uploads\/2021\/11\/Mins_Elektro-300x225.jpg 300w, https:\/\/energoglobal.com\/wp-content\/uploads\/2021\/11\/Mins_Elektro-150x113.jpg 150w\" sizes=\"(max-width: 400px) 100vw, 400px\" \/><\/figure>\n\n\n\n<figure class=\"wp-block-image size-large\"><img loading=\"lazy\" decoding=\"async\" width=\"400\" height=\"300\" data-id=\"1394\" src=\"https:\/\/energoglobal.com\/wp-content\/uploads\/2021\/11\/Sof_Elektro.jpg\" alt=\"\" class=\"wp-image-1394\" srcset=\"https:\/\/energoglobal.com\/wp-content\/uploads\/2021\/11\/Sof_Elektro.jpg 400w, https:\/\/energoglobal.com\/wp-content\/uploads\/2021\/11\/Sof_Elektro-300x225.jpg 300w, https:\/\/energoglobal.com\/wp-content\/uploads\/2021\/11\/Sof_Elektro-150x113.jpg 150w\" sizes=\"(max-width: 400px) 100vw, 400px\" \/><\/figure>\n\n\n\n<figure class=\"wp-block-image size-large\"><img loading=\"lazy\" decoding=\"async\" width=\"400\" height=\"300\" data-id=\"1393\" src=\"https:\/\/energoglobal.com\/wp-content\/uploads\/2021\/11\/Teming.jpg\" alt=\"\" class=\"wp-image-1393\" srcset=\"https:\/\/energoglobal.com\/wp-content\/uploads\/2021\/11\/Teming.jpg 400w, https:\/\/energoglobal.com\/wp-content\/uploads\/2021\/11\/Teming-300x225.jpg 300w, https:\/\/energoglobal.com\/wp-content\/uploads\/2021\/11\/Teming-150x113.jpg 150w\" sizes=\"(max-width: 400px) 100vw, 400px\" \/><\/figure>\n\n\n\n<figure class=\"wp-block-image size-large\"><img loading=\"lazy\" decoding=\"async\" width=\"400\" height=\"300\" data-id=\"1392\" src=\"https:\/\/energoglobal.com\/wp-content\/uploads\/2021\/11\/Tina_Elektro.jpg\" alt=\"\" class=\"wp-image-1392\" srcset=\"https:\/\/energoglobal.com\/wp-content\/uploads\/2021\/11\/Tina_Elektro.jpg 400w, https:\/\/energoglobal.com\/wp-content\/uploads\/2021\/11\/Tina_Elektro-300x225.jpg 300w, https:\/\/energoglobal.com\/wp-content\/uploads\/2021\/11\/Tina_Elektro-150x113.jpg 150w\" sizes=\"(max-width: 400px) 100vw, 400px\" \/><\/figure>\n\n\n\n<figure class=\"wp-block-image size-large\"><img loading=\"lazy\" decoding=\"async\" width=\"400\" height=\"300\" data-id=\"1391\" src=\"https:\/\/energoglobal.com\/wp-content\/uploads\/2021\/11\/UrbanPro_Inezenjering.jpg\" alt=\"\" class=\"wp-image-1391\" srcset=\"https:\/\/energoglobal.com\/wp-content\/uploads\/2021\/11\/UrbanPro_Inezenjering.jpg 400w, https:\/\/energoglobal.com\/wp-content\/uploads\/2021\/11\/UrbanPro_Inezenjering-300x225.jpg 300w, https:\/\/energoglobal.com\/wp-content\/uploads\/2021\/11\/UrbanPro_Inezenjering-150x113.jpg 150w\" sizes=\"(max-width: 400px) 100vw, 400px\" \/><\/figure>\n\n\n\n<figure class=\"wp-block-image size-large\"><img loading=\"lazy\" decoding=\"async\" width=\"400\" height=\"300\" data-id=\"1390\" src=\"https:\/\/energoglobal.com\/wp-content\/uploads\/2021\/11\/Euro_termik.jpg\" alt=\"\" class=\"wp-image-1390\" srcset=\"https:\/\/energoglobal.com\/wp-content\/uploads\/2021\/11\/Euro_termik.jpg 400w, https:\/\/energoglobal.com\/wp-content\/uploads\/2021\/11\/Euro_termik-300x225.jpg 300w, https:\/\/energoglobal.com\/wp-content\/uploads\/2021\/11\/Euro_termik-150x113.jpg 150w\" sizes=\"(max-width: 400px) 100vw, 400px\" \/><\/figure>\n\n\n\n<figure class=\"wp-block-image size-large\"><img loading=\"lazy\" decoding=\"async\" width=\"400\" height=\"300\" data-id=\"1389\" src=\"https:\/\/energoglobal.com\/wp-content\/uploads\/2021\/11\/InterFast.jpg\" alt=\"\" class=\"wp-image-1389\" srcset=\"https:\/\/energoglobal.com\/wp-content\/uploads\/2021\/11\/InterFast.jpg 400w, https:\/\/energoglobal.com\/wp-content\/uploads\/2021\/11\/InterFast-300x225.jpg 300w, https:\/\/energoglobal.com\/wp-content\/uploads\/2021\/11\/InterFast-150x113.jpg 150w\" sizes=\"(max-width: 400px) 100vw, 400px\" \/><\/figure>\n\n\n\n<figure class=\"wp-block-image size-large\"><img loading=\"lazy\" decoding=\"async\" width=\"400\" height=\"300\" data-id=\"1388\" src=\"https:\/\/energoglobal.com\/wp-content\/uploads\/2021\/11\/Karin_Komerc.jpg\" alt=\"\" class=\"wp-image-1388\" srcset=\"https:\/\/energoglobal.com\/wp-content\/uploads\/2021\/11\/Karin_Komerc.jpg 400w, https:\/\/energoglobal.com\/wp-content\/uploads\/2021\/11\/Karin_Komerc-300x225.jpg 300w, https:\/\/energoglobal.com\/wp-content\/uploads\/2021\/11\/Karin_Komerc-150x113.jpg 150w\" sizes=\"(max-width: 400px) 100vw, 400px\" \/><\/figure>\n\n\n\n<figure class=\"wp-block-image size-large\"><img loading=\"lazy\" decoding=\"async\" width=\"400\" height=\"300\" data-id=\"1387\" src=\"https:\/\/energoglobal.com\/wp-content\/uploads\/2021\/11\/Koridori_Srbije.jpg\" alt=\"\" class=\"wp-image-1387\" srcset=\"https:\/\/energoglobal.com\/wp-content\/uploads\/2021\/11\/Koridori_Srbije.jpg 400w, https:\/\/energoglobal.com\/wp-content\/uploads\/2021\/11\/Koridori_Srbije-300x225.jpg 300w, https:\/\/energoglobal.com\/wp-content\/uploads\/2021\/11\/Koridori_Srbije-150x113.jpg 150w\" sizes=\"(max-width: 400px) 100vw, 400px\" \/><\/figure>\n\n\n\n<figure class=\"wp-block-image size-large\"><img loading=\"lazy\" decoding=\"async\" width=\"400\" height=\"300\" data-id=\"1384\" src=\"https:\/\/energoglobal.com\/wp-content\/uploads\/2021\/11\/Elektro_Vat.jpg\" alt=\"\" class=\"wp-image-1384\" srcset=\"https:\/\/energoglobal.com\/wp-content\/uploads\/2021\/11\/Elektro_Vat.jpg 400w, https:\/\/energoglobal.com\/wp-content\/uploads\/2021\/11\/Elektro_Vat-300x225.jpg 300w, https:\/\/energoglobal.com\/wp-content\/uploads\/2021\/11\/Elektro_Vat-150x113.jpg 150w\" sizes=\"(max-width: 400px) 100vw, 400px\" \/><\/figure>\n\n\n\n<figure class=\"wp-block-image size-large\"><img loading=\"lazy\" decoding=\"async\" width=\"400\" height=\"300\" data-id=\"1383\" src=\"https:\/\/energoglobal.com\/wp-content\/uploads\/2021\/11\/ElektroMont-.jpg\" alt=\"\" class=\"wp-image-1383\" srcset=\"https:\/\/energoglobal.com\/wp-content\/uploads\/2021\/11\/ElektroMont-.jpg 400w, https:\/\/energoglobal.com\/wp-content\/uploads\/2021\/11\/ElektroMont--300x225.jpg 300w, https:\/\/energoglobal.com\/wp-content\/uploads\/2021\/11\/ElektroMont--150x113.jpg 150w\" sizes=\"(max-width: 400px) 100vw, 400px\" \/><\/figure>\n\n\n\n<figure class=\"wp-block-image size-large\"><img loading=\"lazy\" decoding=\"async\" width=\"400\" height=\"300\" data-id=\"1382\" src=\"https:\/\/energoglobal.com\/wp-content\/uploads\/2021\/11\/El_As_EnergoGlobal.jpg\" alt=\"\" class=\"wp-image-1382\" srcset=\"https:\/\/energoglobal.com\/wp-content\/uploads\/2021\/11\/El_As_EnergoGlobal.jpg 400w, https:\/\/energoglobal.com\/wp-content\/uploads\/2021\/11\/El_As_EnergoGlobal-300x225.jpg 300w, https:\/\/energoglobal.com\/wp-content\/uploads\/2021\/11\/El_As_EnergoGlobal-150x113.jpg 150w\" sizes=\"(max-width: 400px) 100vw, 400px\" \/><\/figure>\n\n\n\n<figure class=\"wp-block-image size-large\"><img loading=\"lazy\" decoding=\"async\" width=\"400\" height=\"300\" data-id=\"1381\" src=\"https:\/\/energoglobal.com\/wp-content\/uploads\/2021\/11\/Delta_Agrar_EnergoGlobal_Srbija4.jpg\" alt=\"\" class=\"wp-image-1381\" srcset=\"https:\/\/energoglobal.com\/wp-content\/uploads\/2021\/11\/Delta_Agrar_EnergoGlobal_Srbija4.jpg 400w, https:\/\/energoglobal.com\/wp-content\/uploads\/2021\/11\/Delta_Agrar_EnergoGlobal_Srbija4-300x225.jpg 300w, https:\/\/energoglobal.com\/wp-content\/uploads\/2021\/11\/Delta_Agrar_EnergoGlobal_Srbija4-150x113.jpg 150w\" sizes=\"(max-width: 400px) 100vw, 400px\" \/><\/figure>\n\n\n\n<figure class=\"wp-block-image size-large\"><img loading=\"lazy\" decoding=\"async\" width=\"400\" height=\"300\" data-id=\"1359\" src=\"https:\/\/energoglobal.com\/wp-content\/uploads\/2021\/11\/EnergoGlobal-klijent-1.jpg\" alt=\"\" class=\"wp-image-1359\" srcset=\"https:\/\/energoglobal.com\/wp-content\/uploads\/2021\/11\/EnergoGlobal-klijent-1.jpg 400w, https:\/\/energoglobal.com\/wp-content\/uploads\/2021\/11\/EnergoGlobal-klijent-1-300x225.jpg 300w, https:\/\/energoglobal.com\/wp-content\/uploads\/2021\/11\/EnergoGlobal-klijent-1-150x113.jpg 150w\" sizes=\"(max-width: 400px) 100vw, 400px\" \/><\/figure>\n<\/figure>\n","protected":false},"excerpt":{"rendered":"<p>EnergoGlobal sa stal uzn\u00e1vanou zna\u010dkou v oblasti dod\u00e1vok energie na dom\u00e1com trhu aj v regi\u00f3ne. Pokra\u010dujeme v rastovom trende v\u00fdroby a obratu z predch\u00e1dzaj\u00facich rokov. Zvy\u0161ovan\u00edm","protected":false},"author":1,"featured_media":1567,"parent":65945,"menu_order":8,"comment_status":"closed","ping_status":"closed","template":"","meta":{"advgb_blocks_editor_width":"","advgb_blocks_columns_visual_guide":"","footnotes":""},"acf":[],"coauthors":[],"author_meta":{"author_link":"https:\/\/energoglobal.com\/sk\/author\/sd_energglobe2021\/","display_name":"Stevan Djokovic"},"relative_dates":{"created":"Posted 4 years ago","modified":"Updated 2 years ago"},"absolute_dates":{"created":"Posted on 24\/10\/2021","modified":"Updated on 15\/04\/2024"},"absolute_dates_time":{"created":"Posted on 24\/10\/2021 05:44","modified":"Updated on 15\/04\/2024 16:14"},"featured_img_caption":"","featured_img":"https:\/\/energoglobal.com\/wp-content\/uploads\/2021\/12\/Share_Reference_EnergoGlobal-EG.jpg","series_order":"","_links":{"self":[{"href":"https:\/\/energoglobal.com\/sk\/wp-json\/wp\/v2\/pages\/66021"}],"collection":[{"href":"https:\/\/energoglobal.com\/sk\/wp-json\/wp\/v2\/pages"}],"about":[{"href":"https:\/\/energoglobal.com\/sk\/wp-json\/wp\/v2\/types\/page"}],"author":[{"embeddable":true,"href":"https:\/\/energoglobal.com\/sk\/wp-json\/wp\/v2\/users\/1"}],"replies":[{"embeddable":true,"href":"https:\/\/energoglobal.com\/sk\/wp-json\/wp\/v2\/comments?post=66021"}],"version-history":[{"count":0,"href":"https:\/\/energoglobal.com\/sk\/wp-json\/wp\/v2\/pages\/66021\/revisions"}],"up":[{"embeddable":true,"href":"https:\/\/energoglobal.com\/sk\/wp-json\/wp\/v2\/pages\/65945"}],"wp:featuredmedia":[{"embeddable":true,"href":"https:\/\/energoglobal.com\/sk\/wp-json\/wp\/v2\/media\/1567"}],"wp:attachment":[{"href":"https:\/\/energoglobal.com\/sk\/wp-json\/wp\/v2\/media?parent=66021"}],"curies":[{"name":"wp","href":"https:\/\/api.w.org\/{rel}","templated":true}]}}