{"id":66019,"date":"2021-10-23T08:37:52","date_gmt":"2021-10-23T06:37:52","guid":{"rendered":"https:\/\/energoglobal.com\/sk\/?page_id=66019"},"modified":"2024-04-15T16:09:27","modified_gmt":"2024-04-15T14:09:27","slug":"certifikaty","status":"publish","type":"page","link":"https:\/\/energoglobal.com\/sk\/o-nas\/certifikaty\/","title":{"rendered":"Certifik\u00e1ty"},"content":{"rendered":"\n<p>Spolo\u010dnos\u0165 EnergoGlobal d.o.o. sa zav\u00e4zuje k rozvoju svojho podnikania, riadenia a prev\u00e1dzky v s\u00falade s ustanoveniami noriem ISO 9001, ISO 45001, ISO 14001, ISO 27001 a ISO \/ IEC 20000-1. Kliknut\u00edm na tla\u010didlo zobraz\u00edte alebo stiahnete vybran\u00fd s\u00fabor PDF.<\/p>\n\n\n\n<p>Na\u0161e agreg\u00e1ty sa vyzna\u010duj\u00fa n\u00edzkou hlu\u010dnos\u0165ou, n\u00edzkou spotrebou paliva a emisiami v\u00fdfukov\u00fdch plynov v s\u00falade s normami Eur\u00f3pskej \u00fanie. Pre viac inform\u00e1ci\u00ed n\u00e1s kontaktujte.<\/p>\n","protected":false},"excerpt":{"rendered":"<p>Spolo\u010dnos\u0165 EnergoGlobal d.o.o. sa zav\u00e4zuje k rozvoju svojho podnikania, riadenia a prev\u00e1dzky v s\u00falade s ustanoveniami noriem ISO 9001, ISO 45001, ISO 14001, ISO 27001 a ISO","protected":false},"author":1,"featured_media":1564,"parent":65945,"menu_order":6,"comment_status":"closed","ping_status":"closed","template":"","meta":{"advgb_blocks_editor_width":"","advgb_blocks_columns_visual_guide":"","footnotes":""},"acf":[],"coauthors":[],"author_meta":{"author_link":"https:\/\/energoglobal.com\/sk\/author\/sd_energglobe2021\/","display_name":"Stevan Djokovic"},"relative_dates":{"created":"Posted 4 years ago","modified":"Updated 2 years ago"},"absolute_dates":{"created":"Posted on 23\/10\/2021","modified":"Updated on 15\/04\/2024"},"absolute_dates_time":{"created":"Posted on 23\/10\/2021 08:37","modified":"Updated on 15\/04\/2024 16:09"},"featured_img_caption":"","featured_img":"https:\/\/energoglobal.com\/wp-content\/uploads\/2021\/12\/Share_Sertifikat_EnergoGlobal-EG.jpg","series_order":"","_links":{"self":[{"href":"https:\/\/energoglobal.com\/sk\/wp-json\/wp\/v2\/pages\/66019"}],"collection":[{"href":"https:\/\/energoglobal.com\/sk\/wp-json\/wp\/v2\/pages"}],"about":[{"href":"https:\/\/energoglobal.com\/sk\/wp-json\/wp\/v2\/types\/page"}],"author":[{"embeddable":true,"href":"https:\/\/energoglobal.com\/sk\/wp-json\/wp\/v2\/users\/1"}],"replies":[{"embeddable":true,"href":"https:\/\/energoglobal.com\/sk\/wp-json\/wp\/v2\/comments?post=66019"}],"version-history":[{"count":0,"href":"https:\/\/energoglobal.com\/sk\/wp-json\/wp\/v2\/pages\/66019\/revisions"}],"up":[{"embeddable":true,"href":"https:\/\/energoglobal.com\/sk\/wp-json\/wp\/v2\/pages\/65945"}],"wp:featuredmedia":[{"embeddable":true,"href":"https:\/\/energoglobal.com\/sk\/wp-json\/wp\/v2\/media\/1564"}],"wp:attachment":[{"href":"https:\/\/energoglobal.com\/sk\/wp-json\/wp\/v2\/media?parent=66019"}],"curies":[{"name":"wp","href":"https:\/\/api.w.org\/{rel}","templated":true}]}}