{"id":65952,"date":"2021-10-21T05:50:56","date_gmt":"2021-10-21T03:50:56","guid":{"rendered":"https:\/\/energoglobal.com\/sk\/?page_id=65952"},"modified":"2024-04-15T16:07:17","modified_gmt":"2024-04-15T14:07:17","slug":"politika-csr","status":"publish","type":"page","link":"https:\/\/energoglobal.com\/sk\/o-nas\/politika-csr\/","title":{"rendered":"Politika CSR"},"content":{"rendered":"\n<p>So s\u00eddlom v Srbskej republike vo Futogu existuje od roku 2011 a medzin\u00e1rodne zast\u00fapen\u00e1 EnergoGlobal sa stala vplyvnou spolo\u010dnos\u0165ou, najm\u00e4 na trhu s elektrinou a gener\u00e1tormi. EnergoGlobal, vedom\u00fd si svojej poz\u00edcie, teraz formalizuje svoju l\u00edniu spr\u00e1vania vyhl\u00e1sen\u00edm svojej politiky CSR.<\/p>\n\n\n\n<p>Viac ako kedyko\u013evek predt\u00fdm sa zaviazala plni\u0165 po\u017eiadavky svojho trhu a z\u00e1rove\u0148 plni\u0165 svoje z\u00e1v\u00e4zky v piatich strategick\u00fdch smeroch, ktor\u00e9 si vymedzila, a to: z\u00e1kazn\u00edci, zamestnanci, produkty, firmy a \u0161t\u00e1t. Dokumentuje svoje pr\u00edstupy postupn\u00fdm zverej\u0148ovan\u00edm tematick\u00fdch ak\u010dn\u00fdch dokumentov online.<\/p>\n\n\n\n<p>EnergoGlobal sa zaviazal k proakt\u00edvnemu pr\u00edstupu k zni\u017eovaniu sklen\u00edkov\u00fdch plynov, ako to ilustruje spr\u00e1va BEGES zverejnen\u00e1 v novembri 2012.<\/p>\n\n\n\n<p>EnergoGlobal v s\u00falade so svojimi z\u00e1konn\u00fdmi povinnos\u0165ami prezentuje svoj v\u00fdsledok za rok 2021 vo v\u00fdpo\u010dte indexu rodovej rovnosti, definovan\u00e9ho z\u00e1konom z 5. septembra 2018: 79\/100. Spolo\u010dnos\u0165 z\u00edskala 39\/40 na zn\u00ed\u017eenie rozdielu v odme\u0148ovan\u00ed v porovnate\u013enej poz\u00edcii a veku, 20\/20 na zv\u00fd\u0161enie a 15\/15 na zlep\u0161enie, 0\/15 na zv\u00fd\u0161enie indexu zamestnancov vracaj\u00facich sa z materskej dovolenky a 5\/10 na po\u010det \u017eeny medzi 10 najlep\u0161ie zar\u00e1baj\u00facimi.<\/p>\n\n\n\n<p>Nav\u0161t\u00edvte na\u0161e soci\u00e1lne siete LinkedIn a Facebook a sledujte na\u0161e r\u00f4zne programy vr\u00e1tane \u201espr\u00e1vneho miesta na pr\u00e1cu pre \u017eeny\u201c.<\/p>\n\n\n\n<p><strong>Vyhl\u00e1senie o environment\u00e1lnej politike EnergoGlobal<\/strong><\/p>\n\n\n\n<p>Environment\u00e1lna politika 2021 - 2023<\/p>\n\n\n\n<p>EnergoGlobal PRACUJE NA OCHRANE \u017dIVOTN\u00c9HO PROSTREDIA<\/p>\n\n\n\n<p>Od roku 2016 sme sa rozhodli certifikova\u0165 n\u00e1\u0161 environment\u00e1lny pr\u00edstup v s\u00falade s normou ISO14001. M\u00e1 v \u00famysle uzna\u0165 na\u0161e z\u00e1v\u00e4zky:<\/p>\n\n\n\n<p>\u2022 Prija\u0165 opatrenia na kontrolu riz\u00edk a vplyvov na \u017eivotn\u00e9 prostredie<\/p>\n\n\n\n<p>- Na\u0161e zdroje vyu\u017e\u00edvame zodpovedne<\/p>\n\n\n\n<p>- Podniknite kroky na zn\u00ed\u017eenie a recykl\u00e1ciu n\u00e1\u0161ho odpadu<\/p>\n\n\n\n<p>- Prevencia rizika zne\u010distenia<\/p>\n\n\n\n<p>\u2022 S\u00falad s na\u0161\u00edm environment\u00e1lnym povolen\u00edm a v\u0161etk\u00fdmi platn\u00fdmi predpismi<\/p>\n\n\n\n<p>\u2022 Riadenie n\u00e1\u0161ho environment\u00e1lneho spr\u00e1vania prostredn\u00edctvom opatren\u00ed na neust\u00e1le zlep\u0161ovanie a osved\u010den\u00fdch postupov<\/p>\n\n\n\n<p>\u2022 Rozvoj udr\u017eate\u013enej n\u00e1kupnej politiky<\/p>\n\n\n\n<p>\u2022 Audit \u00fa\u010dinnosti na\u0161ich akci\u00ed.<\/p>\n\n\n\n<p>EnergoGlobal prev\u00e1dza tieto z\u00e1v\u00e4zky uprednost\u0148ovan\u00edm svojich \u010dinnost\u00ed prostredn\u00edctvom 4 K\u013d\u00da\u010cOV\u00ddCH OT\u00c1ZOK:<\/p>\n\n\n\n<p>Rozvojom tohto pr\u00edstupu EnergoGlobal nap\u013a\u0148a aj o\u010dak\u00e1vania realizovan\u00e9 prostredn\u00edctvom environment\u00e1lnych princ\u00edpov glob\u00e1lnej HSE politiky.<\/p>\n\n\n\n<p><strong>Skladov\u00e1 evidencia CSR<\/strong><\/p>\n\n\n\n<p>S oh\u013eadom na miestnu oblas\u0165, ktor\u00e1 bola svedkom n\u00e1\u0161ho rastu a \u013eud\u00ed, ktor\u00ed k nemu prispeli, my, EnergoGlobal, realizujeme a rozv\u00edjame na\u0161u \u010dinnos\u0165 v s\u00falade s na\u0161ou politikou CSR (Corporate Social Responsibility). Na\u0161a spolo\u010dnos\u0165 neust\u00e1le sk\u00fama svoje s\u00fa\u010dasn\u00e9 procesy a vym\u00fd\u0161\u013ea sp\u00f4soby, ako zlep\u0161i\u0165 ich efektivitu v tomto r\u00e1mci.<\/p>\n\n\n\n<p>Prostredn\u00edctvom tohto pr\u00edstupu sa denne zav\u00e4zujeme implementova\u0165 zlep\u0161ovacie opatrenia, aby sme splnili po\u017eiadavky, ktor\u00e9 sme si stanovili v 5 strategick\u00fdch oblastiach:<\/p>\n\n\n\n<p>Na\u0161i zamestnanci<\/p>\n\n\n\n<p>Na\u0161e podnikanie<\/p>\n\n\n\n<p>Na\u0161e produkty<\/p>\n\n\n\n<p>Na\u0161a miestna oblas\u0165<\/p>\n\n\n\n<p>Na\u0161i z\u00e1kazn\u00edci<\/p>\n\n\n\n<p>List \u010d.01: EnergoGlobal preber\u00e1 elektrick\u00e9 vozidl\u00e1<\/p>\n\n\n\n<p>H\u00e1rok \u010d.02: Reorganiz\u00e1cia upstream a polotovarovej logistiky<\/p>\n\n\n\n<p>List \u010d. V03: Hybridn\u00e9 rie\u0161enia EnergoGlobal<\/p>\n\n\n\n<p>List \u010d. V04: Skr\u00e1tenie \u010dasu z\u00e1\u0165a\u017eov\u00e9ho testu<\/p>\n\n\n\n<p>List \u010d. V05: Optimaliz\u00e1cia tla\u010den\u00fdch komunika\u010dn\u00fdch m\u00e9di\u00ed<\/p>\n\n\n\n<p>List \u010d. V06: Recykl\u00e1cia kancel\u00e1rskeho papiera<\/p>\n\n\n\n<p><strong>BEGES<\/strong><\/p>\n\n\n\n<p>EnergoGlobal sa v r\u00e1mci politiky CSR (Corporate Social Responsibility) sna\u017e\u00ed zlep\u0161ova\u0165 svoju efektivitu a db\u00e1 na minimaliz\u00e1ciu dopadov svojich aktiv\u00edt na \u017eivotn\u00e9 prostredie. Vedom\u00fd si svojej spolo\u010denskej zodpovednosti m\u00e1 proakt\u00edvny pr\u00edstup k zni\u017eovaniu emisi\u00ed sklen\u00edkov\u00fdch plynov.<\/p>\n","protected":false},"excerpt":{"rendered":"<p>So s\u00eddlom v Srbskej republike vo Futogu existuje od roku 2011 a medzin\u00e1rodne zast\u00fapen\u00e1 EnergoGlobal sa stala vplyvnou spolo\u010dnos\u0165ou, najm\u00e4 na trhu s elektrinou a gener\u00e1tormi.","protected":false},"author":1,"featured_media":1562,"parent":65945,"menu_order":5,"comment_status":"closed","ping_status":"closed","template":"","meta":{"advgb_blocks_editor_width":"","advgb_blocks_columns_visual_guide":"","footnotes":""},"acf":[],"coauthors":[],"author_meta":{"author_link":"https:\/\/energoglobal.com\/sk\/author\/sd_energglobe2021\/","display_name":"Stevan Djokovic"},"relative_dates":{"created":"Posted 4 years ago","modified":"Updated 2 years ago"},"absolute_dates":{"created":"Posted on 21\/10\/2021","modified":"Updated on 15\/04\/2024"},"absolute_dates_time":{"created":"Posted on 21\/10\/2021 05:50","modified":"Updated on 15\/04\/2024 16:07"},"featured_img_caption":"","featured_img":"https:\/\/energoglobal.com\/wp-content\/uploads\/2021\/12\/Share_CSR-politika_EnergoGlobal-EG.jpg","series_order":"","_links":{"self":[{"href":"https:\/\/energoglobal.com\/sk\/wp-json\/wp\/v2\/pages\/65952"}],"collection":[{"href":"https:\/\/energoglobal.com\/sk\/wp-json\/wp\/v2\/pages"}],"about":[{"href":"https:\/\/energoglobal.com\/sk\/wp-json\/wp\/v2\/types\/page"}],"author":[{"embeddable":true,"href":"https:\/\/energoglobal.com\/sk\/wp-json\/wp\/v2\/users\/1"}],"replies":[{"embeddable":true,"href":"https:\/\/energoglobal.com\/sk\/wp-json\/wp\/v2\/comments?post=65952"}],"version-history":[{"count":0,"href":"https:\/\/energoglobal.com\/sk\/wp-json\/wp\/v2\/pages\/65952\/revisions"}],"up":[{"embeddable":true,"href":"https:\/\/energoglobal.com\/sk\/wp-json\/wp\/v2\/pages\/65945"}],"wp:featuredmedia":[{"embeddable":true,"href":"https:\/\/energoglobal.com\/sk\/wp-json\/wp\/v2\/media\/1562"}],"wp:attachment":[{"href":"https:\/\/energoglobal.com\/sk\/wp-json\/wp\/v2\/media?parent=65952"}],"curies":[{"name":"wp","href":"https:\/\/api.w.org\/{rel}","templated":true}]}}