{"id":65945,"date":"2021-10-21T01:35:11","date_gmt":"2021-10-20T23:35:11","guid":{"rendered":"https:\/\/energoglobal.com\/sk\/?page_id=65945"},"modified":"2024-04-17T17:10:29","modified_gmt":"2024-04-17T15:10:29","slug":"o-nas","status":"publish","type":"page","link":"https:\/\/energoglobal.com\/sk\/o-nas\/","title":{"rendered":"O n\u00e1s"},"content":{"rendered":"\n<p>Miodrag Saki\u0107, gener\u00e1lny riadite\u013e Energoglobal<\/p>\n\n\n\n<p>\u201eSpo\u013eahliv\u00e1 energia\u201c \u2013 slogan, ktor\u00fdm na\u0161a spolo\u010dnos\u0165 skuto\u010dne \u017eije.<\/p>\n\n\n\n<p>M\u00e1me dlhoro\u010dn\u00e9 sk\u00fasenosti s v\u00fdrobou a servisom z\u00e1lo\u017en\u00fdch zdrojov energie (dieselov\u00e9 agreg\u00e1ty a UPS) a elektr\u00e1rn\u00ed z obnovite\u013en\u00fdch zdrojov (mal\u00e9 a mikro vodn\u00e9 elektr\u00e1rne, biomasa).<\/p>\n\n\n\n<p>Po absolvovan\u00ed Fakulty technick\u00fdch vied a titulu magistra elektrotechniky sa Miodrag Saki\u0107 venuje svojej profesii cel\u00fdm svoj\u00edm srdcom. Po\u010das pr\u00e1ce v r\u00f4znych spolo\u010dnostiach zdokona\u013eoval svoje remeslo a\u017e do roku 2010, kedy sa odv\u00e1\u017ene rozhodol zalo\u017ei\u0165 si vlastn\u00fa spolo\u010dnos\u0165.<\/p>\n\n\n\n<p>Energoglobal je dnes, o viac ako 10 rokov nesk\u00f4r, s viac ako 30 zamestnancami jedn\u00fdm z l\u00eddrov na region\u00e1lnom trhu vo v\u00fdrobe agreg\u00e1tov.<\/p>\n\n\n\n<p>Vysoko \u0161pecializovan\u00e9 t\u00edmy veden\u00e9 sk\u00fasen\u00fdmi in\u017einiermi denne pracuj\u00fa na v\u00fdvoji a implement\u00e1cii agreg\u00e1tov pr\u00e9miovej s\u00e9rie EG a ekonomickej s\u00e9rie ECOBOX, v\u0161etko pod\u013ea \u0161pecifick\u00fdch po\u017eiadaviek renomovan\u00fdch dom\u00e1cich a svetov\u00fdch z\u00e1kazn\u00edkov.<\/p>\n\n\n\n<div style=\"height:20px\" aria-hidden=\"true\" class=\"wp-block-spacer\"><\/div>\n\n\n\n<figure class=\"wp-block-gallery has-nested-images columns-default is-cropped wp-block-gallery-1 is-layout-flex wp-block-gallery-is-layout-flex\">\n<figure class=\"wp-block-image size-large\"><img loading=\"lazy\" decoding=\"async\" width=\"1024\" height=\"684\" data-id=\"1316\" src=\"https:\/\/energoglobal.com\/wp-content\/uploads\/2021\/11\/EnergoGlobal-proizvodnja-prodaja-servis-iznajmljivanje-montaza-agregata-08-1-1024x684.jpg\" alt=\"\" class=\"wp-image-1316\" srcset=\"https:\/\/energoglobal.com\/wp-content\/uploads\/2021\/11\/EnergoGlobal-proizvodnja-prodaja-servis-iznajmljivanje-montaza-agregata-08-1-1024x684.jpg 1024w, https:\/\/energoglobal.com\/wp-content\/uploads\/2021\/11\/EnergoGlobal-proizvodnja-prodaja-servis-iznajmljivanje-montaza-agregata-08-1-300x200.jpg 300w, https:\/\/energoglobal.com\/wp-content\/uploads\/2021\/11\/EnergoGlobal-proizvodnja-prodaja-servis-iznajmljivanje-montaza-agregata-08-1-150x100.jpg 150w, https:\/\/energoglobal.com\/wp-content\/uploads\/2021\/11\/EnergoGlobal-proizvodnja-prodaja-servis-iznajmljivanje-montaza-agregata-08-1-768x513.jpg 768w, https:\/\/energoglobal.com\/wp-content\/uploads\/2021\/11\/EnergoGlobal-proizvodnja-prodaja-servis-iznajmljivanje-montaza-agregata-08-1-1536x1025.jpg 1536w, https:\/\/energoglobal.com\/wp-content\/uploads\/2021\/11\/EnergoGlobal-proizvodnja-prodaja-servis-iznajmljivanje-montaza-agregata-08-1-600x400.jpg 600w, https:\/\/energoglobal.com\/wp-content\/uploads\/2021\/11\/EnergoGlobal-proizvodnja-prodaja-servis-iznajmljivanje-montaza-agregata-08-1.jpg 1618w\" sizes=\"(max-width: 1024px) 100vw, 1024px\" \/><\/figure>\n\n\n\n<figure class=\"wp-block-image size-large\"><img loading=\"lazy\" decoding=\"async\" width=\"1024\" height=\"684\" data-id=\"1288\" src=\"https:\/\/energoglobal.com\/wp-content\/uploads\/2021\/11\/EnergoGlobal-proizvodnja-prodaja-servis-iznajmljivanje-montaza-agregata-13-1024x684.jpg\" alt=\"\" class=\"wp-image-1288\" srcset=\"https:\/\/energoglobal.com\/wp-content\/uploads\/2021\/11\/EnergoGlobal-proizvodnja-prodaja-servis-iznajmljivanje-montaza-agregata-13-1024x684.jpg 1024w, https:\/\/energoglobal.com\/wp-content\/uploads\/2021\/11\/EnergoGlobal-proizvodnja-prodaja-servis-iznajmljivanje-montaza-agregata-13-300x200.jpg 300w, https:\/\/energoglobal.com\/wp-content\/uploads\/2021\/11\/EnergoGlobal-proizvodnja-prodaja-servis-iznajmljivanje-montaza-agregata-13-150x100.jpg 150w, https:\/\/energoglobal.com\/wp-content\/uploads\/2021\/11\/EnergoGlobal-proizvodnja-prodaja-servis-iznajmljivanje-montaza-agregata-13-768x513.jpg 768w, https:\/\/energoglobal.com\/wp-content\/uploads\/2021\/11\/EnergoGlobal-proizvodnja-prodaja-servis-iznajmljivanje-montaza-agregata-13-1536x1025.jpg 1536w, https:\/\/energoglobal.com\/wp-content\/uploads\/2021\/11\/EnergoGlobal-proizvodnja-prodaja-servis-iznajmljivanje-montaza-agregata-13-600x400.jpg 600w, https:\/\/energoglobal.com\/wp-content\/uploads\/2021\/11\/EnergoGlobal-proizvodnja-prodaja-servis-iznajmljivanje-montaza-agregata-13.jpg 1618w\" sizes=\"(max-width: 1024px) 100vw, 1024px\" \/><\/figure>\n\n\n\n<figure class=\"wp-block-image size-large\"><img loading=\"lazy\" decoding=\"async\" width=\"1024\" height=\"684\" data-id=\"1287\" src=\"https:\/\/energoglobal.com\/wp-content\/uploads\/2021\/11\/EnergoGlobal-proizvodnja-prodaja-servis-iznajmljivanje-montaza-agregata-12-1024x684.jpg\" alt=\"\" class=\"wp-image-1287\" srcset=\"https:\/\/energoglobal.com\/wp-content\/uploads\/2021\/11\/EnergoGlobal-proizvodnja-prodaja-servis-iznajmljivanje-montaza-agregata-12-1024x684.jpg 1024w, https:\/\/energoglobal.com\/wp-content\/uploads\/2021\/11\/EnergoGlobal-proizvodnja-prodaja-servis-iznajmljivanje-montaza-agregata-12-300x200.jpg 300w, https:\/\/energoglobal.com\/wp-content\/uploads\/2021\/11\/EnergoGlobal-proizvodnja-prodaja-servis-iznajmljivanje-montaza-agregata-12-150x100.jpg 150w, https:\/\/energoglobal.com\/wp-content\/uploads\/2021\/11\/EnergoGlobal-proizvodnja-prodaja-servis-iznajmljivanje-montaza-agregata-12-768x513.jpg 768w, https:\/\/energoglobal.com\/wp-content\/uploads\/2021\/11\/EnergoGlobal-proizvodnja-prodaja-servis-iznajmljivanje-montaza-agregata-12-1536x1025.jpg 1536w, https:\/\/energoglobal.com\/wp-content\/uploads\/2021\/11\/EnergoGlobal-proizvodnja-prodaja-servis-iznajmljivanje-montaza-agregata-12-600x400.jpg 600w, https:\/\/energoglobal.com\/wp-content\/uploads\/2021\/11\/EnergoGlobal-proizvodnja-prodaja-servis-iznajmljivanje-montaza-agregata-12.jpg 1618w\" sizes=\"(max-width: 1024px) 100vw, 1024px\" \/><\/figure>\n\n\n\n<figure class=\"wp-block-image size-large\"><img loading=\"lazy\" decoding=\"async\" width=\"1024\" height=\"684\" data-id=\"1286\" src=\"https:\/\/energoglobal.com\/wp-content\/uploads\/2021\/11\/EnergoGlobal-proizvodnja-prodaja-servis-iznajmljivanje-montaza-agregata-11-1024x684.jpg\" alt=\"\" class=\"wp-image-1286\" srcset=\"https:\/\/energoglobal.com\/wp-content\/uploads\/2021\/11\/EnergoGlobal-proizvodnja-prodaja-servis-iznajmljivanje-montaza-agregata-11-1024x684.jpg 1024w, https:\/\/energoglobal.com\/wp-content\/uploads\/2021\/11\/EnergoGlobal-proizvodnja-prodaja-servis-iznajmljivanje-montaza-agregata-11-300x200.jpg 300w, https:\/\/energoglobal.com\/wp-content\/uploads\/2021\/11\/EnergoGlobal-proizvodnja-prodaja-servis-iznajmljivanje-montaza-agregata-11-150x100.jpg 150w, https:\/\/energoglobal.com\/wp-content\/uploads\/2021\/11\/EnergoGlobal-proizvodnja-prodaja-servis-iznajmljivanje-montaza-agregata-11-768x513.jpg 768w, https:\/\/energoglobal.com\/wp-content\/uploads\/2021\/11\/EnergoGlobal-proizvodnja-prodaja-servis-iznajmljivanje-montaza-agregata-11-1536x1025.jpg 1536w, https:\/\/energoglobal.com\/wp-content\/uploads\/2021\/11\/EnergoGlobal-proizvodnja-prodaja-servis-iznajmljivanje-montaza-agregata-11-600x400.jpg 600w, https:\/\/energoglobal.com\/wp-content\/uploads\/2021\/11\/EnergoGlobal-proizvodnja-prodaja-servis-iznajmljivanje-montaza-agregata-11.jpg 1618w\" sizes=\"(max-width: 1024px) 100vw, 1024px\" \/><\/figure>\n\n\n\n<figure class=\"wp-block-image size-large\"><img loading=\"lazy\" decoding=\"async\" width=\"1024\" height=\"684\" data-id=\"1285\" src=\"https:\/\/energoglobal.com\/wp-content\/uploads\/2021\/11\/EnergoGlobal-proizvodnja-prodaja-servis-iznajmljivanje-montaza-agregata-10-1024x684.jpg\" alt=\"\" class=\"wp-image-1285\" srcset=\"https:\/\/energoglobal.com\/wp-content\/uploads\/2021\/11\/EnergoGlobal-proizvodnja-prodaja-servis-iznajmljivanje-montaza-agregata-10-1024x684.jpg 1024w, https:\/\/energoglobal.com\/wp-content\/uploads\/2021\/11\/EnergoGlobal-proizvodnja-prodaja-servis-iznajmljivanje-montaza-agregata-10-300x200.jpg 300w, https:\/\/energoglobal.com\/wp-content\/uploads\/2021\/11\/EnergoGlobal-proizvodnja-prodaja-servis-iznajmljivanje-montaza-agregata-10-150x100.jpg 150w, https:\/\/energoglobal.com\/wp-content\/uploads\/2021\/11\/EnergoGlobal-proizvodnja-prodaja-servis-iznajmljivanje-montaza-agregata-10-768x513.jpg 768w, https:\/\/energoglobal.com\/wp-content\/uploads\/2021\/11\/EnergoGlobal-proizvodnja-prodaja-servis-iznajmljivanje-montaza-agregata-10-1536x1025.jpg 1536w, https:\/\/energoglobal.com\/wp-content\/uploads\/2021\/11\/EnergoGlobal-proizvodnja-prodaja-servis-iznajmljivanje-montaza-agregata-10-600x400.jpg 600w, https:\/\/energoglobal.com\/wp-content\/uploads\/2021\/11\/EnergoGlobal-proizvodnja-prodaja-servis-iznajmljivanje-montaza-agregata-10.jpg 1618w\" sizes=\"(max-width: 1024px) 100vw, 1024px\" \/><\/figure>\n\n\n\n<figure class=\"wp-block-image size-large\"><img loading=\"lazy\" decoding=\"async\" width=\"1024\" height=\"684\" data-id=\"1284\" src=\"https:\/\/energoglobal.com\/wp-content\/uploads\/2021\/11\/EnergoGlobal-proizvodnja-prodaja-servis-iznajmljivanje-montaza-agregata-07-1024x684.jpg\" alt=\"\" class=\"wp-image-1284\" srcset=\"https:\/\/energoglobal.com\/wp-content\/uploads\/2021\/11\/EnergoGlobal-proizvodnja-prodaja-servis-iznajmljivanje-montaza-agregata-07-1024x684.jpg 1024w, https:\/\/energoglobal.com\/wp-content\/uploads\/2021\/11\/EnergoGlobal-proizvodnja-prodaja-servis-iznajmljivanje-montaza-agregata-07-300x200.jpg 300w, https:\/\/energoglobal.com\/wp-content\/uploads\/2021\/11\/EnergoGlobal-proizvodnja-prodaja-servis-iznajmljivanje-montaza-agregata-07-150x100.jpg 150w, https:\/\/energoglobal.com\/wp-content\/uploads\/2021\/11\/EnergoGlobal-proizvodnja-prodaja-servis-iznajmljivanje-montaza-agregata-07-768x513.jpg 768w, https:\/\/energoglobal.com\/wp-content\/uploads\/2021\/11\/EnergoGlobal-proizvodnja-prodaja-servis-iznajmljivanje-montaza-agregata-07-1536x1025.jpg 1536w, https:\/\/energoglobal.com\/wp-content\/uploads\/2021\/11\/EnergoGlobal-proizvodnja-prodaja-servis-iznajmljivanje-montaza-agregata-07-600x400.jpg 600w, https:\/\/energoglobal.com\/wp-content\/uploads\/2021\/11\/EnergoGlobal-proizvodnja-prodaja-servis-iznajmljivanje-montaza-agregata-07.jpg 1618w\" sizes=\"(max-width: 1024px) 100vw, 1024px\" \/><\/figure>\n<\/figure>\n\n\n\n<div style=\"height:20px\" aria-hidden=\"true\" class=\"wp-block-spacer\"><\/div>\n\n\n\n<p>Na\u0161e gener\u00e1torov\u00e9 s\u00fapravy s\u00fa navrhnut\u00e9 tak, aby poskytovali maxim\u00e1lny v\u00fdkon pre r\u00f4zne aplik\u00e1cie a zais\u0165ovali spo\u013eahliv\u00e9 a efekt\u00edvne nap\u00e1janie. S motormi od renomovan\u00fdch v\u00fdrobcov Perkins, FTP Iveco, Volvo Penta, Scania a \u010fal\u0161\u00edch sa na\u0161e agreg\u00e1ty vyzna\u010duj\u00fa n\u00edzkou hlu\u010dnos\u0165ou, n\u00edzkou spotrebou paliva a n\u00edzkymi emisiami v\u00fdfukov\u00fdch plynov v s\u00falade s normami Eur\u00f3pskej \u00fanie. Spoliehame sa na gener\u00e1tory od renomovan\u00fdch v\u00fdrobcov, ktor\u00ed s\u00fa rozpoznate\u013en\u00ed na svetovom trhu.<\/p>\n\n\n\n<p>Ro\u010dne dod\u00e1vame viac ako 500 elektrocentr\u00e1l r\u00f4znych v\u00fdkonov s rozsahom od 3 do 3 500 kVA. Spolupracujeme s ve\u013ek\u00fdmi n\u00e1kupn\u00fdmi centrami a obchodn\u00fdmi zariadeniami a na\u0161e po\u017ei\u010dovne gener\u00e1torov s\u00fa podporou aj pre ve\u013ek\u00e9 infra\u0161trukt\u00farne projekty a hudobn\u00e9 podujatia.<\/p>\n\n\n\n<p>Sme hrd\u00ed, \u017ee na\u0161imi st\u00e1lymi klientmi s\u00fa NIS, Lidl, Leoni, Aptiv, Delta, ako aj najv\u00e4\u010d\u0161\u00ed po\u010det dom\u00e1cich stavebn\u00fdch a elektrotechnick\u00fdch spolo\u010dnost\u00ed a na\u0161e srdcia s\u00fa pln\u00e9 toho, \u017ee na\u0161i klienti a zariadenia maj\u00fa verejn\u00fd v\u00fdznam - nemocnice, nemocnice COVID , zdravotn\u00e9 stredisk\u00e1, \u0161koly, \u0161k\u00f4lky, chodby a tunely, EPS, EMS, d\u00e1tov\u00e9 centrum MV, colnica, s\u00fad, vod\u00e1rne, vod\u00e1rne, tepl\u00e1rne-kotolne, \u0161tadi\u00f3ny\u2026<\/p>\n\n\n\n<p>V\u010faka zamestnancom, ktor\u00ed zo seba vyd\u00e1vaj\u00fa maximum a prispievaj\u00fa k rodinnej atmosf\u00e9re vo firme, EnergoGlobal skuto\u010dne \u017eije svojim sloganom \u201eSpo\u013eahliv\u00e1 energia\u201c a je tu v\u017edy pre ka\u017ed\u00e9ho, kto n\u00e1m ver\u00ed.<\/p>\n\n\n\n<div style=\"height:20px\" aria-hidden=\"true\" class=\"wp-block-spacer\"><\/div>\n\n\n\n<figure class=\"wp-block-gallery has-nested-images columns-default is-cropped wp-block-gallery-2 is-layout-flex wp-block-gallery-is-layout-flex\">\n<figure class=\"wp-block-image size-large\"><img loading=\"lazy\" decoding=\"async\" width=\"1024\" height=\"684\" data-id=\"1301\" src=\"https:\/\/energoglobal.com\/wp-content\/uploads\/2021\/11\/EnergoGlobal-proizvodnja-prodaja-servis-iznajmljivanje-montaza-agregata-01-1024x684.jpg\" alt=\"\" class=\"wp-image-1301\" srcset=\"https:\/\/energoglobal.com\/wp-content\/uploads\/2021\/11\/EnergoGlobal-proizvodnja-prodaja-servis-iznajmljivanje-montaza-agregata-01-1024x684.jpg 1024w, https:\/\/energoglobal.com\/wp-content\/uploads\/2021\/11\/EnergoGlobal-proizvodnja-prodaja-servis-iznajmljivanje-montaza-agregata-01-300x200.jpg 300w, https:\/\/energoglobal.com\/wp-content\/uploads\/2021\/11\/EnergoGlobal-proizvodnja-prodaja-servis-iznajmljivanje-montaza-agregata-01-150x100.jpg 150w, https:\/\/energoglobal.com\/wp-content\/uploads\/2021\/11\/EnergoGlobal-proizvodnja-prodaja-servis-iznajmljivanje-montaza-agregata-01-768x513.jpg 768w, https:\/\/energoglobal.com\/wp-content\/uploads\/2021\/11\/EnergoGlobal-proizvodnja-prodaja-servis-iznajmljivanje-montaza-agregata-01-1536x1025.jpg 1536w, https:\/\/energoglobal.com\/wp-content\/uploads\/2021\/11\/EnergoGlobal-proizvodnja-prodaja-servis-iznajmljivanje-montaza-agregata-01-600x400.jpg 600w, https:\/\/energoglobal.com\/wp-content\/uploads\/2021\/11\/EnergoGlobal-proizvodnja-prodaja-servis-iznajmljivanje-montaza-agregata-01.jpg 1618w\" sizes=\"(max-width: 1024px) 100vw, 1024px\" \/><\/figure>\n\n\n\n<figure class=\"wp-block-image size-large\"><img loading=\"lazy\" decoding=\"async\" width=\"1024\" height=\"684\" data-id=\"1302\" src=\"https:\/\/energoglobal.com\/wp-content\/uploads\/2021\/11\/EnergoGlobal-proizvodnja-prodaja-servis-iznajmljivanje-montaza-agregata-04-1024x684.jpg\" alt=\"\" class=\"wp-image-1302\" srcset=\"https:\/\/energoglobal.com\/wp-content\/uploads\/2021\/11\/EnergoGlobal-proizvodnja-prodaja-servis-iznajmljivanje-montaza-agregata-04-1024x684.jpg 1024w, https:\/\/energoglobal.com\/wp-content\/uploads\/2021\/11\/EnergoGlobal-proizvodnja-prodaja-servis-iznajmljivanje-montaza-agregata-04-300x200.jpg 300w, https:\/\/energoglobal.com\/wp-content\/uploads\/2021\/11\/EnergoGlobal-proizvodnja-prodaja-servis-iznajmljivanje-montaza-agregata-04-150x100.jpg 150w, https:\/\/energoglobal.com\/wp-content\/uploads\/2021\/11\/EnergoGlobal-proizvodnja-prodaja-servis-iznajmljivanje-montaza-agregata-04-768x513.jpg 768w, https:\/\/energoglobal.com\/wp-content\/uploads\/2021\/11\/EnergoGlobal-proizvodnja-prodaja-servis-iznajmljivanje-montaza-agregata-04-1536x1025.jpg 1536w, https:\/\/energoglobal.com\/wp-content\/uploads\/2021\/11\/EnergoGlobal-proizvodnja-prodaja-servis-iznajmljivanje-montaza-agregata-04-600x400.jpg 600w, https:\/\/energoglobal.com\/wp-content\/uploads\/2021\/11\/EnergoGlobal-proizvodnja-prodaja-servis-iznajmljivanje-montaza-agregata-04.jpg 1618w\" sizes=\"(max-width: 1024px) 100vw, 1024px\" \/><\/figure>\n\n\n\n<figure class=\"wp-block-image size-large\"><img loading=\"lazy\" decoding=\"async\" width=\"1024\" height=\"684\" data-id=\"1306\" src=\"https:\/\/energoglobal.com\/wp-content\/uploads\/2021\/11\/EnergoGlobal-proizvodnja-prodaja-servis-iznajmljivanje-montaza-agregata-20-1024x684.jpg\" alt=\"\" class=\"wp-image-1306\" srcset=\"https:\/\/energoglobal.com\/wp-content\/uploads\/2021\/11\/EnergoGlobal-proizvodnja-prodaja-servis-iznajmljivanje-montaza-agregata-20-1024x684.jpg 1024w, https:\/\/energoglobal.com\/wp-content\/uploads\/2021\/11\/EnergoGlobal-proizvodnja-prodaja-servis-iznajmljivanje-montaza-agregata-20-300x200.jpg 300w, https:\/\/energoglobal.com\/wp-content\/uploads\/2021\/11\/EnergoGlobal-proizvodnja-prodaja-servis-iznajmljivanje-montaza-agregata-20-150x100.jpg 150w, https:\/\/energoglobal.com\/wp-content\/uploads\/2021\/11\/EnergoGlobal-proizvodnja-prodaja-servis-iznajmljivanje-montaza-agregata-20-768x513.jpg 768w, https:\/\/energoglobal.com\/wp-content\/uploads\/2021\/11\/EnergoGlobal-proizvodnja-prodaja-servis-iznajmljivanje-montaza-agregata-20-1536x1025.jpg 1536w, https:\/\/energoglobal.com\/wp-content\/uploads\/2021\/11\/EnergoGlobal-proizvodnja-prodaja-servis-iznajmljivanje-montaza-agregata-20-600x400.jpg 600w, https:\/\/energoglobal.com\/wp-content\/uploads\/2021\/11\/EnergoGlobal-proizvodnja-prodaja-servis-iznajmljivanje-montaza-agregata-20.jpg 1618w\" sizes=\"(max-width: 1024px) 100vw, 1024px\" \/><\/figure>\n\n\n\n<figure class=\"wp-block-image size-large\"><img loading=\"lazy\" decoding=\"async\" width=\"1024\" height=\"684\" data-id=\"1303\" src=\"https:\/\/energoglobal.com\/wp-content\/uploads\/2021\/11\/EnergoGlobal-proizvodnja-prodaja-servis-iznajmljivanje-montaza-agregata-05-1024x684.jpg\" alt=\"\" class=\"wp-image-1303\" srcset=\"https:\/\/energoglobal.com\/wp-content\/uploads\/2021\/11\/EnergoGlobal-proizvodnja-prodaja-servis-iznajmljivanje-montaza-agregata-05-1024x684.jpg 1024w, https:\/\/energoglobal.com\/wp-content\/uploads\/2021\/11\/EnergoGlobal-proizvodnja-prodaja-servis-iznajmljivanje-montaza-agregata-05-300x200.jpg 300w, https:\/\/energoglobal.com\/wp-content\/uploads\/2021\/11\/EnergoGlobal-proizvodnja-prodaja-servis-iznajmljivanje-montaza-agregata-05-150x100.jpg 150w, https:\/\/energoglobal.com\/wp-content\/uploads\/2021\/11\/EnergoGlobal-proizvodnja-prodaja-servis-iznajmljivanje-montaza-agregata-05-768x513.jpg 768w, https:\/\/energoglobal.com\/wp-content\/uploads\/2021\/11\/EnergoGlobal-proizvodnja-prodaja-servis-iznajmljivanje-montaza-agregata-05-1536x1025.jpg 1536w, https:\/\/energoglobal.com\/wp-content\/uploads\/2021\/11\/EnergoGlobal-proizvodnja-prodaja-servis-iznajmljivanje-montaza-agregata-05-600x400.jpg 600w, https:\/\/energoglobal.com\/wp-content\/uploads\/2021\/11\/EnergoGlobal-proizvodnja-prodaja-servis-iznajmljivanje-montaza-agregata-05.jpg 1618w\" sizes=\"(max-width: 1024px) 100vw, 1024px\" \/><\/figure>\n\n\n\n<figure class=\"wp-block-image size-large\"><img loading=\"lazy\" decoding=\"async\" width=\"1024\" height=\"684\" data-id=\"1304\" src=\"https:\/\/energoglobal.com\/wp-content\/uploads\/2021\/11\/EnergoGlobal-proizvodnja-prodaja-servis-iznajmljivanje-montaza-agregata-14-1-1024x684.jpg\" alt=\"\" class=\"wp-image-1304\" srcset=\"https:\/\/energoglobal.com\/wp-content\/uploads\/2021\/11\/EnergoGlobal-proizvodnja-prodaja-servis-iznajmljivanje-montaza-agregata-14-1-1024x684.jpg 1024w, https:\/\/energoglobal.com\/wp-content\/uploads\/2021\/11\/EnergoGlobal-proizvodnja-prodaja-servis-iznajmljivanje-montaza-agregata-14-1-300x200.jpg 300w, https:\/\/energoglobal.com\/wp-content\/uploads\/2021\/11\/EnergoGlobal-proizvodnja-prodaja-servis-iznajmljivanje-montaza-agregata-14-1-150x100.jpg 150w, https:\/\/energoglobal.com\/wp-content\/uploads\/2021\/11\/EnergoGlobal-proizvodnja-prodaja-servis-iznajmljivanje-montaza-agregata-14-1-768x513.jpg 768w, https:\/\/energoglobal.com\/wp-content\/uploads\/2021\/11\/EnergoGlobal-proizvodnja-prodaja-servis-iznajmljivanje-montaza-agregata-14-1-1536x1025.jpg 1536w, https:\/\/energoglobal.com\/wp-content\/uploads\/2021\/11\/EnergoGlobal-proizvodnja-prodaja-servis-iznajmljivanje-montaza-agregata-14-1-600x400.jpg 600w, https:\/\/energoglobal.com\/wp-content\/uploads\/2021\/11\/EnergoGlobal-proizvodnja-prodaja-servis-iznajmljivanje-montaza-agregata-14-1.jpg 1618w\" sizes=\"(max-width: 1024px) 100vw, 1024px\" \/><\/figure>\n\n\n\n<figure class=\"wp-block-image size-large\"><img loading=\"lazy\" decoding=\"async\" width=\"1024\" height=\"684\" data-id=\"1305\" src=\"https:\/\/energoglobal.com\/wp-content\/uploads\/2021\/11\/EnergoGlobal-proizvodnja-prodaja-servis-iznajmljivanje-montaza-agregata-19-1024x684.jpg\" alt=\"\" class=\"wp-image-1305\" srcset=\"https:\/\/energoglobal.com\/wp-content\/uploads\/2021\/11\/EnergoGlobal-proizvodnja-prodaja-servis-iznajmljivanje-montaza-agregata-19-1024x684.jpg 1024w, https:\/\/energoglobal.com\/wp-content\/uploads\/2021\/11\/EnergoGlobal-proizvodnja-prodaja-servis-iznajmljivanje-montaza-agregata-19-300x200.jpg 300w, https:\/\/energoglobal.com\/wp-content\/uploads\/2021\/11\/EnergoGlobal-proizvodnja-prodaja-servis-iznajmljivanje-montaza-agregata-19-150x100.jpg 150w, https:\/\/energoglobal.com\/wp-content\/uploads\/2021\/11\/EnergoGlobal-proizvodnja-prodaja-servis-iznajmljivanje-montaza-agregata-19-768x513.jpg 768w, https:\/\/energoglobal.com\/wp-content\/uploads\/2021\/11\/EnergoGlobal-proizvodnja-prodaja-servis-iznajmljivanje-montaza-agregata-19-1536x1025.jpg 1536w, https:\/\/energoglobal.com\/wp-content\/uploads\/2021\/11\/EnergoGlobal-proizvodnja-prodaja-servis-iznajmljivanje-montaza-agregata-19-600x400.jpg 600w, https:\/\/energoglobal.com\/wp-content\/uploads\/2021\/11\/EnergoGlobal-proizvodnja-prodaja-servis-iznajmljivanje-montaza-agregata-19.jpg 1618w\" sizes=\"(max-width: 1024px) 100vw, 1024px\" \/><\/figure>\n<\/figure>\n\n\n\n<div style=\"height:20px\" aria-hidden=\"true\" class=\"wp-block-spacer\"><\/div>\n\n\n\n<p>Pred\u00e1vame nov\u00e9 elektrocentr\u00e1ly, in\u0161talujeme kompletn\u00e9 syst\u00e9my pre z\u00e1lo\u017en\u00e9 a nepreru\u0161ite\u013en\u00e9 nap\u00e1janie (Gener\u00e1tor + UPS), ako aj gener\u00e1lne opravy a automatiz\u00e1ciu pou\u017eit\u00fdch dieselagreg\u00e1tov. Okrem predaja dieselagreg\u00e1tov pon\u00fakame aj servis, prevent\u00edvnu a havarijn\u00fa \u00fadr\u017ebu s dia\u013ekovou mont\u00e1\u017eou 7\/24 h. Slu\u017eba m\u00e1 14 \u010dlenov a 6 mobiln\u00fdch servisn\u00fdch t\u00edmov, je k dispoz\u00edcii 24 hod\u00edn denne a je dostupn\u00e1 pre v\u0161etk\u00fdch na\u0161ich z\u00e1kazn\u00edkov, v\u0161etci s t\u00fa\u017ebou poskytn\u00fa\u0165 potrebn\u00fa energiu pre bezprobl\u00e9mov\u00e9 fungovanie ich podnikania.<\/p>\n\n\n\n<p>Disponujeme vozov\u00fdm parkom viac ako 30 elektrocentr\u00e1l r\u00f4znych v\u00fdkonov (do 3kVA a\u017e 1000kVA), ktor\u00e9 prenaj\u00edmame s mo\u017enos\u0165ou mont\u00e1\u017ee, dopravy a neust\u00e1lej pr\u00edtomnosti odborn\u00edka.<\/p>\n\n\n\n<p>Na\u0161e gener\u00e1torov\u00e9 s\u00fapravy sa vyzna\u010duj\u00fa:<\/p>\n\n\n\n<ul>\n<li>Kompaktn\u00fd dizajn.<\/li>\n\n\n\n<li>Automatick\u00fd \u0161tart pri v\u00fdpadku siete<\/li>\n\n\n\n<li>Regul\u00e1cia nap\u00e4tia pod pol percenta.<\/li>\n\n\n\n<li>Puzdr\u00e1 z pozinkovan\u00e9ho plechu odoln\u00e9ho vo\u010di UV \u017eiareniu.<\/li>\n\n\n\n<li>\u013dahk\u00fd pr\u00edstup pre tankovanie zvonku.<\/li>\n\n\n\n<li>Antivibra\u010dn\u00e9 tlmi\u010de na zn\u00ed\u017eenie vibr\u00e1ci\u00ed.<\/li>\n\n\n\n<li>Certifikovan\u00e9 h\u00e1ky na zdv\u00edhanie agreg\u00e1tu a priestor pre obsluhu vysokozdvi\u017en\u00e9ho voz\u00edka.<\/li>\n\n\n\n<li>\u013dahko \u010ditate\u013en\u00fd ovl\u00e1da\u010d.<\/li>\n\n\n\n<li>Mechanick\u00e1 ochrana proti mobiln\u00fdm a hor\u00facim \u010dastiam.<\/li>\n\n\n\n<li>Extern\u00e9 k\u00e1blov\u00e9 pripojenia.<\/li>\n\n\n\n<li>Mechanick\u00e9 a elektronick\u00e9 indik\u00e1tory paliva.<\/li>\n\n\n\n<li>Digit\u00e1lne regul\u00e1tory nap\u00e4tia AVR.<\/li>\n\n\n\n<li>Vzdialen\u00fd monitoring a monitoring GSM, GPRS, ETHERNET.<\/li>\n\n\n\n<li>Hist\u00f3ria pr\u00e1ce,<\/li>\n\n\n\n<li>Programovate\u013en\u00e9 PLC.<\/li>\n\n\n\n<li>Pred\u013a\u017een\u00e1 z\u00e1ruka 5 rokov<\/li>\n<\/ul>\n\n\n\n<p>Energoglobal V\u00e1m pon\u00faka aj tieto mo\u017enosti: SUPER SILENT, Paraleln\u00e1 prev\u00e1dzka dvoch elektrocentr\u00e1l, Paraleln\u00e1 prev\u00e1dzka so sie\u0165ou, \u0160pi\u010dkov\u00e9 holenie. Prenosn\u00e9 gener\u00e1torov\u00e9 s\u00fapravy v\u0161etk\u00fdch v\u00fdkonov ...<\/p>\n\n\n\n<p>Pri predaji dieselov\u00fdch gener\u00e1torov sa sna\u017e\u00edme vyjs\u0165 v \u00fastrety potreb\u00e1m trhu a poskytova\u0165 maxim\u00e1lnu kvalitu za konkuren\u010dn\u00e9 ceny. V na\u0161ej ponuke n\u00e1jdete ve\u013ek\u00fd v\u00fdber stacion\u00e1rnych dieselov\u00fdch gener\u00e1torov poh\u00e1\u0148an\u00fdch motormi od renomovan\u00fdch v\u00fdrobcov FTP Iveco, Perkins, Volvo Penta a Doosan.<\/p>\n\n\n\n<p>Na\u0161e agreg\u00e1ty sa vyzna\u010duj\u00fa n\u00edzkou hlu\u010dnos\u0165ou, n\u00edzkou spotrebou paliva a emisiami v\u00fdfukov\u00fdch plynov v s\u00falade s normami Eur\u00f3pskej \u00fanie. Okrem stacion\u00e1rnych dieselov\u00fdch gener\u00e1torov m\u00e1me na predaj aj prenosn\u00e9 gener\u00e1tory poh\u00e1\u0148an\u00e9 lombardsk\u00fdmi dieselov\u00fdmi motormi, \u010falej gener\u00e1tory poh\u00e1\u0148an\u00e9 benz\u00ednov\u00fdmi motormi Briggs &amp; Stratton a super tich\u00e9 gener\u00e1tory Energoglobal.<\/p>\n","protected":false},"excerpt":{"rendered":"<p>Miodrag Saki\u0107, gener\u00e1lny riadite\u013e Energoglobal \u201eSpo\u013eahliv\u00e1 energia\u201c \u2013 slogan, ktor\u00fdm na\u0161a spolo\u010dnos\u0165 skuto\u010dne \u017eije. M\u00e1me dlhoro\u010dn\u00e9 sk\u00fasenosti s v\u00fdrobou a servisom","protected":false},"author":1,"featured_media":1560,"parent":0,"menu_order":2,"comment_status":"closed","ping_status":"closed","template":"","meta":{"advgb_blocks_editor_width":"","advgb_blocks_columns_visual_guide":"","footnotes":""},"acf":[],"coauthors":[],"author_meta":{"author_link":"https:\/\/energoglobal.com\/sk\/author\/sd_energglobe2021\/","display_name":"Stevan Djokovic"},"relative_dates":{"created":"Posted 4 years ago","modified":"Updated 2 years ago"},"absolute_dates":{"created":"Posted on 21\/10\/2021","modified":"Updated on 17\/04\/2024"},"absolute_dates_time":{"created":"Posted on 21\/10\/2021 01:35","modified":"Updated on 17\/04\/2024 17:10"},"featured_img_caption":"","featured_img":"https:\/\/energoglobal.com\/wp-content\/uploads\/2021\/12\/Share_O-nama_Kompanija-Energoglobal-EG.jpg","series_order":"","_links":{"self":[{"href":"https:\/\/energoglobal.com\/sk\/wp-json\/wp\/v2\/pages\/65945"}],"collection":[{"href":"https:\/\/energoglobal.com\/sk\/wp-json\/wp\/v2\/pages"}],"about":[{"href":"https:\/\/energoglobal.com\/sk\/wp-json\/wp\/v2\/types\/page"}],"author":[{"embeddable":true,"href":"https:\/\/energoglobal.com\/sk\/wp-json\/wp\/v2\/users\/1"}],"replies":[{"embeddable":true,"href":"https:\/\/energoglobal.com\/sk\/wp-json\/wp\/v2\/comments?post=65945"}],"version-history":[{"count":0,"href":"https:\/\/energoglobal.com\/sk\/wp-json\/wp\/v2\/pages\/65945\/revisions"}],"wp:featuredmedia":[{"embeddable":true,"href":"https:\/\/energoglobal.com\/sk\/wp-json\/wp\/v2\/media\/1560"}],"wp:attachment":[{"href":"https:\/\/energoglobal.com\/sk\/wp-json\/wp\/v2\/media?parent=65945"}],"curies":[{"name":"wp","href":"https:\/\/api.w.org\/{rel}","templated":true}]}}