{"id":66017,"date":"2021-10-21T01:39:18","date_gmt":"2021-10-20T23:39:18","guid":{"rendered":"https:\/\/energoglobal.com\/de\/?page_id=66017"},"modified":"2024-04-15T13:24:51","modified_gmt":"2024-04-15T11:24:51","slug":"zugriff-auf-personenbezogene-daten","status":"publish","type":"page","link":"https:\/\/energoglobal.com\/de\/zugriff-auf-personenbezogene-daten\/","title":{"rendered":"Zugriff auf personenbezogene Daten"},"content":{"rendered":"\n<p>Benutzer der Website k\u00f6nnen bei Bedarf nach ihrem Vornamen, Nachnamen, ihrer E-Mail-Adresse und Telefonnummer gefragt werden, w\u00e4hrend Cookies die IP-Adresse des Benutzers erfassen, es sei denn, der Benutzer hat seine Browser- und Datenschutzeinstellungen auf unserer Website anders eingerichtet.<\/p>\n\n\n\n<p>Benutzer k\u00f6nnen unsere Seite auch anonym besuchen. Wir erheben personenbezogene Daten nur, wenn der Nutzer unserer Website in die Datenerhebung gem\u00e4\u00df dieser Datenschutzerkl\u00e4rung einwilligt. EnergoGlobal d.o.o. sammelt personenbezogene Identifikationsdaten des Benutzers auf folgende Weise:<\/p>\n\n\n\n<ul>\n<li>\u00dcber das Kontaktformular<\/li>\n\n\n\n<li>\u00dcber das Formular zum Herunterladen von Brosch\u00fcren<\/li>\n\n\n\n<li>Durch Cookies im Browser und in Verbindung mit den Diensten, Aktivit\u00e4ten, Ressourcen und Funktionen, die auf unserer Website verf\u00fcgbar sind.<\/li>\n<\/ul>\n\n\n\n<p>Benutzer k\u00f6nnen sich jederzeit weigern, ihre pers\u00f6nlichen Daten bereitzustellen, in diesem Fall k\u00f6nnen ihnen bestimmte Funktionalit\u00e4ten, die M\u00f6glichkeit, bestimmte Aktivit\u00e4ten und Aktionen auf der Website durchzuf\u00fchren, verweigert werden.<\/p>\n\n\n\n<p>EnergoGlobal d.o.o. beh\u00e4lt sich das Recht vor, Identifikationsdaten des Benutzers zu sammeln, die nicht personenbezogener Herkunft sind, wie solche \u00fcber den Browser, den Computertyp und technische Informationen \u00fcber die Verwendung von Mitteln zur Verbindung mit unserer Website, wie das Betriebssystem des Computers und den Internetanbieter , zum Zwecke der statistischen Analyse und Verbesserung seiner digitalen Fonds.<\/p>\n\n\n\n<p>EnergoGlobal d.o.o. Ihre personenbezogenen Daten werden nicht an Dritte weitergegeben, sofern dies gesetzlich vorgeschrieben ist.<\/p>\n\n\n\n<p>In \u00dcbereinstimmung mit den geltenden gesetzlichen Bestimmungen, gem\u00e4\u00df dem Gesetz zum Schutz personenbezogener Daten (\"Amtsblatt der Republik Serbien\" Nr. 97\/2008, 104\/2009, andere Gesetze, 68\/2012 - Entscheidung US und 107\/ 2012) und GDPR-Bestimmungen werden dem Website-Benutzer die folgenden Rechte gew\u00e4hrt:<\/p>\n\n\n\n<ul>\n<li>Mit den erhaltenen Daten, der Methode der Datenerhebung und -verwaltung gr\u00fcndlich vertraut sein<\/li>\n\n\n\n<li>Zugriff auf Ihre personenbezogenen Daten anzufordern<\/li>\n\n\n\n<li>Zu verlangen, dass seine personenbezogenen Daten aus der Datenbank gel\u00f6scht und vergessen werden<\/li>\n\n\n\n<li>sich jederzeit von der E-Mail-Liste abzumelden, f\u00fcr die er sich zuvor \u00fcber die Newsletter-Anmeldung angemeldet hat, falls vorhanden.<\/li>\n<\/ul>\n","protected":false},"excerpt":{"rendered":"<p>Benutzer der Website k\u00f6nnen bei Bedarf nach ihrem Vornamen, Nachnamen, ihrer E-Mail-Adresse und Telefonnummer gefragt werden, w\u00e4hrend Cookies die IP-Adresse des Benutzers erfassen,","protected":false},"author":1,"featured_media":0,"parent":0,"menu_order":104,"comment_status":"closed","ping_status":"closed","template":"","meta":{"advgb_blocks_editor_width":"","advgb_blocks_columns_visual_guide":"","footnotes":""},"acf":[],"coauthors":[],"author_meta":{"author_link":"https:\/\/energoglobal.com\/de\/author\/sd_energglobe2021\/","display_name":"Stevan Djokovic"},"relative_dates":{"created":"Posted 4 years ago","modified":"Updated 2 years ago"},"absolute_dates":{"created":"Posted on 21\/10\/2021","modified":"Updated on 15\/04\/2024"},"absolute_dates_time":{"created":"Posted on 21\/10\/2021 01:39","modified":"Updated on 15\/04\/2024 13:24"},"featured_img_caption":"","featured_img":false,"series_order":"","_links":{"self":[{"href":"https:\/\/energoglobal.com\/de\/wp-json\/wp\/v2\/pages\/66017"}],"collection":[{"href":"https:\/\/energoglobal.com\/de\/wp-json\/wp\/v2\/pages"}],"about":[{"href":"https:\/\/energoglobal.com\/de\/wp-json\/wp\/v2\/types\/page"}],"author":[{"embeddable":true,"href":"https:\/\/energoglobal.com\/de\/wp-json\/wp\/v2\/users\/1"}],"replies":[{"embeddable":true,"href":"https:\/\/energoglobal.com\/de\/wp-json\/wp\/v2\/comments?post=66017"}],"version-history":[{"count":0,"href":"https:\/\/energoglobal.com\/de\/wp-json\/wp\/v2\/pages\/66017\/revisions"}],"wp:attachment":[{"href":"https:\/\/energoglobal.com\/de\/wp-json\/wp\/v2\/media?parent=66017"}],"curies":[{"name":"wp","href":"https:\/\/api.w.org\/{rel}","templated":true}]}}