{"id":66015,"date":"2021-10-21T01:38:56","date_gmt":"2021-10-20T23:38:56","guid":{"rendered":"https:\/\/energoglobal.com\/de\/?page_id=66015"},"modified":"2024-04-15T13:23:07","modified_gmt":"2024-04-15T11:23:07","slug":"cookie-erklaerung","status":"publish","type":"page","link":"https:\/\/energoglobal.com\/de\/cookie-erklaerung\/","title":{"rendered":"Cookie-Erkl\u00e4rung"},"content":{"rendered":"\n<p>Wir verwenden Cookies, um Inhalte und Anzeigen zu personalisieren, Funktionen f\u00fcr soziale Medien bereitzustellen und den Datenverkehr zu analysieren. Wir teilen auch Informationen dar\u00fcber, wie Sie die Website nutzen, mit Social Media-, Werbe- und Analysepartnern, die diese m\u00f6glicherweise mit anderen Informationen kombinieren, die Sie ihnen zur Verf\u00fcgung gestellt haben oder die sie aufgrund Ihrer Nutzung der Dienste gesammelt haben. Wenn Sie unsere Websites weiterhin nutzen, stimmen Sie der Verwendung von Cookies zu.<\/p>\n\n\n\n<p><strong>Was sind Cookies?<\/strong><\/p>\n\n\n\n<p>Cookies sind kleine Textdateien, die von Websites verwendet werden k\u00f6nnen, um die Benutzererfahrung effizienter zu gestalten. Das Gesetz besagt, dass wir Cookies auf Ihrem Ger\u00e4t speichern k\u00f6nnen, wenn sie f\u00fcr den Betrieb dieser Website unbedingt erforderlich sind. F\u00fcr alle anderen Arten von Cookies ben\u00f6tigen wir Ihre Zustimmung. Diese Website verwendet verschiedene Arten von Cookies. Einige Cookies, die auf unseren Seiten erscheinen, werden von Drittanbietern gesetzt. Sie k\u00f6nnen Ihre Zustimmung zur Cookie-Erkl\u00e4rung auf unseren Websites jederzeit \u00e4ndern oder widerrufen.<\/p>\n\n\n\n<p><strong>Welche Cookies verwenden wir?<\/strong><\/p>\n\n\n\n<p><strong>Allgemeine Cookies<\/strong><\/p>\n\n\n\n<p>Notwendige Cookies helfen dabei, die Website nutzbar zu machen, indem sie Grundfunktionen wie Seitennavigation und Zugriff auf sichere Bereiche der Website erm\u00f6glichen. Ohne diese Cookies kann die Website nicht richtig funktionieren.<\/p>\n\n\n\n<p><strong>Funktionale Cookies<\/strong><\/p>\n\n\n\n<p>Funktionalit\u00e4ts-Cookies erm\u00f6glichen es einer Website, sich Informationen zu merken, die das Verhalten oder Aussehen der Website \u00e4ndern, wie z. B. Ihre Spracheinstellung oder die Region, in der Sie sich befinden.<\/p>\n\n\n\n<p><strong>Statistik-Cookies<\/strong><\/p>\n\n\n\n<p>Statistik-Cookies helfen Website-Eigent\u00fcmern zu verstehen, wie Besucher mit der Website interagieren, indem anonym Informationen gesammelt und gemeldet werden.<\/p>\n\n\n\n<p><strong>Marketing-Cookies<\/strong><\/p>\n\n\n\n<p>Marketing-Cookies werden verwendet, um Besucher auf Websites zu verfolgen. Die Absicht besteht darin, Anzeigen anzuzeigen, die f\u00fcr den einzelnen Benutzer relevant und attraktiv sind und daher f\u00fcr Publisher und Drittwerbetreibende von gr\u00f6\u00dferem Wert sind.<\/p>\n\n\n\n<p>Unsere Website erlaubt keine Benutzerregistrierung auf der Website. Aus diesem Grund beziehen sich viele Cookies nur auf Website-Administratoren und sammeln keine Informationen von normalen Besuchern. Weitere Informationen zu Google-Cookies finden Sie hier. Informationen zu Facebook-Cookies finden Sie hier.<\/p>\n","protected":false},"excerpt":{"rendered":"<p>Wir verwenden Cookies, um Inhalte und Anzeigen zu personalisieren, Funktionen f\u00fcr soziale Medien bereitzustellen und den Datenverkehr zu analysieren. Wir teilen auch Informationen","protected":false},"author":1,"featured_media":0,"parent":0,"menu_order":103,"comment_status":"closed","ping_status":"closed","template":"","meta":{"advgb_blocks_editor_width":"","advgb_blocks_columns_visual_guide":"","footnotes":""},"acf":[],"coauthors":[],"author_meta":{"author_link":"https:\/\/energoglobal.com\/de\/author\/sd_energglobe2021\/","display_name":"Stevan Djokovic"},"relative_dates":{"created":"Posted 4 years ago","modified":"Updated 2 years ago"},"absolute_dates":{"created":"Posted on 21\/10\/2021","modified":"Updated on 15\/04\/2024"},"absolute_dates_time":{"created":"Posted on 21\/10\/2021 01:38","modified":"Updated on 15\/04\/2024 13:23"},"featured_img_caption":"","featured_img":false,"series_order":"","_links":{"self":[{"href":"https:\/\/energoglobal.com\/de\/wp-json\/wp\/v2\/pages\/66015"}],"collection":[{"href":"https:\/\/energoglobal.com\/de\/wp-json\/wp\/v2\/pages"}],"about":[{"href":"https:\/\/energoglobal.com\/de\/wp-json\/wp\/v2\/types\/page"}],"author":[{"embeddable":true,"href":"https:\/\/energoglobal.com\/de\/wp-json\/wp\/v2\/users\/1"}],"replies":[{"embeddable":true,"href":"https:\/\/energoglobal.com\/de\/wp-json\/wp\/v2\/comments?post=66015"}],"version-history":[{"count":0,"href":"https:\/\/energoglobal.com\/de\/wp-json\/wp\/v2\/pages\/66015\/revisions"}],"wp:attachment":[{"href":"https:\/\/energoglobal.com\/de\/wp-json\/wp\/v2\/media?parent=66015"}],"curies":[{"name":"wp","href":"https:\/\/api.w.org\/{rel}","templated":true}]}}