{"id":66013,"date":"2021-10-21T01:38:30","date_gmt":"2021-10-20T23:38:30","guid":{"rendered":"https:\/\/energoglobal.com\/de\/?page_id=66013"},"modified":"2024-04-15T13:21:38","modified_gmt":"2024-04-15T11:21:38","slug":"datenschutz-bestimmungen","status":"publish","type":"page","link":"https:\/\/energoglobal.com\/de\/datenschutz-bestimmungen\/","title":{"rendered":"Datenschutz-Bestimmungen"},"content":{"rendered":"\n<p>Der folgende Text enth\u00e4lt eine Benachrichtigung, d. h. Informationen dar\u00fcber, wie EnergoGlobal doo Futog Ihre personenbezogenen Daten gem\u00e4\u00df dem Gesetz zum Schutz personenbezogener Daten (\u201eAmtsblatt der RS\u201c Nr. 87\/2018) und beim Zugriff auf die Website www verarbeitet. energoglobal.com und deren Speicherung in den Datenbanken von EnergoGlobal doo Futog.<\/p>\n\n\n\n<p>Personenbezogene Daten sind alle Daten, die sich direkt oder indirekt auf Sie als nat\u00fcrliche Person beziehen oder beziehen k\u00f6nnen. Als Rechtsgrundlage f\u00fcr den Datenschutz und die Bedingungen f\u00fcr die Verarbeitung Ihrer Daten wenden wir das Gesetz zum Schutz personenbezogener Daten (\u201eAmtsblatt der RS\u201c, Nr. 87\/2018), im Folgenden \u201edas Gesetz\u201c) an.<\/p>\n\n\n\n<p>EnergoGlobal doo Futog, Ul. Fru\u0161kogorska Nr. 57 PIB: 106644707, ID-Nummer 021499315, verarbeitet Ihre personenbezogenen Daten im Zusammenhang mit der Nutzung des Webshops und ist f\u00fcr die Verarbeitung Ihrer personenbezogenen Daten verantwortlich.<\/p>\n\n\n\n<p>Sie erreichen uns \u00fcber die E-Mail-Adresse office@energoglobal.com oder telefonisch unter der Telefonnummer Tel. +381 (21) 49 93 15.<\/p>\n\n\n\n<p><strong>1. Wie erheben oder erhalten wir Ihre personenbezogenen Daten?<\/strong><\/p>\n\n\n\n<p>Wir erfassen Ihre personenbezogenen Daten, wenn dies f\u00fcr Ihre Bed\u00fcrfnisse als Verbraucher oder f\u00fcr unser Gesch\u00e4ft relevant ist (z. B. wenn Sie Produkte bei uns kaufen und\/oder bestellen, wenn Sie sich f\u00fcr den Versand von Newslettern, Viber-Nachrichten, SMS registrieren, wenn Sie unseren Anruf t\u00e4tigen Mitte usw.).<\/p>\n\n\n\n<p>Im Allgemeinen erhalten wir Informationen direkt von Ihnen, wenn Sie bestimmte Produkte oder Dienstleistungen bestellen oder ein bestimmtes Formular ausf\u00fcllen.<\/p>\n\n\n\n<p>Alle Ihre pers\u00f6nlichen Daten werden vertraulich behandelt und EnergoGlobal doo speichert sie angemessen.<\/p>\n\n\n\n<p><strong>2. Welche Daten wir von Ihnen erheben<\/strong><\/p>\n\n\n\n<p>EnergoGlobal doo ist berechtigt, Daten \u00fcber seine Kunden auf der Grundlage des Verbraucherschutzgesetzes selbst zu sammeln. Die personenbezogenen Daten, die wir in Abh\u00e4ngigkeit von Ihrer Interaktion mit EnergoGlobal verarbeiten, sind die personenbezogenen Daten sowohl von registrierten Mitgliedern des EnergoGlobal-Webshops und seinen Besuchern als auch von Personen, die auf andere Weise mit uns interagieren.<\/p>\n\n\n\n<p>Ihre Daten sind f\u00fcr uns erforderlich, um einen Fernabsatzvertrag abzuschlie\u00dfen, eine Bestellung zu erstellen, um Verpflichtungen aus einem Kaufvertrag zu erf\u00fcllen - Lieferung, Abrechnung, Entgegennahme und Abwicklung von Reklamationen.<\/p>\n\n\n\n<p>Beim Kauf\/Senden einer Online-Anfrage m\u00fcssen Sie Ihre Daten in die daf\u00fcr vorgesehenen Felder eingeben (Name, Nachname, E-Mail, Telefonnummer, Adresse). Sie k\u00f6nnen auch dann einkaufen, wenn Sie nicht als Gast auf der EnergoGlobal-Website registriert sind. Wir verwenden die so erhobenen Daten ausschlie\u00dflich zur Abwicklung des Kaufvertrages, was die Verwaltung und Nachverfolgung von Bestellungen und die Kommunikation mit Ihnen umfasst.<\/p>\n\n\n\n<p>Abh\u00e4ngig von der Art und Weise, wie Sie uns kontaktiert haben, und der Art der Anfrage k\u00f6nnen die von uns verarbeiteten Daten Ihren Vor- und Nachnamen, Ihre Telefonnummer, Ihre E-Mail-Adresse und andere Informationen \u00fcber Sie enthalten, die Sie mit uns ausgetauscht haben und die sich auf Ihre Anfrage beziehen.<\/p>\n\n\n\n<p>Wir k\u00f6nnen die so erhobenen Daten verarbeiten, um Ihre Anfragen zu beantworten, um statistische Daten zu sammeln, um unser Gesch\u00e4ft zu verbessern. F\u00fcr statistische Zwecke wird eine Anonymisierung vorgenommen, sodass die Daten nicht einer bestimmten Person zugeordnet werden k\u00f6nnen.<\/p>\n\n\n\n<p><strong>2.1. Website-Besuch<\/strong><\/p>\n\n\n\n<p>EnergoGlobal doo verarbeitet Ihre Daten, wenn Sie diese Website besuchen. Dabei werden verschiedene Daten zwischen Ihrem Endger\u00e4t und unserem Server ausgetauscht, die auch personenbezogene Daten beinhalten k\u00f6nnen. Die so erhobenen Daten werden unter anderem dazu verwendet, unsere Website zu optimieren oder um Werbung im Browser Ihres Ger\u00e4ts anzuzeigen.<\/p>\n\n\n\n<p>Beim Aufrufen unserer Website wird durch den auf Ihrem Endger\u00e4t zum Einsatz kommenden Browser automatisch und ohne Ihr Zutun an den Server unserer Website gesendet:<\/p>\n\n\n\n<p>- IP-Adresse des Ger\u00e4ts, von dem die Anfrage gesendet wurde und das Zugang zum Internet hat,<\/p>\n\n\n\n<p>- Datum und Uhrzeit des Zugriffs,<\/p>\n\n\n\n<p>- Name und URL der heruntergeladenen Datei,<\/p>\n\n\n\n<p>- die Website\/Anwendung, von der aus der Zugriff erfolgt (Referrer-URL),<\/p>\n\n\n\n<p>- der von Ihnen verwendete Browser und ggf. das Betriebssystem des internetf\u00e4higen Rechners sowie der Name Ihres Providers.<\/p>\n\n\n\n<p>Der Server speichert die oben genannten Daten tempor\u00e4r in einem sogenannten Logfile zu folgenden Zwecken:<\/p>\n\n\n\n<p>- Gew\u00e4hrleistung eines reibungslosen Verbindungsaufbaus,<\/p>\n\n\n\n<p>- Gew\u00e4hrleistung einer komfortablen Nutzung unserer Website\/Applikation,<\/p>\n\n\n\n<p>- Bewertung der Systemsicherheit und -stabilit\u00e4t.<\/p>\n\n\n\n<p>Wenn Sie in Ihrem Browser, im Betriebssystem oder in anderen Einstellungen Ihres Ger\u00e4ts die sog Geolokalisierung, d.h. Sie haben Ihre Einwilligung erteilt, wir nutzen diese Funktion, um Ihnen individuelle Services basierend auf Ihrem aktuellen Standort anzubieten. Standortdaten verarbeiten wir ausschlie\u00dflich zum angegebenen Zweck.<\/p>\n\n\n\n<p>Rechtsgrundlage f\u00fcr die Verarbeitung der IP-Adresse ist das berechtigte Interesse, das sich aus dem oben genannten Zweck der Datenverarbeitung ergibt, da es eine technische Voraussetzung f\u00fcr das Funktionieren der Seite ist. Diese Daten \u00fcbertragen wir nicht an Dritte. Die Daten werden w\u00e4hrend des Seitenbesuchs vor\u00fcbergehend gespeichert und danach automatisch gel\u00f6scht. Nach Verlassen unserer Website werden die Geolokalisierungsdaten gel\u00f6scht.<\/p>\n\n\n\n<p><strong>2.2. Erstellen eines Benutzerprofils<\/strong><\/p>\n\n\n\n<p>W\u00e4hrend der Registrierung Ihres Kontos ist es notwendig, bestimmte Informationen \u00fcber sich selbst einzugeben, wie z. B.: Name, Nachname, Telefon, E-Mail;<\/p>\n\n\n\n<p>Mit Ihrer Einwilligung erfassen wir Ihr Verhalten als Nutzer unserer Website und unseres Newsletters. Das Tracking des Nutzerverhaltens umfasst in erster Linie Daten dar\u00fcber, auf welchen Abschnitten Sie sich aufgehalten und welche Links Sie verwendet haben. Auf diese Weise erstellen wir personalisierte Nutzungsprofile mit Ihren pers\u00f6nlichen Daten und\/oder mit Angaben zu Ihrer E-Mail-Adresse, um unsere Kommunikation in Form von Newslettern, Onsite-Werbung und Drucksachen ggf. besser an Ihre pers\u00f6nlichen Interessen anzupassen, dadurch unser Angebot verbessern.<\/p>\n\n\n\n<p>Wir geben diese Daten nicht an Dritte weiter.<\/p>\n\n\n\n<p>Wenn Sie Ihre Einwilligung f\u00fcr individuelle Werbung widerrufen oder mit bestimmten Werbema\u00dfnahmen nicht einverstanden sind, l\u00f6schen wir Ihre Daten aus dem entsprechenden Verteiler.<\/p>\n\n\n\n<p>Wenn Sie Ihre Einwilligung widerrufen, wird Ihre Kontaktadresse f\u00fcr die weitere Datenverarbeitung zu Werbezwecken gesperrt.<\/p>\n\n\n\n<p><strong>2.3. Verwendung von Cookies<\/strong><\/p>\n\n\n\n<p>Wir verwenden auf unserer Website sogenannte Cookies. Cookies sind kleine Dateien, die auf Ihrem Endger\u00e4t (Laptop, Tablet, Smartphone etc.) gespeichert werden, wenn Sie unsere Website besuchen. Cookies richten auf Ihrem Endger\u00e4t keinen Schaden an, enthalten keine Viren, Trojaner oder sonstige Schadsoftware. Cookies speichern Informationen, die im Zusammenhang mit dem von Ihnen verwendeten Ger\u00e4t gewonnen werden. Dies bedeutet jedoch nicht, dass uns Ihre Identit\u00e4t bekannt wird. Der Einsatz von Cookies dient einerseits dazu, Ihren Besuch auf der Website angenehmer zu gestalten. Wir verwenden sie, um zu erkennen, dass Sie bestimmte Bereiche unserer Seite bereits besucht haben oder bereits in Ihr Benutzerkonto eingeloggt sind. Sie werden nach Verlassen unserer Seite automatisch gel\u00f6scht. Dar\u00fcber hinaus setzen wir ebenfalls tempor\u00e4re Cookies ein, die f\u00fcr einen bestimmten festgelegten Zeitraum auf Ihrem Endger\u00e4t gespeichert werden. Besuchen Sie unsere Seite erneut, wird automatisch erkannt, dass Sie bereits auf der Seite waren und welche Einstellungen Sie get\u00e4tigt haben, um diese nicht noch einmal eingeben zu m\u00fcssen.<\/p>\n\n\n\n<p>Zum anderen setzen wir Cookies ein, um die Nutzung unserer Website statistisch zu erfassen, um das Angebot zu optimieren und Ihnen interessengerechte Informationen anzuzeigen. Diese Cookies erm\u00f6glichen es uns, Sie bei einem erneuten Besuch unserer Website automatisch wiederzuerkennen. Diese Cookies werden nach 5 Jahren automatisch gel\u00f6scht.<\/p>\n\n\n\n<p>Die meisten Browser akzeptieren Cookies automatisch. Sie k\u00f6nnen Ihren Browser jedoch so einstellen, dass keine Cookies auf Ihrem Computer gespeichert werden oder stets ein Hinweis erscheint, bevor ein neuer Cookie angelegt wird. Die vollst\u00e4ndige Deaktivierung von Cookies kann jedoch dazu f\u00fchren, dass Sie nicht alle Funktionen unserer Website nutzen k\u00f6nnen.<\/p>\n\n\n\n<p><strong>3. Wer hat Zugriff auf Ihre Daten?<\/strong><\/p>\n\n\n\n<p>Auf Daten, die Sie uns freiwillig zur Verf\u00fcgung gestellt haben, haben innerhalb unseres Unternehmens nur diejenigen Stellen Zugriff, die diese zur Erf\u00fcllung vertraglicher oder gesetzlicher Pflichten oder zur Wahrung berechtigter Interessen ben\u00f6tigen. Im Rahmen der Vertragsbeziehung beauftragen wir weitere Dienstleister, die ggf. Zugriff auf Ihre personenbezogenen Daten erhalten. In diesen F\u00e4llen wird die Einhaltung der Vorschriften zum Schutz personenbezogener Daten vertraglich sichergestellt.<\/p>\n\n\n\n<p><strong>4. Wie lange speichern wir Ihre Daten?<\/strong><\/p>\n\n\n\n<p>Wir speichern personenbezogene Daten, solange es zur Erf\u00fcllung der oben genannten Zwecke erforderlich ist. Dabei ber\u00fccksichtigen wir die gesetzlichen Aufbewahrungspflichten. Wir erstellen die Kriterien f\u00fcr die Dauer der Datenspeicherung entsprechend dem Zweck, damit die Dauer optimal ist, um den Marketingzweck zu erreichen, w\u00e4hrend die Daten \u00fcber die get\u00e4tigten K\u00e4ufe und Kunden so lange gespeichert werden, wie es die Steuervorschriften und das Gesetz vorsehen Vorschriften \u00fcber den Kaufvertrag.<\/p>\n\n\n\n<p><strong>5. Sind Sie verpflichtet, uns Ihre Daten bereitzustellen?<\/strong><\/p>\n\n\n\n<p>Im Rahmen unserer Gesch\u00e4ftsbeziehung sind Sie verpflichtet, uns diejenigen personenbezogenen Daten bereitzustellen, die f\u00fcr die Anbahnung, Durchf\u00fchrung und Beendigung des Vertragsverh\u00e4ltnisses und zur Erf\u00fcllung der damit zusammenh\u00e4ngenden Pflichten erforderlich sind, sowie zu deren Erhebung wir gesetzlich verpflichtet sind verpflichtet oder aufgrund berechtigten Interesses berechtigt sind. Ohne diese Daten k\u00f6nnen wir in der Regel keine Gesch\u00e4ftsbeziehung mit Ihnen aufnehmen.<\/p>\n\n\n\n<p><strong>6. Welche Rechte haben Sie als betroffene Person?<\/strong><\/p>\n\n\n\n<p>\u2022 um Ihnen den Zugriff auf Ihre personenbezogenen Daten zu erm\u00f6glichen, um zu beantworten, f\u00fcr welche Zwecke die Sie betreffenden Daten verwendet werden, sowie um auf diese personenbezogenen Daten zuzugreifen, um den Zweck der Verarbeitung zu kennen, die Kategorien Ihrer personenbezogenen Daten, die wir speichern, Dritte oder Kategorien von Dritten, mit denen Ihre personenbezogenen Daten geteilt werden, den Zeitraum, in dem wir die Daten aufbewahren.<\/p>\n\n\n\n<p>\u2022 die Berichtigung unrichtiger, falsch eingegebener und\/oder veralteter Daten zu verlangen;<\/p>\n\n\n\n<p>\u2022 die L\u00f6schung Ihrer personenbezogenen Daten zu verlangen, wenn die Verarbeitung auf Ihrer Einwilligung beruht. Sie k\u00f6nnen Ihre Einwilligung jederzeit widerrufen, indem Sie sich auf die von uns vorgesehene Weise (per Nachricht an eine bestimmte Nummer oder \u00fcber einen bestimmten Link) sowie durch eine Nachricht an die bei APR registrierte E-Mail-Adresse abmelden. Wenn die Grundlage das Gesetz oder ein berechtigtes Interesse ist, k\u00f6nnen wir Ihrer Bitte um Datenl\u00f6schung nicht nachkommen;<\/p>\n\n\n\n<p>\u2022 die Verarbeitung Ihrer Daten einzuschr\u00e4nken, wenn Sie glauben, dass die Verarbeitung rechtswidrig ist, wenn Sie Widerspruch eingelegt haben oder wenn Sie der Meinung sind, dass EnergoGlobal Ihre Daten nicht mehr ben\u00f6tigt;<\/p>\n\n\n\n<p>\u2022 Einspruch gegen die Art und Weise, wie wir Ihre Daten verarbeiten, einzulegen, auch in F\u00e4llen, in denen unbestritten ist, dass wir die Daten gem\u00e4\u00df dem Gesetz verarbeiten;<\/p>\n\n\n\n<p>\u2022 gem\u00e4\u00df dem Gesetz eine Beschwerde beim Beauftragten f\u00fcr den Schutz personenbezogener Daten einzureichen.<\/p>\n\n\n\n<p>F\u00fcr alle Fragen und Anfragen bez\u00fcglich der Verarbeitung personenbezogener Daten k\u00f6nnen Sie sich an unseren Datenschutzbeauftragten wenden. Die Kontaktdaten lauten <a href=\"mailto:office@energoglobal.com\">office@energoglobal.com<\/a>.<\/p>\n","protected":false},"excerpt":{"rendered":"<p>Der folgende Text enth\u00e4lt eine Benachrichtigung, d. h. Informationen dar\u00fcber, wie EnergoGlobal doo Futog Ihre personenbezogenen Daten gem\u00e4\u00df dem Gesetz zum Schutz personenbezogener","protected":false},"author":1,"featured_media":0,"parent":0,"menu_order":102,"comment_status":"closed","ping_status":"closed","template":"","meta":{"advgb_blocks_editor_width":"","advgb_blocks_columns_visual_guide":"","footnotes":""},"acf":[],"coauthors":[],"author_meta":{"author_link":"https:\/\/energoglobal.com\/de\/author\/sd_energglobe2021\/","display_name":"Stevan Djokovic"},"relative_dates":{"created":"Posted 4 years ago","modified":"Updated 2 years ago"},"absolute_dates":{"created":"Posted on 21\/10\/2021","modified":"Updated on 15\/04\/2024"},"absolute_dates_time":{"created":"Posted on 21\/10\/2021 01:38","modified":"Updated on 15\/04\/2024 13:21"},"featured_img_caption":"","featured_img":false,"series_order":"","_links":{"self":[{"href":"https:\/\/energoglobal.com\/de\/wp-json\/wp\/v2\/pages\/66013"}],"collection":[{"href":"https:\/\/energoglobal.com\/de\/wp-json\/wp\/v2\/pages"}],"about":[{"href":"https:\/\/energoglobal.com\/de\/wp-json\/wp\/v2\/types\/page"}],"author":[{"embeddable":true,"href":"https:\/\/energoglobal.com\/de\/wp-json\/wp\/v2\/users\/1"}],"replies":[{"embeddable":true,"href":"https:\/\/energoglobal.com\/de\/wp-json\/wp\/v2\/comments?post=66013"}],"version-history":[{"count":0,"href":"https:\/\/energoglobal.com\/de\/wp-json\/wp\/v2\/pages\/66013\/revisions"}],"wp:attachment":[{"href":"https:\/\/energoglobal.com\/de\/wp-json\/wp\/v2\/media?parent=66013"}],"curies":[{"name":"wp","href":"https:\/\/api.w.org\/{rel}","templated":true}]}}