{"id":66011,"date":"2021-10-21T01:38:05","date_gmt":"2021-10-20T23:38:05","guid":{"rendered":"https:\/\/energoglobal.com\/de\/?page_id=66011"},"modified":"2024-04-15T13:19:21","modified_gmt":"2024-04-15T11:19:21","slug":"nutzungsbedingungen","status":"publish","type":"page","link":"https:\/\/energoglobal.com\/de\/nutzungsbedingungen\/","title":{"rendered":"Nutzungsbedingungen"},"content":{"rendered":"\n<p><strong>1. Allgemeine Bestimmungen<\/strong><\/p>\n\n\n\n<p>Diese Nutzungsbedingungen regeln die Methode der Mitgliederregistrierung, die Rechte und Pflichten der Mitglieder, die Methode des Kaufs und Verkaufs von Artikeln sowie Datenschutzbestimmungen, den Schutz von Urheberrechten und verwandten Schutzrechten und andere wichtige Fragen, die f\u00fcr das Funktionieren wichtig sind und Nutzung der Website (wwwenergoglobal.com), die im System des Unternehmens EnergoGlobal doo Futog, MB: 20650800, PIB: 106644707, mit Sitz in Fru\u0161kogorska 57, Futog, Novi Sad (im Folgenden: EnergoGlobal d.o.o.) betrieben wird.<\/p>\n\n\n\n<p>Der Zugriff auf die Produkte der Website wird sieben Tage die Woche, 24 Stunden am Tag erm\u00f6glicht. Ausnahmsweise kann die Website aufgrund routinem\u00e4\u00dfiger technischer Wartungsarbeiten sowie aufgrund anderer Umst\u00e4nde, f\u00fcr die EnergoGlobal d.o.o. keine Verantwortung tr\u00e4gt, und in \u00dcbereinstimmung mit Artikel 6 dieser Nutzungsbedingungen.<\/p>\n\n\n\n<p>Die Website enth\u00e4lt einen Katalog und eine Produktliste sowie:<\/p>\n\n\n\n<p>\u25cf Produktname und Beschreibung;<\/p>\n\n\n\n<p>\u25cf mindestens ein Foto des Produkts;<\/p>\n\n\n\n<p>\u25cf andere Produktinformationen.<\/p>\n\n\n\n<p>Jegliche Nutzung der Website als Ganzes oder eines Teils davon, die diesen Nutzungsbedingungen nicht entspricht, wird als Missbrauch der von EnergoGlobal d.o.o. bereitgestellten Dienste angesehen und gegen die Nutzungsbedingungen versto\u00dfen.<\/p>\n\n\n\n<p>Die Website dient der Durchf\u00fchrung von Verk\u00e4ufen \u00fcber das Internet und andere Kommunikationsmittel sowie der F\u00f6rderung des online Handels.<\/p>\n\n\n\n<p><strong>2. Benutzerregistrierung<\/strong><\/p>\n\n\n\n<p>Durch die Registrierung f\u00fcr den Zugriff auf die Website, durch den einmaligen Zugriff, um Anfragen zu senden, durch den Zugriff \u00fcber andere elektronische Kommunikationskan\u00e4le, um Verk\u00e4ufe (K\u00e4ufe per Telefon) zu t\u00e4tigen, sowie durch den Zugriff zu Informations- und Bildungszwecken, die Der Benutzer erkl\u00e4rt, dass er \u00fcber den Inhalt der Nutzungsbedingungen informiert wurde und dass er gleichzeitig ihre Bestimmungen akzeptiert und verpflichtet ist, die geltenden Vorschriften der Republik Serbien zu respektieren, wenn er den Webshop f\u00fcr jeden Zweck nutzt.<\/p>\n\n\n\n<p>Durch die Registrierung zur Nutzung der Website zum Zwecke des Kaufs und Verkaufs, durch den einmaligen Zugriff auf die Website zum Zweck des Kaufs und Verkaufs, durch den Zugriff \u00fcber andere elektronische Kommunikationskan\u00e4le zum Zweck des Kaufs und Verkaufs sowie durch den Zugriff zu Informationszwecken und Bildungszwecken (falls zutreffend) stimmen die Benutzer diesen Nutzungsbedingungen zu und schlie\u00dfen auf diese Weise eine Zugangsvereinbarung mit dem Dienstanbieter ab.<\/p>\n\n\n\n<p>Bei der Erstellung eines Kontos und bei jeder weiteren Eingabe von Daten ist der Benutzer verpflichtet, korrekte und vollst\u00e4ndige personenbezogene Daten einzugeben, und im Zusammenhang mit diesen Daten gem\u00e4\u00df dem Datenschutzgesetz die ausdr\u00fcckliche Zustimmung von EnergoGlobal d.o.o. Futog verarbeitet und speichert diese zum Zwecke der Erf\u00fcllung ihrer Verpflichtungen im Zusammenhang mit \u00dcber den Webshop bestellte Produkte oder seine gesetzlichen Verpflichtungen, Einziehung von Anspr\u00fcchen, Entwicklung seiner Bedingungen und Verhinderung potenziellen Missbrauchs.<\/p>\n\n\n\n<p>EnergoGlobal d.o.o. In \u00dcbereinstimmung mit den geltenden Vorschriften wird Futog alle verf\u00fcgbaren Ma\u00dfnahmen ergreifen, um die Daten des Benutzers sowie die Daten \u00fcber den abgeschlossenen Kauf zu sch\u00fctzen. Die oben genannten Daten werden als Gesch\u00e4ftsgeheimnis betrachtet.<\/p>\n\n\n\n<p>Vom Nutzer \u00fcber die Website eingegebene Nutzerdaten werden nicht zum Zwecke der Auslieferung verwendet<\/p>\n\n\n\n<p><strong>3. Haftungsbeschr\u00e4nkung von EnergoGlobal d.o.o.<\/strong><\/p>\n\n\n\n<p>Die Nutzung der Website von EnergoGlobal d.o.o. Futog liegt in der alleinigen Verantwortung des Benutzers.<\/p>\n\n\n\n<p>EnergoGlobal d.o.o. Futog garantiert weder die ununterbrochene Nutzung der Website, noch ist es in irgendeiner Weise verantwortlich f\u00fcr die eventuelle vor\u00fcbergehende Nichtverf\u00fcgbarkeit eines einzelnen Dienstes, noch f\u00fcr das teilweise oder vollst\u00e4ndige Nichtfunktionieren oder fehlerhafte Funktionieren davon, noch f\u00fcr die Folgen, die sich daraus ergeben k\u00f6nnten Nutzung dieses Shops.<\/p>\n\n\n\n<p>EnergoGlobal d.o.o. Futog ist nicht verantwortlich f\u00fcr technische Probleme, die sich aus Problemen bei der Bereitstellung elektronischer Kommunikationsdienste ergeben, die zu Verz\u00f6gerungen und\/oder einer fehlerhaften Verarbeitung elektronischer Daten, einschlie\u00dflich der Systemuhr, f\u00fchren k\u00f6nnen, da dies in der Verantwortung der Betreiber elektronischer Kommunikation (Internetdienstbetreiber) liegt ) in \u00dcbereinstimmung mit den Vorschriften f\u00fcr den Bereich der elektronischen Kommunikation.<\/p>\n\n\n\n<p>EnergoGlobal d.o.o. Futog haftet nicht f\u00fcr Sch\u00e4den oder Verletzungen, die durch versteckte M\u00e4ngel, Fehler, Unterbrechungen, L\u00f6schungen, Fehlfunktionen, Betriebsverz\u00f6gerungen oder \u00dcbertragung von Computerviren, Kommunikationsunterbrechungen, Diebstahl, Zerst\u00f6rung oder unbefugten Zugriff auf Daten, \u00c4nderung oder Missbrauch von Daten entstehen k\u00f6nnten durch Dritte Personen, Vertragsk\u00fcndigung, nutzungswidriges Verhalten, Fahrl\u00e4ssigkeit etc.<\/p>\n\n\n\n<p>EnergoGlobal d.o.o. Futog beh\u00e4lt sich das Recht vor, jedes Element seiner Plattform sowie die von ihm bereitgestellten Dienste und Inhalte, d. h. Eingaben, ohne vorherige oder nachtr\u00e4gliche Genehmigung oder Benachrichtigung gem\u00e4\u00df guter Gesch\u00e4ftspraxis und insbesondere in der Reihenfolge zu \u00e4ndern, zu l\u00f6schen (vor\u00fcbergehend oder dauerhaft). um die Integrit\u00e4t der Plattform, Sicherheitsdaten und regelm\u00e4\u00dfige Wartung zu wahren.<\/p>\n\n\n\n<p><strong>4. Verarbeitung und Schutz personenbezogener Daten<\/strong><\/p>\n\n\n\n<p>Die Datenschutzerkl\u00e4rung ist integraler Bestandteil dieser Nutzungsbedingungen. Durch die Annahme der Nutzungsbedingungen erkl\u00e4rt sich der Benutzer damit einverstanden, informiert zu werden und die in dieser Richtlinie vorgeschriebenen Regeln zum Schutz personenbezogener Daten zu akzeptieren.<\/p>\n\n\n\n<p><strong>5. Schutz des Urheberrechts und verwandter Rechte und anderer Rechte an geistigem Eigentum<\/strong><\/p>\n\n\n\n<p>EnergoGlobal d.o.o. Futog hat das ausschlie\u00dfliche Urheberrecht an der Website sowie an bestimmten Elementen, aus denen sie besteht, wie Text, Bild- und Tonelemente, visuelle Identit\u00e4t, Daten und Datenbanken, Programmcode und andere Elemente des Dienstes. Die Verwertung der erw\u00e4hnten urheberrechtlich gesch\u00fctzten Elemente ohne ausdr\u00fcckliche vorherige schriftliche Zustimmung von EnergoGlobal d.o.o. Futog, wird als Urheberrechtsverletzung betrachtet und EnergoGlobal d.o.o. In diesem Fall ist Futog berechtigt, alle verf\u00fcgbaren Rechtsmittel einzusetzen, um dieses Recht auszu\u00fcben.<\/p>\n\n\n\n<p>EnergoGlobal d.o.o. Futog tr\u00e4gt die alleinige Verantwortung f\u00fcr urheberrechtlich gesch\u00fctzte Inhalte. Jede Partei ist allein verantwortlich f\u00fcr ihre urheberrechtlich gesch\u00fctzten Inhalte.<\/p>\n\n\n\n<p><strong>6. \u00dcbergangs- und Schlussbestimmungen<\/strong><\/p>\n\n\n\n<p>EnergoGlobal d.o.o. Futog hat das Recht, diese Nutzungsbedingungen jederzeit zu \u00e4ndern oder zu erg\u00e4nzen, indem sie die \u00c4nderungen und Erg\u00e4nzungen in einem verfeinerten Text auf der Internetpr\u00e4sentation ver\u00f6ffentlicht und registrierten Benutzern eine Benachrichtigung per E-Mail-Adresse \u00fcber die \u00c4nderungen der Bedingungen zusendet Verwendungszweck, in dem kurz angegeben ist, worin die \u00c4nderungen bestehen. Danach wird jeder registrierte Benutzer durch Anmeldung bei www.energoglobal.com \u00fcber \u00c4nderungen der Nutzungsbedingungen informiert. Wenn registrierte Benutzer nicht erkl\u00e4ren, dass sie mit den \u00c4nderungen nicht einverstanden sind (durch Senden einer Benachrichtigung per E-Mail-Adresse), und wenn sie die Website weiterhin nutzen, wird davon ausgegangen, dass sie die \u00c4nderungen gelesen und ihnen zugestimmt haben. Wenn der Benutzer mit den \u00c4nderungen nicht einverstanden ist (durch Senden einer Benachrichtigung per E-Mail-Adresse), innerhalb von 5 Tagen ab dem Tag der ersten Anmeldung bei www.energoglobal.com, EnergoGlobal d.o.o. wird sein Benutzerkonto l\u00f6schen, wonach seine Mitgliedschaft endet.<\/p>\n\n\n\n<p>F\u00fcr alles, was nicht durch diese Nutzungsbedingungen geregelt ist, gilt die aktuelle Gesetzgebung der Republik Serbien.<\/p>\n\n\n\n<p>F\u00fcr alle Streitigkeiten, die zwischen EnergoGlobal d.o.o. Im Zusammenhang mit der Nutzung des Webshops gelten f\u00fcr die Fu\u00dfzeile und den Artikel die g\u00fcltigen Bestimmungen der Republik Serbien. Die Parteien verpflichten sich, eine friedliche Beilegung des Streits zu versuchen, andernfalls ist das Gericht in Belgrad zust\u00e4ndig.<\/p>\n\n\n\n<p>Diese Nutzungsbedingungen treten am Tag ihrer Ver\u00f6ffentlichung auf der Website www.energoglobal.com in Kraft und gelten acht Tage nach ihrer Ver\u00f6ffentlichung auf der Website von EnergoGlobal d.o.o.<\/p>\n\n\n\n<p>In Futog am 16.11.2021. Jahre.<\/p>\n\n\n\n<p>Stellvertretende Direktorin: Aleksandra Luki\u0107<\/p>\n\n\n\n<p>Hinweis: Dieses Dokument ist computergeneriert und ohne Unterschrift und Siegel g\u00fcltig.<\/p>\n","protected":false},"excerpt":{"rendered":"<p>1. Allgemeine Bestimmungen Diese Nutzungsbedingungen regeln die Methode der Mitgliederregistrierung, die Rechte und Pflichten der Mitglieder, die Methode des Kaufs und Verkaufs von","protected":false},"author":1,"featured_media":0,"parent":0,"menu_order":101,"comment_status":"closed","ping_status":"closed","template":"","meta":{"advgb_blocks_editor_width":"","advgb_blocks_columns_visual_guide":"","footnotes":""},"acf":[],"coauthors":[],"author_meta":{"author_link":"https:\/\/energoglobal.com\/de\/author\/sd_energglobe2021\/","display_name":"Stevan Djokovic"},"relative_dates":{"created":"Posted 5 years ago","modified":"Updated 2 years ago"},"absolute_dates":{"created":"Posted on 21\/10\/2021","modified":"Updated on 15\/04\/2024"},"absolute_dates_time":{"created":"Posted on 21\/10\/2021 01:38","modified":"Updated on 15\/04\/2024 13:19"},"featured_img_caption":"","featured_img":false,"series_order":"","_links":{"self":[{"href":"https:\/\/energoglobal.com\/de\/wp-json\/wp\/v2\/pages\/66011"}],"collection":[{"href":"https:\/\/energoglobal.com\/de\/wp-json\/wp\/v2\/pages"}],"about":[{"href":"https:\/\/energoglobal.com\/de\/wp-json\/wp\/v2\/types\/page"}],"author":[{"embeddable":true,"href":"https:\/\/energoglobal.com\/de\/wp-json\/wp\/v2\/users\/1"}],"replies":[{"embeddable":true,"href":"https:\/\/energoglobal.com\/de\/wp-json\/wp\/v2\/comments?post=66011"}],"version-history":[{"count":0,"href":"https:\/\/energoglobal.com\/de\/wp-json\/wp\/v2\/pages\/66011\/revisions"}],"wp:attachment":[{"href":"https:\/\/energoglobal.com\/de\/wp-json\/wp\/v2\/media?parent=66011"}],"curies":[{"name":"wp","href":"https:\/\/api.w.org\/{rel}","templated":true}]}}