{"id":66009,"date":"2021-10-21T01:41:39","date_gmt":"2021-10-20T23:41:39","guid":{"rendered":"https:\/\/energoglobal.com\/de\/?page_id=66009"},"modified":"2024-04-15T13:15:42","modified_gmt":"2024-04-15T11:15:42","slug":"haeufig-gestellte-fragen-und-antworten","status":"publish","type":"page","link":"https:\/\/energoglobal.com\/de\/haeufig-gestellte-fragen-und-antworten\/","title":{"rendered":"H\u00e4ufig gestellte Fragen und Antworten"},"content":{"rendered":"\n<p>Verfolgen Sie die neuesten Ereignisse, Werbeaktionen f\u00fcr Produkte und Dienstleistungen im Zusammenhang mit unserem Gesch\u00e4ft. Bleiben Sie \u00fcber die Ereignisse innerhalb des Unternehmens EnergoGlobal sowie \u00fcber aktuelle Trends in der Welt auf dem Laufenden.<\/p>\n\n\n\n<div class=\"wp-block-advgb-accordions advgb-accordions-7fb5838e-583c-41a3-9a8d-c32ae560c383 advgb-accordion-wrapper\" data-collapsed=\"true\">\n<div class=\"wp-block-advgb-accordion-item advgb-accordion-item\" style=\"margin-bottom:15px\"><div class=\"advgb-accordion-header\" style=\"background-color:#000;color:#eee;border-style:solid;border-width:1px;border-radius:2px\"><span class=\"advgb-accordion-header-icon\"><svg fill=\"#fff\" xmlns=\"http:\/\/www.w3.org\/2000\/svg\" width=\"24\" height=\"24\" viewBox=\"0 0 24 24\"><path opacity=\"0.87\" fill=\"none\" d=\"M24,24H0L0,0l24,0V24z\"><\/path><path d=\"M16.59,8.59L12,13.17L7.41,8.59L6,10l6,6l6-6L16.59,8.59z\"><\/path><\/svg><\/span><h4 class=\"advgb-accordion-header-title\" style=\"color:inherit\">Wie w\u00e4hlt man ein Aggregat aus und welches Aggregat kauft man?<\/h4><\/div><div class=\"advgb-accordion-body\" style=\"border-style:solid !important;border-width:1px !important;border-color:undefined !important;border-top:none !important;border-radius:2px !important\">\n<p><strong>Einige der grundlegenden Fragen, die bei der Auswahl von Aggregaten beantwortet werden m\u00fcssen<\/strong><\/p>\n\n\n\n<p>Zweck (Anwendung) f\u00fcr den das Aggregat verwendet werden soll?<\/p>\n\n\n\n<p>Typ und Leistung des Aggregats?<\/p>\n\n\n\n<p>Brauchen Sie Zuverl\u00e4ssigkeit?<\/p>\n\n\n\n<p>Art und Ort der Installation (Installation) von Aggregaten?<\/p>\n\n\n\n<p>Gesamtpreis (Budget)?<\/p>\n\n\n\n<p><strong>Zuerst m\u00fcssen Sie den Typ und die Leistung des ben\u00f6tigten Ger\u00e4ts ausw\u00e4hlen:<\/strong><\/p>\n\n\n\n<p>\u25cf <strong>Einphasig <\/strong>(230 V, 50 Hz): Zur ausschlie\u00dflichen Versorgung von einphasigen Verbrauchern bis 20 kVA<\/p>\n\n\n\n<p>\u25cf <strong>Dreiphasig <\/strong>(400 V\/230 V, 50 Hz): Zur Versorgung von dreiphasigen und einphasigen Verbrauchern von 3 kVA bis 20 kVA<\/p>\n\n\n\n<p>\u25cf <strong>Transportabler Benzin<\/strong>- oder Dieselmotor f\u00fcr Leistungen bis 20 kVA<\/p>\n\n\n\n<p>\u25cf <strong>Station\u00e4r <\/strong>von 10 kVA bis 2000 kVA<\/p>\n\n\n\n<p>\u25cf <strong>Offener Ger\u00e4tetyp<\/strong> \u2013 vorgesehen f\u00fcr die interne Installation<\/p>\n\n\n\n<p>\u25cf <strong>Aggregat in Containerbauweise (\u00dcberdachung)<\/strong> - f\u00fcr die Au\u00dfenaufstellung vorgesehen und kann im Inneren des Geb\u00e4udes aufgestellt werden (Schutz vor Witterungseinfl\u00fcssen und Schallschutz)<\/p>\n\n\n\n<p><strong>Erforderliche Gesamtleistung<\/strong><\/p>\n\n\n\n<p>Die Auswahl der Aggregatleistung ist ein komplexer Prozess und erfolgt auf Basis der Berechnung der Verbraucherleistung, der Art des Verbrauchers, der Art der Freigabe aller zu versorgenden Verbraucher aus dem Aggregat sowie der Berechnung der dadurch verursachten Spannungsabf\u00e4lle Verbraucher w\u00e4hrend des Startvorgangs.<\/p>\n\n\n\n<p>\u25cf Wenn kein Elektroantrieb vorhanden ist, ergibt sich die Aggregatleistung durch Aufsummieren aller Scheinleistungen der Verbraucher (kVA) mit einer Reserve von mindestens 10 % und Auswahl des ersten gr\u00f6\u00dferen Aggregattyps.<\/p>\n\n\n\n<p>\u25cf Bei elektromotorischem Antrieb ist vorgeschrieben, dass alle Elektromotoren \u00fcber 3 kW \u00fcber einen Sanftstarter oder Stern-Dreieck- oder Frequenzregler gestartet werden. Dann ergibt sich die Aggregatleistung, indem man alle Scheinleistungen des Verbrauchers addiert und den doppelten Wert der Scheinleistung des gr\u00f6\u00dften Elektromotors addiert und das erste gr\u00f6\u00dfere Standardaggregat ausw\u00e4hlt.<\/p>\n\n\n\n<p><strong>Erforderliche Zuverl\u00e4ssigkeit<\/strong><\/p>\n\n\n\n<p>Je nach Einsatzzweck wird auch die erforderliche Zuverl\u00e4ssigkeit des Aggregats ausgew\u00e4hlt. Wenn die Verbraucher sehr wichtig sind und eine hohe Zuverl\u00e4ssigkeit des Aggregatbetriebs erforderlich ist, m\u00fcssen bei der Auswahl eines Aggregats folgende Elemente ber\u00fccksichtigt werden:<\/p>\n\n\n\n<p>\u25cf <strong>ANTRIEBSMOTOR <\/strong>- W\u00e4hlen Sie einen Antriebsmotor eines renommierten europ\u00e4ischen Herstellers mit repr\u00e4sentativem Service und Ersatzteilen: PERKINS, FTP IVEKO, VOLVO...<\/p>\n\n\n\n<p>\u25cf <strong>GENERATOR <\/strong>- W\u00e4hlen Sie einen renommierten europ\u00e4ischen Hersteller STANFORD, MARELLI, MECC ALTE, LINZ, SINHRO...)<\/p>\n\n\n\n<p>\u25cf <strong>MIKROPROZESSORSTEUERUNG <\/strong>- Um den Betrieb von hochzuverl\u00e4ssigen Aggregaten zu steuern, werden die Hersteller ausgew\u00e4hlt, deren Steuerungen Sie auf unserem Markt auf Lager finden, wie (COM AP, DSE, DATAKOM...)<\/p>\n\n\n\n<p>\u25cf <strong>ATS (Automatic Transfer Switch)<\/strong> - Schaltschrank zum Schalten von Verbrauchernetzen\/Aggregaten - Komponenten namhafter europ\u00e4ischer Hersteller (ABB, SCHRACK, SCHNEIDER, NOARK) werden ausgew\u00e4hlt, die auf unserem Markt lagernd sind)<\/p>\n\n\n\n<p>\u25cf <strong>SERVICE SERVICE<\/strong> \u2013 Ein geschulter und ausgestatteter Service, der rund um die Uhr an sieben Tagen in der Woche schnell reagieren kann, ist einer der Schl\u00fcsselfaktoren bei der Auswahl eines Aggregats.<\/p>\n\n\n\n<p><strong>Zus\u00e4tzliche Elemente bei der Auswahl von Aggregaten:<\/strong><\/p>\n\n\n\n<p>\u25cf <strong>Redundantes (separates, unabh\u00e4ngiges) Gesamtsteuerungssystem<\/strong> - Mit unabh\u00e4ngigen Sendern, verwendet bei Ausfall der Hauptleitung<\/p>\n\n\n\n<p>\u25cf C<strong>abinet BY PASS<\/strong> \u2013 Ein unabh\u00e4ngiger Schrank, durch den die Stromversorgung bei Ausfall des ATS-Schranks umgeschaltet werden kann<\/p>\n\n\n\n<p>\u25cf <strong>SCADA <\/strong>\u2013 Fern\u00fcberwachung und -verwaltung des Aggregatbetriebs,<\/p>\n\n\n\n<p>\u25cf <strong>Art und Ort der Installation des Aggregats<\/strong> - Damit das Aggregat reibungslos verwendet werden kann, muss es gem\u00e4\u00df den erforderlichen Bedingungen installiert werden:<\/p>\n\n\n\n<p>\u25cf <strong>Der Raum, in dem sich das Ger\u00e4t und die Ausr\u00fcstung befinden<\/strong>: (Abmessungen des Raums)<\/p>\n\n\n\n<p>\u25cf <strong>Rauml\u00fcftung <\/strong>- Berechnung der erforderlichen Luftmenge und Auswahl der am besten geeigneten Methode zur Bel\u00fcftung des Presbyteriums<\/p>\n\n\n\n<p>\u25cf <strong>Konstruktion des Aggregatfundament<\/strong>s - Berechnung und Zeichnung des Fundaments auf der Grundlage des ausgew\u00e4hlten Aggregats<\/p>\n\n\n\n<p>\u25cf <strong>Art der Kraftstoffzufuhr<\/strong><\/p>\n\n\n\n<p>\u25cf <strong>Anfertigung der Auspuffanlage (Schalld\u00e4mpfer)<\/strong><\/p>\n\n\n\n<p>\u25cf <strong>Gesamtpreis<\/strong><\/p>\n\n\n\n<p>In der heutigen Zeit der Wirtschaftskrise ist der Preis des Aggregats eines der wichtigsten Elemente bei seiner Auswahl. Zweifellos ist dies der Faktor, auf dessen Grundlage ein Zuschlagstoff ausgew\u00e4hlt werden sollte, aber zuerst m\u00fcssen alle technischen Anforderungen an den Zuschlagstoff erf\u00fcllt, der Verwendungszweck ber\u00fccksichtigt und dann die ausgew\u00e4hlte Produktgruppe ber\u00fccksichtigt werden , sollte das Aggregat mit dem besten Preis ausgew\u00e4hlt werden.<\/p>\n<\/div><\/div>\n<\/div>\n\n\n\n<div class=\"wp-block-advgb-accordions advgb-accordions-630a9cb7-7561-47e2-8ac6-7c9d8ce80346 advgb-accordion-wrapper\" data-collapsed=\"true\">\n<div class=\"wp-block-advgb-accordion-item advgb-accordion-item\" style=\"margin-bottom:15px\"><div class=\"advgb-accordion-header\" style=\"background-color:#000;color:#eee;border-style:solid;border-width:1px;border-radius:2px\"><span class=\"advgb-accordion-header-icon\"><svg fill=\"#fff\" xmlns=\"http:\/\/www.w3.org\/2000\/svg\" width=\"24\" height=\"24\" viewBox=\"0 0 24 24\"><path opacity=\"0.87\" fill=\"none\" d=\"M24,24H0L0,0l24,0V24z\"><\/path><path d=\"M16.59,8.59L12,13.17L7.41,8.59L6,10l6,6l6-6L16.59,8.59z\"><\/path><\/svg><\/span><h4 class=\"advgb-accordion-header-title\" style=\"color:inherit\">Wie kann man Gesamtleistung verstehen?<\/h4><\/div><div class=\"advgb-accordion-body\" style=\"border-style:solid !important;border-width:1px !important;border-color:undefined !important;border-top:none !important;border-radius:2px !important\">\n<p>Um das Konzept der Leistung in Stromgeneratoren vollst\u00e4ndig zu verstehen, ist es notwendig, die folgenden drei Begriffe zu verstehen: Scheinleistung S, ausgedr\u00fcckt in KVA, Wirkleistung P, ausgedr\u00fcckt in kW, und Blindleistung Q, ausgedr\u00fcckt in kVAr.<\/p>\n\n\n\n<p>Wo also P die Wirkleistung ist, die Leistung, die n\u00fctzliche Arbeit verrichtet. Sie stellt den gr\u00f6\u00dften Teil der Scheinleistung dar und wird zur Versorgung aktiver Verbraucher, reiner Blindlasten (Verbraucher) aufgewendet.<\/p>\n\n\n\n<p>Q ist Blindleistung, Leistung, die verwendet wird, um verschiedene Verluste innerhalb des Ger\u00e4ts selbst zu decken, aber auch um Blindverbraucher mit Energie zu versorgen (Magnetisierung von Magnetkreisen bestimmter Ger\u00e4te, Leuchtstofflampen, Asynchronmotoren, Spannungsregelung an Transformatoren usw.).<\/p>\n\n\n\n<p>S ist sozusagen die Scheinleistung, die von unserem Generator erzeugte Gesamtleistung. Es hat sowohl aktive als auch reaktive Komponenten und deckt daher sowohl den aktiven als auch den reaktiven Verbrauch von Blindenergie ab. Der Leistungsfaktor, cos\u03c6, ist das Verh\u00e4ltnis von Wirkleistung zu Scheinleistung, cos\u03c6 = P\/S.<\/p>\n\n\n\n<p>Analog zu dieser Erkl\u00e4rung betrachten wir den Bierkrug aus dem Bild unten. Wenn wir in einer Bar ein Pint Bier bestellen, bekommen wir folgendes, ein 0,5 l Pint. Dieses Volumen ist analog zur Potenz von S, wir haben nach 0,5 l gefragt und das haben wir bekommen. Im Inneren des Bechers befindet sich ein fl\u00fcssiger Teil, ein Teil, der sowohl unserem Genuss und der Belebung als auch unseren Konsumenten dient. Es ist der Teil der Energie, den wir als Verbraucher direkt sp\u00fcren und genie\u00dfen. Schlie\u00dflich ist bis zum Rand des Bechers Schaum vorhanden, der dazu dient, den Becher vollst\u00e4ndig zu f\u00fcllen, beim Generator ist es Q, damit werden die Verluste durch die Strom\u00fcbertragung gedeckt, die Magnetisierung der Transformator erfolgt, um eine konstante Spannung an ihnen aufrechtzuerhalten. Daher ist die Energie, die wir nicht direkt f\u00fchlen k\u00f6nnen, aber sicherlich vorhanden und hat ihren Zweck, unseren Energiebedarf zu decken, genau wie der Schaum, der einen Becher f\u00fcllt.<\/p>\n<\/div><\/div>\n<\/div>\n","protected":false},"excerpt":{"rendered":"<p>Verfolgen Sie die neuesten Ereignisse, Werbeaktionen f\u00fcr Produkte und Dienstleistungen im Zusammenhang mit unserem Gesch\u00e4ft. Bleiben Sie \u00fcber die Ereignisse innerhalb des Unternehmens","protected":false},"author":1,"featured_media":1595,"parent":0,"menu_order":15,"comment_status":"closed","ping_status":"closed","template":"","meta":{"advgb_blocks_editor_width":"","advgb_blocks_columns_visual_guide":"","footnotes":""},"acf":[],"coauthors":[],"author_meta":{"author_link":"https:\/\/energoglobal.com\/de\/author\/sd_energglobe2021\/","display_name":"Stevan Djokovic"},"relative_dates":{"created":"Posted 4 years ago","modified":"Updated 2 years ago"},"absolute_dates":{"created":"Posted on 21\/10\/2021","modified":"Updated on 15\/04\/2024"},"absolute_dates_time":{"created":"Posted on 21\/10\/2021 01:41","modified":"Updated on 15\/04\/2024 13:15"},"featured_img_caption":"","featured_img":"https:\/\/energoglobal.com\/wp-content\/uploads\/2021\/12\/Share_Cesta-Pitanja-i-Odgovori_EnergoGlobal-EG.jpg","series_order":"","_links":{"self":[{"href":"https:\/\/energoglobal.com\/de\/wp-json\/wp\/v2\/pages\/66009"}],"collection":[{"href":"https:\/\/energoglobal.com\/de\/wp-json\/wp\/v2\/pages"}],"about":[{"href":"https:\/\/energoglobal.com\/de\/wp-json\/wp\/v2\/types\/page"}],"author":[{"embeddable":true,"href":"https:\/\/energoglobal.com\/de\/wp-json\/wp\/v2\/users\/1"}],"replies":[{"embeddable":true,"href":"https:\/\/energoglobal.com\/de\/wp-json\/wp\/v2\/comments?post=66009"}],"version-history":[{"count":0,"href":"https:\/\/energoglobal.com\/de\/wp-json\/wp\/v2\/pages\/66009\/revisions"}],"wp:featuredmedia":[{"embeddable":true,"href":"https:\/\/energoglobal.com\/de\/wp-json\/wp\/v2\/media\/1595"}],"wp:attachment":[{"href":"https:\/\/energoglobal.com\/de\/wp-json\/wp\/v2\/media?parent=66009"}],"curies":[{"name":"wp","href":"https:\/\/api.w.org\/{rel}","templated":true}]}}