{"id":65998,"date":"2021-10-21T01:52:11","date_gmt":"2021-10-20T23:52:11","guid":{"rendered":"https:\/\/energoglobal.com\/de\/?page_id=65998"},"modified":"2024-04-15T12:49:47","modified_gmt":"2024-04-15T10:49:47","slug":"ersatzteile","status":"publish","type":"page","link":"https:\/\/energoglobal.com\/de\/service\/ersatzteile\/","title":{"rendered":"Ersatzteile"},"content":{"rendered":"\n<p>F\u00fcr die vollst\u00e4ndige Sicherheit beim Betrieb der Aggregate hat EnergoGlobal alle notwendigen Teile bereitgestellt, die eine zuverl\u00e4ssige und effiziente Stromversorgung von Dieselaggregaten f\u00fcr unsere Kunden gew\u00e4hrleisten.<\/p>\n\n\n\n<p>Zu den Ersatzteilen geh\u00f6ren:<\/p>\n\n\n\n<p>\u25cf Filter<\/p>\n\n\n\n<p>\u25cf \u00d6l<\/p>\n\n\n\n<p>\u25cf Controller<\/p>\n\n\n\n<p>\u25cf Generatoren<\/p>\n\n\n\n<p>\u25cf Spannungsregler<\/p>\n\n\n\n<p>\u25cf Batterieladeger\u00e4te<\/p>\n\n\n\n<p>\u25cf K\u00fchlmittelheizungen<\/p>\n\n\n\n<p>\u25cf Sonstiges<\/p>\n","protected":false},"excerpt":{"rendered":"<p>F\u00fcr die vollst\u00e4ndige Sicherheit beim Betrieb der Aggregate hat EnergoGlobal alle notwendigen Teile bereitgestellt, die eine zuverl\u00e4ssige und effiziente Stromversorgung von Dieselaggregaten","protected":false},"author":1,"featured_media":940,"parent":65992,"menu_order":4,"comment_status":"closed","ping_status":"closed","template":"","meta":{"advgb_blocks_editor_width":"","advgb_blocks_columns_visual_guide":"","footnotes":""},"acf":[],"coauthors":[],"author_meta":{"author_link":"https:\/\/energoglobal.com\/de\/author\/sd_energglobe2021\/","display_name":"Stevan Djokovic"},"relative_dates":{"created":"Posted 4 years ago","modified":"Updated 2 years ago"},"absolute_dates":{"created":"Posted on 21\/10\/2021","modified":"Updated on 15\/04\/2024"},"absolute_dates_time":{"created":"Posted on 21\/10\/2021 01:52","modified":"Updated on 15\/04\/2024 12:49"},"featured_img_caption":"","featured_img":"https:\/\/energoglobal.com\/wp-content\/uploads\/2021\/11\/Rentalni_Prenosni_Agregati_EnergoGlobal_EG_Srbija.jpg","series_order":"","_links":{"self":[{"href":"https:\/\/energoglobal.com\/de\/wp-json\/wp\/v2\/pages\/65998"}],"collection":[{"href":"https:\/\/energoglobal.com\/de\/wp-json\/wp\/v2\/pages"}],"about":[{"href":"https:\/\/energoglobal.com\/de\/wp-json\/wp\/v2\/types\/page"}],"author":[{"embeddable":true,"href":"https:\/\/energoglobal.com\/de\/wp-json\/wp\/v2\/users\/1"}],"replies":[{"embeddable":true,"href":"https:\/\/energoglobal.com\/de\/wp-json\/wp\/v2\/comments?post=65998"}],"version-history":[{"count":0,"href":"https:\/\/energoglobal.com\/de\/wp-json\/wp\/v2\/pages\/65998\/revisions"}],"up":[{"embeddable":true,"href":"https:\/\/energoglobal.com\/de\/wp-json\/wp\/v2\/pages\/65992"}],"wp:featuredmedia":[{"embeddable":true,"href":"https:\/\/energoglobal.com\/de\/wp-json\/wp\/v2\/media\/940"}],"wp:attachment":[{"href":"https:\/\/energoglobal.com\/de\/wp-json\/wp\/v2\/media?parent=65998"}],"curies":[{"name":"wp","href":"https:\/\/api.w.org\/{rel}","templated":true}]}}