{"id":65996,"date":"2021-10-23T08:38:19","date_gmt":"2021-10-23T06:38:19","guid":{"rendered":"https:\/\/energoglobal.com\/de\/?page_id=65996"},"modified":"2024-04-15T12:46:48","modified_gmt":"2024-04-15T10:46:48","slug":"design-und-entwicklung-von-technischen-loesungen","status":"publish","type":"page","link":"https:\/\/energoglobal.com\/de\/service\/design-und-entwicklung-von-technischen-loesungen\/","title":{"rendered":"Design und Entwicklung von technischen L\u00f6sungen"},"content":{"rendered":"\n<p>Planung und Bau von Dieselaggregatstationen<\/p>\n\n\n\n<p>Wir achten sehr auf die spezifischen Bed\u00fcrfnisse unserer Kunden, alles mit dem Ziel, ihnen maximale Energiestabilit\u00e4t zu bieten.Design und Fertigung von Diesel-Aggregatstationen sind st\u00e4ndige Herausforderungen f\u00fcr unser erfahrenes Ingenieurteam. Wir besch\u00e4ftigen uns mit der Entwicklung von konzeptionellen L\u00f6sungen, mit der Auswahl der Ausr\u00fcstung, Bauarbeiten, Lieferung und Installation der Ausr\u00fcstung, mechanischen und elektrischen Arbeiten. Nach dem \"schl\u00fcsselfertigen\" System<\/p>\n\n\n\n<p>Automatisierung und \u00dcberholung<\/p>\n\n\n\n<p>Die Modernisierung alter Automatisierungssysteme steht bei uns immer im Fokus, und Erfahrung in der Installation neuer Anlagen zum automatischen Start von Aggregaten und \u00dcberwachung (\u00dcberwachung) aller wesentlichen Parameter von Aggregaten sind unsere beste Empfehlung.<\/p>\n\n\n\n<p>EnergoGlobal f\u00fchrt \u00dcberholungen und Rekonstruktionen von \u201everalteten\u201c oder defekten Aggregaten und Ger\u00e4ten durch. Dies impliziert, je nach Art der \u00dcberholung, folgende Prozesse:<\/p>\n\n\n\n<ul>\n<li>Aggregate au\u00dfer Betrieb nehmen<\/li>\n\n\n\n<li>Demontage und Fehlersuche<\/li>\n\n\n\n<li>Bau von neuen Baugruppen oder Umbauten<\/li>\n\n\n\n<li>Beschaffung von Neuteilen<\/li>\n\n\n\n<li>Gesamtlackierung<\/li>\n\n\n\n<li>Montage und Inbetriebnahme<\/li>\n<\/ul>\n","protected":false},"excerpt":{"rendered":"<p>Planung und Bau von Dieselaggregatstationen Wir achten sehr auf die spezifischen Bed\u00fcrfnisse unserer Kunden, alles mit dem Ziel, ihnen maximale Energiestabilit\u00e4t zu bieten.Design","protected":false},"author":1,"featured_media":771,"parent":65992,"menu_order":3,"comment_status":"closed","ping_status":"closed","template":"","meta":{"advgb_blocks_editor_width":"","advgb_blocks_columns_visual_guide":"","footnotes":""},"acf":[],"coauthors":[],"author_meta":{"author_link":"https:\/\/energoglobal.com\/de\/author\/sd_energglobe2021\/","display_name":"Stevan Djokovic"},"relative_dates":{"created":"Posted 4 years ago","modified":"Updated 2 years ago"},"absolute_dates":{"created":"Posted on 23\/10\/2021","modified":"Updated on 15\/04\/2024"},"absolute_dates_time":{"created":"Posted on 23\/10\/2021 08:38","modified":"Updated on 15\/04\/2024 12:46"},"featured_img_caption":"","featured_img":"https:\/\/energoglobal.com\/wp-content\/uploads\/2021\/11\/Slide4_Servis_EnergoGlobal_EG.jpg","series_order":"","_links":{"self":[{"href":"https:\/\/energoglobal.com\/de\/wp-json\/wp\/v2\/pages\/65996"}],"collection":[{"href":"https:\/\/energoglobal.com\/de\/wp-json\/wp\/v2\/pages"}],"about":[{"href":"https:\/\/energoglobal.com\/de\/wp-json\/wp\/v2\/types\/page"}],"author":[{"embeddable":true,"href":"https:\/\/energoglobal.com\/de\/wp-json\/wp\/v2\/users\/1"}],"replies":[{"embeddable":true,"href":"https:\/\/energoglobal.com\/de\/wp-json\/wp\/v2\/comments?post=65996"}],"version-history":[{"count":0,"href":"https:\/\/energoglobal.com\/de\/wp-json\/wp\/v2\/pages\/65996\/revisions"}],"up":[{"embeddable":true,"href":"https:\/\/energoglobal.com\/de\/wp-json\/wp\/v2\/pages\/65992"}],"wp:featuredmedia":[{"embeddable":true,"href":"https:\/\/energoglobal.com\/de\/wp-json\/wp\/v2\/media\/771"}],"wp:attachment":[{"href":"https:\/\/energoglobal.com\/de\/wp-json\/wp\/v2\/media?parent=65996"}],"curies":[{"name":"wp","href":"https:\/\/api.w.org\/{rel}","templated":true}]}}