{"id":65994,"date":"2021-10-21T01:51:21","date_gmt":"2021-10-20T23:51:21","guid":{"rendered":"https:\/\/energoglobal.com\/de\/?page_id=65994"},"modified":"2024-04-15T12:42:02","modified_gmt":"2024-04-15T10:42:02","slug":"service-und-technischer-support","status":"publish","type":"page","link":"https:\/\/energoglobal.com\/de\/service\/service-und-technischer-support\/","title":{"rendered":"Service und technischer Support"},"content":{"rendered":"\n<p>Mit regelm\u00e4\u00dfiger Wartung und fachgerechter Wartung verhindern wir das Auftreten von Problemen beim Betrieb von Aggregaten, lange bevor sie auftreten... Eine geschulte und ausger\u00fcstete Serviceabteilung f\u00fcr eine schnelle Reaktion, 24 Stunden - sieben Tage die Woche, sorgt f\u00fcr die Sicherheit und Zuverl\u00e4ssigkeit der Betriebnahme Ihres Aggregats. Langj\u00e4hrige Praxiserfahrung best\u00e4rkt uns in der \u00dcberzeugung, dass regelm\u00e4\u00dfige Inspektionen von Generator und Motor deren Lebensdauer verl\u00e4ngern. EnergoGlobal ist stolz darauf, strenge Expertentests anbieten zu k\u00f6nnen. F\u00fcr Kunden, die eine eigene Stromerzeugung brauchen, werden die Anlagen auf Wunsch begutachtet, entweder vor Ort bei unseren Experten oder in unserem Testcenter...<\/p>\n\n\n\n<p>Wir bieten unseren Benutzern mehrere Wartungsstufen f\u00fcr elektrische Aggregateanlagen. Die EnergoGlobal-Begutachtung umfasst:<\/p>\n\n\n\n<p>\u25cf Inspektion der Ger\u00e4te, einschlie\u00dflich \u00e4u\u00dferer und innerer Zustand, durch unsere Servicetechniker<\/p>\n\n\n\n<p>\u25cf notwendige Servicereparaturen identifizieren<\/p>\n\n\n\n<p>\u25cf Durchf\u00fchrung notwendiger Reparaturen<\/p>\n\n\n\n<p>\u25cf Garantieren, dass jedes Ger\u00e4t funktionst\u00fcchtig ist<\/p>\n\n\n\n<p>Regelm\u00e4\u00dfige und Notfallwartung von Aggregatstationen<\/p>\n\n\n\n<p>Diese Inspektionen gehen weit \u00fcber die \u00dcberpr\u00fcfung des Kraftstoffsystems, der Schmierung, des Filterwechsels (Luft, \u00d6l, Kraftstoff), der Starterkabel, des Batterieelektrolytstands und der internen elektrischen Systeme hinaus. Unser \u00dcberpr\u00fcfungsprozess ist in der Tat einer der detailorientiertesten Aspekte unseres Gesch\u00e4fts. Wir erlauben keine Versehen w\u00e4hrend des \u00dcberpr\u00fcfungsprozesses.<\/p>\n\n\n\n<p>Die Inspektion und Wartung von elektrischen Aggregaten umfasst:<\/p>\n\n\n\n<p>\u25cf visuelle Pr\u00fcfung der Aggregate<\/p>\n\n\n\n<p>\u25cf Motor\u00f6lwechsel<\/p>\n\n\n\n<p>\u25cf Austausch des K\u00fchlmittels im K\u00fchlsystem - bei Motoren mit Wasserk\u00fchlung<\/p>\n\n\n\n<p>\u25cf \u00d6l- und Kraftstofffilterwechsel<\/p>\n\n\n\n<p>\u25cf Pr\u00fcfen und Festziehen der Kraftstoffversorgungsleitung<\/p>\n\n\n\n<p>\u25cf \u00dcberpr\u00fcfung und Einstellung der Keilriemen f\u00fcr L\u00fcfterantrieb<\/p>\n\n\n\n<p>\u25cf Inspektion und Nachziehen aller Gummid\u00e4mpfer<\/p>\n\n\n\n<p>\u25cf Inspektion, Reinigung oder Austausch des Luftfilters<\/p>\n\n\n\n<p>\u25cf Kontrolle und Inspektion des Elektrostarters (Anlaser)<\/p>\n\n\n\n<p>\u25cf Steuerung des Betriebs des Elektromotors und der manuellen Kraftstoffpumpe und des Kraftstoffstandsensors<\/p>\n\n\n\n<p>\u25cf Pr\u00fcfen und Austauschen der Batterie<\/p>\n\n\n\n<p>\u25cf Inspektion und Wartung des Generators:<\/p>\n\n\n\n<p>\u25cf \u00dcberpr\u00fcfung der Verbindung zwischen Motor und Generator<\/p>\n\n\n\n<p>\u25cf Inspektion und ggf. Austausch der Generatorb\u00fcrsten<\/p>\n\n\n\n<p>\u25cf Schmierung der Lager<\/p>\n\n\n\n<p>\u25cf Isolationswiderstandspr\u00fcfung des Generators<\/p>\n\n\n\n<p>\u25cf Inspektion und Service des Verteilerschranks mit der dazugeh\u00f6rigen Steuerungsautomatisierung:<\/p>\n\n\n\n<p>\u25cf Inspektion und Pr\u00fcfung der Funktionalit\u00e4t aller Messbaugruppen<\/p>\n\n\n\n<p>\u25cf Steuerung des Betriebs von Raumventilatoren und beweglichen Jalousien am Zu- und Abluftsystem<\/p>\n\n\n\n<p>\u25cf Testen der Funktionalit\u00e4t der Steuerungsautomatisierung in allen Betriebsarten<\/p>\n\n\n\n<p>\u25cf Simulieren und Testen aller lebenswichtigen Alarme<\/p>\n\n\n\n<p>\u25cf \u00dcberpr\u00fcfung und Austausch des automatischen Batterieladeger\u00e4ts<\/p>\n","protected":false},"excerpt":{"rendered":"<p>Mit regelm\u00e4\u00dfiger Wartung und fachgerechter Wartung verhindern wir das Auftreten von Problemen beim Betrieb von Aggregaten, lange bevor sie auftreten... Eine geschulte und ausger\u00fcstete","protected":false},"author":1,"featured_media":959,"parent":65992,"menu_order":1,"comment_status":"closed","ping_status":"closed","template":"","meta":{"advgb_blocks_editor_width":"","advgb_blocks_columns_visual_guide":"","footnotes":""},"acf":[],"coauthors":[],"author_meta":{"author_link":"https:\/\/energoglobal.com\/de\/author\/sd_energglobe2021\/","display_name":"Stevan Djokovic"},"relative_dates":{"created":"Posted 4 years ago","modified":"Updated 2 years ago"},"absolute_dates":{"created":"Posted on 21\/10\/2021","modified":"Updated on 15\/04\/2024"},"absolute_dates_time":{"created":"Posted on 21\/10\/2021 01:51","modified":"Updated on 15\/04\/2024 12:42"},"featured_img_caption":"","featured_img":"https:\/\/energoglobal.com\/wp-content\/uploads\/2021\/11\/Share_Mali_Prenosni_Agregati_EnergoGlobal_Srbija.jpg","series_order":"","_links":{"self":[{"href":"https:\/\/energoglobal.com\/de\/wp-json\/wp\/v2\/pages\/65994"}],"collection":[{"href":"https:\/\/energoglobal.com\/de\/wp-json\/wp\/v2\/pages"}],"about":[{"href":"https:\/\/energoglobal.com\/de\/wp-json\/wp\/v2\/types\/page"}],"author":[{"embeddable":true,"href":"https:\/\/energoglobal.com\/de\/wp-json\/wp\/v2\/users\/1"}],"replies":[{"embeddable":true,"href":"https:\/\/energoglobal.com\/de\/wp-json\/wp\/v2\/comments?post=65994"}],"version-history":[{"count":0,"href":"https:\/\/energoglobal.com\/de\/wp-json\/wp\/v2\/pages\/65994\/revisions"}],"up":[{"embeddable":true,"href":"https:\/\/energoglobal.com\/de\/wp-json\/wp\/v2\/pages\/65992"}],"wp:featuredmedia":[{"embeddable":true,"href":"https:\/\/energoglobal.com\/de\/wp-json\/wp\/v2\/media\/959"}],"wp:attachment":[{"href":"https:\/\/energoglobal.com\/de\/wp-json\/wp\/v2\/media?parent=65994"}],"curies":[{"name":"wp","href":"https:\/\/api.w.org\/{rel}","templated":true}]}}