{"id":65992,"date":"2021-10-21T01:36:45","date_gmt":"2021-10-20T23:36:45","guid":{"rendered":"https:\/\/energoglobal.com\/de\/?page_id=65992"},"modified":"2024-04-15T12:39:09","modified_gmt":"2024-04-15T10:39:09","slug":"service","status":"publish","type":"page","link":"https:\/\/energoglobal.com\/de\/service\/","title":{"rendered":"Service"},"content":{"rendered":"\n<p>Langfristige Betriebsnachweise st\u00fctzen unsere \u00dcberzeugung, dass regelm\u00e4\u00dfige Generator- und Motorinspektionen die Lebensdauer des Generatorsatzes verl\u00e4ngern. Energoglobal d.o.o. bietet strenge Tests f\u00fcr Kunden, die ihre eigene Stromerzeugung haben m\u00f6chten, die Ger\u00e4te werden auf Wunsch entweder vor Ort oder bei uns \u00fcberpr\u00fcft. Diese Inspektionen gehen \u00fcber die \u00dcberpr\u00fcfung des Kraftstoffsystems, der Schmierung, des Filterwechsels, des Anlassers, des Batterieelektrolytstands und der internen elektrischen Systeme hinaus. Unser \u00dcberpr\u00fcfungsprozess ist tats\u00e4chlich einer der detailorientiertesten Aspekte unseres Gesch\u00e4fts.<\/p>\n","protected":false},"excerpt":{"rendered":"<p>Langfristige Betriebsnachweise st\u00fctzen unsere \u00dcberzeugung, dass regelm\u00e4\u00dfige Generator- und Motorinspektionen die Lebensdauer des Generatorsatzes verl\u00e4ngern. Energoglobal d.o.o.","protected":false},"author":1,"featured_media":772,"parent":0,"menu_order":5,"comment_status":"closed","ping_status":"closed","template":"","meta":{"advgb_blocks_editor_width":"","advgb_blocks_columns_visual_guide":"","footnotes":""},"acf":[],"coauthors":[],"author_meta":{"author_link":"https:\/\/energoglobal.com\/de\/author\/sd_energglobe2021\/","display_name":"Stevan Djokovic"},"relative_dates":{"created":"Posted 4 years ago","modified":"Updated 2 years ago"},"absolute_dates":{"created":"Posted on 21\/10\/2021","modified":"Updated on 15\/04\/2024"},"absolute_dates_time":{"created":"Posted on 21\/10\/2021 01:36","modified":"Updated on 15\/04\/2024 12:39"},"featured_img_caption":"","featured_img":"https:\/\/energoglobal.com\/wp-content\/uploads\/2021\/11\/Slide4_Servis1_EnergoGlobal_EG.jpg","series_order":"","_links":{"self":[{"href":"https:\/\/energoglobal.com\/de\/wp-json\/wp\/v2\/pages\/65992"}],"collection":[{"href":"https:\/\/energoglobal.com\/de\/wp-json\/wp\/v2\/pages"}],"about":[{"href":"https:\/\/energoglobal.com\/de\/wp-json\/wp\/v2\/types\/page"}],"author":[{"embeddable":true,"href":"https:\/\/energoglobal.com\/de\/wp-json\/wp\/v2\/users\/1"}],"replies":[{"embeddable":true,"href":"https:\/\/energoglobal.com\/de\/wp-json\/wp\/v2\/comments?post=65992"}],"version-history":[{"count":0,"href":"https:\/\/energoglobal.com\/de\/wp-json\/wp\/v2\/pages\/65992\/revisions"}],"wp:featuredmedia":[{"embeddable":true,"href":"https:\/\/energoglobal.com\/de\/wp-json\/wp\/v2\/media\/772"}],"wp:attachment":[{"href":"https:\/\/energoglobal.com\/de\/wp-json\/wp\/v2\/media?parent=65992"}],"curies":[{"name":"wp","href":"https:\/\/api.w.org\/{rel}","templated":true}]}}