{"id":65987,"date":"2021-10-21T01:46:51","date_gmt":"2021-10-20T23:46:51","guid":{"rendered":"https:\/\/energoglobal.com\/de\/?page_id=65987"},"modified":"2024-04-15T12:33:48","modified_gmt":"2024-04-15T10:33:48","slug":"oel-und-gasindustrie","status":"publish","type":"page","link":"https:\/\/energoglobal.com\/de\/maerkte\/oel-und-gasindustrie\/","title":{"rendered":"\u00d6l-und Gasindustrie"},"content":{"rendered":"\n<p>\u00d6l- und Gasf\u00f6rderst\u00e4tten sind sehr anspruchsvolle Umgebungen, die eine starke und zuverl\u00e4ssige Stromversorgung f\u00fcr Ger\u00e4te und Hochleistungsprozesse erfordern.<\/p>\n\n\n\n<p>Industrielle Aggregate sind unerl\u00e4sslich, um bei einem Netzausfall Ersatzenergie zu liefern und so erhebliche finanzielle Verluste zu vermeiden.<\/p>\n\n\n\n<p>Kontaktieren Sie uns und unser Team hilft Ihnen bei der Auswahl des Generators, der Ihren Anforderungen in der \u00d6l- oder Gasindustrie am besten entspricht.<\/p>\n","protected":false},"excerpt":{"rendered":"<p>\u00d6l- und Gasf\u00f6rderst\u00e4tten sind sehr anspruchsvolle Umgebungen, die eine starke und zuverl\u00e4ssige Stromversorgung f\u00fcr Ger\u00e4te und Hochleistungsprozesse erfordern. Industrielle","protected":false},"author":1,"featured_media":758,"parent":65960,"menu_order":11,"comment_status":"closed","ping_status":"closed","template":"","meta":{"advgb_blocks_editor_width":"","advgb_blocks_columns_visual_guide":"","footnotes":""},"acf":[],"coauthors":[],"author_meta":{"author_link":"https:\/\/energoglobal.com\/de\/author\/sd_energglobe2021\/","display_name":"Stevan Djokovic"},"relative_dates":{"created":"Posted 5 years ago","modified":"Updated 2 years ago"},"absolute_dates":{"created":"Posted on 21\/10\/2021","modified":"Updated on 15\/04\/2024"},"absolute_dates_time":{"created":"Posted on 21\/10\/2021 01:46","modified":"Updated on 15\/04\/2024 12:33"},"featured_img_caption":"","featured_img":"https:\/\/energoglobal.com\/wp-content\/uploads\/2021\/11\/Trazista_Naftna_i_Gasna_Industirja_EnergoGlobal_EG.jpg","series_order":"","_links":{"self":[{"href":"https:\/\/energoglobal.com\/de\/wp-json\/wp\/v2\/pages\/65987"}],"collection":[{"href":"https:\/\/energoglobal.com\/de\/wp-json\/wp\/v2\/pages"}],"about":[{"href":"https:\/\/energoglobal.com\/de\/wp-json\/wp\/v2\/types\/page"}],"author":[{"embeddable":true,"href":"https:\/\/energoglobal.com\/de\/wp-json\/wp\/v2\/users\/1"}],"replies":[{"embeddable":true,"href":"https:\/\/energoglobal.com\/de\/wp-json\/wp\/v2\/comments?post=65987"}],"version-history":[{"count":0,"href":"https:\/\/energoglobal.com\/de\/wp-json\/wp\/v2\/pages\/65987\/revisions"}],"up":[{"embeddable":true,"href":"https:\/\/energoglobal.com\/de\/wp-json\/wp\/v2\/pages\/65960"}],"wp:featuredmedia":[{"embeddable":true,"href":"https:\/\/energoglobal.com\/de\/wp-json\/wp\/v2\/media\/758"}],"wp:attachment":[{"href":"https:\/\/energoglobal.com\/de\/wp-json\/wp\/v2\/media?parent=65987"}],"curies":[{"name":"wp","href":"https:\/\/api.w.org\/{rel}","templated":true}]}}