{"id":65985,"date":"2021-10-21T01:46:15","date_gmt":"2021-10-20T23:46:15","guid":{"rendered":"https:\/\/energoglobal.com\/de\/?page_id=65985"},"modified":"2024-04-15T12:31:19","modified_gmt":"2024-04-15T10:31:19","slug":"oeffentliche-einrichtungen","status":"publish","type":"page","link":"https:\/\/energoglobal.com\/de\/maerkte\/oeffentliche-einrichtungen\/","title":{"rendered":"\u00d6ffentliche Einrichtungen"},"content":{"rendered":"\n<p>\u00d6ffentliche Einrichtungen wie Einkaufszentren, Hotels und Theater ben\u00f6tigen eine zuverl\u00e4ssige und kontinuierliche Stromversorgung, die f\u00fcr einen reibungslosen Betrieb unerl\u00e4sslich ist.<\/p>\n\n\n\n<p>Gleiches gilt f\u00fcr die Sicherstellung der finanziellen Tragf\u00e4higkeit der Unternehmensinfrastruktur. Jeder l\u00e4ngere Stromausfall f\u00fchrt wahrscheinlich zu weniger Menschen vor Ort und kann den Ruf der Einrichtung gef\u00e4hrden.<\/p>\n\n\n\n<p>EnergoGlobal hat sich als zuverl\u00e4ssiger Partner positioniert, der mit seinen Dieselgeneratoren die Energiestabilit\u00e4t Ihrer \u00f6ffentlichen Einrichtungen garantiert. Eine Frage haben? M\u00f6chten Sie ein Angebot? Kontaktieren Sie uns und wir helfen Ihnen bei der Auswahl des besten Dieselgenerators f\u00fcr Ihre \u00f6ffentliche Einrichtung.<\/p>\n","protected":false},"excerpt":{"rendered":"<p>\u00d6ffentliche Einrichtungen wie Einkaufszentren, Hotels und Theater ben\u00f6tigen eine zuverl\u00e4ssige und kontinuierliche Stromversorgung, die f\u00fcr einen reibungslosen Betrieb unerl\u00e4sslich","protected":false},"author":1,"featured_media":768,"parent":65960,"menu_order":10,"comment_status":"closed","ping_status":"closed","template":"","meta":{"advgb_blocks_editor_width":"","advgb_blocks_columns_visual_guide":"","footnotes":""},"acf":[],"coauthors":[],"author_meta":{"author_link":"https:\/\/energoglobal.com\/de\/author\/sd_energglobe2021\/","display_name":"Stevan Djokovic"},"relative_dates":{"created":"Posted 4 years ago","modified":"Updated 2 years ago"},"absolute_dates":{"created":"Posted on 21\/10\/2021","modified":"Updated on 15\/04\/2024"},"absolute_dates_time":{"created":"Posted on 21\/10\/2021 01:46","modified":"Updated on 15\/04\/2024 12:31"},"featured_img_caption":"","featured_img":"https:\/\/energoglobal.com\/wp-content\/uploads\/2021\/11\/EnergoGlobal_EG_dizel_agregati.jpg","series_order":"","_links":{"self":[{"href":"https:\/\/energoglobal.com\/de\/wp-json\/wp\/v2\/pages\/65985"}],"collection":[{"href":"https:\/\/energoglobal.com\/de\/wp-json\/wp\/v2\/pages"}],"about":[{"href":"https:\/\/energoglobal.com\/de\/wp-json\/wp\/v2\/types\/page"}],"author":[{"embeddable":true,"href":"https:\/\/energoglobal.com\/de\/wp-json\/wp\/v2\/users\/1"}],"replies":[{"embeddable":true,"href":"https:\/\/energoglobal.com\/de\/wp-json\/wp\/v2\/comments?post=65985"}],"version-history":[{"count":0,"href":"https:\/\/energoglobal.com\/de\/wp-json\/wp\/v2\/pages\/65985\/revisions"}],"up":[{"embeddable":true,"href":"https:\/\/energoglobal.com\/de\/wp-json\/wp\/v2\/pages\/65960"}],"wp:featuredmedia":[{"embeddable":true,"href":"https:\/\/energoglobal.com\/de\/wp-json\/wp\/v2\/media\/768"}],"wp:attachment":[{"href":"https:\/\/energoglobal.com\/de\/wp-json\/wp\/v2\/media?parent=65985"}],"curies":[{"name":"wp","href":"https:\/\/api.w.org\/{rel}","templated":true}]}}