{"id":65983,"date":"2021-10-21T01:45:53","date_gmt":"2021-10-20T23:45:53","guid":{"rendered":"https:\/\/energoglobal.com\/de\/?page_id=65983"},"modified":"2024-04-15T12:29:13","modified_gmt":"2024-04-15T10:29:13","slug":"transport","status":"publish","type":"page","link":"https:\/\/energoglobal.com\/de\/maerkte\/transport\/","title":{"rendered":"Transport"},"content":{"rendered":"\n<p>EnergoGlobal liefert zuverl\u00e4ssige Aggregate f\u00fcr den Einsatz im Dauer- und Backup-Betrieb und erm\u00f6glicht so die Sicherheit der Verkehrsinfrastruktur.<\/p>\n\n\n\n<p>Angesichts der gro\u00dfen Passagierzahlen muss der Betrieb im Management von Verkehrsknotenpunkten effizient und kontinuierlich sein.<\/p>\n\n\n\n<p>Wartungsanlagen f\u00fcr Z\u00fcge, U-Bahnen, Flugzeuge und Busse ben\u00f6tigen Energie f\u00fcr Heizung, L\u00fcftung, Klimaanlage, Beleuchtung, Sicherheitssysteme...<\/p>\n\n\n\n<p>Wir sind stolz Ihnen mitteilen zu k\u00f6nnen, dass Energoglobal einen Generator f\u00fcr den l\u00e4ngsten Autobahntunnel in Serbien geliefert hat. Es liegt an Ihnen, f\u00fcr diesen Sommer eine interessante Reise zu planen, die Ihre Menge an positiver Energie steigert, und wir sind hier, um f\u00fcr Ihre Sicherheit zu sorgen.<\/p>\n\n\n\n<p>Sicherer und zuverl\u00e4ssiger Service ist in der Transportbranche von grundlegender Bedeutung. M\u00f6chten Sie ein Angebot? Brauchen Sie Hilfe? Rufen Sie uns einfach an.<\/p>\n","protected":false},"excerpt":{"rendered":"<p>EnergoGlobal liefert zuverl\u00e4ssige Aggregate f\u00fcr den Einsatz im Dauer- und Backup-Betrieb und erm\u00f6glicht so die Sicherheit der Verkehrsinfrastruktur. Angesichts der gro\u00dfen Passagierzahlen","protected":false},"author":1,"featured_media":761,"parent":65960,"menu_order":9,"comment_status":"closed","ping_status":"closed","template":"","meta":{"advgb_blocks_editor_width":"","advgb_blocks_columns_visual_guide":"","footnotes":""},"acf":[],"coauthors":[],"author_meta":{"author_link":"https:\/\/energoglobal.com\/de\/author\/sd_energglobe2021\/","display_name":"Stevan Djokovic"},"relative_dates":{"created":"Posted 4 years ago","modified":"Updated 2 years ago"},"absolute_dates":{"created":"Posted on 21\/10\/2021","modified":"Updated on 15\/04\/2024"},"absolute_dates_time":{"created":"Posted on 21\/10\/2021 01:45","modified":"Updated on 15\/04\/2024 12:29"},"featured_img_caption":"","featured_img":"https:\/\/energoglobal.com\/wp-content\/uploads\/2021\/11\/Trazista_Saobracaj_EnergoGlobal_EG.jpg","series_order":"","_links":{"self":[{"href":"https:\/\/energoglobal.com\/de\/wp-json\/wp\/v2\/pages\/65983"}],"collection":[{"href":"https:\/\/energoglobal.com\/de\/wp-json\/wp\/v2\/pages"}],"about":[{"href":"https:\/\/energoglobal.com\/de\/wp-json\/wp\/v2\/types\/page"}],"author":[{"embeddable":true,"href":"https:\/\/energoglobal.com\/de\/wp-json\/wp\/v2\/users\/1"}],"replies":[{"embeddable":true,"href":"https:\/\/energoglobal.com\/de\/wp-json\/wp\/v2\/comments?post=65983"}],"version-history":[{"count":0,"href":"https:\/\/energoglobal.com\/de\/wp-json\/wp\/v2\/pages\/65983\/revisions"}],"up":[{"embeddable":true,"href":"https:\/\/energoglobal.com\/de\/wp-json\/wp\/v2\/pages\/65960"}],"wp:featuredmedia":[{"embeddable":true,"href":"https:\/\/energoglobal.com\/de\/wp-json\/wp\/v2\/media\/761"}],"wp:attachment":[{"href":"https:\/\/energoglobal.com\/de\/wp-json\/wp\/v2\/media?parent=65983"}],"curies":[{"name":"wp","href":"https:\/\/api.w.org\/{rel}","templated":true}]}}