{"id":65981,"date":"2021-10-21T01:45:25","date_gmt":"2021-10-20T23:45:25","guid":{"rendered":"https:\/\/energoglobal.com\/de\/?page_id=65981"},"modified":"2024-04-15T12:26:57","modified_gmt":"2024-04-15T10:26:57","slug":"industrie","status":"publish","type":"page","link":"https:\/\/energoglobal.com\/de\/maerkte\/industrie\/","title":{"rendered":"Industrie"},"content":{"rendered":"\n<p>Die Industrieaggregate von EnergoGlobal decken Ihren gesamten Strombedarf zwischen 7,5 und 4.200 kVA.<\/p>\n\n\n\n<p>Sie wurden f\u00fcr industrielle Anwender entwickelt, decken ein breites Anwendungsfeld ab und bieten eine gro\u00dfe Auswahl an Optionen und Nachr\u00fcstungen, um die Anforderungen aller Konfigurationen vollst\u00e4ndig zu erf\u00fcllen.<\/p>\n\n\n\n<p>Sie bieten Backup- oder Dauerstromversorgung. Je nach Umgebung kann der Betrieb des Ger\u00e4ts ger\u00e4uschlos (superleise) sein.<\/p>\n\n\n\n<p>Arbeiten Sie in der Industrie, im Baugewerbe oder im Maschinenbau? EnergoGlobal bietet Ihnen eine dedizierte L\u00f6sung f\u00fcr den Start eines Projekts mit elektrischer Energie.<\/p>\n\n\n\n<p>Wir wissen, dass es viel zu beachten gibt. Deshalb machen wir es Ihnen leicht. Kontaktieren Sie uns noch heute und wir k\u00fcmmern uns bei jedem Schritt um Sie.<\/p>\n","protected":false},"excerpt":{"rendered":"<p>Die Industrieaggregate von EnergoGlobal decken Ihren gesamten Strombedarf zwischen 7,5 und 4.200 kVA. Sie wurden f\u00fcr industrielle Anwender entwickelt, decken ein breites Anwendungsfeld","protected":false},"author":1,"featured_media":969,"parent":65960,"menu_order":8,"comment_status":"closed","ping_status":"closed","template":"","meta":{"advgb_blocks_editor_width":"","advgb_blocks_columns_visual_guide":"","footnotes":""},"acf":[],"coauthors":[],"author_meta":{"author_link":"https:\/\/energoglobal.com\/de\/author\/sd_energglobe2021\/","display_name":"Stevan Djokovic"},"relative_dates":{"created":"Posted 4 years ago","modified":"Updated 2 years ago"},"absolute_dates":{"created":"Posted on 21\/10\/2021","modified":"Updated on 15\/04\/2024"},"absolute_dates_time":{"created":"Posted on 21\/10\/2021 01:45","modified":"Updated on 15\/04\/2024 12:26"},"featured_img_caption":"","featured_img":"https:\/\/energoglobal.com\/wp-content\/uploads\/2021\/11\/AH0_0011-scaled.jpg","series_order":"","_links":{"self":[{"href":"https:\/\/energoglobal.com\/de\/wp-json\/wp\/v2\/pages\/65981"}],"collection":[{"href":"https:\/\/energoglobal.com\/de\/wp-json\/wp\/v2\/pages"}],"about":[{"href":"https:\/\/energoglobal.com\/de\/wp-json\/wp\/v2\/types\/page"}],"author":[{"embeddable":true,"href":"https:\/\/energoglobal.com\/de\/wp-json\/wp\/v2\/users\/1"}],"replies":[{"embeddable":true,"href":"https:\/\/energoglobal.com\/de\/wp-json\/wp\/v2\/comments?post=65981"}],"version-history":[{"count":0,"href":"https:\/\/energoglobal.com\/de\/wp-json\/wp\/v2\/pages\/65981\/revisions"}],"up":[{"embeddable":true,"href":"https:\/\/energoglobal.com\/de\/wp-json\/wp\/v2\/pages\/65960"}],"wp:featuredmedia":[{"embeddable":true,"href":"https:\/\/energoglobal.com\/de\/wp-json\/wp\/v2\/media\/969"}],"wp:attachment":[{"href":"https:\/\/energoglobal.com\/de\/wp-json\/wp\/v2\/media?parent=65981"}],"curies":[{"name":"wp","href":"https:\/\/api.w.org\/{rel}","templated":true}]}}