{"id":65979,"date":"2021-10-21T01:45:04","date_gmt":"2021-10-20T23:45:04","guid":{"rendered":"https:\/\/energoglobal.com\/de\/?page_id=65979"},"modified":"2024-04-15T12:24:52","modified_gmt":"2024-04-15T10:24:52","slug":"militaerische-anwendungen","status":"publish","type":"page","link":"https:\/\/energoglobal.com\/de\/maerkte\/militaerische-anwendungen\/","title":{"rendered":"Milit\u00e4rische Anwendungen"},"content":{"rendered":"\n<p>Alle Armeen der Welt verf\u00fcgen im Rahmen ihrer Sicherheitsaufgaben \u00fcber f\u00fcr milit\u00e4rische Anwendungen angepasste Mehrzweckaggregate oder Stromaggregate.<\/p>\n\n\n\n<p>Aggregate werden f\u00fcr den Betrieb mobiler Krankenh\u00e4user, die Stromversorgung von Unterst\u00fctzungseinheiten oder Computersystemen in Milit\u00e4rcamps ben\u00f6tigt.<\/p>\n\n\n\n<p>EnergoGlobal-Aggregate k\u00f6nnen in F\u00fchrungs- und Aufkl\u00e4rungsfahrzeugen, Transportern und Sch\u00fctzenpanzern eingebaut werden...<\/p>\n\n\n\n<p>Ob schallged\u00e4mmte, tragbare Sets, mastmontierte Lichtmasten oder ma\u00dfgeschneiderte Energiel\u00f6sungen, alle unsere Produkte sind perfekt auf die Anforderungen im Milit\u00e4rbereich abgestimmt.<\/p>\n\n\n\n<p>Eine Frage haben? M\u00f6chten Sie ein Angebot? Brauchen Sie Hilfe? Wir sind f\u00fcr dich da. Kontaktiere uns.<\/p>\n","protected":false},"excerpt":{"rendered":"<p>Alle Armeen der Welt verf\u00fcgen im Rahmen ihrer Sicherheitsaufgaben \u00fcber f\u00fcr milit\u00e4rische Anwendungen angepasste Mehrzweckaggregate oder Stromaggregate. Aggregate werden f\u00fcr den","protected":false},"author":1,"featured_media":763,"parent":65960,"menu_order":7,"comment_status":"closed","ping_status":"closed","template":"","meta":{"advgb_blocks_editor_width":"","advgb_blocks_columns_visual_guide":"","footnotes":""},"acf":[],"coauthors":[],"author_meta":{"author_link":"https:\/\/energoglobal.com\/de\/author\/sd_energglobe2021\/","display_name":"Stevan Djokovic"},"relative_dates":{"created":"Posted 4 years ago","modified":"Updated 2 years ago"},"absolute_dates":{"created":"Posted on 21\/10\/2021","modified":"Updated on 15\/04\/2024"},"absolute_dates_time":{"created":"Posted on 21\/10\/2021 01:45","modified":"Updated on 15\/04\/2024 12:24"},"featured_img_caption":"","featured_img":"https:\/\/energoglobal.com\/wp-content\/uploads\/2021\/11\/Trazista_Vojne_Aplikacije_EnergoGlobal_EG.jpg","series_order":"","_links":{"self":[{"href":"https:\/\/energoglobal.com\/de\/wp-json\/wp\/v2\/pages\/65979"}],"collection":[{"href":"https:\/\/energoglobal.com\/de\/wp-json\/wp\/v2\/pages"}],"about":[{"href":"https:\/\/energoglobal.com\/de\/wp-json\/wp\/v2\/types\/page"}],"author":[{"embeddable":true,"href":"https:\/\/energoglobal.com\/de\/wp-json\/wp\/v2\/users\/1"}],"replies":[{"embeddable":true,"href":"https:\/\/energoglobal.com\/de\/wp-json\/wp\/v2\/comments?post=65979"}],"version-history":[{"count":0,"href":"https:\/\/energoglobal.com\/de\/wp-json\/wp\/v2\/pages\/65979\/revisions"}],"up":[{"embeddable":true,"href":"https:\/\/energoglobal.com\/de\/wp-json\/wp\/v2\/pages\/65960"}],"wp:featuredmedia":[{"embeddable":true,"href":"https:\/\/energoglobal.com\/de\/wp-json\/wp\/v2\/media\/763"}],"wp:attachment":[{"href":"https:\/\/energoglobal.com\/de\/wp-json\/wp\/v2\/media?parent=65979"}],"curies":[{"name":"wp","href":"https:\/\/api.w.org\/{rel}","templated":true}]}}