{"id":65977,"date":"2021-10-21T01:44:34","date_gmt":"2021-10-20T23:44:34","guid":{"rendered":"https:\/\/energoglobal.com\/de\/?page_id=65977"},"modified":"2024-04-15T12:22:58","modified_gmt":"2024-04-15T10:22:58","slug":"bergbau","status":"publish","type":"page","link":"https:\/\/energoglobal.com\/de\/maerkte\/bergbau\/","title":{"rendered":"Bergbau"},"content":{"rendered":"\n<p>EnergoGlobal liefert Generatoren an den Bergbausektor in ganz Serbien und der Region, Untertage- und Tagebaue sowie Industrieanlagen f\u00fcr die Mineralverarbeitung.<\/p>\n\n\n\n<p>Die von uns angebotenen Ger\u00e4te haben eine hohe Effizienz und Nachhaltigkeit mit reduzierten Treibhausgasemissionen und niedrigem Ger\u00e4uschpegel.<\/p>\n\n\n\n<p>Engineering-Teams ber\u00fccksichtigen die technischen Einschr\u00e4nkungen und Besonderheiten jedes Bergbauprojekts und entwerfen die bestm\u00f6glichen L\u00f6sungen. Kontaktieren Sie uns f\u00fcr weitere Informationen. Anfrage senden.<\/p>\n","protected":false},"excerpt":{"rendered":"<p>EnergoGlobal liefert Generatoren an den Bergbausektor in ganz Serbien und der Region, Untertage- und Tagebaue sowie Industrieanlagen f\u00fcr die Mineralverarbeitung. Die von uns angebotenen","protected":false},"author":1,"featured_media":760,"parent":65960,"menu_order":6,"comment_status":"closed","ping_status":"closed","template":"","meta":{"advgb_blocks_editor_width":"","advgb_blocks_columns_visual_guide":"","footnotes":""},"acf":[],"coauthors":[],"author_meta":{"author_link":"https:\/\/energoglobal.com\/de\/author\/sd_energglobe2021\/","display_name":"Stevan Djokovic"},"relative_dates":{"created":"Posted 4 years ago","modified":"Updated 2 years ago"},"absolute_dates":{"created":"Posted on 21\/10\/2021","modified":"Updated on 15\/04\/2024"},"absolute_dates_time":{"created":"Posted on 21\/10\/2021 01:44","modified":"Updated on 15\/04\/2024 12:22"},"featured_img_caption":"","featured_img":"https:\/\/energoglobal.com\/wp-content\/uploads\/2021\/11\/Trazista_Rudarstvo_EnergoGlobal_EG.jpg","series_order":"","_links":{"self":[{"href":"https:\/\/energoglobal.com\/de\/wp-json\/wp\/v2\/pages\/65977"}],"collection":[{"href":"https:\/\/energoglobal.com\/de\/wp-json\/wp\/v2\/pages"}],"about":[{"href":"https:\/\/energoglobal.com\/de\/wp-json\/wp\/v2\/types\/page"}],"author":[{"embeddable":true,"href":"https:\/\/energoglobal.com\/de\/wp-json\/wp\/v2\/users\/1"}],"replies":[{"embeddable":true,"href":"https:\/\/energoglobal.com\/de\/wp-json\/wp\/v2\/comments?post=65977"}],"version-history":[{"count":0,"href":"https:\/\/energoglobal.com\/de\/wp-json\/wp\/v2\/pages\/65977\/revisions"}],"up":[{"embeddable":true,"href":"https:\/\/energoglobal.com\/de\/wp-json\/wp\/v2\/pages\/65960"}],"wp:featuredmedia":[{"embeddable":true,"href":"https:\/\/energoglobal.com\/de\/wp-json\/wp\/v2\/media\/760"}],"wp:attachment":[{"href":"https:\/\/energoglobal.com\/de\/wp-json\/wp\/v2\/media?parent=65977"}],"curies":[{"name":"wp","href":"https:\/\/api.w.org\/{rel}","templated":true}]}}