{"id":65970,"date":"2021-10-21T01:44:14","date_gmt":"2021-10-20T23:44:14","guid":{"rendered":"https:\/\/energoglobal.com\/de\/?page_id=65970"},"modified":"2024-04-15T12:21:00","modified_gmt":"2024-04-15T10:21:00","slug":"veranstaltungen","status":"publish","type":"page","link":"https:\/\/energoglobal.com\/de\/maerkte\/veranstaltungen\/","title":{"rendered":"Veranstaltungen"},"content":{"rendered":"\n<p>EnergoGlobal ist Ihr zuverl\u00e4ssiger Partner f\u00fcr die Organisation von Konzerten, Filmdrehs, Festivals oder Konferenzen, wo eine zuverl\u00e4ssige und schallisolierte Einheit mit geringer Emission von sch\u00e4dlichen Gasen ben\u00f6tigt wird.<\/p>\n\n\n\n<p>Mietaggregate f\u00fcr Veranstaltungen. Wir bieten Stromaggregate an, die Ger\u00e4usche mit einer idealen Reichweite f\u00fcr sensible st\u00e4dtische Umgebungen reduzieren.<\/p>\n\n\n\n<p>Eine Frage haben? M\u00f6chten Sie ein Angebot? Kontaktieren Sie uns und wir helfen Ihnen bei der Auswahl des besten Dieselgenerators f\u00fcr Ihre Veranstaltung.<\/p>\n","protected":false},"excerpt":{"rendered":"<p>EnergoGlobal ist Ihr zuverl\u00e4ssiger Partner f\u00fcr die Organisation von Konzerten, Filmdrehs, Festivals oder Konferenzen, wo eine zuverl\u00e4ssige und schallisolierte Einheit mit geringer","protected":false},"author":1,"featured_media":766,"parent":65960,"menu_order":5,"comment_status":"closed","ping_status":"closed","template":"","meta":{"advgb_blocks_editor_width":"","advgb_blocks_columns_visual_guide":"","footnotes":""},"acf":[],"coauthors":[],"author_meta":{"author_link":"https:\/\/energoglobal.com\/de\/author\/sd_energglobe2021\/","display_name":"Stevan Djokovic"},"relative_dates":{"created":"Posted 4 years ago","modified":"Updated 2 years ago"},"absolute_dates":{"created":"Posted on 21\/10\/2021","modified":"Updated on 15\/04\/2024"},"absolute_dates_time":{"created":"Posted on 21\/10\/2021 01:44","modified":"Updated on 15\/04\/2024 12:21"},"featured_img_caption":"","featured_img":"https:\/\/energoglobal.com\/wp-content\/uploads\/2021\/11\/Trzista_Events_EnergoGlobal_EG.jpg","series_order":"","_links":{"self":[{"href":"https:\/\/energoglobal.com\/de\/wp-json\/wp\/v2\/pages\/65970"}],"collection":[{"href":"https:\/\/energoglobal.com\/de\/wp-json\/wp\/v2\/pages"}],"about":[{"href":"https:\/\/energoglobal.com\/de\/wp-json\/wp\/v2\/types\/page"}],"author":[{"embeddable":true,"href":"https:\/\/energoglobal.com\/de\/wp-json\/wp\/v2\/users\/1"}],"replies":[{"embeddable":true,"href":"https:\/\/energoglobal.com\/de\/wp-json\/wp\/v2\/comments?post=65970"}],"version-history":[{"count":0,"href":"https:\/\/energoglobal.com\/de\/wp-json\/wp\/v2\/pages\/65970\/revisions"}],"up":[{"embeddable":true,"href":"https:\/\/energoglobal.com\/de\/wp-json\/wp\/v2\/pages\/65960"}],"wp:featuredmedia":[{"embeddable":true,"href":"https:\/\/energoglobal.com\/de\/wp-json\/wp\/v2\/media\/766"}],"wp:attachment":[{"href":"https:\/\/energoglobal.com\/de\/wp-json\/wp\/v2\/media?parent=65970"}],"curies":[{"name":"wp","href":"https:\/\/api.w.org\/{rel}","templated":true}]}}