{"id":65968,"date":"2021-10-21T01:43:50","date_gmt":"2021-10-20T23:43:50","guid":{"rendered":"https:\/\/energoglobal.com\/de\/?page_id=65968"},"modified":"2024-04-15T12:19:09","modified_gmt":"2024-04-15T10:19:09","slug":"daten-center","status":"publish","type":"page","link":"https:\/\/energoglobal.com\/de\/maerkte\/daten-center\/","title":{"rendered":"Daten Center"},"content":{"rendered":"\n<p>EnergoGlobal hat die Macht, Ihre Daten zu sch\u00fctzen. Wir bieten Stromversorgungsl\u00f6sungen, die auf Rechenzentren zugeschnitten sind.<\/p>\n\n\n\n<p>Dieselgeneratoren sind daf\u00fcr ausgelegt, Rechenzentren jeder Gr\u00f6\u00dfe an jedem Standort in ganz Serbien und der Region mit Strom zu versorgen.<\/p>\n\n\n\n<p>Dank des einzigartigen Designs k\u00f6nnen unsere Geh\u00e4use f\u00fcr jede Gr\u00f6\u00dfe und jeden Standort Ihres Rechenzentrums gestapelt und gebaut werden.<\/p>\n\n\n\n<p>Eine Frage haben? M\u00f6chten Sie ein Angebot? Brauchen Sie Hilfe? Wir sind f\u00fcr dich da.<\/p>\n\n\n\n<p>Rufen Sie uns einfach an und Sie sprechen mit einer echten Person. So wie es sein sollte.<\/p>\n","protected":false},"excerpt":{"rendered":"<p>EnergoGlobal hat die Macht, Ihre Daten zu sch\u00fctzen. Wir bieten Stromversorgungsl\u00f6sungen, die auf Rechenzentren zugeschnitten sind. Dieselgeneratoren sind daf\u00fcr ausgelegt, Rechenzentren","protected":false},"author":1,"featured_media":765,"parent":65960,"menu_order":4,"comment_status":"closed","ping_status":"closed","template":"","meta":{"advgb_blocks_editor_width":"","advgb_blocks_columns_visual_guide":"","footnotes":""},"acf":[],"coauthors":[],"author_meta":{"author_link":"https:\/\/energoglobal.com\/de\/author\/sd_energglobe2021\/","display_name":"Stevan Djokovic"},"relative_dates":{"created":"Posted 4 years ago","modified":"Updated 2 years ago"},"absolute_dates":{"created":"Posted on 21\/10\/2021","modified":"Updated on 15\/04\/2024"},"absolute_dates_time":{"created":"Posted on 21\/10\/2021 01:43","modified":"Updated on 15\/04\/2024 12:19"},"featured_img_caption":"","featured_img":"https:\/\/energoglobal.com\/wp-content\/uploads\/2021\/11\/Trzista_Data_Centari_EnergoGlobal_EG.jpg","series_order":"","_links":{"self":[{"href":"https:\/\/energoglobal.com\/de\/wp-json\/wp\/v2\/pages\/65968"}],"collection":[{"href":"https:\/\/energoglobal.com\/de\/wp-json\/wp\/v2\/pages"}],"about":[{"href":"https:\/\/energoglobal.com\/de\/wp-json\/wp\/v2\/types\/page"}],"author":[{"embeddable":true,"href":"https:\/\/energoglobal.com\/de\/wp-json\/wp\/v2\/users\/1"}],"replies":[{"embeddable":true,"href":"https:\/\/energoglobal.com\/de\/wp-json\/wp\/v2\/comments?post=65968"}],"version-history":[{"count":0,"href":"https:\/\/energoglobal.com\/de\/wp-json\/wp\/v2\/pages\/65968\/revisions"}],"up":[{"embeddable":true,"href":"https:\/\/energoglobal.com\/de\/wp-json\/wp\/v2\/pages\/65960"}],"wp:featuredmedia":[{"embeddable":true,"href":"https:\/\/energoglobal.com\/de\/wp-json\/wp\/v2\/media\/765"}],"wp:attachment":[{"href":"https:\/\/energoglobal.com\/de\/wp-json\/wp\/v2\/media?parent=65968"}],"curies":[{"name":"wp","href":"https:\/\/api.w.org\/{rel}","templated":true}]}}