{"id":65966,"date":"2021-10-21T01:43:29","date_gmt":"2021-10-20T23:43:29","guid":{"rendered":"https:\/\/energoglobal.com\/de\/?page_id=65966"},"modified":"2024-04-15T12:16:18","modified_gmt":"2024-04-15T10:16:18","slug":"bausektor","status":"publish","type":"page","link":"https:\/\/energoglobal.com\/de\/maerkte\/bausektor\/","title":{"rendered":"Bausektor"},"content":{"rendered":"\n<p>Die Baubranche ben\u00f6tigt robuste, flexible und zuverl\u00e4ssige Aggregate.<\/p>\n\n\n\n<p>EnergoGlobal bietet station\u00e4re und mobile Dieselaggregate zur Stromversorgung von Baustellen an. Sie k\u00f6nnen Aggregate kaufen oder mieten.<\/p>\n\n\n\n<p>Unser Team von Ingenieuren findet das perfekte Produkt f\u00fcr Sie, entweder aus dem bestehenden Sortiment oder ma\u00dfgeschneidert, um Ihre spezifischen Anforderungen zu erf\u00fcllen.<\/p>\n\n\n\n<p>Schauen Sie sich unser Angebot an elektrischen Aggregaten f\u00fcr die Bauindustrie an. Anfrage senden.<\/p>\n","protected":false},"excerpt":{"rendered":"<p>Die Baubranche ben\u00f6tigt robuste, flexible und zuverl\u00e4ssige Aggregate. EnergoGlobal bietet station\u00e4re und mobile Dieselaggregate zur Stromversorgung von Baustellen an. Sie k\u00f6nnen","protected":false},"author":1,"featured_media":756,"parent":65960,"menu_order":3,"comment_status":"closed","ping_status":"closed","template":"","meta":{"advgb_blocks_editor_width":"","advgb_blocks_columns_visual_guide":"","footnotes":""},"acf":[],"coauthors":[],"author_meta":{"author_link":"https:\/\/energoglobal.com\/de\/author\/sd_energglobe2021\/","display_name":"Stevan Djokovic"},"relative_dates":{"created":"Posted 4 years ago","modified":"Updated 2 years ago"},"absolute_dates":{"created":"Posted on 21\/10\/2021","modified":"Updated on 15\/04\/2024"},"absolute_dates_time":{"created":"Posted on 21\/10\/2021 01:43","modified":"Updated on 15\/04\/2024 12:16"},"featured_img_caption":"","featured_img":"https:\/\/energoglobal.com\/wp-content\/uploads\/2021\/11\/Trazista_GradjevinskiProstor_EnergoGlobal_EG.jpg","series_order":"","_links":{"self":[{"href":"https:\/\/energoglobal.com\/de\/wp-json\/wp\/v2\/pages\/65966"}],"collection":[{"href":"https:\/\/energoglobal.com\/de\/wp-json\/wp\/v2\/pages"}],"about":[{"href":"https:\/\/energoglobal.com\/de\/wp-json\/wp\/v2\/types\/page"}],"author":[{"embeddable":true,"href":"https:\/\/energoglobal.com\/de\/wp-json\/wp\/v2\/users\/1"}],"replies":[{"embeddable":true,"href":"https:\/\/energoglobal.com\/de\/wp-json\/wp\/v2\/comments?post=65966"}],"version-history":[{"count":0,"href":"https:\/\/energoglobal.com\/de\/wp-json\/wp\/v2\/pages\/65966\/revisions"}],"up":[{"embeddable":true,"href":"https:\/\/energoglobal.com\/de\/wp-json\/wp\/v2\/pages\/65960"}],"wp:featuredmedia":[{"embeddable":true,"href":"https:\/\/energoglobal.com\/de\/wp-json\/wp\/v2\/media\/756"}],"wp:attachment":[{"href":"https:\/\/energoglobal.com\/de\/wp-json\/wp\/v2\/media?parent=65966"}],"curies":[{"name":"wp","href":"https:\/\/api.w.org\/{rel}","templated":true}]}}