{"id":65962,"date":"2021-10-21T01:42:45","date_gmt":"2021-10-20T23:42:45","guid":{"rendered":"https:\/\/energoglobal.com\/de\/?page_id=65962"},"modified":"2024-04-15T12:12:10","modified_gmt":"2024-04-15T10:12:10","slug":"landwirtschaft","status":"publish","type":"page","link":"https:\/\/energoglobal.com\/de\/maerkte\/landwirtschaft\/","title":{"rendered":"Landwirtschaft"},"content":{"rendered":"\n<p>Anwendung von Aggregaten im Bereich der Landwirtschaft - Aggregate k\u00f6nnen im Falle eines Stromausfalls oder der Unm\u00f6glichkeit des Anschlusses an das Netz n\u00fctzlich sein. Die EnergoGlobal-L\u00f6sung ist ein Plug-in-Generator f\u00fcr Traktormotoren, der Flexibilit\u00e4t und Leistung bei der Stromerzeugung kombiniert.<\/p>\n\n\n\n<p>Auch f\u00fcr die Notstromversorgung Ihrer Elektroinstallationen sind unsere Standardprodukte ideal.<\/p>\n","protected":false},"excerpt":{"rendered":"<p>Anwendung von Aggregaten im Bereich der Landwirtschaft - Aggregate k\u00f6nnen im Falle eines Stromausfalls oder der Unm\u00f6glichkeit des Anschlusses an das Netz n\u00fctzlich sein. Die EnergoGlobal-L\u00f6sung","protected":false},"author":1,"featured_media":759,"parent":65960,"menu_order":1,"comment_status":"closed","ping_status":"closed","template":"","meta":{"advgb_blocks_editor_width":"","advgb_blocks_columns_visual_guide":"","footnotes":""},"acf":[],"coauthors":[],"author_meta":{"author_link":"https:\/\/energoglobal.com\/de\/author\/sd_energglobe2021\/","display_name":"Stevan Djokovic"},"relative_dates":{"created":"Posted 5 years ago","modified":"Updated 2 years ago"},"absolute_dates":{"created":"Posted on 21\/10\/2021","modified":"Updated on 15\/04\/2024"},"absolute_dates_time":{"created":"Posted on 21\/10\/2021 01:42","modified":"Updated on 15\/04\/2024 12:12"},"featured_img_caption":"","featured_img":"https:\/\/energoglobal.com\/wp-content\/uploads\/2021\/11\/Trazista_Poljoprivreda_EnergoGlobal_EG.jpg","series_order":"","_links":{"self":[{"href":"https:\/\/energoglobal.com\/de\/wp-json\/wp\/v2\/pages\/65962"}],"collection":[{"href":"https:\/\/energoglobal.com\/de\/wp-json\/wp\/v2\/pages"}],"about":[{"href":"https:\/\/energoglobal.com\/de\/wp-json\/wp\/v2\/types\/page"}],"author":[{"embeddable":true,"href":"https:\/\/energoglobal.com\/de\/wp-json\/wp\/v2\/users\/1"}],"replies":[{"embeddable":true,"href":"https:\/\/energoglobal.com\/de\/wp-json\/wp\/v2\/comments?post=65962"}],"version-history":[{"count":0,"href":"https:\/\/energoglobal.com\/de\/wp-json\/wp\/v2\/pages\/65962\/revisions"}],"up":[{"embeddable":true,"href":"https:\/\/energoglobal.com\/de\/wp-json\/wp\/v2\/pages\/65960"}],"wp:featuredmedia":[{"embeddable":true,"href":"https:\/\/energoglobal.com\/de\/wp-json\/wp\/v2\/media\/759"}],"wp:attachment":[{"href":"https:\/\/energoglobal.com\/de\/wp-json\/wp\/v2\/media?parent=65962"}],"curies":[{"name":"wp","href":"https:\/\/api.w.org\/{rel}","templated":true}]}}