{"id":65960,"date":"2021-10-21T01:36:23","date_gmt":"2021-10-20T23:36:23","guid":{"rendered":"https:\/\/energoglobal.com\/de\/?page_id=65960"},"modified":"2024-04-15T12:08:56","modified_gmt":"2024-04-15T10:08:56","slug":"maerkte","status":"publish","type":"page","link":"https:\/\/energoglobal.com\/de\/maerkte\/","title":{"rendered":"M\u00e4rkte"},"content":{"rendered":"\n<p>Beim Verkauf von Dieselstromaggregaten sind wir bestrebt, die Anforderungen des Marktes zu erf\u00fcllen und maximale Qualit\u00e4t zu wettbewerbsf\u00e4higen Preisen anzubieten. Die Anwendung unserer Zuschlagstoffe ist vielf\u00e4ltig, abh\u00e4ngig von der Branche, f\u00fcr die sie bestimmt sind, angefangen bei Landwirtschaft, Bauwesen, Kommunikation, Bergbau, Gesundheitswesen, Milit\u00e4ranlagen und anderen. Wir kooperieren mit gro\u00dfen Einkaufszentren und Gesch\u00e4ftseinrichtungen, und unsere Mietaggregate sind auch eine Unterst\u00fctzung f\u00fcr gro\u00dfe Infrastrukturprojekte und Musikveranstaltungen. F\u00fcr weitere Informationen w\u00e4hlen Sie den Anwendungsbereich des Aggregats aus.<\/p>\n","protected":false},"excerpt":{"rendered":"<p>Beim Verkauf von Dieselstromaggregaten sind wir bestrebt, die Anforderungen des Marktes zu erf\u00fcllen und maximale Qualit\u00e4t zu wettbewerbsf\u00e4higen Preisen anzubieten. Die Anwendung","protected":false},"author":1,"featured_media":761,"parent":0,"menu_order":4,"comment_status":"closed","ping_status":"closed","template":"","meta":{"advgb_blocks_editor_width":"","advgb_blocks_columns_visual_guide":"","footnotes":""},"acf":[],"coauthors":[],"author_meta":{"author_link":"https:\/\/energoglobal.com\/de\/author\/sd_energglobe2021\/","display_name":"Stevan Djokovic"},"relative_dates":{"created":"Posted 4 years ago","modified":"Updated 2 years ago"},"absolute_dates":{"created":"Posted on 21\/10\/2021","modified":"Updated on 15\/04\/2024"},"absolute_dates_time":{"created":"Posted on 21\/10\/2021 01:36","modified":"Updated on 15\/04\/2024 12:08"},"featured_img_caption":"","featured_img":"https:\/\/energoglobal.com\/wp-content\/uploads\/2021\/11\/Trazista_Saobracaj_EnergoGlobal_EG.jpg","series_order":"","_links":{"self":[{"href":"https:\/\/energoglobal.com\/de\/wp-json\/wp\/v2\/pages\/65960"}],"collection":[{"href":"https:\/\/energoglobal.com\/de\/wp-json\/wp\/v2\/pages"}],"about":[{"href":"https:\/\/energoglobal.com\/de\/wp-json\/wp\/v2\/types\/page"}],"author":[{"embeddable":true,"href":"https:\/\/energoglobal.com\/de\/wp-json\/wp\/v2\/users\/1"}],"replies":[{"embeddable":true,"href":"https:\/\/energoglobal.com\/de\/wp-json\/wp\/v2\/comments?post=65960"}],"version-history":[{"count":0,"href":"https:\/\/energoglobal.com\/de\/wp-json\/wp\/v2\/pages\/65960\/revisions"}],"wp:featuredmedia":[{"embeddable":true,"href":"https:\/\/energoglobal.com\/de\/wp-json\/wp\/v2\/media\/761"}],"wp:attachment":[{"href":"https:\/\/energoglobal.com\/de\/wp-json\/wp\/v2\/media?parent=65960"}],"curies":[{"name":"wp","href":"https:\/\/api.w.org\/{rel}","templated":true}]}}