{"id":65958,"date":"2021-10-21T01:35:59","date_gmt":"2021-10-20T23:35:59","guid":{"rendered":"https:\/\/energoglobal.com\/de\/?page_id=65958"},"modified":"2024-04-17T17:49:10","modified_gmt":"2024-04-17T15:49:10","slug":"produkte","status":"publish","type":"page","link":"https:\/\/energoglobal.com\/de\/produkte\/","title":{"rendered":"Produkte"},"content":{"rendered":"\n<p>Wir bieten spezielle L\u00f6sungen f\u00fcr den Start von Projekten mit Strom. Egal, ob Sie in Industrie, Bau oder Maschinenbau t\u00e4tig sind, bei uns finden Sie das passende Elektroger\u00e4t. EnergoGlobal d.o.o. bietet eine gro\u00dfe Auswahl an Industrie-, Diesel- und station\u00e4ren Aggregaten, die von Motoren namhafter Welthersteller angetrieben werden, wie z. B.: FTP Iveco, Volvo, Doosan, Scania, Perkins, Mitschubishi und andere. J\u00e4hrlich produzieren und liefern wir mehr als 500 Einheiten unterschiedlicher Leistung von 3 kVA bis 2500 kVA.<\/p>\n","protected":false},"excerpt":{"rendered":"<p>Wir bieten spezielle L\u00f6sungen f\u00fcr den Start von Projekten mit Strom. Egal, ob Sie in Industrie, Bau oder Maschinenbau t\u00e4tig sind, bei uns finden Sie das passende Elektroger\u00e4t.","protected":false},"author":1,"featured_media":474,"parent":0,"menu_order":3,"comment_status":"closed","ping_status":"closed","template":"","meta":{"advgb_blocks_editor_width":"","advgb_blocks_columns_visual_guide":"","footnotes":""},"acf":[],"coauthors":[],"author_meta":{"author_link":"https:\/\/energoglobal.com\/de\/author\/sd_energglobe2021\/","display_name":"Stevan Djokovic"},"relative_dates":{"created":"Posted 4 years ago","modified":"Updated 2 years ago"},"absolute_dates":{"created":"Posted on 21\/10\/2021","modified":"Updated on 17\/04\/2024"},"absolute_dates_time":{"created":"Posted on 21\/10\/2021 01:35","modified":"Updated on 17\/04\/2024 17:49"},"featured_img_caption":"","featured_img":"https:\/\/energoglobal.com\/wp-content\/uploads\/2021\/10\/demo-2-1.jpg","series_order":"","_links":{"self":[{"href":"https:\/\/energoglobal.com\/de\/wp-json\/wp\/v2\/pages\/65958"}],"collection":[{"href":"https:\/\/energoglobal.com\/de\/wp-json\/wp\/v2\/pages"}],"about":[{"href":"https:\/\/energoglobal.com\/de\/wp-json\/wp\/v2\/types\/page"}],"author":[{"embeddable":true,"href":"https:\/\/energoglobal.com\/de\/wp-json\/wp\/v2\/users\/1"}],"replies":[{"embeddable":true,"href":"https:\/\/energoglobal.com\/de\/wp-json\/wp\/v2\/comments?post=65958"}],"version-history":[{"count":0,"href":"https:\/\/energoglobal.com\/de\/wp-json\/wp\/v2\/pages\/65958\/revisions"}],"wp:featuredmedia":[{"embeddable":true,"href":"https:\/\/energoglobal.com\/de\/wp-json\/wp\/v2\/media\/474"}],"wp:attachment":[{"href":"https:\/\/energoglobal.com\/de\/wp-json\/wp\/v2\/media?parent=65958"}],"curies":[{"name":"wp","href":"https:\/\/api.w.org\/{rel}","templated":true}]}}