{"id":65954,"date":"2021-10-23T08:37:52","date_gmt":"2021-10-23T06:37:52","guid":{"rendered":"https:\/\/energoglobal.com\/de\/?page_id=65954"},"modified":"2024-04-15T12:01:35","modified_gmt":"2024-04-15T10:01:35","slug":"zertifikate","status":"publish","type":"page","link":"https:\/\/energoglobal.com\/de\/ueber-uns\/zertifikate\/","title":{"rendered":"Zertifikate"},"content":{"rendered":"\n<p>Das Unternehmen EnergoGlobal d.o.o. widmet sich der Entwicklung seines Gesch\u00e4fts, seiner Verwaltung und seiner Arbeitsweise gem\u00e4\u00df den Bestimmungen der Normen ISO 9001, ISO 45001, ISO 14001, ISO 27001 und ISO\/IEC 20000-1. Durch Anklicken k\u00f6nnen Sie die ausgew\u00e4hlte PDF-Datei ansehen oder herunterladen.<\/p>\n\n\n\n<p>Unsere Aggregate zeichnen sich durch einen niedrigen Ger\u00e4uschpegel, geringen Kraftstoffverbrauch und Abgasemissionen nach EU-Normen aus. Kontaktieren Sie uns f\u00fcr weitere Informationen.<\/p>\n","protected":false},"excerpt":{"rendered":"<p>Das Unternehmen EnergoGlobal d.o.o. widmet sich der Entwicklung seines Gesch\u00e4fts, seiner Verwaltung und seiner Arbeitsweise gem\u00e4\u00df den Bestimmungen der Normen ISO 9001, ISO 45001,","protected":false},"author":1,"featured_media":1564,"parent":65948,"menu_order":6,"comment_status":"closed","ping_status":"closed","template":"","meta":{"advgb_blocks_editor_width":"","advgb_blocks_columns_visual_guide":"","footnotes":""},"acf":[],"coauthors":[],"author_meta":{"author_link":"https:\/\/energoglobal.com\/de\/author\/sd_energglobe2021\/","display_name":"Stevan Djokovic"},"relative_dates":{"created":"Posted 4 years ago","modified":"Updated 2 years ago"},"absolute_dates":{"created":"Posted on 23\/10\/2021","modified":"Updated on 15\/04\/2024"},"absolute_dates_time":{"created":"Posted on 23\/10\/2021 08:37","modified":"Updated on 15\/04\/2024 12:01"},"featured_img_caption":"","featured_img":"https:\/\/energoglobal.com\/wp-content\/uploads\/2021\/12\/Share_Sertifikat_EnergoGlobal-EG.jpg","series_order":"","_links":{"self":[{"href":"https:\/\/energoglobal.com\/de\/wp-json\/wp\/v2\/pages\/65954"}],"collection":[{"href":"https:\/\/energoglobal.com\/de\/wp-json\/wp\/v2\/pages"}],"about":[{"href":"https:\/\/energoglobal.com\/de\/wp-json\/wp\/v2\/types\/page"}],"author":[{"embeddable":true,"href":"https:\/\/energoglobal.com\/de\/wp-json\/wp\/v2\/users\/1"}],"replies":[{"embeddable":true,"href":"https:\/\/energoglobal.com\/de\/wp-json\/wp\/v2\/comments?post=65954"}],"version-history":[{"count":0,"href":"https:\/\/energoglobal.com\/de\/wp-json\/wp\/v2\/pages\/65954\/revisions"}],"up":[{"embeddable":true,"href":"https:\/\/energoglobal.com\/de\/wp-json\/wp\/v2\/pages\/65948"}],"wp:featuredmedia":[{"embeddable":true,"href":"https:\/\/energoglobal.com\/de\/wp-json\/wp\/v2\/media\/1564"}],"wp:attachment":[{"href":"https:\/\/energoglobal.com\/de\/wp-json\/wp\/v2\/media?parent=65954"}],"curies":[{"name":"wp","href":"https:\/\/api.w.org\/{rel}","templated":true}]}}