{"id":65950,"date":"2021-10-21T05:50:56","date_gmt":"2021-10-21T03:50:56","guid":{"rendered":"https:\/\/energoglobal.com\/de\/?page_id=65950"},"modified":"2024-04-15T11:59:08","modified_gmt":"2024-04-15T09:59:08","slug":"csr-politik","status":"publish","type":"page","link":"https:\/\/energoglobal.com\/de\/ueber-uns\/csr-politik\/","title":{"rendered":"CSR-Politik"},"content":{"rendered":"\n<p>Unser Unternehmen befindet sich in der Republik Serbien, in Futog. EnergoGlobal existiert seit 2011 und ist international vertreten und hat sich zu einem einflussreichen Unternehmen entwickelt, insbesondere im Strom- und Aggregatemarkt. Energoglobal ist sich seiner Position bewusst und formalisiert nun die Verhaltenslinie, indem es seine CSR-Politik festlegt.<\/p>\n\n\n\n<p>Es ist mehr denn je bestrebt, die Anforderungen seines Marktes zu erf\u00fcllen und gleichzeitig seine Verpflichtungen in den f\u00fcnf strategischen Sto\u00dfrichtungen zu erf\u00fcllen, die es definiert hat, n\u00e4mlich: Kunden, Mitarbeiter, Produkte, Unternehmen und Land. Es dokumentiert seine Ans\u00e4tze, indem es nach und nach themenbezogene Aktionsbl\u00e4tter online stellt.<\/p>\n\n\n\n<p>EnergoGlobal engagiert sich f\u00fcr einen proaktiven Ansatz zur Reduzierung von Treibhausgasen, wie der im November 2012 ver\u00f6ffentlichte BEGES-Bericht zeigt.<\/p>\n\n\n\n<p>In \u00dcbereinstimmung mit seinen gesetzlichen Verpflichtungen pr\u00e4sentiert EnergoGlobal sein Ergebnis f\u00fcr 2021 bei der Berechnung des Gleichstellungsindex, definiert durch das Gesetz vom 5. September 2018: 79\/100. Das Unternehmen erh\u00e4lt 39\/40 f\u00fcr die Verringerung des Lohngef\u00e4lles bei vergleichbarer Position und vergleichbarem Alter, 20\/20 f\u00fcr die Chance auf eine Gehaltserh\u00f6hung und 15\/15 f\u00fcr die Aufstiegschance, 0\/15 f\u00fcr die Erh\u00f6hung des Mitarbeiterindex nach der R\u00fcckkehr aus Mutterschaftsurlaub und 5\/10 f\u00fcr die Anzahl der Frauen unter den 10 bestbezahlten.<\/p>\n\n\n\n<p>Besuchen Sie unsere sozialen Netzwerke LinkedIn und Facebook, um unseren verschiedenen Programmen zu folgen, darunter \u201eDer richtige Arbeitsplatz f\u00fcr Frauen\u201c.<\/p>\n\n\n\n<p><strong>Erkl\u00e4rung zur Umweltpolitik von EnergoGlobal<\/strong><\/p>\n\n\n\n<p>Umweltpolitik 2021 - 2023<\/p>\n\n\n\n<p>EnergoGlobal ARBEITET, UM DIE UMWELT ZU SCH\u00dcTZEN<\/p>\n\n\n\n<p>Seit 2016 haben wir uns entschieden, unseren \u00f6kologischen Ansatz nach der Norm ISO14001 zertifizieren zu lassen. Es beabsichtigt, unsere Verpflichtungen anzuerkennen:<\/p>\n\n\n\n<p>\u2022 Ergreifen von Ma\u00dfnahmen zur Kontrolle von Risiken und Auswirkungen auf die Umwelt<\/p>\n\n\n\n<p>- Wir gehen verantwortungsvoll mit unseren Ressourcen um<\/p>\n\n\n\n<p>- Ma\u00dfnahmen ergreifen, um unseren Abfall zu reduzieren und zu recyceln<\/p>\n\n\n\n<p>- Verhindern des Verschmutzungsrisikos<\/p>\n\n\n\n<p>\u2022 Einhaltung unserer Umweltgenehmigung und aller geltenden Vorschriften<\/p>\n\n\n\n<p>\u2022 Verwaltung unserer Umweltleistung durch kontinuierliche Verbesserungsma\u00dfnahmen und bew\u00e4hrte Verfahren<\/p>\n\n\n\n<p>\u2022 Entwicklung einer nachhaltigen Einkaufspolitik<\/p>\n\n\n\n<p>\u2022 \u00dcberpr\u00fcfung der Wirksamkeit unseres Handelns.<\/p>\n\n\n\n<p>EnergoGlobal setzt diese Verpflichtungen um, indem es seine Ma\u00dfnahmen anhand von 4 SCHL\u00dcSSELFRAGEN priorisiert:<\/p>\n\n\n\n<p>Mit der Entwicklung dieses Ansatzes erf\u00fcllt EnergoGlobal auch die Erwartungen, die durch die Umweltprinzipien der globalen HSE-Politik umgesetzt werden.<\/p>\n\n\n\n<p><strong>Aufzeichnung von CSR-Ma\u00dfnahmen<\/strong><\/p>\n\n\n\n<p>Unter Ber\u00fccksichtigung des lokalen Gebiets, das unser Wachstum erlebt hat, und der Menschen, die dazu beigetragen haben, implementieren und entwickeln wir, EnergoGlobal, unsere Aktivit\u00e4ten in \u00dcbereinstimmung mit unserer CSR-Politik (Corporate Social Responsibility). Unser Unternehmen \u00fcberpr\u00fcft kontinuierlich seine aktuellen Prozesse und denkt in diesem Rahmen \u00fcber M\u00f6glichkeiten nach, deren Effizienz zu verbessern.<\/p>\n\n\n\n<p>Durch diesen Ansatz verpflichten wir uns, jeden Tag Verbesserungsma\u00dfnahmen umzusetzen, um die Anforderungen, die wir uns selbst gestellt haben, in 5 strategischen Bereichen zu erf\u00fcllen:<\/p>\n\n\n\n<p>1. Unsere Mitarbeiter<\/p>\n\n\n\n<p>2. Unser Gesch\u00e4ft<\/p>\n\n\n\n<p>3. Unsere Produkte<\/p>\n\n\n\n<p>4. Unsere Umgebung<\/p>\n\n\n\n<p>5. Unsere Kunden<\/p>\n\n\n\n<p>Blatt Nr. V01: EnergoGlobal \u00fcbernimmt Elektrofahrzeuge<\/p>\n\n\n\n<p>Blatt Nr. V02: Reorganisation der Vor- und Halbfertiglogistik<\/p>\n\n\n\n<p>Blatt Nr. V03: EnergoGlobal Hybridl\u00f6sungen<\/p>\n\n\n\n<p>Blatt Nr. V04: Reduzierung der Belastungstestzeit<\/p>\n\n\n\n<p>Blatt Nr. V05: Optimierung gedruckter Kommunikationsmedien<\/p>\n\n\n\n<p>Blatt Nr. V06: Recycling von B\u00fcropapier<\/p>\n\n\n\n<p><strong>BEGES<\/strong><\/p>\n\n\n\n<p>Im Rahmen seiner CSR-Politik (Corporate Social Responsibility) arbeitet EnergoGlobal an der Verbesserung seiner Effizienz und achtet darauf, die Auswirkungen seiner Aktivit\u00e4ten auf die Umwelt zu minimieren. Es ist sich seiner sozialen Verantwortung bewusst und verfolgt einen proaktiven Ansatz zur Reduzierung der Treibhausgasemissionen.<\/p>\n","protected":false},"excerpt":{"rendered":"<p>Unser Unternehmen befindet sich in der Republik Serbien, in Futog. EnergoGlobal existiert seit 2011 und ist international vertreten und hat sich zu einem einflussreichen Unternehmen","protected":false},"author":1,"featured_media":1562,"parent":65948,"menu_order":5,"comment_status":"closed","ping_status":"closed","template":"","meta":{"advgb_blocks_editor_width":"","advgb_blocks_columns_visual_guide":"","footnotes":""},"acf":[],"coauthors":[],"author_meta":{"author_link":"https:\/\/energoglobal.com\/de\/author\/sd_energglobe2021\/","display_name":"Stevan Djokovic"},"relative_dates":{"created":"Posted 5 years ago","modified":"Updated 2 years ago"},"absolute_dates":{"created":"Posted on 21\/10\/2021","modified":"Updated on 15\/04\/2024"},"absolute_dates_time":{"created":"Posted on 21\/10\/2021 05:50","modified":"Updated on 15\/04\/2024 11:59"},"featured_img_caption":"","featured_img":"https:\/\/energoglobal.com\/wp-content\/uploads\/2021\/12\/Share_CSR-politika_EnergoGlobal-EG.jpg","series_order":"","_links":{"self":[{"href":"https:\/\/energoglobal.com\/de\/wp-json\/wp\/v2\/pages\/65950"}],"collection":[{"href":"https:\/\/energoglobal.com\/de\/wp-json\/wp\/v2\/pages"}],"about":[{"href":"https:\/\/energoglobal.com\/de\/wp-json\/wp\/v2\/types\/page"}],"author":[{"embeddable":true,"href":"https:\/\/energoglobal.com\/de\/wp-json\/wp\/v2\/users\/1"}],"replies":[{"embeddable":true,"href":"https:\/\/energoglobal.com\/de\/wp-json\/wp\/v2\/comments?post=65950"}],"version-history":[{"count":0,"href":"https:\/\/energoglobal.com\/de\/wp-json\/wp\/v2\/pages\/65950\/revisions"}],"up":[{"embeddable":true,"href":"https:\/\/energoglobal.com\/de\/wp-json\/wp\/v2\/pages\/65948"}],"wp:featuredmedia":[{"embeddable":true,"href":"https:\/\/energoglobal.com\/de\/wp-json\/wp\/v2\/media\/1562"}],"wp:attachment":[{"href":"https:\/\/energoglobal.com\/de\/wp-json\/wp\/v2\/media?parent=65950"}],"curies":[{"name":"wp","href":"https:\/\/api.w.org\/{rel}","templated":true}]}}