{"id":65948,"date":"2021-10-21T01:35:11","date_gmt":"2021-10-20T23:35:11","guid":{"rendered":"https:\/\/energoglobal.com\/de\/?page_id=65948"},"modified":"2024-04-17T17:11:11","modified_gmt":"2024-04-17T15:11:11","slug":"ueber-uns","status":"publish","type":"page","link":"https:\/\/energoglobal.com\/de\/ueber-uns\/","title":{"rendered":"\u00dcber uns"},"content":{"rendered":"\n<p>Miodrag Saki\u0107, CEO von Energoglobal<br>\u201eZuverl\u00e4ssige Energie\u201c \u2013 ein Slogan, den unser Unternehmen wirklich lebt.<\/p>\n\n\n\n<p>Wir verf\u00fcgen \u00fcber langj\u00e4hrige Erfahrung in der Produktion und im Service von Hilfsstromquellen (Dieselaggregate und USV) und Anlagen f\u00fcr erneuerbare Energien (Mini- und Kleinstwasserkraftwerke, Biomasse).<\/p>\n\n\n\n<p>Nach Abschluss des Studiums an der Fakult\u00e4t f\u00fcr Technische Wissenschaften, Fachrichtung Elektrotechnik, Ing. Miodrag Saki\u0107 ist mit ganzem Herzen bei seinem Beruf. Bis 2010 arbeitete er in verschiedenen Unternehmen, als er sich mutig entschied, sein eigenes zu gr\u00fcnden.<\/p>\n\n\n\n<p>Das Unternehmen Energoglobal repr\u00e4sentiert heute, mehr als 10 Jahre sp\u00e4ter, mit mehr als 30 Mitarbeitern einen der regionalen Marktf\u00fchrer in der Produktion von Elektroaggregaten.<br>Hochengagierte Teams unter der Leitung erfahrener Ingenieure arbeiten t\u00e4glich an der Entwicklung und Umsetzung der Aggregate der Premiumklasse der EG-Serie und der ECOBOX Economic-Serie, alle gem\u00e4\u00df den spezifischen Anforderungen namhafter nationaler und internationaler Unternehmen.<\/p>\n\n\n\n<div style=\"height:20px\" aria-hidden=\"true\" class=\"wp-block-spacer\"><\/div>\n\n\n\n<figure class=\"wp-block-gallery has-nested-images columns-default is-cropped wp-block-gallery-1 is-layout-flex wp-block-gallery-is-layout-flex\">\n<figure class=\"wp-block-image size-large\"><img loading=\"lazy\" decoding=\"async\" width=\"1024\" height=\"684\" data-id=\"1316\" src=\"https:\/\/energoglobal.com\/wp-content\/uploads\/2021\/11\/EnergoGlobal-proizvodnja-prodaja-servis-iznajmljivanje-montaza-agregata-08-1-1024x684.jpg\" alt=\"\" class=\"wp-image-1316\" srcset=\"https:\/\/energoglobal.com\/wp-content\/uploads\/2021\/11\/EnergoGlobal-proizvodnja-prodaja-servis-iznajmljivanje-montaza-agregata-08-1-1024x684.jpg 1024w, https:\/\/energoglobal.com\/wp-content\/uploads\/2021\/11\/EnergoGlobal-proizvodnja-prodaja-servis-iznajmljivanje-montaza-agregata-08-1-300x200.jpg 300w, https:\/\/energoglobal.com\/wp-content\/uploads\/2021\/11\/EnergoGlobal-proizvodnja-prodaja-servis-iznajmljivanje-montaza-agregata-08-1-150x100.jpg 150w, https:\/\/energoglobal.com\/wp-content\/uploads\/2021\/11\/EnergoGlobal-proizvodnja-prodaja-servis-iznajmljivanje-montaza-agregata-08-1-768x513.jpg 768w, https:\/\/energoglobal.com\/wp-content\/uploads\/2021\/11\/EnergoGlobal-proizvodnja-prodaja-servis-iznajmljivanje-montaza-agregata-08-1-1536x1025.jpg 1536w, https:\/\/energoglobal.com\/wp-content\/uploads\/2021\/11\/EnergoGlobal-proizvodnja-prodaja-servis-iznajmljivanje-montaza-agregata-08-1-600x400.jpg 600w, https:\/\/energoglobal.com\/wp-content\/uploads\/2021\/11\/EnergoGlobal-proizvodnja-prodaja-servis-iznajmljivanje-montaza-agregata-08-1.jpg 1618w\" sizes=\"(max-width: 1024px) 100vw, 1024px\" \/><\/figure>\n\n\n\n<figure class=\"wp-block-image size-large\"><img loading=\"lazy\" decoding=\"async\" width=\"1024\" height=\"684\" data-id=\"1284\" src=\"https:\/\/energoglobal.com\/wp-content\/uploads\/2021\/11\/EnergoGlobal-proizvodnja-prodaja-servis-iznajmljivanje-montaza-agregata-07-1024x684.jpg\" alt=\"\" class=\"wp-image-1284\" srcset=\"https:\/\/energoglobal.com\/wp-content\/uploads\/2021\/11\/EnergoGlobal-proizvodnja-prodaja-servis-iznajmljivanje-montaza-agregata-07-1024x684.jpg 1024w, https:\/\/energoglobal.com\/wp-content\/uploads\/2021\/11\/EnergoGlobal-proizvodnja-prodaja-servis-iznajmljivanje-montaza-agregata-07-300x200.jpg 300w, https:\/\/energoglobal.com\/wp-content\/uploads\/2021\/11\/EnergoGlobal-proizvodnja-prodaja-servis-iznajmljivanje-montaza-agregata-07-150x100.jpg 150w, https:\/\/energoglobal.com\/wp-content\/uploads\/2021\/11\/EnergoGlobal-proizvodnja-prodaja-servis-iznajmljivanje-montaza-agregata-07-768x513.jpg 768w, https:\/\/energoglobal.com\/wp-content\/uploads\/2021\/11\/EnergoGlobal-proizvodnja-prodaja-servis-iznajmljivanje-montaza-agregata-07-1536x1025.jpg 1536w, https:\/\/energoglobal.com\/wp-content\/uploads\/2021\/11\/EnergoGlobal-proizvodnja-prodaja-servis-iznajmljivanje-montaza-agregata-07-600x400.jpg 600w, https:\/\/energoglobal.com\/wp-content\/uploads\/2021\/11\/EnergoGlobal-proizvodnja-prodaja-servis-iznajmljivanje-montaza-agregata-07.jpg 1618w\" sizes=\"(max-width: 1024px) 100vw, 1024px\" \/><\/figure>\n\n\n\n<figure class=\"wp-block-image size-large\"><img loading=\"lazy\" decoding=\"async\" width=\"1024\" height=\"684\" data-id=\"1287\" src=\"https:\/\/energoglobal.com\/wp-content\/uploads\/2021\/11\/EnergoGlobal-proizvodnja-prodaja-servis-iznajmljivanje-montaza-agregata-12-1024x684.jpg\" alt=\"\" class=\"wp-image-1287\" srcset=\"https:\/\/energoglobal.com\/wp-content\/uploads\/2021\/11\/EnergoGlobal-proizvodnja-prodaja-servis-iznajmljivanje-montaza-agregata-12-1024x684.jpg 1024w, https:\/\/energoglobal.com\/wp-content\/uploads\/2021\/11\/EnergoGlobal-proizvodnja-prodaja-servis-iznajmljivanje-montaza-agregata-12-300x200.jpg 300w, https:\/\/energoglobal.com\/wp-content\/uploads\/2021\/11\/EnergoGlobal-proizvodnja-prodaja-servis-iznajmljivanje-montaza-agregata-12-150x100.jpg 150w, https:\/\/energoglobal.com\/wp-content\/uploads\/2021\/11\/EnergoGlobal-proizvodnja-prodaja-servis-iznajmljivanje-montaza-agregata-12-768x513.jpg 768w, https:\/\/energoglobal.com\/wp-content\/uploads\/2021\/11\/EnergoGlobal-proizvodnja-prodaja-servis-iznajmljivanje-montaza-agregata-12-1536x1025.jpg 1536w, https:\/\/energoglobal.com\/wp-content\/uploads\/2021\/11\/EnergoGlobal-proizvodnja-prodaja-servis-iznajmljivanje-montaza-agregata-12-600x400.jpg 600w, https:\/\/energoglobal.com\/wp-content\/uploads\/2021\/11\/EnergoGlobal-proizvodnja-prodaja-servis-iznajmljivanje-montaza-agregata-12.jpg 1618w\" sizes=\"(max-width: 1024px) 100vw, 1024px\" \/><\/figure>\n\n\n\n<figure class=\"wp-block-image size-large\"><img loading=\"lazy\" decoding=\"async\" width=\"1024\" height=\"684\" data-id=\"1285\" src=\"https:\/\/energoglobal.com\/wp-content\/uploads\/2021\/11\/EnergoGlobal-proizvodnja-prodaja-servis-iznajmljivanje-montaza-agregata-10-1024x684.jpg\" alt=\"\" class=\"wp-image-1285\" srcset=\"https:\/\/energoglobal.com\/wp-content\/uploads\/2021\/11\/EnergoGlobal-proizvodnja-prodaja-servis-iznajmljivanje-montaza-agregata-10-1024x684.jpg 1024w, https:\/\/energoglobal.com\/wp-content\/uploads\/2021\/11\/EnergoGlobal-proizvodnja-prodaja-servis-iznajmljivanje-montaza-agregata-10-300x200.jpg 300w, https:\/\/energoglobal.com\/wp-content\/uploads\/2021\/11\/EnergoGlobal-proizvodnja-prodaja-servis-iznajmljivanje-montaza-agregata-10-150x100.jpg 150w, https:\/\/energoglobal.com\/wp-content\/uploads\/2021\/11\/EnergoGlobal-proizvodnja-prodaja-servis-iznajmljivanje-montaza-agregata-10-768x513.jpg 768w, https:\/\/energoglobal.com\/wp-content\/uploads\/2021\/11\/EnergoGlobal-proizvodnja-prodaja-servis-iznajmljivanje-montaza-agregata-10-1536x1025.jpg 1536w, https:\/\/energoglobal.com\/wp-content\/uploads\/2021\/11\/EnergoGlobal-proizvodnja-prodaja-servis-iznajmljivanje-montaza-agregata-10-600x400.jpg 600w, https:\/\/energoglobal.com\/wp-content\/uploads\/2021\/11\/EnergoGlobal-proizvodnja-prodaja-servis-iznajmljivanje-montaza-agregata-10.jpg 1618w\" sizes=\"(max-width: 1024px) 100vw, 1024px\" \/><\/figure>\n\n\n\n<figure class=\"wp-block-image size-large\"><img loading=\"lazy\" decoding=\"async\" width=\"1024\" height=\"684\" data-id=\"1286\" src=\"https:\/\/energoglobal.com\/wp-content\/uploads\/2021\/11\/EnergoGlobal-proizvodnja-prodaja-servis-iznajmljivanje-montaza-agregata-11-1024x684.jpg\" alt=\"\" class=\"wp-image-1286\" srcset=\"https:\/\/energoglobal.com\/wp-content\/uploads\/2021\/11\/EnergoGlobal-proizvodnja-prodaja-servis-iznajmljivanje-montaza-agregata-11-1024x684.jpg 1024w, https:\/\/energoglobal.com\/wp-content\/uploads\/2021\/11\/EnergoGlobal-proizvodnja-prodaja-servis-iznajmljivanje-montaza-agregata-11-300x200.jpg 300w, https:\/\/energoglobal.com\/wp-content\/uploads\/2021\/11\/EnergoGlobal-proizvodnja-prodaja-servis-iznajmljivanje-montaza-agregata-11-150x100.jpg 150w, https:\/\/energoglobal.com\/wp-content\/uploads\/2021\/11\/EnergoGlobal-proizvodnja-prodaja-servis-iznajmljivanje-montaza-agregata-11-768x513.jpg 768w, https:\/\/energoglobal.com\/wp-content\/uploads\/2021\/11\/EnergoGlobal-proizvodnja-prodaja-servis-iznajmljivanje-montaza-agregata-11-1536x1025.jpg 1536w, https:\/\/energoglobal.com\/wp-content\/uploads\/2021\/11\/EnergoGlobal-proizvodnja-prodaja-servis-iznajmljivanje-montaza-agregata-11-600x400.jpg 600w, https:\/\/energoglobal.com\/wp-content\/uploads\/2021\/11\/EnergoGlobal-proizvodnja-prodaja-servis-iznajmljivanje-montaza-agregata-11.jpg 1618w\" sizes=\"(max-width: 1024px) 100vw, 1024px\" \/><\/figure>\n\n\n\n<figure class=\"wp-block-image size-large\"><img loading=\"lazy\" decoding=\"async\" width=\"1024\" height=\"684\" data-id=\"1288\" src=\"https:\/\/energoglobal.com\/wp-content\/uploads\/2021\/11\/EnergoGlobal-proizvodnja-prodaja-servis-iznajmljivanje-montaza-agregata-13-1024x684.jpg\" alt=\"\" class=\"wp-image-1288\" srcset=\"https:\/\/energoglobal.com\/wp-content\/uploads\/2021\/11\/EnergoGlobal-proizvodnja-prodaja-servis-iznajmljivanje-montaza-agregata-13-1024x684.jpg 1024w, https:\/\/energoglobal.com\/wp-content\/uploads\/2021\/11\/EnergoGlobal-proizvodnja-prodaja-servis-iznajmljivanje-montaza-agregata-13-300x200.jpg 300w, https:\/\/energoglobal.com\/wp-content\/uploads\/2021\/11\/EnergoGlobal-proizvodnja-prodaja-servis-iznajmljivanje-montaza-agregata-13-150x100.jpg 150w, https:\/\/energoglobal.com\/wp-content\/uploads\/2021\/11\/EnergoGlobal-proizvodnja-prodaja-servis-iznajmljivanje-montaza-agregata-13-768x513.jpg 768w, https:\/\/energoglobal.com\/wp-content\/uploads\/2021\/11\/EnergoGlobal-proizvodnja-prodaja-servis-iznajmljivanje-montaza-agregata-13-1536x1025.jpg 1536w, https:\/\/energoglobal.com\/wp-content\/uploads\/2021\/11\/EnergoGlobal-proizvodnja-prodaja-servis-iznajmljivanje-montaza-agregata-13-600x400.jpg 600w, https:\/\/energoglobal.com\/wp-content\/uploads\/2021\/11\/EnergoGlobal-proizvodnja-prodaja-servis-iznajmljivanje-montaza-agregata-13.jpg 1618w\" sizes=\"(max-width: 1024px) 100vw, 1024px\" \/><\/figure>\n<\/figure>\n\n\n\n<div style=\"height:20px\" aria-hidden=\"true\" class=\"wp-block-spacer\"><\/div>\n\n\n\n<p>Unsere Stromaggregate sind so konzipiert, dass sie f\u00fcr eine Reihe unterschiedlicher Anwendungen maximale Leistung erbringen, was eine zuverl\u00e4ssige und effiziente Stromversorgung garantiert. Mit Motoren von namhaften Herstellern wie Perkins, FTP Iveco, Volvo Penta, Scania und anderen zeichnen sich unsere Aggregate durch niedrige Ger\u00e4uschpegel, niedrigen Kraftstoffverbrauch und niedrige Abgasemissionen gem\u00e4\u00df den Normen der Europ\u00e4ischen Union aus. Wir setzen auf Generatoren namhafter Hersteller, die auf dem Weltmarkt erkennbar sind.<\/p>\n\n\n\n<p>J\u00e4hrlich liefern wir \u00fcber 500 Aggregate unterschiedlicher Leistung von 3 bis 3.500 kVA. Wir kooperieren mit gro\u00dfen Einkaufszentren und Gesch\u00e4ftseinrichtungen, und unsere Mietaggregate sind auch eine Unterst\u00fctzung f\u00fcr gro\u00dfe Infrastrukturprojekte und Musikveranstaltungen.<\/p>\n\n\n\n<p>Wir sind stolz darauf, dass unsere Stammkunden NIS, Lidl, Leoni, Aptiv, Delta sowie die meisten inl\u00e4ndischen Bau- und Elektrounternehmen sind, und unser Herz ist voll, dass unsere Kunden auch Einrichtungen von \u00f6ffentlicher Bedeutung sind - Krankenh\u00e4user, COVID-Krankenh\u00e4user , Gesundheitszentren, Schulen, Kinderg\u00e4rten, Korridore und Tunnel, EPS, EMS, Rechenzentrum des Innenministeriums, Zoll, Gerichte, Fabriken, Wasserversorgungssysteme, Heiz- und Kesselanlagen, Stadien\u2026<\/p>\n\n\n\n<p>Dank der Mitarbeiter, die ihr Bestes geben und dazu beitragen, dass die famili\u00e4re Atmosph\u00e4re im Unternehmen erhalten bleibt, wird EnergoGlobal seinem Slogan \u201eZuverl\u00e4ssige Energie\u201c wirklich gerecht und ist immer f\u00fcr alle da, die uns vertrauen.<\/p>\n\n\n\n<div style=\"height:20px\" aria-hidden=\"true\" class=\"wp-block-spacer\"><\/div>\n\n\n\n<figure class=\"wp-block-gallery has-nested-images columns-default is-cropped wp-block-gallery-2 is-layout-flex wp-block-gallery-is-layout-flex\">\n<figure class=\"wp-block-image size-large\"><img loading=\"lazy\" decoding=\"async\" width=\"1024\" height=\"684\" data-id=\"1322\" src=\"https:\/\/energoglobal.com\/wp-content\/uploads\/2021\/11\/EnergoGlobal-proizvodnja-prodaja-servis-iznajmljivanje-montaza-agregata-01-1-1024x684.jpg\" alt=\"\" class=\"wp-image-1322\" srcset=\"https:\/\/energoglobal.com\/wp-content\/uploads\/2021\/11\/EnergoGlobal-proizvodnja-prodaja-servis-iznajmljivanje-montaza-agregata-01-1-1024x684.jpg 1024w, https:\/\/energoglobal.com\/wp-content\/uploads\/2021\/11\/EnergoGlobal-proizvodnja-prodaja-servis-iznajmljivanje-montaza-agregata-01-1-300x200.jpg 300w, https:\/\/energoglobal.com\/wp-content\/uploads\/2021\/11\/EnergoGlobal-proizvodnja-prodaja-servis-iznajmljivanje-montaza-agregata-01-1-150x100.jpg 150w, https:\/\/energoglobal.com\/wp-content\/uploads\/2021\/11\/EnergoGlobal-proizvodnja-prodaja-servis-iznajmljivanje-montaza-agregata-01-1-768x513.jpg 768w, https:\/\/energoglobal.com\/wp-content\/uploads\/2021\/11\/EnergoGlobal-proizvodnja-prodaja-servis-iznajmljivanje-montaza-agregata-01-1-1536x1025.jpg 1536w, https:\/\/energoglobal.com\/wp-content\/uploads\/2021\/11\/EnergoGlobal-proizvodnja-prodaja-servis-iznajmljivanje-montaza-agregata-01-1-600x400.jpg 600w, https:\/\/energoglobal.com\/wp-content\/uploads\/2021\/11\/EnergoGlobal-proizvodnja-prodaja-servis-iznajmljivanje-montaza-agregata-01-1.jpg 1618w\" sizes=\"(max-width: 1024px) 100vw, 1024px\" \/><\/figure>\n\n\n\n<figure class=\"wp-block-image size-large\"><img loading=\"lazy\" decoding=\"async\" width=\"1024\" height=\"684\" data-id=\"1306\" src=\"https:\/\/energoglobal.com\/wp-content\/uploads\/2021\/11\/EnergoGlobal-proizvodnja-prodaja-servis-iznajmljivanje-montaza-agregata-20-1024x684.jpg\" alt=\"\" class=\"wp-image-1306\" srcset=\"https:\/\/energoglobal.com\/wp-content\/uploads\/2021\/11\/EnergoGlobal-proizvodnja-prodaja-servis-iznajmljivanje-montaza-agregata-20-1024x684.jpg 1024w, https:\/\/energoglobal.com\/wp-content\/uploads\/2021\/11\/EnergoGlobal-proizvodnja-prodaja-servis-iznajmljivanje-montaza-agregata-20-300x200.jpg 300w, https:\/\/energoglobal.com\/wp-content\/uploads\/2021\/11\/EnergoGlobal-proizvodnja-prodaja-servis-iznajmljivanje-montaza-agregata-20-150x100.jpg 150w, https:\/\/energoglobal.com\/wp-content\/uploads\/2021\/11\/EnergoGlobal-proizvodnja-prodaja-servis-iznajmljivanje-montaza-agregata-20-768x513.jpg 768w, https:\/\/energoglobal.com\/wp-content\/uploads\/2021\/11\/EnergoGlobal-proizvodnja-prodaja-servis-iznajmljivanje-montaza-agregata-20-1536x1025.jpg 1536w, https:\/\/energoglobal.com\/wp-content\/uploads\/2021\/11\/EnergoGlobal-proizvodnja-prodaja-servis-iznajmljivanje-montaza-agregata-20-600x400.jpg 600w, https:\/\/energoglobal.com\/wp-content\/uploads\/2021\/11\/EnergoGlobal-proizvodnja-prodaja-servis-iznajmljivanje-montaza-agregata-20.jpg 1618w\" sizes=\"(max-width: 1024px) 100vw, 1024px\" \/><\/figure>\n\n\n\n<figure class=\"wp-block-image size-large\"><img loading=\"lazy\" decoding=\"async\" width=\"1024\" height=\"684\" data-id=\"1303\" src=\"https:\/\/energoglobal.com\/wp-content\/uploads\/2021\/11\/EnergoGlobal-proizvodnja-prodaja-servis-iznajmljivanje-montaza-agregata-05-1024x684.jpg\" alt=\"\" class=\"wp-image-1303\" srcset=\"https:\/\/energoglobal.com\/wp-content\/uploads\/2021\/11\/EnergoGlobal-proizvodnja-prodaja-servis-iznajmljivanje-montaza-agregata-05-1024x684.jpg 1024w, https:\/\/energoglobal.com\/wp-content\/uploads\/2021\/11\/EnergoGlobal-proizvodnja-prodaja-servis-iznajmljivanje-montaza-agregata-05-300x200.jpg 300w, https:\/\/energoglobal.com\/wp-content\/uploads\/2021\/11\/EnergoGlobal-proizvodnja-prodaja-servis-iznajmljivanje-montaza-agregata-05-150x100.jpg 150w, https:\/\/energoglobal.com\/wp-content\/uploads\/2021\/11\/EnergoGlobal-proizvodnja-prodaja-servis-iznajmljivanje-montaza-agregata-05-768x513.jpg 768w, https:\/\/energoglobal.com\/wp-content\/uploads\/2021\/11\/EnergoGlobal-proizvodnja-prodaja-servis-iznajmljivanje-montaza-agregata-05-1536x1025.jpg 1536w, https:\/\/energoglobal.com\/wp-content\/uploads\/2021\/11\/EnergoGlobal-proizvodnja-prodaja-servis-iznajmljivanje-montaza-agregata-05-600x400.jpg 600w, https:\/\/energoglobal.com\/wp-content\/uploads\/2021\/11\/EnergoGlobal-proizvodnja-prodaja-servis-iznajmljivanje-montaza-agregata-05.jpg 1618w\" sizes=\"(max-width: 1024px) 100vw, 1024px\" \/><\/figure>\n\n\n\n<figure class=\"wp-block-image size-large\"><img loading=\"lazy\" decoding=\"async\" width=\"1024\" height=\"684\" data-id=\"1302\" src=\"https:\/\/energoglobal.com\/wp-content\/uploads\/2021\/11\/EnergoGlobal-proizvodnja-prodaja-servis-iznajmljivanje-montaza-agregata-04-1024x684.jpg\" alt=\"\" class=\"wp-image-1302\" srcset=\"https:\/\/energoglobal.com\/wp-content\/uploads\/2021\/11\/EnergoGlobal-proizvodnja-prodaja-servis-iznajmljivanje-montaza-agregata-04-1024x684.jpg 1024w, https:\/\/energoglobal.com\/wp-content\/uploads\/2021\/11\/EnergoGlobal-proizvodnja-prodaja-servis-iznajmljivanje-montaza-agregata-04-300x200.jpg 300w, https:\/\/energoglobal.com\/wp-content\/uploads\/2021\/11\/EnergoGlobal-proizvodnja-prodaja-servis-iznajmljivanje-montaza-agregata-04-150x100.jpg 150w, https:\/\/energoglobal.com\/wp-content\/uploads\/2021\/11\/EnergoGlobal-proizvodnja-prodaja-servis-iznajmljivanje-montaza-agregata-04-768x513.jpg 768w, https:\/\/energoglobal.com\/wp-content\/uploads\/2021\/11\/EnergoGlobal-proizvodnja-prodaja-servis-iznajmljivanje-montaza-agregata-04-1536x1025.jpg 1536w, https:\/\/energoglobal.com\/wp-content\/uploads\/2021\/11\/EnergoGlobal-proizvodnja-prodaja-servis-iznajmljivanje-montaza-agregata-04-600x400.jpg 600w, https:\/\/energoglobal.com\/wp-content\/uploads\/2021\/11\/EnergoGlobal-proizvodnja-prodaja-servis-iznajmljivanje-montaza-agregata-04.jpg 1618w\" sizes=\"(max-width: 1024px) 100vw, 1024px\" \/><\/figure>\n\n\n\n<figure class=\"wp-block-image size-large\"><img loading=\"lazy\" decoding=\"async\" width=\"1024\" height=\"684\" data-id=\"1304\" src=\"https:\/\/energoglobal.com\/wp-content\/uploads\/2021\/11\/EnergoGlobal-proizvodnja-prodaja-servis-iznajmljivanje-montaza-agregata-14-1-1024x684.jpg\" alt=\"\" class=\"wp-image-1304\" srcset=\"https:\/\/energoglobal.com\/wp-content\/uploads\/2021\/11\/EnergoGlobal-proizvodnja-prodaja-servis-iznajmljivanje-montaza-agregata-14-1-1024x684.jpg 1024w, https:\/\/energoglobal.com\/wp-content\/uploads\/2021\/11\/EnergoGlobal-proizvodnja-prodaja-servis-iznajmljivanje-montaza-agregata-14-1-300x200.jpg 300w, https:\/\/energoglobal.com\/wp-content\/uploads\/2021\/11\/EnergoGlobal-proizvodnja-prodaja-servis-iznajmljivanje-montaza-agregata-14-1-150x100.jpg 150w, https:\/\/energoglobal.com\/wp-content\/uploads\/2021\/11\/EnergoGlobal-proizvodnja-prodaja-servis-iznajmljivanje-montaza-agregata-14-1-768x513.jpg 768w, https:\/\/energoglobal.com\/wp-content\/uploads\/2021\/11\/EnergoGlobal-proizvodnja-prodaja-servis-iznajmljivanje-montaza-agregata-14-1-1536x1025.jpg 1536w, https:\/\/energoglobal.com\/wp-content\/uploads\/2021\/11\/EnergoGlobal-proizvodnja-prodaja-servis-iznajmljivanje-montaza-agregata-14-1-600x400.jpg 600w, https:\/\/energoglobal.com\/wp-content\/uploads\/2021\/11\/EnergoGlobal-proizvodnja-prodaja-servis-iznajmljivanje-montaza-agregata-14-1.jpg 1618w\" sizes=\"(max-width: 1024px) 100vw, 1024px\" \/><\/figure>\n\n\n\n<figure class=\"wp-block-image size-large\"><img loading=\"lazy\" decoding=\"async\" width=\"1024\" height=\"684\" data-id=\"1305\" src=\"https:\/\/energoglobal.com\/wp-content\/uploads\/2021\/11\/EnergoGlobal-proizvodnja-prodaja-servis-iznajmljivanje-montaza-agregata-19-1024x684.jpg\" alt=\"\" class=\"wp-image-1305\" srcset=\"https:\/\/energoglobal.com\/wp-content\/uploads\/2021\/11\/EnergoGlobal-proizvodnja-prodaja-servis-iznajmljivanje-montaza-agregata-19-1024x684.jpg 1024w, https:\/\/energoglobal.com\/wp-content\/uploads\/2021\/11\/EnergoGlobal-proizvodnja-prodaja-servis-iznajmljivanje-montaza-agregata-19-300x200.jpg 300w, https:\/\/energoglobal.com\/wp-content\/uploads\/2021\/11\/EnergoGlobal-proizvodnja-prodaja-servis-iznajmljivanje-montaza-agregata-19-150x100.jpg 150w, https:\/\/energoglobal.com\/wp-content\/uploads\/2021\/11\/EnergoGlobal-proizvodnja-prodaja-servis-iznajmljivanje-montaza-agregata-19-768x513.jpg 768w, https:\/\/energoglobal.com\/wp-content\/uploads\/2021\/11\/EnergoGlobal-proizvodnja-prodaja-servis-iznajmljivanje-montaza-agregata-19-1536x1025.jpg 1536w, https:\/\/energoglobal.com\/wp-content\/uploads\/2021\/11\/EnergoGlobal-proizvodnja-prodaja-servis-iznajmljivanje-montaza-agregata-19-600x400.jpg 600w, https:\/\/energoglobal.com\/wp-content\/uploads\/2021\/11\/EnergoGlobal-proizvodnja-prodaja-servis-iznajmljivanje-montaza-agregata-19.jpg 1618w\" sizes=\"(max-width: 1024px) 100vw, 1024px\" \/><\/figure>\n<\/figure>\n\n\n\n<div style=\"height:20px\" aria-hidden=\"true\" class=\"wp-block-spacer\"><\/div>\n\n\n\n<p>Wir verkaufen neue Aggregate, installieren komplette Backup- und unterbrechungsfreie Stromversorgungssysteme (Aggregate + USV), sowie allgemeine Reparatur und Automatisierung von gebrauchten dieselelektrischen Aggregaten und Stationen. Neben dem Verkauf von Dieselaggregaten bieten wir auch Service, vorbeugende und interventionelle Wartung mit Fern\u00fcberwachung rund um die Uhr an. Der Service hat 14 Mitglieder und 6 mobile Serviceteams, ist 24 Stunden am Tag verf\u00fcgbar und steht allen unseren Kunden zur Verf\u00fcgung, und alle mit dem Wunsch, die n\u00f6tige Energie zu gew\u00e4hrleisten, damit ihr Gesch\u00e4ft reibungslos funktioniert.<\/p>\n\n\n\n<p>Wir verf\u00fcgen \u00fcber einen Fuhrpark von mehr als 30 Aggregaten unterschiedlicher Leistung (bis 3 kVA bis 1000 kVA), die wir mit der M\u00f6glichkeit der Installation, des Transports und der st\u00e4ndigen Anwesenheit eines Experten vermieten.<\/p>\n\n\n\n<p>Unsere Aggregate zeichnen sich aus durch:<\/p>\n\n\n\n<p>\u25cf Kompaktes Design.<br>\u25cf Automatischer Start bei Netzausfall.<br>\u25cf Spannungsregelung unter einem halben Prozent.<br>\u25cf Geh\u00e4use aus UV-best\u00e4ndigem, verzinktem Blech.<br>\u25cf Einfacher Zugang zum Betanken von au\u00dfen.<br>\u25cf Antivibrationsd\u00e4mpfer zur Reduzierung von Vibrationen.<br>\u25cf Zertifizierte Haken zum Heben von Aggregaten und Platz f\u00fcr die Wartung mit einem Gabelstapler.<br>\u25cf Einfaches Lesen des Controllers.<br>\u25cf Mechanischer Schutz gegen bewegliche und hei\u00dfe Teile.<br>\u25cf Externe Kabelverbindungen.<br>\u25cf Mechanische und elektronische Tankanzeigen.<br>\u25cf Digitale Spannungsregler ABR.<br>\u25cf Fern\u00fcberwachung und -\u00fcberwachung GSM, GPRS, ETHERNET.<br>\u25cf Berufserfahrung,<br>\u25cf Programmierbare SPS.<br>\u25cf Garantieverl\u00e4ngerung auf 5 Jahre<\/p>\n\n\n\n<p>Energoglobal bietet Ihnen auch SUPER SILENT-Optionen, Parallelbetrieb von zwei Generatoren, Parallelbetrieb mit dem Netz, B\u00fcgeln von Spitzenlasten. Mobile Aggregate aller Power\u2026<\/p>\n\n\n\n<p>Beim Verkauf von Dieselstromaggregaten sind wir bestrebt, die Anforderungen des Marktes zu erf\u00fcllen und maximale Qualit\u00e4t zu wettbewerbsf\u00e4higen Preisen anzubieten. In unserem Angebot finden Sie eine gro\u00dfe Auswahl an station\u00e4ren Dieselgeneratoren, die von Motoren der renommierten Hersteller FTP Iveco, Perkins, Volvo Penta und Doosan angetrieben werden.<\/p>\n\n\n\n<p>Unsere Aggregate zeichnen sich durch einen niedrigen Ger\u00e4uschpegel, geringen Kraftstoffverbrauch und Abgasemissionen nach EU-Normen aus. Neben station\u00e4ren Dieselgeneratoren zum Verkauf haben wir auch tragbare Generatoren mit Lombardi-Dieselmotoren, Generatoren mit Briggs&amp;Stratton-Benzinmotoren und superleise Energoglobal-Generatoren.<\/p>\n","protected":false},"excerpt":{"rendered":"<p>Miodrag Saki\u0107, CEO von Energoglobal\u201eZuverl\u00e4ssige Energie\u201c \u2013 ein Slogan, den unser Unternehmen wirklich lebt. Wir verf\u00fcgen \u00fcber langj\u00e4hrige Erfahrung in der Produktion","protected":false},"author":1,"featured_media":1560,"parent":0,"menu_order":2,"comment_status":"closed","ping_status":"closed","template":"","meta":{"advgb_blocks_editor_width":"","advgb_blocks_columns_visual_guide":"","footnotes":""},"acf":[],"coauthors":[],"author_meta":{"author_link":"https:\/\/energoglobal.com\/de\/author\/sd_energglobe2021\/","display_name":"Stevan Djokovic"},"relative_dates":{"created":"Posted 4 years ago","modified":"Updated 2 years ago"},"absolute_dates":{"created":"Posted on 21\/10\/2021","modified":"Updated on 17\/04\/2024"},"absolute_dates_time":{"created":"Posted on 21\/10\/2021 01:35","modified":"Updated on 17\/04\/2024 17:11"},"featured_img_caption":"","featured_img":"https:\/\/energoglobal.com\/wp-content\/uploads\/2021\/12\/Share_O-nama_Kompanija-Energoglobal-EG.jpg","series_order":"","_links":{"self":[{"href":"https:\/\/energoglobal.com\/de\/wp-json\/wp\/v2\/pages\/65948"}],"collection":[{"href":"https:\/\/energoglobal.com\/de\/wp-json\/wp\/v2\/pages"}],"about":[{"href":"https:\/\/energoglobal.com\/de\/wp-json\/wp\/v2\/types\/page"}],"author":[{"embeddable":true,"href":"https:\/\/energoglobal.com\/de\/wp-json\/wp\/v2\/users\/1"}],"replies":[{"embeddable":true,"href":"https:\/\/energoglobal.com\/de\/wp-json\/wp\/v2\/comments?post=65948"}],"version-history":[{"count":0,"href":"https:\/\/energoglobal.com\/de\/wp-json\/wp\/v2\/pages\/65948\/revisions"}],"wp:featuredmedia":[{"embeddable":true,"href":"https:\/\/energoglobal.com\/de\/wp-json\/wp\/v2\/media\/1560"}],"wp:attachment":[{"href":"https:\/\/energoglobal.com\/de\/wp-json\/wp\/v2\/media?parent=65948"}],"curies":[{"name":"wp","href":"https:\/\/api.w.org\/{rel}","templated":true}]}}